{"id":6723,"date":"2022-02-06T22:10:00","date_gmt":"2022-02-06T21:10:00","guid":{"rendered":"https:\/\/fengchashop.com\/cz\/product\/poradna-pro-bachovy-kapky\/"},"modified":"2026-01-21T18:16:15","modified_gmt":"2026-01-21T17:16:15","slug":"poradna-pro-bachovy-kapky","status":"publish","type":"product","link":"https:\/\/fengchashop.com\/cz\/product\/poradna-pro-bachovy-kapky\/","title":{"rendered":"Poradna pro Bachovy kapky"},"content":{"rendered":"<h2><span style=\"color: #000000;\">Bachovy kapky &#8211; individu\u00e1ln\u00ed poradenstv\u00ed<\/span><\/h2>\n<p><span style=\"color: #000000;\">Chcete ovl\u00e1dnout sv\u00e9 emoce, naj\u00edt harmonii a vnit\u0159n\u00ed klid? Pokud jste alespo\u0148 jednou odpov\u011bd\u011bli ano, m\u016f\u017ee b\u00fdt terapie Bachov\u00fdmi kv\u011btov\u00fdmi esencemi t\u00edm spr\u00e1vn\u00fdm \u0159e\u0161en\u00edm va\u0161ich probl\u00e9m\u016f.<\/span><\/p>\n<p><span style=\"color: #000000;\">Po\u0161lete n\u00e1m stru\u010dn\u00fd popis probl\u00e9m\u016f, kter\u00e9 chcete vy\u0159e\u0161it.<\/span><\/p>\n<p><span style=\"color: #000000;\">Dr. Edvard Bach, l\u00e9ka\u0159 a homeopat, objevil ve 30. letech 20. stolet\u00ed 38 kv\u011btov\u00fdch esenc\u00ed pro jednotliv\u00e9 emo\u010dn\u00ed stavy. Bachovy kapky \u00fa\u010dinn\u011b p\u016fsob\u00ed proti r\u016fzn\u00e9 emo\u010dn\u00ed t\u00edsni jedince. Nemaj\u00ed \u017e\u00e1dn\u00e9 vedlej\u0161\u00ed \u00fa\u010dinky a snadno se pou\u017e\u00edvaj\u00ed. Pom\u00e1haj\u00ed v r\u016fzn\u00fdch kriz\u00edch a t\u011b\u017ek\u00fdch \u017eivotn\u00edch situac\u00edch.<\/span><\/p>\n<p><span style=\"color: #000000;\">Jsou vhodn\u00e9 pro v\u0161echny lidi (t\u011bhotn\u00e9 \u017eeny, seniory, d\u011bti,&#8230;) i zv\u00ed\u0159ata. Nemaj\u00ed \u017e\u00e1dn\u00e9 vedlej\u0161\u00ed \u00fa\u010dinky, nelze je p\u0159ed\u00e1vkovat a nejsou n\u00e1vykov\u00e9.<\/span><\/p>\n<p><span style=\"color: #000000;\">Prvn\u00ed v\u00fdsledky m\u016f\u017eete zaznamenat po p\u00e1r dnech \u010di t\u00fddnech, z\u00e1le\u017e\u00ed na ka\u017ed\u00e9m jedinci.<\/span><\/p>\n<p><span style=\"color: #000000;\">Neovliv\u0148uje jin\u00e9 l\u00e9ky.<\/span><\/p>\n<p><span style=\"color: #000000;\">Pomoc\u00ed Bachov\u00fdch kapek p\u0159eb\u00edr\u00e1me kontrolu nad sv\u00fdmi emocemi, nach\u00e1z\u00edme harmonii a vnit\u0159n\u00ed klid. Sm\u011bsi Bachov\u00fdch kapek se p\u0159ipravuj\u00ed podle metody Dr. Bacha a pou\u017e\u00edv\u00e1me pouze origin\u00e1ln\u00ed Bachovy esence.<\/span><\/p>\n<h2><span style=\"color: #000000;\">V\u00fdb\u011br kapek<\/span><\/h2>\n<p><span style=\"color: #000000;\">Certifikovan\u00fd Bach poradce pro v\u00e1s p\u0159iprav\u00ed speci\u00e1ln\u00ed sm\u011bs dle zaslan\u00e9ho popisu. Po\u0161lete n\u00e1m e-mail (info@fengcha.si) nebo vypl\u0148te pole v\u00fd\u0161e a vlo\u017ete zbo\u017e\u00ed do ko\u0161\u00edku. Po zad\u00e1n\u00ed objedn\u00e1vky v\u00e1m p\u0159iprav\u00edme sm\u011bs na m\u00edru.<\/span><br \/>\n<span style=\"color: #000000;\">Kapky jsou p\u0159ipravov\u00e1ny ru\u010dn\u011b a za chodu v den odesl\u00e1n\u00ed.<\/span><\/p>\n<h2><span style=\"color: #000000;\">Skladov\u00e1n\u00ed<\/span><\/h2>\n<p><span style=\"color: #000000;\">Skladujte v suchu a temnu, p\u0159i teplot\u011b do +25 \u00b0C.<\/span><\/p>\n<h2><span style=\"color: #000000;\">Mno\u017estv\u00ed<\/span><\/h2>\n<p><span style=\"color: #000000;\">30 ml (vysta\u010d\u00ed na 30 dn\u00ed pravideln\u00e9ho p\u0159\u00edjmu)<\/span><\/p>\n","protected":false},"excerpt":{"rendered":"<p>Bachovy kapky \u00fa\u010dinn\u011b p\u016fsob\u00ed proti r\u016fzn\u00e9 emo\u010dn\u00ed t\u00edsni jedince. Pom\u00e1haj\u00ed v r\u016fzn\u00fdch kriz\u00edch a t\u011b\u017ek\u00fdch \u017eivotn\u00edch situac\u00edch. S nimi se zklidn\u00edme a zachov\u00e1me klidnou hlavu. P\u016fsob\u00ed na n\u00e1\u0161 emo\u010dn\u00ed stav a pom\u00e1haj\u00ed jej harmonizovat.<\/p>\n<p>\ud83d\udc9a Kapky bal\u00edme ru\u010dn\u011b, na m\u00edst\u011b v den odesl\u00e1n\u00ed.<br \/>\n\ud83d\udc9a Jsou vhodn\u00e9 pro v\u0161echny lidi (t\u011bhotn\u00e9 \u017eeny, seniory, d\u011bti,&#8230;) i zv\u00ed\u0159ata.<br \/>\n\ud83d\udc9a Nemaj\u00ed \u017e\u00e1dn\u00e9 vedlej\u0161\u00ed \u00fa\u010dinky, nevyvol\u00e1vaj\u00ed z\u00e1vislost a nelze se jimi p\u0159ed\u00e1vkovat.<br \/>\n\ud83d\udc9a Prvn\u00ed v\u00fdsledky m\u016f\u017eete zaznamenat ji\u017e po p\u00e1r dnech \u010di t\u00fddnech, z\u00e1le\u017e\u00ed na ka\u017ed\u00e9m jedinci.<br \/>\n\ud83d\udc9aNeovliv\u0148uje jin\u00e9 l\u00e9ky.<\/p>\n","protected":false},"featured_media":6701,"comment_status":"open","ping_status":"closed","template":"","meta":{"_acf_changed":false},"product_brand":[],"product_cat":[15,241,226,227],"product_tag":[],"class_list":{"0":"post-6723","1":"product","2":"type-product","3":"status-publish","4":"has-post-thumbnail","6":"product_cat-uncategorized","7":"product_cat-bachovy-kapky","8":"product_cat-nabidka","9":"product_cat-vsechny-produkty","11":"first","12":"instock","13":"taxable","14":"shipping-taxable","15":"purchasable","16":"product-type-simple"},"acf":[],"_links":{"self":[{"href":"https:\/\/fengchashop.com\/cz\/wp-json\/wp\/v2\/product\/6723","targetHints":{"allow":["GET"]}}],"collection":[{"href":"https:\/\/fengchashop.com\/cz\/wp-json\/wp\/v2\/product"}],"about":[{"href":"https:\/\/fengchashop.com\/cz\/wp-json\/wp\/v2\/types\/product"}],"replies":[{"embeddable":true,"href":"https:\/\/fengchashop.com\/cz\/wp-json\/wp\/v2\/comments?post=6723"}],"wp:featuredmedia":[{"embeddable":true,"href":"https:\/\/fengchashop.com\/cz\/wp-json\/wp\/v2\/media\/6701"}],"wp:attachment":[{"href":"https:\/\/fengchashop.com\/cz\/wp-json\/wp\/v2\/media?parent=6723"}],"wp:term":[{"taxonomy":"product_brand","embeddable":true,"href":"https:\/\/fengchashop.com\/cz\/wp-json\/wp\/v2\/product_brand?post=6723"},{"taxonomy":"product_cat","embeddable":true,"href":"https:\/\/fengchashop.com\/cz\/wp-json\/wp\/v2\/product_cat?post=6723"},{"taxonomy":"product_tag","embeddable":true,"href":"https:\/\/fengchashop.com\/cz\/wp-json\/wp\/v2\/product_tag?post=6723"}],"curies":[{"name":"wp","href":"https:\/\/api.w.org\/{rel}","templated":true}]}}