{"id":6722,"date":"2022-02-06T22:07:00","date_gmt":"2022-02-06T21:07:00","guid":{"rendered":"https:\/\/fengchashop.com\/cz\/product\/bachove-kapljice-stres\/"},"modified":"2026-01-28T17:41:18","modified_gmt":"2026-01-28T16:41:18","slug":"bachovy-kapky-proti-stresu","status":"publish","type":"product","link":"https:\/\/fengchashop.com\/cz\/product\/bachovy-kapky-proti-stresu\/","title":{"rendered":"Bachovy kapky proti stresu"},"content":{"rendered":"<h2 style=\"text-align: justify;\"><span style=\"color: #000000;\">Bachovy kapky proti stresu<\/span><\/h2>\n<p style=\"text-align: justify;\"><span style=\"color: #000000;\">Stres je mor dne\u0161n\u00ed doby, jen m\u00e1lokdo se mu dok\u00e1\u017ee p\u0159i dne\u0161n\u00edm \u017eivotn\u00edm tempu dovedn\u011b vyhnout. V\u011bdom\u011b \u010di nev\u011bdom\u011b takto pro\u017e\u00edv\u00e1me stres denn\u011b a d\u016fsledky stresuj\u00edc\u00edho ka\u017edodenn\u00edho \u017eivota jsou \u010dasto znepokojiv\u00e9. Nejprve si v\u0161imneme, \u017ee n\u00e1s ovliv\u0148uje psychicky a psychicky, ale brzy se u n\u00e1s za\u010d\u00ednaj\u00ed projevovat i zjevn\u011bj\u0161\u00ed fyzick\u00e9 zn\u00e1mky stresu, od \u00fanavy a \u017ealude\u010dn\u00edch probl\u00e9m\u016f a\u017e po suchou a zest\u00e1rlou poko\u017eku. Dotkl se stres i v\u00e1s? Pot\u0159ebujete tak\u00e9 p\u0159irozenou pomoc p\u0159i sni\u017eov\u00e1n\u00ed stresu a z\u00e1rove\u0148 se chcete c\u00edtit v klidu a zlep\u0161it si \u017eivotn\u00ed energii? Pak pro v\u00e1s m\u00e1me \u0159e\u0161en\u00ed.<\/span><\/p>\n<p style=\"text-align: justify;\"><span style=\"color: #000000;\">Prvn\u00ed v\u00fdsledky m\u016f\u017eete zaznamenat po n\u011bkolika dnech nebo t\u00fddnech, z\u00e1le\u017e\u00ed na ka\u017ed\u00e9m jednotlivci. P\u0159ipraven\u00e1 sm\u011bs vydr\u017e\u00ed 30 dn\u00ed, sta\u010d\u00ed ji aplikovat p\u0159\u00edmo do \u00fast nebo nakapat do sklenice vody.<\/span><\/p>\n<h2><span style=\"color: #000000;\">Jak Bachovy kapky funguj\u00ed<\/span><\/h2>\n<p style=\"text-align: justify;\"><span style=\"color: #000000;\">Bachovy kapky \u00fa\u010dinn\u011b p\u016fsob\u00ed proti r\u016fzn\u00e9 emo\u010dn\u00ed t\u00edsni jedince. Jedn\u00edm z takov\u00fdch \u00fatrap, kter\u00e9 se v modern\u00edm zp\u016fsobu \u017eivota st\u00e1le \u010dast\u011bji projevuj\u00ed, je ur\u010dit\u011b stres. Bachovy kapky n\u00e1m pom\u00e1haj\u00ed i v r\u016fzn\u00fdch kriz\u00edch a t\u011b\u017ek\u00fdch \u017eivotn\u00edch situac\u00edch a zkou\u0161k\u00e1ch. S nimi se zklidn\u00edme a zachov\u00e1me klidnou hlavu, jeliko\u017e ovliv\u0148uj\u00ed n\u00e1\u0161 emo\u010dn\u00ed stav a pom\u00e1haj\u00ed jej harmonizovat. Pomoc\u00ed Bachov\u00fdch kapek p\u0159eb\u00edr\u00e1me kontrolu nad sv\u00fdmi emocemi, vytv\u00e1\u0159\u00edme harmonii a nach\u00e1z\u00edme tak sv\u016fj vnit\u0159n\u00ed klid.<\/span><\/p>\n<p><span style=\"color: #000000;\">Bachova terapie podporuje samol\u00e9\u010dbu a duchovn\u00ed uvoln\u011bn\u00ed. Podle teorie doktora Bacha spo\u010d\u00edv\u00e1 p\u0159\u00ed\u010dina nemoci v neharmonick\u00e9m stavu nebo v nedostatku harmonie mezi t\u011blem a du\u0161\u00ed. Pomoc\u00ed kv\u011btov\u00fdch esenc\u00ed se sna\u017e\u00edme l\u00e9\u010dit nemoci t\u00edm, \u017ee vyu\u017e\u00edv\u00e1me pozitivn\u00ed vlastnosti kv\u011btin, kter\u00e9 n\u00e1m pom\u00e1haj\u00ed obnovit rovnov\u00e1hu v na\u0161em nitru.<\/span><\/p>\n<p><span style=\"color: #000000;\">Bachovy kapky jsou p\u0159ipraveny podle metody Dr. Bacha a pou\u017e\u00edvaj\u00ed pouze origin\u00e1ln\u00ed Bachovy esence.<\/span><\/p>\n<p><span style=\"color: #000000;\">Bachovy kapky se odeb\u00edraj\u00ed z lahvi\u010dky s p\u0159ilo\u017eenou pipetou, co\u017e velmi usnad\u0148uje d\u00e1vkov\u00e1n\u00ed. U\u017e\u00edvejte 4 kapky 4kr\u00e1t denn\u011b, rozlo\u017een\u00e9 b\u011bhem dne. Lahvi\u010dka, kterou obdr\u017e\u00edte, vysta\u010d\u00ed na 1 m\u011bs\u00edc l\u00e9\u010dby.<\/span><\/p>\n<p><span style=\"color: #000000;\">Ka\u017ed\u00e1 l\u00e1hev vybran\u00e9 sm\u011bsi se p\u0159ipravuje ru\u010dn\u011b a v re\u00e1ln\u00e9m \u010dase. Aby sm\u011bs vydr\u017eela d\u00e9le \u010derstv\u00e1, pou\u017e\u00edv\u00e1me trochu alkoholu (ko\u0148aku). Sm\u011bs m\u00e1 trvanlivost 1 m\u011bs\u00edc od data n\u00e1kupu.<\/span><\/p>\n<p><span style=\"color: #000000;\">Bachovy kapky nemaj\u00ed \u017e\u00e1dn\u00e9 vedlej\u0161\u00ed \u00fa\u010dinky, nelze se jimi p\u0159ed\u00e1vkovat a nejsou n\u00e1vykov\u00e9. Jsou vhodn\u00e9 pro v\u0161echny \u2013 t\u011bhotn\u00e9 \u017eeny, koj\u00edc\u00ed matky, star\u0161\u00ed osoby, d\u011bti i zv\u00ed\u0159ata.<\/span><\/p>\n<p><span style=\"color: #000000;\">Neinteraguj\u00ed s jin\u00fdmi l\u00e9ky.<\/span><\/p>\n<h2><span style=\"color: #000000;\">Skladov\u00e1n\u00ed<\/span><\/h2>\n<p><span style=\"color: #000000;\">Skladujte na such\u00e9m a tmav\u00e9m m\u00edst\u011b p\u0159i teplot\u011b do +25 \u00b0C.<\/span><\/p>\n<h2><span style=\"color: #000000;\">Mno\u017estv\u00ed<\/span><\/h2>\n<p><span style=\"color: #000000;\">30 ml (vysta\u010d\u00ed na 30 dn\u00ed pravideln\u00e9ho pou\u017e\u00edv\u00e1n\u00ed)<\/span><\/p>\n","protected":false},"excerpt":{"rendered":"<p>Bachovy kapky jsou \u00fa\u010dinn\u00e9 p\u0159i r\u016fzn\u00fdch citov\u00fdch pot\u00ed\u017e\u00edch. Pom\u00e1haj\u00ed v r\u016fzn\u00fdch kriz\u00edch a obt\u00ed\u017en\u00fdch \u017eivotn\u00edch situac\u00edch. Pom\u00e1haj\u00ed uklidnit se a zachovat si chladnou hlavu. P\u016fsob\u00ed na n\u00e1\u0161 emocion\u00e1ln\u00ed stav a pom\u00e1haj\u00ed ho harmonizovat.<\/p>\n<p>\ud83d\udc9a Kapky jsou baleny ru\u010dn\u011b v den odesl\u00e1n\u00ed.<br \/>\n\ud83d\udc9a Jsou vhodn\u00e9 pro v\u0161echny osoby (t\u011bhotn\u00e9 \u017eeny, star\u0161\u00ed osoby, d\u011bti,\u2026) a zv\u00ed\u0159ata.<br \/>\n\ud83d\udc9a Nemaj\u00ed \u017e\u00e1dn\u00e9 vedlej\u0161\u00ed \u00fa\u010dinky, nejsou n\u00e1vykov\u00e9 a nelze se jimi p\u0159ed\u00e1vkovat.<br \/>\n\ud83d\udc9a Prvn\u00ed v\u00fdsledky m\u016f\u017eete zaznamenat po n\u011bkolika dnech nebo t\u00fddnech, z\u00e1le\u017e\u00ed na ka\u017ed\u00e9m jednotlivci.<br \/>\n\ud83d\udc9a Neinteraguj\u00ed s jin\u00fdmi l\u00e9ky.<\/p>\n","protected":false},"featured_media":6701,"comment_status":"open","ping_status":"closed","template":"","meta":{"_acf_changed":false},"product_brand":[],"product_cat":[15,241,226,227],"product_tag":[],"class_list":{"0":"post-6722","1":"product","2":"type-product","3":"status-publish","4":"has-post-thumbnail","6":"product_cat-uncategorized","7":"product_cat-bachovy-kapky","8":"product_cat-nabidka","9":"product_cat-vsechny-produkty","11":"first","12":"instock","13":"sale","14":"taxable","15":"shipping-taxable","16":"purchasable","17":"product-type-simple"},"acf":[],"_links":{"self":[{"href":"https:\/\/fengchashop.com\/cz\/wp-json\/wp\/v2\/product\/6722","targetHints":{"allow":["GET"]}}],"collection":[{"href":"https:\/\/fengchashop.com\/cz\/wp-json\/wp\/v2\/product"}],"about":[{"href":"https:\/\/fengchashop.com\/cz\/wp-json\/wp\/v2\/types\/product"}],"replies":[{"embeddable":true,"href":"https:\/\/fengchashop.com\/cz\/wp-json\/wp\/v2\/comments?post=6722"}],"wp:featuredmedia":[{"embeddable":true,"href":"https:\/\/fengchashop.com\/cz\/wp-json\/wp\/v2\/media\/6701"}],"wp:attachment":[{"href":"https:\/\/fengchashop.com\/cz\/wp-json\/wp\/v2\/media?parent=6722"}],"wp:term":[{"taxonomy":"product_brand","embeddable":true,"href":"https:\/\/fengchashop.com\/cz\/wp-json\/wp\/v2\/product_brand?post=6722"},{"taxonomy":"product_cat","embeddable":true,"href":"https:\/\/fengchashop.com\/cz\/wp-json\/wp\/v2\/product_cat?post=6722"},{"taxonomy":"product_tag","embeddable":true,"href":"https:\/\/fengchashop.com\/cz\/wp-json\/wp\/v2\/product_tag?post=6722"}],"curies":[{"name":"wp","href":"https:\/\/api.w.org\/{rel}","templated":true}]}}