{"id":6721,"date":"2022-02-06T22:05:00","date_gmt":"2022-02-06T21:05:00","guid":{"rendered":"https:\/\/fengchashop.com\/cz\/product\/bachovy-kapky-proti-uzkosti\/"},"modified":"2026-01-28T17:41:19","modified_gmt":"2026-01-28T16:41:19","slug":"bachovy-kapky-proti-uzkosti","status":"publish","type":"product","link":"https:\/\/fengchashop.com\/cz\/product\/bachovy-kapky-proti-uzkosti\/","title":{"rendered":"Bachovy kapky proti \u00fazkosti"},"content":{"rendered":"<h2><span style=\"color: #000000;\">Bachovy kapky proti \u00fazkosti<\/span><\/h2>\n<p><span style=\"color: #000000;\">\u00dazkost je emo\u010dn\u00ed stav, kter\u00fd doprov\u00e1z\u00ed pocity nepohody, strachu a nap\u011bt\u00ed. Je to <strong>p\u0159irozen\u00e1 reakce<\/strong> na nebezpe\u010d\u00ed prost\u0159ed\u00ed. Tato reakce n\u00e1m umo\u017e\u0148uje p\u0159e\u017e\u00edt v kritick\u00fdch situac\u00edch. \u00dazkost se v\u0161ak v dne\u0161n\u00ed dob\u011b st\u00e1le \u010dast\u011bji objevuje i v situac\u00edch, kter\u00e9 nejsou ohro\u017euj\u00edc\u00ed. Vznik\u00e1 tak\u00e9 jako d\u016fsledek stresu a \u017eivotn\u00edho stylu pln\u00e9ho starost\u00ed. Na\u0161e t\u011blo je v neust\u00e1l\u00e9 k\u0159e\u010di. Sami jsme fyzicky i psychicky p\u0159et\u00ed\u017eeni. Na\u0161e t\u011blo je p\u0159ipraveno na \u00fat\u011bk nebo boj s p\u0159\u00edvalem adrenalinu, ale to n\u00e1m v dan\u00e9 situaci nijak nepom\u016f\u017ee. Existuje n\u011bkolik typ\u016f \u00fazkosti, z nich\u017e v\u011bt\u0161ina m\u016f\u017ee vyvolat i p\u0159idru\u017een\u00e9 z\u00e1chvaty paniky a\/nebo \u00fazkosti, co\u017e jsou velmi nep\u0159\u00edjemn\u00e9 fyzick\u00e9 i psychick\u00e9 z\u00e1\u017eitky.<\/span><\/p>\n<p><span style=\"color: #000000;\">M\u00e1te strach a c\u00edt\u00edte <strong>\u00fazkost<\/strong>? Nev\u011b\u0159\u00edte si? M\u00e1te probl\u00e9my v pr\u00e1ci? Trp\u00edte \u00fazkostnou poruchou \u010di <strong>fobi\u00ed<\/strong>? Chcete se c\u00edtit klidn\u011b a zlep\u0161it svou \u017eivotn\u00ed energii? Pak pro v\u00e1s m\u00e1me \u0159e\u0161en\u00ed.<\/span><\/p>\n<p><span style=\"color: #000000;\">Prvn\u00ed v\u00fdsledky m\u016f\u017eete zaznamenat po n\u011bkolika dnech nebo t\u00fddnech, z\u00e1le\u017e\u00ed na ka\u017ed\u00e9m jednotlivci. P\u0159ipraven\u00e1 sm\u011bs vydr\u017e\u00ed 30 dn\u00ed, sta\u010d\u00ed ji aplikovat p\u0159\u00edmo do \u00fast nebo nakapat do sklenice vody.<\/span><\/p>\n<h2><span style=\"color: #000000;\">Jak Bachovy kapky funguj\u00ed<\/span><\/h2>\n<p><span style=\"color: #000000;\">Bachovy kapky \u00fa\u010dinn\u011b p\u016fsob\u00ed proti <strong>r\u016fzn\u00fdm emocion\u00e1ln\u00edm pot\u00ed\u017e\u00edm jedince<\/strong>. <strong>\u00dazkost ve v\u0161ech sv\u00fdch podob\u00e1ch je jist\u011b jedn\u00edm z t\u011bchto stav\u016f<\/strong>. Bachovy kapky n\u00e1m pom\u00e1haj\u00ed v r\u016fzn\u00fdch kriz\u00edch a obt\u00ed\u017en\u00fdch \u017eivotn\u00edch situac\u00edch, zkou\u0161k\u00e1ch a tr\u00e1pen\u00edch. Pom\u00e1haj\u00ed n\u00e1m uklidnit se a zachovat si klidnou hlavu, proto\u017ee p\u016fsob\u00ed na n\u00e1\u0161 emo\u010dn\u00ed stav a pom\u00e1haj\u00ed ho harmonizovat. Pomoc\u00ed Bachov\u00fdch kapek z\u00edsk\u00e1me <strong>kontrolu nad sv\u00fdmi emocemi<\/strong> a jen tak vytvo\u0159\u00edme harmonii a nalezneme vnit\u0159n\u00ed klid.<\/span><\/p>\n<p><span style=\"color: #000000;\">Bachova terapie podporuje samol\u00e9\u010dbu a duchovn\u00ed uvoln\u011bn\u00ed. Podle teorie doktora Bacha spo\u010d\u00edv\u00e1 p\u0159\u00ed\u010dina nemoci v neharmonick\u00e9m stavu nebo v nedostatku harmonie mezi t\u011blem a du\u0161\u00ed. Pomoc\u00ed kv\u011btov\u00fdch esenc\u00ed se sna\u017e\u00edme l\u00e9\u010dit nemoci t\u00edm, \u017ee vyu\u017e\u00edv\u00e1me p<strong>ozitivn\u00ed vlastnosti kv\u011btin<\/strong>, kter\u00e9 n\u00e1m pom\u00e1haj\u00ed obnovit rovnov\u00e1hu v na\u0161em nitru.<\/span><\/p>\n<p><span style=\"color: #000000;\">Bachovy kapky jsou p\u0159ipraveny podle metody Dr. Bacha a pou\u017e\u00edvaj\u00ed pouze <strong>origin\u00e1ln\u00ed Bachovy esence<\/strong>.<\/span><\/p>\n<p><span style=\"color: #000000;\">Bachovy kapky se odeb\u00edraj\u00ed z lahvi\u010dky s p\u0159ilo\u017eenou pipetou, co\u017e velmi usnad\u0148uje d\u00e1vkov\u00e1n\u00ed. U\u017e\u00edvejte 4 kapky 4kr\u00e1t denn\u011b, rozlo\u017een\u00e9 b\u011bhem dne. Lahvi\u010dka, kterou obdr\u017e\u00edte, vysta\u010d\u00ed na 1 m\u011bs\u00edc l\u00e9\u010dby.<\/span><\/p>\n<p><span style=\"color: #000000;\">Ka\u017ed\u00e1 l\u00e1hev vybran\u00e9 sm\u011bsi se <strong>p\u0159ipravuje ru\u010dn\u011b a v re\u00e1ln\u00e9m \u010dase<\/strong>. Aby sm\u011bs vydr\u017eela d\u00e9le \u010derstv\u00e1, pou\u017e\u00edv\u00e1me trochu alkoholu (ko\u0148aku). Sm\u011bs m\u00e1 trvanlivost 1 m\u011bs\u00edc od data n\u00e1kupu.<\/span><\/p>\n<p><span style=\"color: #000000;\">Bachovy kapky <strong>nemaj\u00ed \u017e\u00e1dn\u00e9 vedlej\u0161\u00ed \u00fa\u010dinky<\/strong>, nelze se jimi p\u0159ed\u00e1vkovat a nejsou n\u00e1vykov\u00e9. Jsou vhodn\u00e9 pro v\u0161echny \u2013 t\u011bhotn\u00e9 \u017eeny, koj\u00edc\u00ed matky, star\u0161\u00ed osoby, d\u011bti i zv\u00ed\u0159ata.<\/span><\/p>\n<p><span style=\"color: #000000;\">Neinteraguj\u00ed s jin\u00fdmi l\u00e9ky.<\/span><\/p>\n<h2><span style=\"color: #000000;\">Skladov\u00e1n\u00ed<\/span><\/h2>\n<p><span style=\"color: #000000;\">Skladujte na such\u00e9m a tmav\u00e9m m\u00edst\u011b p\u0159i teplot\u011b do +25 \u00b0C.<\/span><\/p>\n<h2><span style=\"color: #000000;\">Mno\u017estv\u00ed<\/span><\/h2>\n<p><span style=\"color: #000000;\">30 ml (vysta\u010d\u00ed na 30 dn\u00ed pravideln\u00e9ho pou\u017e\u00edv\u00e1n\u00ed)<\/span><\/p>\n","protected":false},"excerpt":{"rendered":"<p>Bachovy kapky jsou \u00fa\u010dinn\u00e9 p\u0159i r\u016fzn\u00fdch citov\u00fdch pot\u00ed\u017e\u00edch. Pom\u00e1haj\u00ed v r\u016fzn\u00fdch kriz\u00edch a obt\u00ed\u017en\u00fdch \u017eivotn\u00edch situac\u00edch. Pom\u00e1haj\u00ed uklidnit se a zachovat si chladnou hlavu. P\u016fsob\u00ed na n\u00e1\u0161 emocion\u00e1ln\u00ed stav a pom\u00e1haj\u00ed ho harmonizovat.<\/p>\n<p><img decoding=\"async\" class=\"emoji\" role=\"img\" draggable=\"false\" src=\"https:\/\/s.w.org\/images\/core\/emoji\/13.1.0\/svg\/1f49a.svg\" alt=\"\ud83d\udc9a\" \/> Kapky jsou baleny<strong> ru\u010dn\u011b v den odesl\u00e1n\u00ed<\/strong>.<br \/>\n<img decoding=\"async\" class=\"emoji\" role=\"img\" draggable=\"false\" src=\"https:\/\/s.w.org\/images\/core\/emoji\/13.1.0\/svg\/1f49a.svg\" alt=\"\ud83d\udc9a\" \/> Jsou <strong>vhodn\u00e9 pro v\u0161echny osoby<\/strong> (t\u011bhotn\u00e9 \u017eeny, star\u0161\u00ed osoby, d\u011bti,&#8230;) <strong>a zv\u00ed\u0159ata<\/strong>.<br \/>\n<img decoding=\"async\" class=\"emoji\" role=\"img\" draggable=\"false\" src=\"https:\/\/s.w.org\/images\/core\/emoji\/13.1.0\/svg\/1f49a.svg\" alt=\"\ud83d\udc9a\" \/> N<strong>emaj\u00ed \u017e\u00e1dn\u00e9 vedlej\u0161\u00ed \u00fa\u010dinky<\/strong>, nejsou n\u00e1vykov\u00e9 a nelze se jimi p\u0159ed\u00e1vkovat.<br \/>\n<img decoding=\"async\" class=\"emoji\" role=\"img\" draggable=\"false\" src=\"https:\/\/s.w.org\/images\/core\/emoji\/13.1.0\/svg\/1f49a.svg\" alt=\"\ud83d\udc9a\" \/> P<strong>rvn\u00ed v\u00fdsledky m\u016f\u017eete zaznamenat po n\u011bkolika dnech<\/strong> nebo t\u00fddnech, z\u00e1le\u017e\u00ed na ka\u017ed\u00e9m jednotlivci.<br \/>\n<img decoding=\"async\" class=\"emoji\" role=\"img\" draggable=\"false\" src=\"https:\/\/s.w.org\/images\/core\/emoji\/13.1.0\/svg\/1f49a.svg\" alt=\"\ud83d\udc9a\" \/> <strong>Neinteraguj\u00ed s jin\u00fdmi l\u00e9ky<\/strong>.<\/p>\n","protected":false},"featured_media":6701,"comment_status":"open","ping_status":"closed","template":"","meta":{"_acf_changed":false},"product_brand":[],"product_cat":[15,241,226,227],"product_tag":[],"class_list":{"0":"post-6721","1":"product","2":"type-product","3":"status-publish","4":"has-post-thumbnail","6":"product_cat-uncategorized","7":"product_cat-bachovy-kapky","8":"product_cat-nabidka","9":"product_cat-vsechny-produkty","11":"first","12":"instock","13":"sale","14":"taxable","15":"shipping-taxable","16":"purchasable","17":"product-type-simple"},"acf":[],"_links":{"self":[{"href":"https:\/\/fengchashop.com\/cz\/wp-json\/wp\/v2\/product\/6721","targetHints":{"allow":["GET"]}}],"collection":[{"href":"https:\/\/fengchashop.com\/cz\/wp-json\/wp\/v2\/product"}],"about":[{"href":"https:\/\/fengchashop.com\/cz\/wp-json\/wp\/v2\/types\/product"}],"replies":[{"embeddable":true,"href":"https:\/\/fengchashop.com\/cz\/wp-json\/wp\/v2\/comments?post=6721"}],"wp:featuredmedia":[{"embeddable":true,"href":"https:\/\/fengchashop.com\/cz\/wp-json\/wp\/v2\/media\/6701"}],"wp:attachment":[{"href":"https:\/\/fengchashop.com\/cz\/wp-json\/wp\/v2\/media?parent=6721"}],"wp:term":[{"taxonomy":"product_brand","embeddable":true,"href":"https:\/\/fengchashop.com\/cz\/wp-json\/wp\/v2\/product_brand?post=6721"},{"taxonomy":"product_cat","embeddable":true,"href":"https:\/\/fengchashop.com\/cz\/wp-json\/wp\/v2\/product_cat?post=6721"},{"taxonomy":"product_tag","embeddable":true,"href":"https:\/\/fengchashop.com\/cz\/wp-json\/wp\/v2\/product_tag?post=6721"}],"curies":[{"name":"wp","href":"https:\/\/api.w.org\/{rel}","templated":true}]}}