{"id":6720,"date":"2022-02-06T22:02:00","date_gmt":"2022-02-06T21:02:00","guid":{"rendered":"https:\/\/fengchashop.com\/cz\/product\/bachove-kapljice-panicni-napadi\/"},"modified":"2026-01-28T17:41:21","modified_gmt":"2026-01-28T16:41:21","slug":"bachovy-kapky-proti-zachvatum-paniky","status":"publish","type":"product","link":"https:\/\/fengchashop.com\/cz\/product\/bachovy-kapky-proti-zachvatum-paniky\/","title":{"rendered":"Bachovy kapky proti z\u00e1chvat\u016fm paniky"},"content":{"rendered":"<h2 style=\"text-align: justify;\"><span style=\"color: #000000;\">Bachovy kapky proti z\u00e1chvat\u016fm paniky<\/span><\/h2>\n<p><span style=\"color: #000000;\">\u00dazkost je emocion\u00e1ln\u00ed stav doprov\u00e1zen\u00fd pocitem nepohodl\u00ed, strachu a nap\u011bt\u00ed. Pro\u017e\u00edv\u00e1n\u00ed z\u00e1chvat\u016f paniky je zcela p\u0159irozenou reakc\u00ed na nebezpe\u010d\u00ed, kter\u00e9 n\u00e1m z okol\u00ed hroz\u00ed. Tato reakce n\u00e1m umo\u017e\u0148uje p\u0159e\u017e\u00edt v rozhoduj\u00edc\u00edch situac\u00edch. Dnes se v\u0161ak st\u00e1le \u010dast\u011bji vyskytuje v neohro\u017euj\u00edc\u00edch situac\u00edch. Vznik\u00e1 tak\u00e9 v d\u016fsledku stresu a \u017eivotn\u00edho stylu pln\u00e9ho starost\u00ed. Na\u0161e t\u011blo je neust\u00e1le v k\u0159e\u010di. Sami jsme fyzicky i psychicky p\u0159et\u00ed\u017eeni. T\u011blo n\u00e1s p\u0159ipravuje na \u00fat\u011bk nebo boj p\u0159\u00edvalem adrenalinu, ale to n\u00e1m v dan\u00e9 situaci nijak nepom\u016f\u017ee. Z\u00e1chvaty paniky jsou pro\u017e\u00edv\u00e1ny jako velmi stresuj\u00edc\u00ed reakce t\u011bla na zn\u00e1mou \u010di nezn\u00e1mou situaci. C\u00edt\u00edme se bezmocn\u00ed a u\u017e jen to pro\u017e\u00edvat n\u00e1s neuv\u011b\u0159iteln\u011b psychicky i fyzicky unavuje. N\u011bkdy se zd\u00e1, \u017ee se s t\u00edm nevyrovn\u00e1me a ztr\u00e1c\u00edme p\u016fdu pod nohama.<\/span><\/p>\n<p><span style=\"color: #000000;\">Tak\u00e9 se ob\u00e1v\u00e1te (p\u0159\u00edli\u0161 \u010dasto) z\u00e1chvat\u016f paniky? Boj\u00edte se a zhor\u0161ujete situaci? Nepom\u00e1haj\u00ed v\u00e1m r\u016fzn\u00e9 relaxa\u010dn\u00ed metody a z\u00e1chvaty paniky p\u0159ich\u00e1zej\u00ed, i kdy\u017e nejste ve stresu? Pak pro v\u00e1s m\u00e1me \u0159e\u0161en\u00ed.<\/span><\/p>\n<p style=\"text-align: justify;\"><span style=\"color: #000000;\">Prvn\u00ed v\u00fdsledky m\u016f\u017eete zaznamenat po n\u011bkolika dnech nebo t\u00fddnech, z\u00e1le\u017e\u00ed na ka\u017ed\u00e9m jednotlivci. P\u0159ipraven\u00e1 sm\u011bs vydr\u017e\u00ed 30 dn\u00ed, sta\u010d\u00ed ji aplikovat p\u0159\u00edmo do \u00fast nebo nakapat do sklenice vody.<\/span><\/p>\n<h2><span style=\"color: #000000;\">Jak Bachovy kapky funguj\u00ed<\/span><\/h2>\n<p style=\"text-align: justify;\"><span style=\"color: #000000;\">Bachovy kapky \u00fa\u010dinn\u011b p\u016fsob\u00ed proti r\u016fzn\u00e9 emo\u010dn\u00ed t\u00edsni jedince. Z\u00e1chvaty paniky jsou jednou z forem \u00fazkosti, kterou se mus\u00edme nau\u010dit ovl\u00e1dat, jinak mohou p\u0159\u00edli\u0161 zasahovat do na\u0161eho pro\u017e\u00edv\u00e1n\u00ed sv\u011bta. Bachovy kapky n\u00e1m pom\u00e1haj\u00ed v t\u011bchto kriz\u00edch a t\u011b\u017ek\u00fdch \u017eivotn\u00edch situac\u00edch, zkou\u0161k\u00e1ch. S nimi se zklidn\u00edme a zachov\u00e1me klidnou hlavu, jeliko\u017e ovliv\u0148uj\u00ed n\u00e1\u0161 emo\u010dn\u00ed stav a pom\u00e1haj\u00ed jej harmonizovat. Pomoc\u00ed Bachov\u00fdch kapek p\u0159eb\u00edr\u00e1me kontrolu nad sv\u00fdmi emocemi, vytv\u00e1\u0159\u00edme tak harmonii a nach\u00e1z\u00edme tak sv\u016fj vnit\u0159n\u00ed klid.<\/span><\/p>\n<p><span style=\"color: #000000;\">Bachova terapie podporuje samol\u00e9\u010dbu a duchovn\u00ed uvoln\u011bn\u00ed. Podle teorie doktora Bacha spo\u010d\u00edv\u00e1 p\u0159\u00ed\u010dina nemoci v neharmonick\u00e9m stavu nebo v nedostatku harmonie mezi t\u011blem a du\u0161\u00ed. Pomoc\u00ed kv\u011btov\u00fdch esenc\u00ed se sna\u017e\u00edme l\u00e9\u010dit nemoci t\u00edm, \u017ee vyu\u017e\u00edv\u00e1me pozitivn\u00ed vlastnosti kv\u011btin, kter\u00e9 n\u00e1m pom\u00e1haj\u00ed obnovit rovnov\u00e1hu v na\u0161em nitru.<\/span><\/p>\n<p><span style=\"color: #000000;\">Bachovy kapky jsou p\u0159ipraveny podle metody Dr. Bacha a pou\u017e\u00edvaj\u00ed pouze origin\u00e1ln\u00ed Bachovy esence.<\/span><\/p>\n<p><span style=\"color: #000000;\">Bachovy kapky se odeb\u00edraj\u00ed z lahvi\u010dky s p\u0159ilo\u017eenou pipetou, co\u017e velmi usnad\u0148uje d\u00e1vkov\u00e1n\u00ed. U\u017e\u00edvejte 4 kapky 4kr\u00e1t denn\u011b, rozlo\u017een\u00e9 b\u011bhem dne. Lahvi\u010dka, kterou obdr\u017e\u00edte, vysta\u010d\u00ed na 1 m\u011bs\u00edc l\u00e9\u010dby.<\/span><\/p>\n<p><span style=\"color: #000000;\">Ka\u017ed\u00e1 l\u00e1hev vybran\u00e9 sm\u011bsi se p\u0159ipravuje ru\u010dn\u011b a v re\u00e1ln\u00e9m \u010dase. Aby sm\u011bs vydr\u017eela d\u00e9le \u010derstv\u00e1, pou\u017e\u00edv\u00e1me trochu alkoholu (ko\u0148aku). Sm\u011bs m\u00e1 trvanlivost 1 m\u011bs\u00edc od data n\u00e1kupu.<\/span><\/p>\n<p><span style=\"color: #000000;\">Bachovy kapky nemaj\u00ed \u017e\u00e1dn\u00e9 vedlej\u0161\u00ed \u00fa\u010dinky, nelze se jimi p\u0159ed\u00e1vkovat a nejsou n\u00e1vykov\u00e9. Jsou vhodn\u00e9 pro v\u0161echny \u2013 t\u011bhotn\u00e9 \u017eeny, koj\u00edc\u00ed matky, star\u0161\u00ed osoby, d\u011bti i zv\u00ed\u0159ata.<\/span><\/p>\n<p><span style=\"color: #000000;\">Neinteraguj\u00ed s jin\u00fdmi l\u00e9ky.<\/span><\/p>\n<h2><span style=\"color: #000000;\">Skladov\u00e1n\u00ed<\/span><\/h2>\n<p><span style=\"color: #000000;\">Skladujte na such\u00e9m a tmav\u00e9m m\u00edst\u011b p\u0159i teplot\u011b do +25 \u00b0C.<\/span><\/p>\n<h2><span style=\"color: #000000;\">Mno\u017estv\u00ed<\/span><\/h2>\n<p><span style=\"color: #000000;\">30 ml (vysta\u010d\u00ed na 30 dn\u00ed pravideln\u00e9ho pou\u017e\u00edv\u00e1n\u00ed)<\/span><\/p>\n","protected":false},"excerpt":{"rendered":"<p>Bachovy kapky jsou \u00fa\u010dinn\u00e9 p\u0159i r\u016fzn\u00fdch citov\u00fdch pot\u00ed\u017e\u00edch. Pom\u00e1haj\u00ed v r\u016fzn\u00fdch kriz\u00edch a obt\u00ed\u017en\u00fdch \u017eivotn\u00edch situac\u00edch. Pom\u00e1haj\u00ed uklidnit se a zachovat si chladnou hlavu. P\u016fsob\u00ed na n\u00e1\u0161 emocion\u00e1ln\u00ed stav a pom\u00e1haj\u00ed ho harmonizovat.<\/p>\n<p>\ud83d\udc9a Kapky jsou baleny ru\u010dn\u011b v den odesl\u00e1n\u00ed.<br \/>\n\ud83d\udc9a Jsou vhodn\u00e9 pro v\u0161echny osoby (t\u011bhotn\u00e9 \u017eeny, star\u0161\u00ed osoby, d\u011bti,\u2026) a zv\u00ed\u0159ata.<br \/>\n\ud83d\udc9a Nemaj\u00ed \u017e\u00e1dn\u00e9 vedlej\u0161\u00ed \u00fa\u010dinky, nejsou n\u00e1vykov\u00e9 a nelze se jimi p\u0159ed\u00e1vkovat.<br \/>\n\ud83d\udc9a Prvn\u00ed v\u00fdsledky m\u016f\u017eete zaznamenat po n\u011bkolika dnech nebo t\u00fddnech, z\u00e1le\u017e\u00ed na ka\u017ed\u00e9m jednotlivci.<br \/>\n\ud83d\udc9a Neinteraguj\u00ed s jin\u00fdmi l\u00e9ky.<\/p>\n","protected":false},"featured_media":6701,"comment_status":"open","ping_status":"closed","template":"","meta":{"_acf_changed":false},"product_brand":[],"product_cat":[15,241,226,227],"product_tag":[],"class_list":{"0":"post-6720","1":"product","2":"type-product","3":"status-publish","4":"has-post-thumbnail","6":"product_cat-uncategorized","7":"product_cat-bachovy-kapky","8":"product_cat-nabidka","9":"product_cat-vsechny-produkty","11":"first","12":"instock","13":"sale","14":"taxable","15":"shipping-taxable","16":"purchasable","17":"product-type-simple"},"acf":[],"_links":{"self":[{"href":"https:\/\/fengchashop.com\/cz\/wp-json\/wp\/v2\/product\/6720","targetHints":{"allow":["GET"]}}],"collection":[{"href":"https:\/\/fengchashop.com\/cz\/wp-json\/wp\/v2\/product"}],"about":[{"href":"https:\/\/fengchashop.com\/cz\/wp-json\/wp\/v2\/types\/product"}],"replies":[{"embeddable":true,"href":"https:\/\/fengchashop.com\/cz\/wp-json\/wp\/v2\/comments?post=6720"}],"wp:featuredmedia":[{"embeddable":true,"href":"https:\/\/fengchashop.com\/cz\/wp-json\/wp\/v2\/media\/6701"}],"wp:attachment":[{"href":"https:\/\/fengchashop.com\/cz\/wp-json\/wp\/v2\/media?parent=6720"}],"wp:term":[{"taxonomy":"product_brand","embeddable":true,"href":"https:\/\/fengchashop.com\/cz\/wp-json\/wp\/v2\/product_brand?post=6720"},{"taxonomy":"product_cat","embeddable":true,"href":"https:\/\/fengchashop.com\/cz\/wp-json\/wp\/v2\/product_cat?post=6720"},{"taxonomy":"product_tag","embeddable":true,"href":"https:\/\/fengchashop.com\/cz\/wp-json\/wp\/v2\/product_tag?post=6720"}],"curies":[{"name":"wp","href":"https:\/\/api.w.org\/{rel}","templated":true}]}}