{"id":6715,"date":"2022-02-06T21:25:00","date_gmt":"2022-02-06T20:25:00","guid":{"rendered":"https:\/\/fengchashop.com\/cz\/product\/bachove-kapljice-prva-pomoc-za-zivali\/"},"modified":"2026-01-28T17:41:29","modified_gmt":"2026-01-28T16:41:29","slug":"bachovy-kapky-prvni-pomoc-zviratum","status":"publish","type":"product","link":"https:\/\/fengchashop.com\/cz\/product\/bachovy-kapky-prvni-pomoc-zviratum\/","title":{"rendered":"Bachovy kapky Prvn\u00ed pomoc zv\u00ed\u0159at\u016fm"},"content":{"rendered":"<h2 id=\"tw-target-text\" class=\"tw-data-text tw-text-large tw-ta\" dir=\"ltr\" data-placeholder=\"Prevod\" data-ved=\"2ahUKEwil7tOa7taBAxWigf0HHYC0DCMQ3ewLegQIBhAQ\"><span class=\"Y2IQFc\" lang=\"cs\" style=\"color: #000000;\">Bachovy kapky Prvn\u00ed pomoc zv\u00ed\u0159at\u016fm<\/span><\/h2>\n<p><span style=\"color: #000000;\">Mnoho dom\u00e1c\u00edch mazl\u00ed\u010dk\u016f m\u00e1 z toho \u010di onoho d\u016fvodu probl\u00e9my zvl\u00e1dat jinak zcela b\u011b\u017en\u00e9 situace. A\u0165 u\u017e je to n\u00e1v\u0161t\u011bva veterin\u00e1\u0159e, \u00fazkost ze samoty, praskaj\u00edc\u00ed petardy nebo jednoduch\u00e9 myt\u00ed a \u00faprava. Probl\u00e9m se m\u016f\u017ee \u010dasem prohloubit. Aby se to pro zv\u00ed\u0159e i majitele nestalo nekontrolovateln\u00e9 a ohromuj\u00edc\u00ed, je p\u0159\u00edprava Bachov\u00fdch kv\u011btov\u00fdch esenc\u00ed tou pravou prvn\u00ed pomoc\u00ed v ka\u017ed\u00e9 takov\u00e9 situaci. Pomoc\u00ed Bachov\u00fdch kapek sni\u017eujete nap\u011bt\u00ed, stres, \u00fazkost a l\u00e9pe ovl\u00e1d\u00e1te chov\u00e1n\u00ed sv\u00e9ho mazl\u00ed\u010dka.<\/span><\/p>\n<p><span style=\"color: #000000;\">Bach\u016fv terapeut po konzultaci s majitelem nebo o\u0161et\u0159ovatelem zv\u00ed\u0159ete p\u0159iprav\u00ed speci\u00e1ln\u00ed sm\u011bs kv\u011btov\u00fdch esenc\u00ed. Tedy \u010derstvou sm\u011bs pro prvn\u00ed pomoc (z\u00e1chrann\u00fd prost\u0159edek). Sm\u011bs vysta\u010d\u00ed na 1 m\u011bs\u00edc a je bez konzervant\u016f. Bachovy kapky by se m\u011bly v krizov\u00fdch situac\u00edch aplikovat zv\u00ed\u0159eti do jazyka nebo nosu.<\/span><\/p>\n<h2><span style=\"color: #000000;\">Jak Bachovy kapky funguj\u00ed<\/span><\/h2>\n<p style=\"text-align: justify;\"><span style=\"color: #000000;\">Bachovy kapky \u00fa\u010dinn\u011b p\u016fsob\u00ed proti r\u016fzn\u00fdm emo\u010dn\u00edm stres\u016fm u zv\u00ed\u0159at. Pom\u00e1haj\u00ed tak\u00e9 v r\u016fzn\u00fdch kriz\u00edch a t\u011b\u017ek\u00fdch \u017eivotn\u00edch situac\u00edch, jako je nemoc a \u010delit nov\u00e9mu prost\u0159ed\u00ed, nov\u00fdm majitel\u016fm. S nimi se zv\u00ed\u0159e uklid\u0148uje. Kapky ovliv\u0148uj\u00ed emo\u010dn\u00ed stav zv\u00ed\u0159ete a pom\u00e1haj\u00ed jej harmonizovat.<\/span><\/p>\n<p><span style=\"color: #000000;\">Prvn\u00ed pomoc zv\u00ed\u0159at\u016fm je \u00fa\u010dinn\u00e1, pokud zv\u00ed\u0159e:<\/span><\/p>\n<p><span style=\"color: #000000;\">\ud83d\udc9a v panice nebo \u00fazkosti,<\/span><br \/>\n<span style=\"color: #000000;\">\ud83d\udc9a najednou znepokojen\u00fd<\/span><br \/>\n<span style=\"color: #000000;\">\ud83d\udc9a tv\u00e1\u0159\u00ed v tv\u00e1\u0159 stresov\u00e9 situaci (hluk, bou\u0159ka, prask\u00e1n\u00ed, oh\u0148ostroj&#8230;) pop\u0159<\/span><br \/>\n<span style=\"color: #000000;\">\ud83d\udc9a m\u011bl traumatick\u00fd z\u00e1\u017eitek (st\u011bhov\u00e1n\u00ed, \u00fatok, n\u00e1v\u0161t\u011bva veterin\u00e1\u0159e&#8230;).<\/span><\/p>\n<p><span style=\"color: #000000;\">Sm\u011bsi Bachov\u00fdch kapek se p\u0159ipravuj\u00ed podle metody Dr. Bacha a pou\u017e\u00edv\u00e1me pouze origin\u00e1ln\u00ed Bachovy esence. Bachovy kapky se odeb\u00edraj\u00ed z lahvi\u010dky p\u0159ilo\u017eenou pipetou, d\u00edky \u010demu\u017e je d\u00e1vkov\u00e1n\u00ed extr\u00e9mn\u011b snadn\u00e9. Jsou vhodn\u00e9 pro v\u0161echna zv\u00ed\u0159ata (psi, ko\u010dky, kon\u011b, pt\u00e1ci, k\u0159e\u010dci&#8230;). Nemaj\u00ed \u017e\u00e1dn\u00e9 vedlej\u0161\u00ed \u00fa\u010dinky a nelze je p\u0159ed\u00e1vkovat.<\/span><\/p>\n<p><span style=\"color: #000000;\">Ka\u017ed\u00e1 l\u00e1hev vybran\u00e9 sm\u011bsi se p\u0159ipravuje ru\u010dn\u011b a za chodu.<\/span><\/p>\n<h2><span style=\"color: #000000;\">Skladov\u00e1n\u00ed<\/span><\/h2>\n<p><span style=\"color: #000000;\">Skladujte na such\u00e9m a tmav\u00e9m m\u00edst\u011b p\u0159i teplot\u011b do +25 \u00b0C.<\/span><\/p>\n<h2><span style=\"color: #000000;\">Mno\u017estv\u00ed<\/span><\/h2>\n<p><span style=\"color: #000000;\">30 ml (vysta\u010d\u00ed na 30 dn\u00ed pravideln\u00e9ho pou\u017e\u00edv\u00e1n\u00ed)<\/span><\/p>\n","protected":false},"excerpt":{"rendered":"<p>Bachovy kapky jsou \u00fa\u010dinn\u00e9 p\u0159i r\u016fzn\u00fdch citov\u00fdch pot\u00ed\u017e\u00edch. Pom\u00e1haj\u00ed v r\u016fzn\u00fdch kriz\u00edch a obt\u00ed\u017en\u00fdch \u017eivotn\u00edch situac\u00edch. Pom\u00e1haj\u00ed uklidnit se a zachovat si chladnou hlavu. P\u016fsob\u00ed na n\u00e1\u0161 emocion\u00e1ln\u00ed stav a pom\u00e1haj\u00ed ho harmonizovat.<\/p>\n<p>\ud83d\udc9a Kapky jsou baleny ru\u010dn\u011b v den odesl\u00e1n\u00ed.<br \/>\n\ud83d\udc9a Jsou vhodn\u00e9 pro v\u0161echny osoby (t\u011bhotn\u00e9 \u017eeny, star\u0161\u00ed osoby, d\u011bti,\u2026) a zv\u00ed\u0159ata.<br \/>\n\ud83d\udc9a Nemaj\u00ed \u017e\u00e1dn\u00e9 vedlej\u0161\u00ed \u00fa\u010dinky, nejsou n\u00e1vykov\u00e9 a nelze se jimi p\u0159ed\u00e1vkovat.<br \/>\n\ud83d\udc9a Prvn\u00ed v\u00fdsledky m\u016f\u017eete zaznamenat po n\u011bkolika dnech nebo t\u00fddnech, z\u00e1le\u017e\u00ed na ka\u017ed\u00e9m jednotlivci.<br \/>\n\ud83d\udc9a Neinteraguj\u00ed s jin\u00fdmi l\u00e9ky.<\/p>\n","protected":false},"featured_media":6701,"comment_status":"open","ping_status":"closed","template":"","meta":{"_acf_changed":false},"product_brand":[],"product_cat":[15,241,226,227],"product_tag":[],"class_list":{"0":"post-6715","1":"product","2":"type-product","3":"status-publish","4":"has-post-thumbnail","6":"product_cat-uncategorized","7":"product_cat-bachovy-kapky","8":"product_cat-nabidka","9":"product_cat-vsechny-produkty","11":"first","12":"instock","13":"sale","14":"taxable","15":"shipping-taxable","16":"purchasable","17":"product-type-simple"},"acf":[],"_links":{"self":[{"href":"https:\/\/fengchashop.com\/cz\/wp-json\/wp\/v2\/product\/6715","targetHints":{"allow":["GET"]}}],"collection":[{"href":"https:\/\/fengchashop.com\/cz\/wp-json\/wp\/v2\/product"}],"about":[{"href":"https:\/\/fengchashop.com\/cz\/wp-json\/wp\/v2\/types\/product"}],"replies":[{"embeddable":true,"href":"https:\/\/fengchashop.com\/cz\/wp-json\/wp\/v2\/comments?post=6715"}],"wp:featuredmedia":[{"embeddable":true,"href":"https:\/\/fengchashop.com\/cz\/wp-json\/wp\/v2\/media\/6701"}],"wp:attachment":[{"href":"https:\/\/fengchashop.com\/cz\/wp-json\/wp\/v2\/media?parent=6715"}],"wp:term":[{"taxonomy":"product_brand","embeddable":true,"href":"https:\/\/fengchashop.com\/cz\/wp-json\/wp\/v2\/product_brand?post=6715"},{"taxonomy":"product_cat","embeddable":true,"href":"https:\/\/fengchashop.com\/cz\/wp-json\/wp\/v2\/product_cat?post=6715"},{"taxonomy":"product_tag","embeddable":true,"href":"https:\/\/fengchashop.com\/cz\/wp-json\/wp\/v2\/product_tag?post=6715"}],"curies":[{"name":"wp","href":"https:\/\/api.w.org\/{rel}","templated":true}]}}