{"id":6707,"date":"2022-02-06T20:59:00","date_gmt":"2022-02-06T19:59:00","guid":{"rendered":"https:\/\/fengchashop.com\/cz\/product\/bachove-kapljice-izpiti\/"},"modified":"2026-01-28T17:41:42","modified_gmt":"2026-01-28T16:41:42","slug":"bachovy-kapky-zkousky","status":"publish","type":"product","link":"https:\/\/fengchashop.com\/cz\/product\/bachovy-kapky-zkousky\/","title":{"rendered":"Bachovy kapky Zkou\u0161ky"},"content":{"rendered":"<h2><span style=\"color: #000000;\">Bachovy kapky Zkou\u0161ky\u00a0<\/span><\/h2>\n<p><span style=\"color: #000000;\">Stres, kter\u00fd za\u017e\u00edv\u00e1me p\u0159ed zkou\u0161kami, testy a jin\u00fdmi metodami hodnocen\u00ed, je p\u0159edev\u0161\u00edm v\u00fdsledkem pochybnost\u00ed o sob\u011b sam\u00e9m. Obvykle poci\u0165ujeme v\u011bt\u0161\u00ed strach, kdy\u017e jsme na hodnocen\u00ed dob\u0159e p\u0159ipraveni a p\u0159esn\u011b v\u00edme, co v\u00edme a co nev\u00edme. Toto nap\u011bt\u00ed je vlastn\u011b dokonce zdrav\u00e9 a \u017e\u00e1douc\u00ed. P\u0159ek\u00e1\u017ekou se st\u00e1v\u00e1, kdy\u017e se p\u0159\u00edli\u0161 boj\u00edme a na\u0161e reakce je p\u0159ehnan\u00e1, ovliv\u0148uje to i na\u0161i pam\u011b\u0165 a koncentraci. U\u017e si nepamatujeme, co jsme se nau\u010dili, za\u010d\u00edn\u00e1me pochybovat o sv\u00e9m \u00fasp\u011bchu. Ochrann\u00e9 mechanismy, kter\u00e9 n\u00e1s ve strachu p\u0159ed zd\u00e1nliv\u011b ohro\u017euj\u00edc\u00ed situac\u00ed br\u00e1n\u00ed, n\u00e1m umo\u017e\u0148uj\u00ed b\u00fdt p\u0159ipraveni na fyzick\u00fd \u00fat\u011bk nebo boj, v\u0161echny my\u0161lenky tedy sm\u011b\u0159uj\u00ed pouze k tomu. Pot\u0159ebujeme tedy n\u011bco, \u010demu m\u016f\u017eeme v\u011b\u0159it. Bachovy kapky \u201eZkou\u0161ky\u201c mohou b\u00fdt t\u00edm spr\u00e1vn\u00fdm \u0159e\u0161en\u00edm pro ka\u017ed\u00e9ho, komu p\u0159\u00edli\u0161n\u00fd strach z hodnocen\u00ed br\u00e1n\u00ed v dosa\u017een\u00ed po\u017eadovan\u00e9ho \u00fasp\u011bchu.<\/span><\/p>\n<p><span style=\"color: #000000;\">Prvn\u00ed v\u00fdsledky m\u016f\u017eete zaznamenat po n\u011bkolika dnech nebo t\u00fddnech, z\u00e1le\u017e\u00ed na ka\u017ed\u00e9m jednotlivci. P\u0159ipraven\u00e1 sm\u011bs vydr\u017e\u00ed 30 dn\u00ed, sta\u010d\u00ed ji aplikovat p\u0159\u00edmo do \u00fast nebo nakapat do sklenice vody.<\/span><\/p>\n<h2><span style=\"color: #000000;\">Jak Bachovy kapky funguj\u00ed<\/span><\/h2>\n<p><span style=\"color: #000000;\">Bachovy kapky \u00fa\u010dinn\u011b p\u016fsob\u00ed proti r\u016fzn\u00e9 emo\u010dn\u00ed t\u00edsni jedince, jako je stres p\u0159ed zkou\u0161kami nebo testy. Bachovy kapky n\u00e1m pom\u00e1haj\u00ed v r\u016fzn\u00fdch kriz\u00edch a t\u011b\u017ek\u00fdch \u017eivotn\u00edch situac\u00edch, zkou\u0161k\u00e1ch. S nimi se zklidn\u00edme a zachov\u00e1me klidnou hlavu, jeliko\u017e ovliv\u0148uj\u00ed n\u00e1\u0161 emo\u010dn\u00ed stav a pom\u00e1haj\u00ed jej harmonizovat. Pomoc\u00ed Bachov\u00fdch kapek p\u0159eb\u00edr\u00e1me kontrolu nad sv\u00fdmi emocemi, vytv\u00e1\u0159\u00edme tak harmonii a nach\u00e1z\u00edme tak sv\u016fj vnit\u0159n\u00ed klid.<\/span><\/p>\n<p><span style=\"color: #000000;\">Bachovy kapky \u00fa\u010dinn\u011b p\u016fsob\u00ed proti\u00a0<strong>r\u016fzn\u00fdm emocion\u00e1ln\u00edm pot\u00ed\u017e\u00edm jedince<\/strong>.\u00a0<strong>\u00dazkost ve v\u0161ech sv\u00fdch podob\u00e1ch je jist\u011b jedn\u00edm z t\u011bchto stav\u016f<\/strong>. Bachovy kapky n\u00e1m pom\u00e1haj\u00ed v r\u016fzn\u00fdch kriz\u00edch a obt\u00ed\u017en\u00fdch \u017eivotn\u00edch situac\u00edch, zkou\u0161k\u00e1ch a tr\u00e1pen\u00edch. Pom\u00e1haj\u00ed n\u00e1m uklidnit se a zachovat si klidnou hlavu, proto\u017ee p\u016fsob\u00ed na n\u00e1\u0161 emo\u010dn\u00ed stav a pom\u00e1haj\u00ed ho harmonizovat. Pomoc\u00ed Bachov\u00fdch kapek z\u00edsk\u00e1me\u00a0<strong>kontrolu nad sv\u00fdmi emocemi<\/strong>\u00a0a jen tak vytvo\u0159\u00edme harmonii a nalezneme vnit\u0159n\u00ed klid.<\/span><\/p>\n<p><span style=\"color: #000000;\">Bachova terapie podporuje samol\u00e9\u010dbu a duchovn\u00ed uvoln\u011bn\u00ed. Podle teorie doktora Bacha spo\u010d\u00edv\u00e1 p\u0159\u00ed\u010dina nemoci v neharmonick\u00e9m stavu nebo v nedostatku harmonie mezi t\u011blem a du\u0161\u00ed. Pomoc\u00ed kv\u011btov\u00fdch esenc\u00ed se sna\u017e\u00edme l\u00e9\u010dit nemoci t\u00edm, \u017ee vyu\u017e\u00edv\u00e1me p<strong>ozitivn\u00ed vlastnosti kv\u011btin<\/strong>, kter\u00e9 n\u00e1m pom\u00e1haj\u00ed obnovit rovnov\u00e1hu v na\u0161em nitru.<\/span><\/p>\n<p><span style=\"color: #000000;\">Bachovy kapky jsou p\u0159ipraveny podle metody Dr. Bacha a pou\u017e\u00edvaj\u00ed pouze\u00a0<strong>origin\u00e1ln\u00ed Bachovy esence<\/strong>.<\/span><\/p>\n<p><span style=\"color: #000000;\">Bachovy kapky se odeb\u00edraj\u00ed z lahvi\u010dky s p\u0159ilo\u017eenou pipetou, co\u017e velmi usnad\u0148uje d\u00e1vkov\u00e1n\u00ed. U\u017e\u00edvejte 4 kapky 4kr\u00e1t denn\u011b, rozlo\u017een\u00e9 b\u011bhem dne. Lahvi\u010dka, kterou obdr\u017e\u00edte, vysta\u010d\u00ed na 1 m\u011bs\u00edc l\u00e9\u010dby.<\/span><\/p>\n<p><span style=\"color: #000000;\">Ka\u017ed\u00e1 l\u00e1hev vybran\u00e9 sm\u011bsi se\u00a0<strong>p\u0159ipravuje ru\u010dn\u011b a v re\u00e1ln\u00e9m \u010dase<\/strong>. Aby sm\u011bs vydr\u017eela d\u00e9le \u010derstv\u00e1, pou\u017e\u00edv\u00e1me trochu alkoholu (ko\u0148aku). Sm\u011bs m\u00e1 trvanlivost 1 m\u011bs\u00edc od data n\u00e1kupu.<\/span><\/p>\n<p><span style=\"color: #000000;\">Bachovy kapky\u00a0<strong>nemaj\u00ed \u017e\u00e1dn\u00e9 vedlej\u0161\u00ed \u00fa\u010dinky<\/strong>, nelze se jimi p\u0159ed\u00e1vkovat a nejsou n\u00e1vykov\u00e9. Jsou vhodn\u00e9 pro v\u0161echny \u2013 t\u011bhotn\u00e9 \u017eeny, koj\u00edc\u00ed matky, star\u0161\u00ed osoby, d\u011bti i zv\u00ed\u0159ata.<\/span><\/p>\n<p><span style=\"color: #000000;\">Neinteraguj\u00ed s jin\u00fdmi l\u00e9ky.<\/span><\/p>\n<h2><span style=\"color: #000000;\">Skladov\u00e1n\u00ed<\/span><\/h2>\n<p><span style=\"color: #000000;\">Skladujte na such\u00e9m a tmav\u00e9m m\u00edst\u011b p\u0159i teplot\u011b do +25 \u00b0C.<\/span><\/p>\n<h2><span style=\"color: #000000;\">Mno\u017estv\u00ed<\/span><\/h2>\n<p><span style=\"color: #000000;\">30 ml (vysta\u010d\u00ed na 30 dn\u00ed pravideln\u00e9ho pou\u017e\u00edv\u00e1n\u00ed)<\/span><\/p>\n","protected":false},"excerpt":{"rendered":"<p>Bachovy kapky jsou \u00fa\u010dinn\u00e9 p\u0159i r\u016fzn\u00fdch citov\u00fdch pot\u00ed\u017e\u00edch. Pom\u00e1haj\u00ed v r\u016fzn\u00fdch kriz\u00edch a obt\u00ed\u017en\u00fdch \u017eivotn\u00edch situac\u00edch. Pom\u00e1haj\u00ed uklidnit se a zachovat si chladnou hlavu. P\u016fsob\u00ed na n\u00e1\u0161 emocion\u00e1ln\u00ed stav a pom\u00e1haj\u00ed ho harmonizovat.<\/p>\n<p>\ud83d\udc9a Kapky jsou baleny ru\u010dn\u011b v den odesl\u00e1n\u00ed.<br \/>\n\ud83d\udc9a Jsou vhodn\u00e9 pro v\u0161echny osoby (t\u011bhotn\u00e9 \u017eeny, star\u0161\u00ed osoby, d\u011bti,\u2026) a zv\u00ed\u0159ata.<br \/>\n\ud83d\udc9a Nemaj\u00ed \u017e\u00e1dn\u00e9 vedlej\u0161\u00ed \u00fa\u010dinky, nejsou n\u00e1vykov\u00e9 a nelze se jimi p\u0159ed\u00e1vkovat.<br \/>\n\ud83d\udc9a Prvn\u00ed v\u00fdsledky m\u016f\u017eete zaznamenat po n\u011bkolika dnech nebo t\u00fddnech, z\u00e1le\u017e\u00ed na ka\u017ed\u00e9m jednotlivci.<br \/>\n\ud83d\udc9a Neinteraguj\u00ed s jin\u00fdmi l\u00e9ky.<\/p>\n","protected":false},"featured_media":6701,"comment_status":"open","ping_status":"closed","template":"","meta":{"_acf_changed":false},"product_brand":[],"product_cat":[15,241,226,227],"product_tag":[],"class_list":{"0":"post-6707","1":"product","2":"type-product","3":"status-publish","4":"has-post-thumbnail","6":"product_cat-uncategorized","7":"product_cat-bachovy-kapky","8":"product_cat-nabidka","9":"product_cat-vsechny-produkty","11":"first","12":"instock","13":"sale","14":"taxable","15":"shipping-taxable","16":"purchasable","17":"product-type-simple"},"acf":[],"_links":{"self":[{"href":"https:\/\/fengchashop.com\/cz\/wp-json\/wp\/v2\/product\/6707","targetHints":{"allow":["GET"]}}],"collection":[{"href":"https:\/\/fengchashop.com\/cz\/wp-json\/wp\/v2\/product"}],"about":[{"href":"https:\/\/fengchashop.com\/cz\/wp-json\/wp\/v2\/types\/product"}],"replies":[{"embeddable":true,"href":"https:\/\/fengchashop.com\/cz\/wp-json\/wp\/v2\/comments?post=6707"}],"wp:featuredmedia":[{"embeddable":true,"href":"https:\/\/fengchashop.com\/cz\/wp-json\/wp\/v2\/media\/6701"}],"wp:attachment":[{"href":"https:\/\/fengchashop.com\/cz\/wp-json\/wp\/v2\/media?parent=6707"}],"wp:term":[{"taxonomy":"product_brand","embeddable":true,"href":"https:\/\/fengchashop.com\/cz\/wp-json\/wp\/v2\/product_brand?post=6707"},{"taxonomy":"product_cat","embeddable":true,"href":"https:\/\/fengchashop.com\/cz\/wp-json\/wp\/v2\/product_cat?post=6707"},{"taxonomy":"product_tag","embeddable":true,"href":"https:\/\/fengchashop.com\/cz\/wp-json\/wp\/v2\/product_tag?post=6707"}],"curies":[{"name":"wp","href":"https:\/\/api.w.org\/{rel}","templated":true}]}}