{"id":6700,"date":"2022-02-06T20:15:00","date_gmt":"2022-02-06T19:15:00","guid":{"rendered":"https:\/\/fengchashop.com\/cz\/product\/bachove-kapljice\/"},"modified":"2026-01-21T18:16:46","modified_gmt":"2026-01-21T17:16:46","slug":"bachovy-kapky","status":"publish","type":"product","link":"https:\/\/fengchashop.com\/cz\/product\/bachovy-kapky\/","title":{"rendered":"Bachovy kapky"},"content":{"rendered":"<h2 id=\"tw-target-text\" class=\"tw-data-text tw-text-large tw-ta\" dir=\"ltr\" data-placeholder=\"Prevod\" data-ved=\"2ahUKEwil7tOa7taBAxWigf0HHYC0DCMQ3ewLegQIBhAQ\"><span class=\"Y2IQFc\" lang=\"cs\" style=\"color: #000000;\">Bachovy kapky \u2013 ud\u011blejte si sami<\/span><\/h2>\n<p><span style=\"color: #000000;\">Chcete ovl\u00e1dnout sv\u00e9 emoce, naj\u00edt harmonii a vnit\u0159n\u00ed klid?<\/span><\/p>\n<p><span style=\"color: #000000;\">Dr. Edvard Bach objevuje 38 kv\u011btov\u00fdch esenc\u00ed pro jednotliv\u00e9 emo\u010dn\u00ed stavy. Bachovy kapky \u00fa\u010dinn\u011b p\u016fsob\u00ed proti r\u016fzn\u00e9 emo\u010dn\u00ed t\u00edsni jedince. Kapky nemaj\u00ed \u017e\u00e1dn\u00e9 vedlej\u0161\u00ed \u00fa\u010dinky a snadno se pou\u017e\u00edvaj\u00ed. Pom\u00e1haj\u00ed v r\u016fzn\u00fdch kriz\u00edch a t\u011b\u017ek\u00fdch \u017eivotn\u00edch situac\u00edch. S nimi se zklidn\u00edme a zachov\u00e1me klidnou hlavu. P\u016fsob\u00ed na n\u00e1\u0161 emo\u010dn\u00ed stav a pom\u00e1haj\u00ed jej harmonizovat.<\/span><\/p>\n<p><span style=\"color: #000000;\">&#8211; Jsou vhodn\u00e9 pro v\u0161echny lidi (t\u011bhotn\u00e9 \u017eeny, seniory, d\u011bti,&#8230;) a zv\u00ed\u0159ata.<\/span><\/p>\n<p><span style=\"color: #000000;\">&#8211; Nemaj\u00ed \u017e\u00e1dn\u00e9 vedlej\u0161\u00ed \u00fa\u010dinky, nejsou n\u00e1vykov\u00e9 a nelze je p\u0159ed\u00e1vkovat.<\/span><\/p>\n<p><span style=\"color: #000000;\">&#8211; Prvn\u00ed v\u00fdsledky m\u016f\u017eete zaznamenat po p\u00e1r dnech \u010di t\u00fddnech, z\u00e1le\u017e\u00ed na ka\u017ed\u00e9m jedinci.<\/span><\/p>\n<p><span style=\"color: #000000;\">&#8211; Neovliv\u0148uje jin\u00e9 l\u00e9ky.<\/span><\/p>\n<p><span style=\"color: #000000;\">&#8211; Kapky jsou baleny ru\u010dn\u011b, na m\u00edst\u011b v den odesl\u00e1n\u00ed.<\/span><\/p>\n<p><span style=\"color: #000000;\">Pomoc\u00ed Bachov\u00fdch kapek p\u0159eb\u00edr\u00e1me kontrolu nad sv\u00fdmi emocemi, nach\u00e1z\u00edme harmonii a vnit\u0159n\u00ed klid. Sm\u011bsi Bachov\u00fdch kapek se p\u0159ipravuj\u00ed podle metody Dr. Bacha a s origin\u00e1ln\u00edmi Bachov\u00fdmi esencemi.<\/span><\/p>\n<p>Pokud nev\u00edte, kter\u00e9 esence jsou pro v\u00e1s ty prav\u00e9, zvolte slu\u017ebu <a href=\"https:\/\/cz.fengchashop.com\/product\/poradna-pro-bachovy-kapky\/\">Bachova konzultace<\/a>.<\/p>\n<h2><span style=\"color: #000000;\">V\u00fdb\u011br kapek<\/span><\/h2>\n<p>M\u016f\u017eete si vybrat vlastn\u00ed sm\u011bs Bachov\u00fdch kapek podle aktu\u00e1ln\u00edho emocion\u00e1ln\u00edho stavu. Vyberte maxim\u00e1ln\u011b <strong data-start=\"1267\" data-end=\"1287\">7 r\u016fzn\u00fdch esenc\u00ed<\/strong> ze seznamu n\u00ed\u017ee. Pros\u00edm, uve\u010fte je do <strong data-start=\"1328\" data-end=\"1362\">pole pro pozn\u00e1mky k objedn\u00e1vce<\/strong> p\u0159i dokon\u010den\u00ed n\u00e1kupu. Po obdr\u017een\u00ed objedn\u00e1vky p\u0159iprav\u00edme va\u0161i personalizovanou sm\u011bs.<\/p>\n<h2><span style=\"color: #000000;\">Skladov\u00e1n\u00ed<\/span><\/h2>\n<p><span style=\"color: #000000;\">Skladujte na such\u00e9m a tmav\u00e9m m\u00edst\u011b p\u0159i teplot\u011b do +25 \u00b0C.<\/span><\/p>\n<h2><span style=\"color: #000000;\">Mno\u017estv\u00ed<\/span><\/h2>\n<p><span style=\"color: #000000;\">30 ml (vysta\u010d\u00ed na 30 dn\u00ed pravideln\u00e9ho pou\u017e\u00edv\u00e1n\u00ed)<\/span><\/p>\n<h2><span style=\"color: #000000;\">Seznam Bachov\u00fdch kv\u011btov\u00fdch esenc\u00ed<\/span><\/h2>\n<p><span style=\"color: #000000;\"><strong>AGRIMONY:<\/strong> nap\u011bt\u00ed a neklid v t\u011ble, hra \u00fasm\u011bv, maska, neprojevovat emoce, z\u00e1vislost<\/span><\/p>\n<p><span style=\"color: #000000;\"><strong>ASPEN<\/strong>: pro nezn\u00e1m\u00e9 obavy, \u0161patn\u00e9 p\u0159edtuchy, no\u010dn\u00ed m\u016fry, b\u00e1zliv\u00e9 osoby, \u00fazkost a \u00fazkost<\/span><\/p>\n<p><span style=\"color: #000000;\"><strong>BEECH:<\/strong> p\u0159ehnan\u00e1 kritika, netolerance, arogance, p\u0159edsudky<\/span><\/p>\n<p><span style=\"color: #000000;\"><strong>CENTAURY:<\/strong> p\u0159\u00edli\u0161 vst\u0159\u00edcn\u00fd, neschopn\u00fd \u0159\u00edci ne, neschopn\u00fd stanovit hranice a neschopn\u00fd st\u00e1t si za sv\u00fdm<\/span><\/p>\n<p><span style=\"color: #000000;\"><strong>CERATO:<\/strong> nerozhodnost, kv\u016fli nedostatku d\u016fv\u011bry ve vlastn\u00ed n\u00e1zor, neust\u00e1le \u017e\u00e1d\u00e1 ostatn\u00ed o radu<\/span><\/p>\n<p><span style=\"color: #000000;\"><strong>CHERRY PLUM:<\/strong> strach ze ztr\u00e1ty kontroly a ud\u011bl\u00e1n\u00ed n\u011b\u010deho sob\u011b nebo druh\u00fdm, vnit\u0159n\u00ed nap\u011bt\u00ed, v\u00fdbuchy vzteku a vzteku<\/span><\/p>\n<p><span style=\"color: #000000;\"><strong>CHESTNUT BUD:<\/strong> opakov\u00e1n\u00ed st\u00e1le stejn\u00fdch chyb a n\u00e1vyk\u016f, nespokojenost <\/span><\/p>\n<p><span style=\"color: #000000;\"><strong>CHICORY:<\/strong> manipulace, vyd\u00edr\u00e1n\u00ed, majetnictv\u00ed, intenzivn\u00ed \u017e\u00e1rlivost<\/span><\/p>\n<p><span style=\"color: #000000;\"><strong>CLEMATIS :<\/strong> zasn\u011bnost, zmatenost, nepozornost, du\u0161evn\u00ed roztr\u017eitost, pot\u00ed\u017ee se soust\u0159ed\u011bn\u00edm<\/span><\/p>\n<p><span style=\"color: #000000;\"><strong>CRAB APPLE:<\/strong> stud, pocit \u0161pinavosti, perfekcionismus, nutkav\u00e1 pot\u0159eba \u010distoty<\/span><\/p>\n<p><span style=\"color: #000000;\"><strong>ELM:<\/strong> moment\u00e1ln\u00ed pokles energie p\u0159i opot\u0159eben\u00ed, p\u0159i pr\u00e1ci pro jin\u00e9 lidi, stres, p\u0159et\u00ed\u017een\u00ed<\/span><\/p>\n<p><span style=\"color: #000000;\"><strong>GENTIAN:<\/strong> pesimismus, smutek zn\u00e1m\u00e9ho p\u016fvodu, m\u00edrn\u00e1 deprese<\/span><\/p>\n<p><span style=\"color: #000000;\"><strong>GORSE:<\/strong> zoufalstv\u00ed, nic u\u017e ned\u00e1v\u00e1 smysl<\/span><\/p>\n<p><span style=\"color: #000000;\"><strong>HEATHER:<\/strong> st\u00e1le mluv\u00ed o sob\u011b a sv\u00fdch probl\u00e9mech, monologech, sebel\u00edtosti, chce b\u00fdt st\u0159edem pozornosti<\/span><\/p>\n<p><span style=\"color: #000000;\"><strong>HOLLY:<\/strong> \u017e\u00e1rlivost, aktivn\u00ed hn\u011bv, vn\u011bj\u0161\u00ed hn\u011bv, ned\u016fv\u011bra, nen\u00e1vist<\/span><\/p>\n<p><span style=\"color: #000000;\"><strong>HONEYSUCKLE:<\/strong> \u017eije\u0161 v minulosti, smutku, nostalgii, melancholii<\/span><\/p>\n<p><span style=\"color: #000000;\"><strong>HORNBEAM:<\/strong> na psychick\u00e9 a psychick\u00e9 vy\u010derp\u00e1n\u00ed, du\u0161evn\u00ed \u00fanavu, nedostatek energie, rann\u00ed \u00fanavu, nudu a rutinu<\/span><\/p>\n<p><span style=\"color: #000000;\"><strong>IMPATIENS:<\/strong> vnetrp\u011blivost, impulzivita, netrp\u011blivost, nap\u011bt\u00ed, podr\u00e1\u017ed\u011bnost, nesn\u00e1\u0161enlivost<\/span><\/p>\n<p><span style=\"color: #000000;\"><strong>LARCH:<\/strong> nedostatek sebev\u011bdom\u00ed, pocit m\u00e9n\u011bcennosti, vzd\u00e1n\u00ed se pod tlakem, nervozita p\u0159ed zkou\u0161kami a vystoupen\u00edmi<\/span><\/p>\n<p><span style=\"color: #000000;\"><strong>MIMULUS:<\/strong> na zn\u00e1m\u00e9 strachy, \u00falek, ostych, p\u0159ecitliv\u011blost<\/span><\/p>\n<p><span style=\"color: #000000;\"><strong>MUSTARD:<\/strong> deprese z nezn\u00e1m\u00e9 p\u0159\u00ed\u010diny, obdob\u00ed opakuj\u00edc\u00edho se smutku bez p\u0159\u00ed\u010diny<\/span><\/p>\n<p><span style=\"color: #000000;\"><strong>OAK:<\/strong> nikdy se nezastav\u00ed\u0161, neum\u00ed\u0161 odpo\u010d\u00edvat, syndrom vyho\u0159en\u00ed, nakl\u00e1d\u00e1\u0161 na sebe b\u0159\u00edm\u011b druh\u00fdch, ob\u011btuje\u0161 se<\/span><\/p>\n<p><span style=\"color: #000000;\"><strong>OLIVE:<\/strong> psychick\u00e9 a fyzick\u00e9 vy\u010derp\u00e1n\u00ed, \u00fanava, p\u0159et\u00ed\u017een\u00ed, slabost<\/span><\/p>\n<p><span style=\"color: #000000;\"><strong>PINE:<\/strong> pocit viny, v\u017edy se p\u0159\u00edli\u0161 \u010dasto omlouvat a d\u011bkovat, p\u0159ehnan\u00e1 sebekritika<\/span><\/p>\n<p><span style=\"color: #000000;\"><strong>RED CHESTNUT: <\/strong>starost o bl\u00edzk\u00e9, nadm\u011brn\u00e9 pouto s bl\u00edzk\u00fdmi lidmi<\/span><\/p>\n<p><span style=\"color: #000000;\"><strong>ROCK ROSE:<\/strong> panika, hr\u016fza, extr\u00e9mn\u00ed strach<\/span><\/p>\n<p><span style=\"color: #000000;\"><strong>ROCK WATER:<\/strong> nap\u011bt\u00ed, strnulost, perfekcionismus<\/span><\/p>\n<p><span style=\"color: #000000;\"><strong>SCLERANTHUS:<\/strong> nerozhodnost, nest\u00e1lost, du\u0161evn\u00ed rozpolcenost mezi dv\u011bma mo\u017enostmi, neust\u00e1l\u00e1 zm\u011bna n\u00e1zor\u016f a n\u00e1lad<\/span><\/p>\n<p><span style=\"color: #000000;\"><strong>STAR OF BETHLEHEM:<\/strong> na fyzick\u00e9 a du\u0161evn\u00ed ot\u0159esy, \u0161oky, minul\u00e1 i sou\u010dasn\u00e1 traumata, pom\u016f\u017ee v\u00e1m sebrat se po v\u0161ech \u017eivotn\u00edch zkou\u0161k\u00e1ch<\/span><\/p>\n<p><span style=\"color: #000000;\"><strong>SWEET CHESTNUT:<\/strong> t\u011b\u017ek\u00e1 \u017eivotn\u00ed zkou\u0161ka, kterou nem\u016f\u017eeme proj\u00edt, smutek<\/span><\/p>\n<p><span style=\"color: #000000;\"><strong>VERVAIN:<\/strong> nadm\u011brn\u00e9 nad\u0161en\u00ed, fanatismus, p\u0159esv\u011bd\u010duje ostatn\u00ed, \u017ee jeho n\u00e1pady jsou nejlep\u0161\u00ed<\/span><\/p>\n<p><span style=\"color: #000000;\"><strong>VINE:<\/strong> v\u016fdce, p\u0159\u00edkaz, tyranie, autorita, p\u0159\u00edsnost<\/span><\/p>\n<p><span style=\"color: #000000;\"><strong>WALNUT:<\/strong> pro nov\u00e9 kroky v \u017eivot\u011b (rozvod, st\u011bhov\u00e1n\u00ed, d\u016fchod, puberta, krize st\u0159edn\u00edho v\u011bku, menopauza&#8230;), pro lep\u0161\u00ed sp\u00e1nek, pom\u00e1h\u00e1 naj\u00edt vlastn\u00ed biorytmus<\/span><\/p>\n<p><span style=\"color: #000000;\"><strong>WATER VIOLET:<\/strong> pro vzne\u0161en\u00e9 lidi, kte\u0159\u00ed jsou r\u00e1di sami<\/span><\/p>\n<p><span style=\"color: #000000;\"><strong>WHITE CHESTNUT:<\/strong> my\u0161lenky, kter\u00e9 se n\u00e1m neust\u00e1le to\u010d\u00ed v hlav\u011b, probl\u00e9my s koncentrac\u00ed a s nespavost\u00ed<\/span><\/p>\n<p><span style=\"color: #000000;\"><strong>WILD OAT:<\/strong> nenach\u00e1z\u00ed smysl sv\u00e9ho \u017eivota, nem\u00e1 c\u00edl<\/span><\/p>\n<p><span style=\"color: #000000;\"><strong>WILD ROSE:<\/strong> oddanost osudu, lhostejnost, apatie<\/span><\/p>\n<p><span style=\"color: #000000;\"><strong>WILLOW: <\/strong>potla\u010dovan\u00fd hn\u011bv, role ob\u011bti, v\u017edy obvi\u0148uj\u00ed druh\u00e9 a nep\u0159eb\u00edraj\u00ed odpov\u011bdnost za sv\u00e9 \u010diny, jsou zaho\u0159kl\u00ed, ura\u017een\u00ed, nespokojen\u00ed a rozho\u0159\u010den\u00ed\u00a0<\/span><\/p>\n","protected":false},"excerpt":{"rendered":"<p>Bachovy kapky jsou \u00fa\u010dinn\u00e9 p\u0159i r\u016fzn\u00fdch citov\u00fdch pot\u00ed\u017e\u00edch. Pom\u00e1haj\u00ed v r\u016fzn\u00fdch kriz\u00edch a obt\u00ed\u017en\u00fdch \u017eivotn\u00edch situac\u00edch. Pom\u00e1haj\u00ed uklidnit se a zachovat si chladnou hlavu. P\u016fsob\u00ed na n\u00e1\u0161 emocion\u00e1ln\u00ed stav a pom\u00e1haj\u00ed ho harmonizovat.<\/p>\n<p>\ud83d\udc9a Kapky jsou baleny ru\u010dn\u011b v den odesl\u00e1n\u00ed.<br \/>\n\ud83d\udc9a Jsou vhodn\u00e9 pro v\u0161echny osoby (t\u011bhotn\u00e9 \u017eeny, star\u0161\u00ed osoby, d\u011bti,\u2026) a zv\u00ed\u0159ata.<br \/>\n\ud83d\udc9a Nemaj\u00ed \u017e\u00e1dn\u00e9 vedlej\u0161\u00ed \u00fa\u010dinky, nejsou n\u00e1vykov\u00e9 a nelze se jimi p\u0159ed\u00e1vkovat.<br \/>\n\ud83d\udc9a Prvn\u00ed v\u00fdsledky m\u016f\u017eete zaznamenat po n\u011bkolika dnech nebo t\u00fddnech, z\u00e1le\u017e\u00ed na ka\u017ed\u00e9m jednotlivci.<br \/>\n\ud83d\udc9a Neinteraguj\u00ed s jin\u00fdmi l\u00e9ky.<\/p>\n","protected":false},"featured_media":6701,"comment_status":"open","ping_status":"closed","template":"","meta":{"_acf_changed":false},"product_brand":[],"product_cat":[15,241,226,227],"product_tag":[],"class_list":{"0":"post-6700","1":"product","2":"type-product","3":"status-publish","4":"has-post-thumbnail","6":"product_cat-uncategorized","7":"product_cat-bachovy-kapky","8":"product_cat-nabidka","9":"product_cat-vsechny-produkty","11":"first","12":"instock","13":"taxable","14":"shipping-taxable","15":"purchasable","16":"product-type-simple"},"acf":[],"_links":{"self":[{"href":"https:\/\/fengchashop.com\/cz\/wp-json\/wp\/v2\/product\/6700","targetHints":{"allow":["GET"]}}],"collection":[{"href":"https:\/\/fengchashop.com\/cz\/wp-json\/wp\/v2\/product"}],"about":[{"href":"https:\/\/fengchashop.com\/cz\/wp-json\/wp\/v2\/types\/product"}],"replies":[{"embeddable":true,"href":"https:\/\/fengchashop.com\/cz\/wp-json\/wp\/v2\/comments?post=6700"}],"wp:featuredmedia":[{"embeddable":true,"href":"https:\/\/fengchashop.com\/cz\/wp-json\/wp\/v2\/media\/6701"}],"wp:attachment":[{"href":"https:\/\/fengchashop.com\/cz\/wp-json\/wp\/v2\/media?parent=6700"}],"wp:term":[{"taxonomy":"product_brand","embeddable":true,"href":"https:\/\/fengchashop.com\/cz\/wp-json\/wp\/v2\/product_brand?post=6700"},{"taxonomy":"product_cat","embeddable":true,"href":"https:\/\/fengchashop.com\/cz\/wp-json\/wp\/v2\/product_cat?post=6700"},{"taxonomy":"product_tag","embeddable":true,"href":"https:\/\/fengchashop.com\/cz\/wp-json\/wp\/v2\/product_tag?post=6700"}],"curies":[{"name":"wp","href":"https:\/\/api.w.org\/{rel}","templated":true}]}}