{"id":6656,"date":"2022-01-06T15:30:00","date_gmt":"2022-01-06T14:30:00","guid":{"rendered":"https:\/\/fengchashop.com\/cz\/product\/matcha-bio-125-g\/"},"modified":"2026-04-29T12:23:10","modified_gmt":"2026-04-29T10:23:10","slug":"matcha-bio","status":"publish","type":"product","link":"https:\/\/fengchashop.com\/cz\/product\/matcha-bio\/","title":{"rendered":"Matcha BIO 250 g"},"content":{"rendered":"<h2>Matcha bio<\/h2>\n<p>Popul\u00e1rn\u00ed matcha je vlastn\u011b<strong> pr\u00e1\u0161kov\u00fd zelen\u00fd \u010daj<\/strong>. Na\u0161e verze matcha je ur\u010dena p\u0159edev\u0161\u00edm na va\u0159en\u00ed a jako takov\u00e1 je vysoce kvalitn\u00ed.<\/p>\n<p>Matcha je <strong>\u010daj nejvy\u0161\u0161\u00ed kvality s v\u00fdrazn\u00fdm charakterem<\/strong>. \u010cajov\u00e1 rostlina matcha se p\u0159ed sklizn\u00ed p\u011bstuje nejm\u00e9n\u011b m\u011bs\u00edc ve st\u00ednu a \u010dajov\u00e9 l\u00edstky se p\u0159ed zpracov\u00e1n\u00edm zbavuj\u00ed listov\u00fdch \u017eilek a stonk\u016f. Takto z\u00edskan\u00e9 \u010dajov\u00e9 l\u00edstky jsou mimo\u0159\u00e1dn\u011b <strong>bohat\u00e9 na kofein a tein<\/strong>. Po mnoho let je matcha zn\u00e1m\u00e1 jako \u010daj buddhistick\u00fdch mnich\u016f, kte\u0159\u00ed ji pij\u00ed, aby se soust\u0159edili, koncentrovali a pro\u010distili si mysl.<\/p>\n<p>Obsahuje mnoho slo\u017eek, kter\u00e9 maj\u00ed na organismus <strong>antioxida\u010dn\u00ed<\/strong> \u00fa\u010dinky. Jak je pro zelen\u00fd \u010daj typick\u00e9, obsahuje <strong>polyfenoly<\/strong> a <strong>flavonoidy<\/strong>. Je tak\u00e9 bohat\u00fd na vitaminy A, B, C a E. To v\u0161e p\u0159isp\u00edv\u00e1 k protiz\u00e1n\u011btliv\u00fdm a imunitu posiluj\u00edc\u00edm vlastnostem zelen\u00e9ho \u010daje matcha. Nen\u00ed tak\u00e9 tak ho\u0159k\u00fd jako n\u011bkter\u00e9 zelen\u00e9 \u010daje, a to d\u00edky tzv. katechin\u016fm, kter\u00e9 nejsou v \u010daji matcha hojn\u011b zastoupeny d\u00edky jeho speci\u00e1ln\u00ed v\u00fdrob\u011b ve st\u00ednu. Krom\u011b toho n\u00e1s matcha d\u00edky vysok\u00e9mu obsahu teinu a kofeinu udr\u017euje vzp\u0159\u00edmen\u00e9, a p\u0159itom nezp\u016fsobuje charakteristick\u00fd neklid, kter\u00fd \u010dasto poci\u0165uj\u00ed ti, kdo pij\u00ed p\u0159\u00edli\u0161 mnoho k\u00e1vy.<\/p>\n<h2>Skladov\u00e1n\u00ed a upozorn\u011bn\u00ed<\/h2>\n<p>Skladujte na such\u00e9m, tmav\u00e9m a chladn\u00e9m m\u00edst\u011b. Ujist\u011bte se, \u017ee je s\u00e1\u010dek nebo krabi\u010dka pevn\u011b uzav\u0159ena. V\u00fdrobek lze tak\u00e9 skladovat v chladni\u010dce.<\/p>\n<h2>Balen\u00ed<\/h2>\n<p>Neprody\u0161n\u00fd s\u00e1\u010dek na zip, ve kter\u00e9m si v\u00fdrobek zachov\u00e1 ve\u0161kerou \u010derstvost a aroma. Obal chr\u00e1n\u00ed v\u00fdrobek p\u0159ed sv\u011btlem a vzduchem, proto\u017ee je slo\u017een z n\u011bkolika ochrann\u00fdch vrstev, kter\u00e9 zachov\u00e1vaj\u00ed vlastnosti obsahu.<\/p>\n<p>Obal je velmi praktick\u00fd a recyklovateln\u00fd.<\/p>\n<h2>P\u016fvod<\/h2>\n<p>\u010c\u00edna. <span class=\"jCAhz ChMk0b\"><span class=\"ryNqvb\">M\u00e1me velmi spolehliv\u00e9 dodavatele, kte\u0159\u00ed n\u00e1m ke ka\u017ed\u00e9 \u0161ar\u017ei za\u0161lou podrobn\u00fd chemick\u00fd rozbor potravin.<\/span><\/span> <span class=\"jCAhz ChMk0b\"><span class=\"ryNqvb\">Za v\u00edce ne\u017e deset let jsme u tohoto zbo\u017e\u00ed ani u jin\u00fdch polo\u017eek od stejn\u00e9ho dodavatele nezaznamenali \u017e\u00e1dn\u00e9 sta\u017een\u00ed ani jin\u00e9 probl\u00e9my.<\/span><\/span><\/p>\n","protected":false},"excerpt":{"rendered":"<p>Matcha je zelen\u00fd \u010daj nejvy\u0161\u0161\u00ed kvality. \u010caj Matcha je n\u00e1pojem buddhistick\u00fdch mnich\u016f, kte\u0159\u00ed ho pij\u00ed, aby se soust\u0159edili, koncentrovali a pro\u010distili si mysl. Obsahuje mnoho slo\u017eek, kter\u00e9 maj\u00ed na na\u0161e t\u011blo antioxida\u010dn\u00ed \u00fa\u010dinky. Jak je pro zelen\u00fd \u010daj typick\u00e9, obsahuje polyfenoly a flavonoidy. Je tak\u00e9 bohat\u00fd na vitaminy A, B, C a E. To v\u0161e p\u0159isp\u00edv\u00e1 k protiz\u00e1n\u011btliv\u00fdm a imunitu posiluj\u00edc\u00edm vlastnostem zelen\u00e9ho \u010daje matcha. Nen\u00ed tak\u00e9 tak ho\u0159k\u00fd jako n\u011bkter\u00e9 zelen\u00e9 \u010daje, a to d\u00edky tzv. katechin\u016fm, kter\u00e9 nejsou v \u010daji matcha hojn\u011b zastoupeny d\u00edky jeho speci\u00e1ln\u00ed v\u00fdrob\u011b ve st\u00ednu.<\/p>\n<p>\ud83d\udc9a Je pln\u00fd antioxidant\u016f, aminokyselin a dal\u0161\u00edch blahod\u00e1rn\u00fdch \u00fa\u010dink\u016f.<br \/>\n\ud83d\udc9a Ekologick\u00e1 v\u00fdroba.<br \/>\n\ud83d\udc9a Pr\u00e9miov\u00e1 kvalita.<\/p>\n","protected":false},"featured_media":8416,"comment_status":"open","ping_status":"closed","template":"","meta":{"_acf_changed":false},"product_brand":[],"product_cat":[15,239,205,226,227],"product_tag":[],"class_list":{"0":"post-6656","1":"product","2":"type-product","3":"status-publish","4":"has-post-thumbnail","6":"product_cat-uncategorized","7":"product_cat-caj","8":"product_cat-caj-jidlo-koreni","9":"product_cat-nabidka","10":"product_cat-vsechny-produkty","12":"first","13":"instock","14":"sale","15":"taxable","16":"shipping-taxable","17":"purchasable","18":"product-type-simple"},"acf":[],"_links":{"self":[{"href":"https:\/\/fengchashop.com\/cz\/wp-json\/wp\/v2\/product\/6656","targetHints":{"allow":["GET"]}}],"collection":[{"href":"https:\/\/fengchashop.com\/cz\/wp-json\/wp\/v2\/product"}],"about":[{"href":"https:\/\/fengchashop.com\/cz\/wp-json\/wp\/v2\/types\/product"}],"replies":[{"embeddable":true,"href":"https:\/\/fengchashop.com\/cz\/wp-json\/wp\/v2\/comments?post=6656"}],"wp:featuredmedia":[{"embeddable":true,"href":"https:\/\/fengchashop.com\/cz\/wp-json\/wp\/v2\/media\/8416"}],"wp:attachment":[{"href":"https:\/\/fengchashop.com\/cz\/wp-json\/wp\/v2\/media?parent=6656"}],"wp:term":[{"taxonomy":"product_brand","embeddable":true,"href":"https:\/\/fengchashop.com\/cz\/wp-json\/wp\/v2\/product_brand?post=6656"},{"taxonomy":"product_cat","embeddable":true,"href":"https:\/\/fengchashop.com\/cz\/wp-json\/wp\/v2\/product_cat?post=6656"},{"taxonomy":"product_tag","embeddable":true,"href":"https:\/\/fengchashop.com\/cz\/wp-json\/wp\/v2\/product_tag?post=6656"}],"curies":[{"name":"wp","href":"https:\/\/api.w.org\/{rel}","templated":true}]}}