{"id":6557,"date":"2022-05-28T20:36:49","date_gmt":"2022-05-28T18:36:49","guid":{"rendered":"https:\/\/fengchashop.com\/cz\/product\/citronova-trava-bio-250g\/"},"modified":"2026-04-25T09:53:51","modified_gmt":"2026-04-25T07:53:51","slug":"citronova-trava-bio","status":"publish","type":"product","link":"https:\/\/fengchashop.com\/cz\/product\/citronova-trava-bio\/","title":{"rendered":"Citronov\u00e1 tr\u00e1va BIO 250g"},"content":{"rendered":"<h2 style=\"text-align: justify\"><span style=\"color: #000000\">Citr\u00f3nov\u00e1 tr\u00e1va (bylinn\u00fd \u010daj)<\/span><\/h2>\n<p style=\"text-align: justify\"><span style=\"color: #000000\">Lemongrass je tropick\u00e1 tr\u00e1va s charakteristick\u00fdmi jazykovit\u00fdmi tmav\u011b zelen\u00fdmi listy, kter\u00e9 mohou dor\u016fst a\u017e do v\u00fd\u0161ky 180 cm. Je v\u00fdrazn\u011b aromatick\u00e1, a to p\u0159edev\u0161\u00edm d\u00edky obsahu <strong>citral<\/strong>a <strong>geraniolu<\/strong>, kter\u00e9 rostlin\u011b dod\u00e1vaj\u00ed charakteristickou<strong>v\u016fni a chu\u0165 po citrusech<\/strong>. Jako esenci\u00e1ln\u00ed olej je tak\u00e9 mimo\u0159\u00e1dn\u011b obl\u00edben\u00fd v aromaterapii a kosmetick\u00fdch p\u0159\u00edpravc\u00edch.<\/span><\/p>\n<p style=\"text-align: justify\"><span style=\"color: #000000\">Cutronov\u00e1 tr\u00e1va je siln\u00fd <strong>antioxidant<\/strong> a vynikaj\u00edc\u00ed <strong>zdroj vitam\u00ednu C&lt;\/strong &gt; proto n\u00e1m m\u016f\u017ee pomoci p\u0159i nachlazen\u00ed, ka\u0161li, astmatu a dal\u0161\u00edch poruch\u00e1ch d\u00fdch\u00e1n\u00ed. M\u00e1 tak\u00e9 protiz\u00e1n\u011btliv\u00e9, antibakteri\u00e1ln\u00ed a antimykotick\u00e9 vlastnosti.<\/strong><\/span><\/p>\n<p style=\"text-align: justify\"><span style=\"color: #000000\">Lze pou\u017e\u00edt su\u0161en\u00fd nebo \u010derstv\u00fd a je nepostradateln\u00fd v <strong>asijsk\u00fdch receptech<\/strong> s rybami, ku\u0159ec\u00edm masem a vep\u0159ov\u00e9 maso .<\/span><\/p>\n<p style=\"text-align: justify\"><span style=\"color: #000000\">D\u00edky citrusov\u00e9 v\u016fni se su\u0161en\u00e9 listy pou\u017e\u00edvaj\u00ed hlavn\u011b do <strong>bylinn\u00fdch n\u00e1lev\u016f nebo \u010daj\u016f<\/strong>, p\u0159ipravujeme ale i r\u016fzn\u00e9<strong>osv\u011b\u017euj\u00edc\u00ed studen\u00e9 n\u00e1poje a ledov\u00e9 \u010daje<\/strong>, kter\u00e9 p\u0159\u00edjemn\u011b za\u017eenou \u017e\u00edze\u0148 a nav\u00edc blahod\u00e1rn\u011b p\u016fsob\u00ed na va\u0161i pohodu a sni\u017euj\u00ed nap\u011bt\u00ed. Hod\u00ed se k z\u00e1zvoru, h\u0159eb\u00ed\u010dku, citronu a limetce, m\u00e1t\u011b a medu\u0148ce. \u010caj upravuje tr\u00e1ven\u00ed a zm\u00edr\u0148uje drobn\u00e9 za\u017e\u00edvac\u00ed pot\u00ed\u017ee.<\/span><\/p>\n<h2 style=\"text-align: justify\"><span style=\"color: #000000\">Vzhled<\/span><\/h2>\n<p style=\"text-align: justify\"><span style=\"color: #000000\">Nakr\u00e1jen\u00e9 a su\u0161en\u00e9 zelen\u00e9 listy.<\/span><\/p>\n<h2 style=\"text-align: justify\"><span style=\"color: #000000\">\u00dalo\u017ei\u0161t\u011b<\/span><\/h2>\n<p style=\"text-align: justify\"><span style=\"color: #000000\">Skladujte na such\u00e9m, tmav\u00e9m a chladn\u00e9m m\u00edst\u011b.<\/span><\/p>\n<h2 style=\"text-align: justify\"><span style=\"color: #000000\">Balen\u00ed<\/span><\/h2>\n<p><span style=\"color: #000000\">Vzduchov\u011b neprody\u0161n\u00fd s\u00e1\u010dek se zipem, kde si produkt uchov\u00e1 ve\u0161kerou svou \u010derstvost a aroma. Obal chr\u00e1n\u00ed p\u0159ed sv\u011btlem a vzduchem, proto\u017ee se skl\u00e1d\u00e1 z n\u011bkolika vrstev ochrany, kter\u00e9 zachov\u00e1vaj\u00ed vlastnosti obsahu.<\/span><\/p>\n<p><span style=\"color: #000000\">Obal je velmi praktick\u00fd a umo\u017e\u0148uje recyklaci.<\/span><\/p>\n<h2><span style=\"color: #000000\">P\u016fvod<\/span><\/h2>\n<p><span style=\"color: #000000\">Thajsko nebo Indie<\/span><\/p>\n","protected":false},"excerpt":{"rendered":"<p>Citronov\u00e1 tr\u00e1va je siln\u00fdm antioxidantem a v\u00fdborn\u00fdm zdrojem vitam\u00ednu C a m\u016f\u017ee n\u00e1m pomoci p\u0159i nachlazen\u00ed, ka\u0161li, astmatu a dal\u0161\u00edch d\u00fdchac\u00edch pot\u00ed\u017e\u00edch. M\u00e1 tak\u00e9 protiz\u00e1n\u011btliv\u00e9, antibakteri\u00e1ln\u00ed a protipl\u00eds\u0148ov\u00e9 vlastnosti. D\u00e1 se pou\u017e\u00edt su\u0161en\u00e1 i \u010derstv\u00e1, ale v asijsk\u00fdch receptech s rybami, ku\u0159ec\u00edm a vep\u0159ov\u00fdm masem je nepostradateln\u00e1. Hod\u00ed se k z\u00e1zvoru, h\u0159eb\u00ed\u010dku, citronu a limetce, m\u00e1t\u011b a tymi\u00e1nu. Su\u0161en\u00e9 listy se pou\u017e\u00edvaj\u00ed hlavn\u011b:<\/p>\n<p>\ud83d\udc9a v bylinn\u00fdch n\u00e1levech nebo \u010daj\u00edch, kter\u00e9 upravuj\u00ed tr\u00e1ven\u00ed a zm\u00edr\u0148uj\u00ed drobn\u00e9 za\u017e\u00edvac\u00ed pot\u00ed\u017ee,<br \/>\n\ud83d\udc9a jako osv\u011b\u017euj\u00edc\u00ed studen\u00e9 n\u00e1poje a ledov\u00e9 \u010daje.<\/p>\n","protected":false},"featured_media":6558,"comment_status":"open","ping_status":"closed","template":"","meta":{"_acf_changed":false},"product_brand":[],"product_cat":[15,205,226,227],"product_tag":[],"class_list":{"0":"post-6557","1":"product","2":"type-product","3":"status-publish","4":"has-post-thumbnail","6":"product_cat-uncategorized","7":"product_cat-caj-jidlo-koreni","8":"product_cat-nabidka","9":"product_cat-vsechny-produkty","11":"first","12":"instock","13":"taxable","14":"shipping-taxable","15":"purchasable","16":"product-type-simple"},"acf":[],"_links":{"self":[{"href":"https:\/\/fengchashop.com\/cz\/wp-json\/wp\/v2\/product\/6557","targetHints":{"allow":["GET"]}}],"collection":[{"href":"https:\/\/fengchashop.com\/cz\/wp-json\/wp\/v2\/product"}],"about":[{"href":"https:\/\/fengchashop.com\/cz\/wp-json\/wp\/v2\/types\/product"}],"replies":[{"embeddable":true,"href":"https:\/\/fengchashop.com\/cz\/wp-json\/wp\/v2\/comments?post=6557"}],"wp:featuredmedia":[{"embeddable":true,"href":"https:\/\/fengchashop.com\/cz\/wp-json\/wp\/v2\/media\/6558"}],"wp:attachment":[{"href":"https:\/\/fengchashop.com\/cz\/wp-json\/wp\/v2\/media?parent=6557"}],"wp:term":[{"taxonomy":"product_brand","embeddable":true,"href":"https:\/\/fengchashop.com\/cz\/wp-json\/wp\/v2\/product_brand?post=6557"},{"taxonomy":"product_cat","embeddable":true,"href":"https:\/\/fengchashop.com\/cz\/wp-json\/wp\/v2\/product_cat?post=6557"},{"taxonomy":"product_tag","embeddable":true,"href":"https:\/\/fengchashop.com\/cz\/wp-json\/wp\/v2\/product_tag?post=6557"}],"curies":[{"name":"wp","href":"https:\/\/api.w.org\/{rel}","templated":true}]}}