{"id":6546,"date":"2025-06-09T10:06:38","date_gmt":"2025-06-09T08:06:38","guid":{"rendered":"https:\/\/fengchashop.com\/cz\/product\/sladki-koren-125-g\/"},"modified":"2026-04-29T13:26:35","modified_gmt":"2026-04-29T11:26:35","slug":"prasek-z-lekorice-liquorice-bio","status":"publish","type":"product","link":"https:\/\/fengchashop.com\/cz\/product\/prasek-z-lekorice-liquorice-bio\/","title":{"rendered":"Pr\u00e1\u0161ek z l\u00e9ko\u0159ice (Liquorice) BIO 250 g"},"content":{"rendered":"<h2><strong>Co je l\u00e9ko\u0159ice?<\/strong><\/h2>\n<p><strong>L\u00e9ko\u0159ice (Glycyrrhiza glabra)<\/strong> je vytrval\u00e1 rostlina z \u010deledi bobovit\u00fdch, zn\u00e1m\u00e1 pro svou charakteristicky sladkou chu\u0165. Rostlina ka\u017edoro\u010dn\u011b vytv\u00e1\u0159\u00ed d\u0159evnat\u00e9 stonky, kter\u00e9 dor\u016fstaj\u00ed v\u00fd\u0161ky jednoho a\u017e dvou metr\u016f. Nej\u010dast\u011bji se pou\u017e\u00edv\u00e1 jej\u00ed ko\u0159en, kter\u00fd obsahuje mnoho \u00fa\u010dinn\u00fdch l\u00e1tek, z nich\u017e nejzn\u00e1m\u011bj\u0161\u00ed je glycyrrhizin, kter\u00fd je 50kr\u00e1t slad\u0161\u00ed ne\u017e sachar\u00f3za (stoln\u00ed cukr). Su\u0161en\u00fd a namlet\u00fd ko\u0159en se pou\u017e\u00edv\u00e1 jako l\u00e9ko\u0159icov\u00fd pr\u00e1\u0161ek, kter\u00fd je obl\u00edben\u00fd ve v\u00fd\u017eiv\u011b, p\u0159\u00edrodn\u00ed medic\u00edn\u011b a kosmetice.<\/p>\n<p>L\u00e9ko\u0159ice m\u00e1 dlouhou historii pou\u017e\u00edv\u00e1n\u00ed, zn\u00e1mou ji\u017e od dob star\u00fdch Egyp\u0165an\u016f. M\u00e1 protiz\u00e1n\u011btliv\u00e9, spasmolytick\u00e9 \u00fa\u010dinky, zm\u00edr\u0148uje \u017ealude\u010dn\u00ed pot\u00ed\u017ee (kyselost, nad\u00fdm\u00e1n\u00ed, za\u017e\u00edvac\u00ed pot\u00ed\u017ee) a dok\u00e1\u017ee inhibovat r\u016fst bakterie <em>Helicobacter pylori<\/em>, kter\u00e1 zp\u016fsobuje \u017ealude\u010dn\u00ed v\u0159edy. Krom\u011b tr\u00e1vic\u00edch p\u0159\u00ednos\u016f se pou\u017e\u00edv\u00e1 tak\u00e9 p\u0159i d\u00fdchac\u00edch pot\u00ed\u017e\u00edch (nachlazen\u00ed, bolest v krku a bronchitida), proto\u017ee usnad\u0148uje vyka\u0161l\u00e1v\u00e1n\u00ed a uvol\u0148uje d\u00fdchac\u00ed cesty. \u0158\u00edk\u00e1 se tak\u00e9, \u017ee m\u00e1 pozitivn\u00ed vliv na funkci jater, imunitn\u00ed syst\u00e9m a \u017eensk\u00e9 probl\u00e9my b\u011bhem menopauzy. M\u016f\u017ee m\u00edt tak\u00e9 mo\u010dopudn\u00e9 a proj\u00edmav\u00e9 \u00fa\u010dinky.<\/p>\n<p>V tradi\u010dn\u00ed \u010d\u00ednsk\u00e9 medic\u00edn\u011b a ajurv\u00e9d\u011b se pou\u017e\u00edv\u00e1 jako tonikum k omlazen\u00ed srdce a sleziny, stejn\u011b jako proti v\u0159ed\u016fm a ko\u017en\u00edm probl\u00e9m\u016fm. Proto\u017ee hydratuje such\u00fd krk, \u010dasto ho pou\u017e\u00edvaj\u00ed ku\u0159\u00e1ci, zp\u011bv\u00e1ci a \u0159e\u010dn\u00edci.<\/p>\n<p>Je tak\u00e9 b\u011b\u017enou slo\u017ekou dopl\u0148k\u016f stravy a bylinn\u00fdch p\u0159\u00edpravk\u016f, kde p\u016fsob\u00ed jako spojovac\u00ed prvek mezi bylinkami a zesiluje jejich \u00fa\u010dinek.<\/p>\n<h2><strong>L\u00e9\u010div\u00e9 \u00fa\u010dinky<\/strong><\/h2>\n<p>L\u00e9ko\u0159icov\u00fd pr\u00e1\u0161ek m\u00e1 \u0161irokou \u0161k\u00e1lu blahod\u00e1rn\u00fdch \u00fa\u010dink\u016f na t\u011blo, a proto se \u010dasto pou\u017e\u00edv\u00e1 v \u00e1jurv\u00e9d\u011b a tradi\u010dn\u00ed \u010d\u00ednsk\u00e9 medic\u00edn\u011b:<\/p>\n<p><strong>\ud83d\udc9a\u00a0 Protiz\u00e1n\u011btliv\u00fd \u00fa\u010dinek: <\/strong>Aktivn\u00ed slo\u017eky pom\u00e1haj\u00ed tlumit z\u00e1n\u011bty, zejm\u00e9na p\u0159i z\u00e1n\u011btech gastrointestin\u00e1ln\u00edho traktu, k\u016f\u017ee a d\u00fdchac\u00edch cest.<\/p>\n<p><strong>\ud83d\udc9a Podpora d\u00fdch\u00e1n\u00ed: <\/strong> Tradi\u010dn\u011b se pou\u017e\u00edv\u00e1 k \u00falev\u011b od ka\u0161le, bolesti v krku, bronchitidy a astmatu. P\u016fsob\u00ed expektorans (usnad\u0148uje vyka\u0161l\u00e1v\u00e1n\u00ed) a zklid\u0148uje podr\u00e1\u017ed\u011bn\u00ed sliznice.<\/p>\n<p><strong>\ud83d\udc9a Ochrana \u017ealude\u010dn\u00ed sliznice: <\/strong> Glycyrrhizin a flavonoidy chr\u00e1n\u00ed \u017ealude\u010dn\u00ed st\u011bnu p\u0159ed po\u0161kozen\u00edm a pom\u00e1haj\u00ed p\u0159i probl\u00e9mech, jako jsou v\u0159edy, gastritida, reflux a infekce <em>Helicobacter pylori<\/em>.<\/p>\n<p><strong>\ud83d\udc9a Podpora nadledvin<\/strong>: Reguluje hladinu kortizolu, zvy\u0161uje energii a p\u016fsob\u00ed jako adaptogen, co\u017e znamen\u00e1, \u017ee podporuje t\u011blo p\u0159i zvl\u00e1d\u00e1n\u00ed stresu, syndromu vyho\u0159en\u00ed a \u00fanavy.<\/p>\n<p><strong>\ud83d\udc9a Antivirov\u00e9 a antibakteri\u00e1ln\u00ed \u00fa\u010dinky:<\/strong> M\u00e1 p\u0159irozen\u00e9 antimikrobi\u00e1ln\u00ed vlastnosti a pou\u017e\u00edv\u00e1 se jako podpora p\u0159i infekc\u00edch (nap\u0159. herpes, ch\u0159ipka, hepatitida B a C).<\/p>\n<p><strong>\ud83d\udc9a Hormon\u00e1ln\u00ed rovnov\u00e1ha:<\/strong> Tradi\u010dn\u011b se pou\u017e\u00edv\u00e1 k \u00falev\u011b od p\u0159\u00edznak\u016f PMS a menopauzy, proto\u017ee ovliv\u0148uje rovnov\u00e1hu estrogenu.<\/p>\n<h2><strong>Skladov\u00e1n\u00ed a upozorn\u011bn\u00ed<\/strong><\/h2>\n<p>Skladujte na such\u00e9m a chladn\u00e9m m\u00edst\u011b p\u0159i teplot\u011b do 25 \u00b0C. Uchov\u00e1vejte dopln\u011bk stravy mimo dosah d\u011bt\u00ed!<\/p>\n<p>Nezapome\u0148te na d\u016fle\u017eitost pestr\u00e9 stravy a zdrav\u00e9ho \u017eivotn\u00edho stylu, proto dopln\u011bk stravy nenahrazuje vyv\u00e1\u017eenou a pestrou stravu. Doporu\u010den\u00e9 denn\u00ed mno\u017estv\u00ed ani d\u00e1vka by nem\u011bly b\u00fdt p\u0159ekro\u010deny.<\/p>\n<p>Nedoporu\u010dujeme konzumaci l\u00e9ko\u0159ice t\u011bhotn\u00fdm \u017een\u00e1m, koj\u00edc\u00edm matk\u00e1m, d\u011btem do 12 let, diabetik\u016fm, lidem s vysok\u00fdm krevn\u00edm tlakem a srde\u010dn\u00edm pacient\u016fm.<\/p>\n<p>L\u00e9ko\u0159ice je prosp\u011b\u0161n\u00e1 i v mal\u00e9m mno\u017estv\u00ed. Nep\u0159eh\u00e1n\u011bjme to tedy. Maxim\u00e1ln\u00ed denn\u00ed mno\u017estv\u00ed by m\u011blo b\u00fdt od 4 do 8 gram\u016f (tedy od 1 do 2 \u010dajov\u00fdch l\u017ei\u010dek). L\u00e9ko\u0159ice m\u00e1 siln\u00fd fyziologick\u00fd \u00fa\u010dinek (nap\u0159. m\u016f\u017ee ovlivnit krevn\u00ed tlak), proto se doporu\u010duje za\u010d\u00edt s ni\u017e\u0161\u00ed d\u00e1vkou (nap\u0159. 1\/2 \u010dajov\u00e9 l\u017ei\u010dky) a sledovat reakci organismu, pot\u00e9 v p\u0159\u00edpad\u011b pot\u0159eby po\u010det d\u00e1vek zv\u00fd\u0161it, ale nezvy\u0161ovat mno\u017estv\u00ed najednou. Optim\u00e1ln\u00ed mno\u017estv\u00ed na jeden \u0161\u00e1lek \u010daje (cca 200\u2013250 ml) je 1\/2 \u010dajov\u00e9 l\u017ei\u010dky. V\u011bt\u0161\u00ed mno\u017estv\u00ed by mohlo b\u00fdt p\u0159\u00edli\u0161 siln\u00e9, hust\u0161\u00ed nebo nep\u0159\u00edjemn\u00e9 na pit\u00ed.<\/p>\n<p>Nedoporu\u010dujeme u\u017e\u00edvat dlouhodob\u011b bez p\u0159est\u00e1vek. Nejlep\u0161\u00ed je ud\u011blat si po 4 a\u017e 6 t\u00fddnech u\u017e\u00edv\u00e1n\u00ed pauzu alespo\u0148 na dva t\u00fddny.<\/p>\n<p>L\u00e9ko\u0159ice sni\u017euje obsah drasl\u00edku v krvi, proto je p\u0159i dlouhodob\u00e9 konzumaci l\u00e9ko\u0159ice nutn\u00e9 ji nahradit potravinami (nap\u0159. ban\u00e1ny, su\u0161en\u00e9 meru\u0148ky, datle, \u0161pen\u00e1t, mangold, fazole, \u010do\u010dka&#8230;).<\/p>\n<h2><strong>Obal<\/strong><\/h2>\n<p>Vzdu\u0161n\u011b uzav\u00edrateln\u00fd s\u00e1\u010dek na zip, kde si produkt zachov\u00e1v\u00e1 ve\u0161kerou svou \u010derstvost a aroma. Obal chr\u00e1n\u00ed p\u0159ed sv\u011btlem a vzduchem, proto\u017ee se skl\u00e1d\u00e1 z n\u011bkolika ochrann\u00fdch vrstev, kter\u00e9 zachov\u00e1vaj\u00ed vlastnosti obsahu.<\/p>\n<p>Obal je velmi praktick\u00fd a umo\u017e\u0148uje recyklaci.<\/p>\n<h2><strong>P\u016fvod<\/strong><\/h2>\n<p>Indie<\/p>\n","protected":false},"excerpt":{"rendered":"<p><strong>L\u00e9ko\u0159ice<\/strong> zm\u00edr\u0148uje \u017ealude\u010dn\u00ed pot\u00ed\u017ee zp\u016fsoben\u00e9 kyselost\u00ed, nad\u00fdm\u00e1n\u00edm, poruchami tr\u00e1ven\u00ed a m\u016f\u017ee zabr\u00e1nit r\u016fstu heliobakteri\u00ed, kter\u00e9 zp\u016fsobuj\u00ed \u017ealude\u010dn\u00ed v\u0159edy. Krom\u011b \u017ealude\u010dn\u00edch probl\u00e9m\u016f se l\u00e9ko\u0159ice pou\u017e\u00edv\u00e1 tak\u00e9 p\u0159i d\u00fdchac\u00edch pot\u00ed\u017e\u00edch. Zm\u00edr\u0148uje ka\u0161el a uvol\u0148uje d\u00fdchac\u00ed cesty. \u0158\u00edk\u00e1 se tak\u00e9, \u017ee m\u00e1 pozitivn\u00ed vliv na j\u00e1tra, imunitn\u00ed syst\u00e9m a \u017eensk\u00e9 probl\u00e9my b\u011bhem menopauzy. Pou\u017e\u00edv\u00e1 se tak\u00e9 proti \u017ealude\u010dn\u00edm v\u0159ed\u016fm a ko\u017en\u00edm probl\u00e9m\u016fm. Proto\u017ee hydratuje such\u00fd krk, \u010dasto ji pou\u017e\u00edvaj\u00ed ku\u0159\u00e1ci a profesion\u00e1ln\u00ed \u0159e\u010dn\u00edci a zp\u011bv\u00e1ci.<\/p>\n<p>\ud83d\udc9a V tradi\u010dn\u00ed \u010d\u00ednsk\u00e9 medic\u00edn\u011b se pou\u017e\u00edv\u00e1 jako tonikum k omlazen\u00ed srdce a sleziny.<\/p>\n<p>\ud83d\udc9a L\u00e9ko\u0159ice m\u00e1 protiz\u00e1n\u011btliv\u00e9 a antispasmodick\u00e9 vlastnosti.<\/p>\n<p>&nbsp;<\/p>\n","protected":false},"featured_media":6900,"comment_status":"open","ping_status":"closed","template":"","meta":{"_acf_changed":false},"product_brand":[],"product_cat":[15,205,226,227],"product_tag":[],"class_list":{"0":"post-6546","1":"product","2":"type-product","3":"status-publish","4":"has-post-thumbnail","6":"product_cat-uncategorized","7":"product_cat-caj-jidlo-koreni","8":"product_cat-nabidka","9":"product_cat-vsechny-produkty","11":"first","12":"instock","13":"sale","14":"taxable","15":"shipping-taxable","16":"purchasable","17":"product-type-simple"},"acf":[],"_links":{"self":[{"href":"https:\/\/fengchashop.com\/cz\/wp-json\/wp\/v2\/product\/6546","targetHints":{"allow":["GET"]}}],"collection":[{"href":"https:\/\/fengchashop.com\/cz\/wp-json\/wp\/v2\/product"}],"about":[{"href":"https:\/\/fengchashop.com\/cz\/wp-json\/wp\/v2\/types\/product"}],"replies":[{"embeddable":true,"href":"https:\/\/fengchashop.com\/cz\/wp-json\/wp\/v2\/comments?post=6546"}],"wp:featuredmedia":[{"embeddable":true,"href":"https:\/\/fengchashop.com\/cz\/wp-json\/wp\/v2\/media\/6900"}],"wp:attachment":[{"href":"https:\/\/fengchashop.com\/cz\/wp-json\/wp\/v2\/media?parent=6546"}],"wp:term":[{"taxonomy":"product_brand","embeddable":true,"href":"https:\/\/fengchashop.com\/cz\/wp-json\/wp\/v2\/product_brand?post=6546"},{"taxonomy":"product_cat","embeddable":true,"href":"https:\/\/fengchashop.com\/cz\/wp-json\/wp\/v2\/product_cat?post=6546"},{"taxonomy":"product_tag","embeddable":true,"href":"https:\/\/fengchashop.com\/cz\/wp-json\/wp\/v2\/product_tag?post=6546"}],"curies":[{"name":"wp","href":"https:\/\/api.w.org\/{rel}","templated":true}]}}