{"id":6505,"date":"2022-05-27T15:00:16","date_gmt":"2022-05-27T13:00:16","guid":{"rendered":"https:\/\/fengchashop.com\/cz\/product\/zelena-kava-mleta-bio-500-g\/"},"modified":"2026-04-30T22:01:03","modified_gmt":"2026-04-30T20:01:03","slug":"zeleny-kavovy-prasek-bio","status":"publish","type":"product","link":"https:\/\/fengchashop.com\/cz\/product\/zeleny-kavovy-prasek-bio\/","title":{"rendered":"Zelen\u00fd k\u00e1vov\u00fd pr\u00e1\u0161ek BIO 500 g"},"content":{"rendered":"<h2 style=\"text-align: justify\"><span style=\"color: #000000\">Zelen\u00e1 k\u00e1va mlet\u00e1 BIO<\/span><\/h2>\n<p><span style=\"color: #000000\">Zelen\u00e1 k\u00e1vov\u00e1 zrna jsou jednodu\u0161e nepra\u017een\u00e1 zrna b\u011b\u017en\u00e9 k\u00e1vovn\u00edku. Zelen\u00e1 k\u00e1va je proto zcela p\u0159\u00edrodn\u00ed produkt. P\u0159iprav\u00edme si ho jako oby\u010dejn\u00fd bylinkov\u00fd \u010daj. Chutn\u00e1 tak\u00e9 velmi podobn\u011b jako bylinkov\u00fd \u010daj.<\/span><\/p>\n<p><span style=\"color: #000000\">K\u00e1vov\u00e1 zrna jsou speci\u00e1ln\u011b vyb\u00edr\u00e1na z bio plant\u00e1\u017e\u00ed a jsou mlet\u00e1 speci\u00e1ln\u00edm zp\u016fsobem, aby byl zaji\u0161t\u011bn optim\u00e1ln\u00ed \u00fa\u010dinek a samoz\u0159ejm\u011b chu\u0165 p\u0159i p\u0159\u00edprav\u011b.<\/span><\/p>\n<p><span style=\"color: #000000\">Zelen\u00e1 k\u00e1va si z\u00edsk\u00e1v\u00e1 st\u00e1le v\u00edce p\u0159\u00edznivc\u016f d\u00edky sv\u00fdm pozitivn\u00edm \u00fa\u010dink\u016fm na modern\u00ed neduhy: nadv\u00e1hu, stres, nedostatek energie a st\u00e1rnut\u00ed. Pr\u00e1v\u011b proto n\u00e1s nep\u0159ekvapuje, \u017ee je i po p\u011bkn\u00fdch letech st\u00e1le obl\u00edbenou a dob\u0159e prod\u00e1vanou potravinou.<\/span><\/p>\n<p><span style=\"color: #000000\">Na\u0161e zelen\u00e1 k\u00e1va je certifikovan\u00fd organick\u00fd produkt, zcela p\u0159\u00edrodn\u00ed a bez p\u0159\u00edsad.<\/span><\/p>\n<h2><span style=\"color: #000000\">Co je kyselina chlorogenov\u00e1 resp Jak to funguje?<\/span><\/h2>\n<p><span style=\"color: #000000\">Kv\u016fli p\u0159\u00edtomnosti kyseliny chlorogenov\u00e9 p\u0159est\u00e1vaj\u00ed j\u00e1tra uvol\u0148ovat gluk\u00f3zu do krve. Na\u0161e t\u011blo na to reaguje tak, \u017ee za\u010dne vyu\u017e\u00edvat ulo\u017een\u00fd tuk. Zlep\u0161uje se metabolismus a zvy\u0161uje se ztr\u00e1ta tuku. Jin\u00fdmi slovy, kyselina chlorogenov\u00e1 pom\u00e1h\u00e1 p\u0159i spalov\u00e1n\u00ed tukov\u00fdch z\u00e1sob v t\u011ble a t\u00edm sni\u017euje v\u00e1hu.<\/span><\/p>\n<p><span style=\"color: #000000\">Podle v\u00fdsledk\u016f n\u011bkter\u00fdch v\u00fdzkum\u016f m\u00e1 zelen\u00e1 k\u00e1va tak\u00e9 p\u0159edch\u00e1zet a sni\u017eovat vysok\u00fd krevn\u00ed tlak, zlep\u0161ovat funkci hormonu rozpou\u0161t\u011bj\u00edc\u00edho tuk a sni\u017eovat hladinu cholesterolu a triglycerid\u016f.<\/span><\/p>\n<p><span style=\"color: #000000\">A p\u0159esto\u017ee je zelen\u00e1 k\u00e1va zn\u00e1m\u00e1 p\u0159edev\u0161\u00edm pro svou kyselinu chlorogenovou a vliv na hubnut\u00ed, m\u016f\u017ee b\u00fdt dobrou n\u00e1hradou i b\u011b\u017en\u00e9 k\u00e1vy nebo \u010daje.<\/span><\/p>\n<h2><span style=\"color: #000000\">Jak\u00e9 jsou v\u0161echny slo\u017eky zelen\u00e9 k\u00e1vy a jak funguj\u00ed?<\/span><\/h2>\n<p><span style=\"color: #000000\">Zelen\u00e1 k\u00e1vov\u00e1 zrna jsou jednodu\u0161e nepra\u017een\u00e1 zrna b\u011b\u017en\u00e9 k\u00e1vovn\u00edku. Zelen\u00e1 k\u00e1va je proto zcela p\u0159\u00edrodn\u00ed produkt. P\u0159iprav\u00edme si ho jako oby\u010dejn\u00fd bylinkov\u00fd \u010daj. Chutn\u00e1 tak\u00e9 velmi podobn\u011b jako bylinkov\u00fd \u010daj. Zelen\u00e1 k\u00e1va obsahuje:<\/span><br \/>\n<span style=\"color: #000000\">\ud83d\udc9a kofein \u2013 obsahuje o n\u011bco ni\u017e\u0161\u00ed koncentraci kofeinu. Mal\u00e9 mno\u017estv\u00ed kofeinu p\u016fsob\u00ed proti fyzick\u00e9 i psychick\u00e9 \u00fanav\u011b. Pro v\u00edce energie a lep\u0161\u00ed pohodu.<\/span><br \/>\n<span style=\"color: #000000\">\ud83d\udc9a kyselina chlorogenov\u00e1 \u2013 pom\u00e1h\u00e1 rozpou\u0161t\u011bt tuky a zabra\u0148uje vst\u0159eb\u00e1v\u00e1n\u00ed cukru v tr\u00e1vic\u00edm traktu a reguluje hladinu cukru v krvi. D\u00edky kyselin\u011b chlorogenov\u00e9 m\u016f\u017ee zelen\u00e1 k\u00e1va pomoci p\u0159i hubnut\u00ed. Pra\u017een\u00edm ale v\u011bt\u0161inu ztr\u00e1c\u00ed.<\/span><br \/>\n<span style=\"color: #000000\">\ud83d\udc9a antioxidanty \u2013 ni\u010d\u00ed voln\u00e9 radik\u00e1ly a mohou tak zabr\u00e1nit vzniku n\u011bkter\u00fdch onemocn\u011bn\u00ed. Krom\u011b toho p\u016fsob\u00ed antioxidanty i proti st\u00e1rnut\u00ed resp brzd\u00ed procesy, kter\u00e9 ovliv\u0148uj\u00ed st\u00e1rnut\u00ed.<\/span><br \/>\n<span style=\"color: #000000\">\ud83d\udc9a dal\u0161\u00ed slo\u017eky \u2013 vitam\u00edny B-komplex, miner\u00e1ly, polyfenoly. V\u0161e, co na\u0161e t\u011blo denn\u011b pot\u0159ebuje. B-komplex p\u0159isp\u00edv\u00e1 k norm\u00e1ln\u00ed psychick\u00e9 \u010dinnosti a ke sn\u00ed\u017een\u00ed m\u00edry \u00fanavy a vy\u010derp\u00e1n\u00ed.<\/span><\/p>\n<h2><span style=\"color: #000000\">Nejen na hubnut\u00ed<\/span><\/h2>\n<p><span style=\"color: #000000\">Zelen\u00e1 k\u00e1va je p\u0159\u00edjemn\u00fdm z\u00e1\u017eitkem pro v\u0161echny milovn\u00edky dobr\u00fdch bylinkov\u00fdch \u010daj\u016f. Chu\u0165 je velmi p\u0159\u00edjemn\u00e1, zaj\u00edmav\u00e1 a jedine\u010dn\u00e1. V\u011bt\u0161ina lid\u00ed si to spojuje s hubnut\u00edm, ale zelenou k\u00e1vu lze konzumovat i za jin\u00fdm \u00fa\u010delem, a pokud pro zlep\u0161en\u00ed sv\u00e9 pohody d\u011bl\u00e1me n\u011bco jin\u00e9ho, \u200b\u200bje to (minim\u00e1ln\u011b) zabit\u00ed dvou mouchy jednou ranou. D\u00edky sv\u00e9mu komplexn\u00edmu slo\u017een\u00ed, pln\u00e9mu antioxidant\u016f, miner\u00e1l\u016f, vitam\u00edn\u016f a polyfenol\u016f, m\u016f\u017ee pozitivn\u011b p\u016fsobit na sni\u017eov\u00e1n\u00ed krevn\u00edho tlaku, zrychluje metabolismus, sni\u017euje vst\u0159eb\u00e1v\u00e1n\u00ed cukr\u016f a zpomaluje proces st\u00e1rnut\u00ed.<\/span><\/p>\n<h2><span style=\"color: #000000\">Jak chutn\u00e1 zelen\u00e1 k\u00e1va?<\/span><\/h2>\n<p><span style=\"color: #000000\">Chu\u0165 zelen\u00e9 k\u00e1vy je p\u0159\u00edjemn\u00e1, osv\u011b\u017euj\u00edc\u00ed, aromatick\u00e1 a p\u0159ipom\u00edn\u00e1 o\u0159\u00ed\u0161ky. Ve skute\u010dnosti p\u0159ipom\u00edn\u00e1 sp\u00ed\u0161e \u010daj ne\u017e k\u00e1vu, na kterou jsme zvykl\u00ed.<\/span><\/p>\n<h2><span style=\"color: #000000\">Kdy se doporu\u010duje p\u00edt zelenou k\u00e1vu?<\/span><\/h2>\n<p><span style=\"color: #000000\">Kv\u016fli obsahu kofeinu nedoporu\u010dujeme p\u0159ed span\u00edm, zvl\u00e1\u0161t\u011b pokud m\u00e1 kofein z\u00e1sadn\u00ed vliv na va\u0161i bd\u011blost.<\/span><\/p>\n<p><span style=\"color: #000000\">Jinak se d\u00e1 samoz\u0159ejm\u011b p\u00edt p\u0159i jak\u00e9koli p\u0159\u00edle\u017eitosti, stejn\u011b jako b\u011b\u017en\u00e1 k\u00e1va nebo \u010daj. Zelenou k\u00e1vou obohacujeme v\u00fdb\u011br n\u00e1poj\u016f, kter\u00e9 denn\u011b konzumujeme. Je zvl\u00e1\u0161t\u011b v\u00edt\u00e1n, kdy\u017e pot\u0159ebujeme n\u011bco na pos\u00edlen\u00ed energie a n\u00e1lady.<\/span><\/p>\n<p><span style=\"color: #000000\">Pokud ale chceme m\u00edt v\u00e1hu pod kontrolou a shodit p\u00e1r kilogram\u016f pomoc\u00ed zelen\u00e9 k\u00e1vy, doporu\u010dujeme ji p\u00edt alespo\u0148 15 minut p\u0159ed ka\u017ed\u00fdm hlavn\u00edm j\u00eddlem. Jedin\u011b tak bude fungovat jako potla\u010dova\u010d chuti k j\u00eddlu. D\u016fle\u017eit\u00e9 je nep\u00edt ho b\u011bhem j\u00eddla ani po j\u00eddle.<\/span><\/p>\n<h2><span style=\"color: #000000\">Kolik zelen\u00e9 k\u00e1vy se doporu\u010duje p\u00edt?<\/span><\/h2>\n<p><span style=\"color: #000000\">Pro dosa\u017een\u00ed optim\u00e1ln\u00edch \u00fa\u010dink\u016f tohoto p\u0159\u00edrodn\u00edho a zdrav\u00e9ho n\u00e1poje, kter\u00fd zlep\u0161uje celkovou pohodu, dod\u00e1v\u00e1 energii a m\u016f\u017ee b\u00fdt velk\u00fdm pomocn\u00edkem p\u0159i hubnut\u00ed, je pot\u0159eba vyp\u00edt alespo\u0148 p\u016fl litru denn\u011b. Pokud je to mo\u017en\u00e9, m\u011blo by b\u00fdt v\u017edy \u010derstv\u011b p\u0159ipraven\u00e9.<\/span><\/p>\n<h2><span style=\"color: #000000\">Balen\u00ed<\/span><\/h2>\n<p><span style=\"color: #000000\">Neprody\u0161n\u00fd uzav\u00edrateln\u00fd s\u00e1\u010dek, ve kter\u00e9m si v\u00fdrobek zachov\u00e1v\u00e1 ve\u0161kerou \u010derstvost a v\u016fni. Obal chr\u00e1n\u00ed p\u0159ed sv\u011btlem a vzduchem, proto\u017ee se skl\u00e1d\u00e1 z n\u011bkolika ochrann\u00fdch vrstev, kter\u00e9 zachov\u00e1vaj\u00ed vlastnosti obsahu.<\/span><br \/>\n<span style=\"color: #000000\">Obal je velmi praktick\u00fd a recyklovateln\u00fd.<\/span><\/p>\n<h2><span style=\"color: #000000\">P\u016fvod<\/span><\/h2>\n<p style=\"text-align: justify\">Ji\u017en\u00ed Amerika<\/p>\n","protected":false},"excerpt":{"rendered":"<p>Zelen\u00e1 k\u00e1vov\u00e1 zrna jsou jednodu\u0161e nepra\u017een\u00e1 zrna b\u011b\u017en\u00e9 k\u00e1vovn\u00edku. Zelen\u00e1 k\u00e1va je proto zcela p\u0159\u00edrodn\u00ed produkt. P\u0159iprav\u00edme si ho jako oby\u010dejn\u00fd bylinkov\u00fd \u010daj. Chutn\u00e1 tak\u00e9 velmi podobn\u011b jako bylinkov\u00fd \u010daj. Zelen\u00e1 k\u00e1va obsahuje:<\/p>\n<p>\ud83d\udc9a Kofein \u2013 obsahuje o n\u011bco ni\u017e\u0161\u00ed koncentraci kofeinu. Mal\u00e9 mno\u017estv\u00ed kofeinu p\u016fsob\u00ed proti fyzick\u00e9 i psychick\u00e9 \u00fanav\u011b. Pro v\u00edce energie a lep\u0161\u00ed pohodu.<br \/>\n\ud83d\udc9a Kyselina chlorogenov\u00e1 \u2013 pom\u00e1h\u00e1 rozpou\u0161t\u011bt tuky a zabra\u0148uje vst\u0159eb\u00e1v\u00e1n\u00ed cukru v tr\u00e1vic\u00edm traktu a reguluje hladinu cukru v krvi. D\u00edky kyselin\u011b chlorogenov\u00e9 m\u016f\u017ee zelen\u00e1 k\u00e1va pomoci p\u0159i hubnut\u00ed. Pra\u017een\u00edm ale v\u011bt\u0161inu ztr\u00e1c\u00ed.<br \/>\n\ud83d\udc9a Antioxidanty \u2013 ni\u010d\u00ed voln\u00e9 radik\u00e1ly a mohou tak zabr\u00e1nit vzniku n\u011bkter\u00fdch onemocn\u011bn\u00ed. Krom\u011b toho p\u016fsob\u00ed antioxidanty i proti st\u00e1rnut\u00ed resp brzd\u00ed procesy, kter\u00e9 ovliv\u0148uj\u00ed st\u00e1rnut\u00ed.<br \/>\n\ud83d\udc9a Dal\u0161\u00ed slo\u017eky \u2013 vitam\u00edny B-komplex, miner\u00e1ly, polyfenoly. V\u0161e, co na\u0161e t\u011blo denn\u011b pot\u0159ebuje. B-komplex p\u0159isp\u00edv\u00e1 k norm\u00e1ln\u00ed psychick\u00e9 \u010dinnosti a ke sn\u00ed\u017een\u00ed m\u00edry \u00fanavy a vy\u010derp\u00e1n\u00ed.<\/p>\n","protected":false},"featured_media":6506,"comment_status":"open","ping_status":"closed","template":"","meta":{"_acf_changed":false},"product_brand":[],"product_cat":[15,205,226,227],"product_tag":[],"class_list":{"0":"post-6505","1":"product","2":"type-product","3":"status-publish","4":"has-post-thumbnail","6":"product_cat-uncategorized","7":"product_cat-caj-jidlo-koreni","8":"product_cat-nabidka","9":"product_cat-vsechny-produkty","11":"first","12":"instock","13":"sale","14":"taxable","15":"shipping-taxable","16":"purchasable","17":"product-type-simple"},"acf":[],"_links":{"self":[{"href":"https:\/\/fengchashop.com\/cz\/wp-json\/wp\/v2\/product\/6505","targetHints":{"allow":["GET"]}}],"collection":[{"href":"https:\/\/fengchashop.com\/cz\/wp-json\/wp\/v2\/product"}],"about":[{"href":"https:\/\/fengchashop.com\/cz\/wp-json\/wp\/v2\/types\/product"}],"replies":[{"embeddable":true,"href":"https:\/\/fengchashop.com\/cz\/wp-json\/wp\/v2\/comments?post=6505"}],"wp:featuredmedia":[{"embeddable":true,"href":"https:\/\/fengchashop.com\/cz\/wp-json\/wp\/v2\/media\/6506"}],"wp:attachment":[{"href":"https:\/\/fengchashop.com\/cz\/wp-json\/wp\/v2\/media?parent=6505"}],"wp:term":[{"taxonomy":"product_brand","embeddable":true,"href":"https:\/\/fengchashop.com\/cz\/wp-json\/wp\/v2\/product_brand?post=6505"},{"taxonomy":"product_cat","embeddable":true,"href":"https:\/\/fengchashop.com\/cz\/wp-json\/wp\/v2\/product_cat?post=6505"},{"taxonomy":"product_tag","embeddable":true,"href":"https:\/\/fengchashop.com\/cz\/wp-json\/wp\/v2\/product_tag?post=6505"}],"curies":[{"name":"wp","href":"https:\/\/api.w.org\/{rel}","templated":true}]}}