{"id":6472,"date":"2022-05-23T16:36:27","date_gmt":"2022-05-23T14:36:27","guid":{"rendered":"https:\/\/fengchashop.com\/cz\/product\/kajensky-pepr-v-prasku-bio-250-g\/"},"modified":"2026-05-06T20:16:10","modified_gmt":"2026-05-06T18:16:10","slug":"kajensky-pepr-v-prasku-bio","status":"publish","type":"product","link":"https:\/\/fengchashop.com\/cz\/product\/kajensky-pepr-v-prasku-bio\/","title":{"rendered":"Kajensk\u00fd pep\u0159 v pr\u00e1\u0161ku BIO 250 g"},"content":{"rendered":"<div class=\"std\">\n<h2 style=\"text-align: justify\">Kajensk\u00fd pep\u0159 v pr\u00e1\u0161ku bio<\/h2>\n<p style=\"text-align: justify\">Kajensk\u00fd pep\u0159 poch\u00e1z\u00ed z Ji\u017en\u00ed Ameriky. Do Evropy jej p\u0159ivezli \u0161pan\u011bl\u0161t\u00ed dobyvatel\u00e9 a pro sv\u00e9 nen\u00e1ro\u010dn\u00e9 p\u011bstov\u00e1n\u00ed se stal obl\u00edben\u00fdm zejm\u00e9na v ji\u017en\u00ed a jihov\u00fdchodn\u00ed Asii a hluboce se tak zapsal do jejich kuchyn\u011b. I kdy\u017e mu \u0159\u00edk\u00e1me pep\u0159, nem\u00e1 s pep\u0159em nic spole\u010dn\u00e9ho, \u200b\u200bkrom\u011b ostrosti. Kajensk\u00fd pep\u0159 je vlastn\u011b sm\u011bs r\u016fzn\u00fdch druh\u016f chilli plod\u016f, kter\u00e9 se su\u0161\u00ed a melou na pr\u00e1\u0161ek. Su\u0161en\u00fd kajensk\u00fd pep\u0159 je jemn\u011bj\u0161\u00ed ne\u017e \u010derstv\u00fd, ale b\u011bhem va\u0159en\u00ed se tyto rozd\u00edly v\u00fdrazn\u011b sni\u017euj\u00ed. Kajensk\u00fd pep\u0159 je tak\u00e9 d\u016fle\u017eitou slo\u017ekou chilli, tabasca a dal\u0161\u00edch indick\u00fdch sm\u011bs\u00ed ko\u0159en\u00ed.<\/p>\n<h2 style=\"text-align: justify\">Pikantn\u00ed \u00farove\u0148<\/h2>\n<p>I kdy\u017e je kajensk\u00fd pep\u0159 na Scovilleov\u011b stupnici hodnocen 30 000 a\u017e 50 000, ten n\u00e1\u0161 je o n\u011bco m\u00edrn\u011bj\u0161\u00ed, tak\u017ee ho hodnot\u00edme 6\/10 na stupnici od 1 do 10.<\/p>\n<h2>Skladov\u00e1n\u00ed<\/h2>\n<p style=\"text-align: justify\">Skladujte na such\u00e9m, tmav\u00e9m a chladn\u00e9m m\u00edst\u011b. Ujist\u011bte se, \u017ee je s\u00e1\u010dek dob\u0159e ut\u011bsn\u011bn.<\/p>\n<h2>Balen\u00ed<\/h2>\n<p>Vzduchot\u011bsn\u00fd s\u00e1\u010dek se zipem, kde si produkt zachov\u00e1 ve\u0161kerou \u010derstvost a aroma. Obal chr\u00e1n\u00ed p\u0159ed sv\u011btlem a vzduchem, proto\u017ee se skl\u00e1d\u00e1 z n\u011bkolika vrstev ochrany, kter\u00e9 zachov\u00e1vaj\u00ed vlastnosti obsahu.<\/p>\n<p>Obal je velmi praktick\u00fd a umo\u017e\u0148uje recyklaci.<\/p>\n<h2>P\u016fvod<\/h2>\n<p><span style=\"color: #000000\">\u0160pan\u011blsko<\/span><\/p>\n<\/div>\n","protected":false},"excerpt":{"rendered":"<p>L\u00e1tka zp\u016fsobuj\u00edc\u00ed pal\u010divou chu\u0165 se naz\u00fdv\u00e1 kapsaicin, kter\u00fd m\u00e1 \u0159adu l\u00e9\u010div\u00fdch \u00fa\u010dink\u016f. Kajensk\u00fdm pep\u0159em ulev\u00edme a odstran\u00edme n\u011bkter\u00e9 pot\u00ed\u017ee, toti\u017e prokazateln\u011b pom\u00e1h\u00e1 p\u0159i tr\u00e1ven\u00ed, zrychluje metabolismus, krevn\u00ed ob\u011bh a pocen\u00ed a skv\u011ble m\u016f\u017ee pomoci i p\u0159i d\u00fdchac\u00edch pot\u00ed\u017e\u00edch. Obsahuje hodn\u011b vitam\u00ednu C, tak\u017ee je skv\u011bl\u00fd p\u0159i nachlazen\u00ed a ch\u0159ipce. Nav\u00edc posiluje imunitn\u00ed syst\u00e9m, p\u016fsob\u00ed protiz\u00e1n\u011btliv\u011b a antibakteri\u00e1ln\u011b.<\/p>\n<p>\ud83d\udc9a Je z ekologick\u00e9 produkce.<br \/>\n\ud83d\udc9a Obsahuje kapsaicin, kter\u00fd m\u00e1 \u0159adu l\u00e9\u010div\u00fdch \u00fa\u010dink\u016f.<br \/>\n\ud83d\udc9a Pom\u00e1h\u00e1 tak\u00e9 p\u0159i hubnut\u00ed.<br \/>\n\ud83d\udc9a Ma protiz\u00e1n\u011btliv\u00e9 a antibakteri\u00e1ln\u00ed \u00fa\u010dinky.<\/p>\n<p>&nbsp;<\/p>\n<p>&nbsp;<\/p>\n","protected":false},"featured_media":6473,"comment_status":"open","ping_status":"closed","template":"","meta":{"_acf_changed":false},"product_brand":[],"product_cat":[15,194,205,226,227],"product_tag":[],"class_list":{"0":"post-6472","1":"product","2":"type-product","3":"status-publish","4":"has-post-thumbnail","6":"product_cat-uncategorized","7":"product_cat-ajurveda","8":"product_cat-caj-jidlo-koreni","9":"product_cat-nabidka","10":"product_cat-vsechny-produkty","12":"first","13":"instock","14":"sale","15":"taxable","16":"shipping-taxable","17":"purchasable","18":"product-type-simple"},"acf":[],"_links":{"self":[{"href":"https:\/\/fengchashop.com\/cz\/wp-json\/wp\/v2\/product\/6472","targetHints":{"allow":["GET"]}}],"collection":[{"href":"https:\/\/fengchashop.com\/cz\/wp-json\/wp\/v2\/product"}],"about":[{"href":"https:\/\/fengchashop.com\/cz\/wp-json\/wp\/v2\/types\/product"}],"replies":[{"embeddable":true,"href":"https:\/\/fengchashop.com\/cz\/wp-json\/wp\/v2\/comments?post=6472"}],"wp:featuredmedia":[{"embeddable":true,"href":"https:\/\/fengchashop.com\/cz\/wp-json\/wp\/v2\/media\/6473"}],"wp:attachment":[{"href":"https:\/\/fengchashop.com\/cz\/wp-json\/wp\/v2\/media?parent=6472"}],"wp:term":[{"taxonomy":"product_brand","embeddable":true,"href":"https:\/\/fengchashop.com\/cz\/wp-json\/wp\/v2\/product_brand?post=6472"},{"taxonomy":"product_cat","embeddable":true,"href":"https:\/\/fengchashop.com\/cz\/wp-json\/wp\/v2\/product_cat?post=6472"},{"taxonomy":"product_tag","embeddable":true,"href":"https:\/\/fengchashop.com\/cz\/wp-json\/wp\/v2\/product_tag?post=6472"}],"curies":[{"name":"wp","href":"https:\/\/api.w.org\/{rel}","templated":true}]}}