{"id":6465,"date":"2022-05-23T16:14:27","date_gmt":"2022-05-23T14:14:27","guid":{"rendered":"https:\/\/fengchashop.com\/cz\/product\/grsko-seno-fenugreek-bio-500-g\/"},"modified":"2026-05-05T10:54:55","modified_gmt":"2026-05-05T08:54:55","slug":"grsko-seno-fenugreek-bio","status":"publish","type":"product","link":"https:\/\/fengchashop.com\/cz\/product\/grsko-seno-fenugreek-bio\/","title":{"rendered":"P\u00edskavice (\u0159eck\u00e9 seno) BIO 500 g"},"content":{"rendered":"<h2 class=\"product_title\"><span style=\"color: #000000\">P\u00edskavice (\u0159eck\u00e9 seno) BIO<\/span><\/h2>\n<p><span style=\"color: #000000\">Senovka \u0159eck\u00e1 je jednolet\u00e1 rostlina, kter\u00e1 dor\u016fst\u00e1 asi p\u016fl metru do v\u00fd\u0161ky. Semena, kter\u00e1 se pou\u017e\u00edvaj\u00ed jako ko\u0159en\u00ed, se nach\u00e1zej\u00ed v lusc\u00edch zm\u00edn\u011bn\u00e9 rostliny. \u0158\u00edk\u00e1 se mu tak\u00e9 triplat nebo \u0161avle triplat a z angli\u010dtiny tak\u00e9 p\u00edskavice \u0159eck\u00e9 seno.<\/span><\/p>\n<p><span style=\"color: #000000\">\u0158eck\u00e9 seno je bohat\u00e9 na b\u00edlkoviny, vitam\u00edny (zejm\u00e9na vitam\u00edn D) a miner\u00e1ln\u00ed l\u00e1tky, stejn\u011b jako na fenolick\u00e9 a flavonoidn\u00ed slou\u010deniny. M\u00e1 ostrou chu\u0165 a siln\u00e9 aroma. Je pova\u017eov\u00e1na za jednu z nejstar\u0161\u00edch rostlin pou\u017e\u00edvan\u00fdch v l\u00e9ka\u0159stv\u00ed a v kuchyni. Tradi\u010dn\u011b se triplat pou\u017e\u00edv\u00e1 k l\u00e9\u010db\u011b cukrovky, cholesterolu, chudokrevnosti, ale i b\u0159i\u0161n\u00edch a tr\u00e1vic\u00edch poruch a chronick\u00e9ho ka\u0161le. Pou\u017e\u00edv\u00e1 se v tradi\u010dn\u00ed \u010d\u00ednsk\u00e9 medic\u00edn\u011b a \u00e1jurv\u00e9d\u011b. Triplat m\u011bl tak\u00e9 pozitivn\u00ed vliv na tvorbu ml\u00e9ka b\u011bhem kojen\u00ed.<\/span><\/p>\n<p><span style=\"color: #000000\">Nej\u010dast\u011bji se za\u0159azuje do jihoasijsk\u00e9 a egyptsk\u00e9 kuchyn\u011b.<\/span><\/p>\n<p><span style=\"color: #000000\">Chu\u0165 sem\u00ednek je sladk\u00e1 a p\u0159ipom\u00edn\u00e1 o\u0159\u00ed\u0161ky.<\/span><\/p>\n<p><span style=\"color: #000000\">Na\u0161e \u0159eck\u00e9 seno je z ekologick\u00e9 produkce.<\/span><\/p>\n<h2><span style=\"color: #000000\">Skladov\u00e1n\u00ed<\/span><\/h2>\n<p style=\"text-align: justify\"><span style=\"color: #000000\">Skladujte na such\u00e9m, tmav\u00e9m a chladn\u00e9m m\u00edst\u011b. Ujist\u011bte se, \u017ee s\u00e1\u010dek nebo krabice jsou dob\u0159e uzav\u0159en\u00e9.<\/span><\/p>\n<h2><span style=\"color: #000000\">Balen\u00ed<\/span><\/h2>\n<p><span style=\"color: #000000\">Neprody\u0161n\u00fd uzav\u00edrateln\u00fd s\u00e1\u010dek, ve kter\u00e9m si v\u00fdrobek zachov\u00e1v\u00e1 ve\u0161kerou \u010derstvost a v\u016fni. Obal chr\u00e1n\u00ed p\u0159ed sv\u011btlem a vzduchem, proto\u017ee se skl\u00e1d\u00e1 z n\u011bkolika ochrann\u00fdch vrstev, kter\u00e9 zachov\u00e1vaj\u00ed vlastnosti obsahu.<\/span><br \/>\n<span style=\"color: #000000\">Obal je velmi praktick\u00fd a recyklovateln\u00fd.<\/span><\/p>\n<h2><span style=\"color: #000000\">P\u016fvod<\/span><\/h2>\n<p><span style=\"color: #000000\">Indie a Sr\u00ed Lanka<\/span><\/p>\n","protected":false},"excerpt":{"rendered":"<p>\u0158eck\u00e9 seno je bohat\u00e9 na b\u00edlkoviny, vitam\u00edny (zejm\u00e9na vitam\u00edn D) a miner\u00e1ln\u00ed l\u00e1tky, stejn\u011b jako na fenolick\u00e9 a flavonoidn\u00ed slou\u010deniny. M\u00e1 ostrou chu\u0165 a siln\u00e9 aroma. Je pova\u017eov\u00e1na za jednu z nejstar\u0161\u00edch rostlin pou\u017e\u00edvan\u00fdch v l\u00e9ka\u0159stv\u00ed a v kuchyni. Tradi\u010dn\u011b se triplat pou\u017e\u00edv\u00e1 k l\u00e9\u010db\u011b cukrovky, cholesterolu, chudokrevnosti, ale i b\u0159i\u0161n\u00edch a tr\u00e1vic\u00edch poruch a chronick\u00e9ho ka\u0161le. Pou\u017e\u00edv\u00e1 se v tradi\u010dn\u00ed \u010d\u00ednsk\u00e9 medic\u00edn\u011b a \u00e1jurv\u00e9d\u011b.<\/p>\n<p>\ud83d\udc9a Upravuje cholesterol.<br \/>\n\ud83d\udc9a Pozitivn\u011b ovliv\u0148uje tvorbu ml\u00e9ka p\u0159i kojen\u00ed.<br \/>\n\ud83d\udc9a Sni\u017euje hladinu cukru v krvi.<br \/>\n\ud83d\udc9a Zlep\u0161uje tr\u00e1ven\u00ed.<\/p>\n","protected":false},"featured_media":6466,"comment_status":"open","ping_status":"closed","template":"","meta":{"_acf_changed":false},"product_brand":[],"product_cat":[15,205,226,227],"product_tag":[],"class_list":{"0":"post-6465","1":"product","2":"type-product","3":"status-publish","4":"has-post-thumbnail","6":"product_cat-uncategorized","7":"product_cat-caj-jidlo-koreni","8":"product_cat-nabidka","9":"product_cat-vsechny-produkty","11":"first","12":"instock","13":"taxable","14":"shipping-taxable","15":"purchasable","16":"product-type-simple"},"acf":[],"_links":{"self":[{"href":"https:\/\/fengchashop.com\/cz\/wp-json\/wp\/v2\/product\/6465","targetHints":{"allow":["GET"]}}],"collection":[{"href":"https:\/\/fengchashop.com\/cz\/wp-json\/wp\/v2\/product"}],"about":[{"href":"https:\/\/fengchashop.com\/cz\/wp-json\/wp\/v2\/types\/product"}],"replies":[{"embeddable":true,"href":"https:\/\/fengchashop.com\/cz\/wp-json\/wp\/v2\/comments?post=6465"}],"wp:featuredmedia":[{"embeddable":true,"href":"https:\/\/fengchashop.com\/cz\/wp-json\/wp\/v2\/media\/6466"}],"wp:attachment":[{"href":"https:\/\/fengchashop.com\/cz\/wp-json\/wp\/v2\/media?parent=6465"}],"wp:term":[{"taxonomy":"product_brand","embeddable":true,"href":"https:\/\/fengchashop.com\/cz\/wp-json\/wp\/v2\/product_brand?post=6465"},{"taxonomy":"product_cat","embeddable":true,"href":"https:\/\/fengchashop.com\/cz\/wp-json\/wp\/v2\/product_cat?post=6465"},{"taxonomy":"product_tag","embeddable":true,"href":"https:\/\/fengchashop.com\/cz\/wp-json\/wp\/v2\/product_tag?post=6465"}],"curies":[{"name":"wp","href":"https:\/\/api.w.org\/{rel}","templated":true}]}}