{"id":6462,"date":"2022-05-23T15:45:25","date_gmt":"2022-05-23T13:45:25","guid":{"rendered":"https:\/\/fengchashop.com\/cz\/product\/cimet-cejlonski-v-prahu-bio-250-g\/"},"modified":"2026-05-16T16:50:33","modified_gmt":"2026-05-16T14:50:33","slug":"cejlonska-skorice-v-prasku","status":"publish","type":"product","link":"https:\/\/fengchashop.com\/cz\/product\/cejlonska-skorice-v-prasku\/","title":{"rendered":"Cejlonsk\u00e1 sko\u0159ice v pr\u00e1\u0161ku BIO 250 g"},"content":{"rendered":"<h2 style=\"text-align: justify\"><span style=\"color: #000000\">Cejlonsk\u00e1 sko\u0159ice v pr\u00e1\u0161ku BIO<\/span><\/h2>\n<p style=\"text-align: justify\"><span style=\"color: #000000\">Domovinou cejlonsk\u00e9 sko\u0159ice je Sr\u00ed Lanka (kdysi naz\u00fdvan\u00e1 Cejlon, podle n\u00ed\u017e sko\u0159ice dostala sv\u00e9 jm\u00e9no). Ve srovn\u00e1n\u00ed s \u010d\u00ednskou sko\u0159ic\u00ed nebo kasi\u00ed, kterou v\u011bt\u0161ina z n\u00e1s zn\u00e1 a je k dost\u00e1n\u00ed ve v\u011bt\u0161in\u011b obchod\u016f, je tato prav\u00e1 sko\u0159ice vz\u00e1cn\u011bj\u0161\u00ed, a tedy mnohem cenn\u011bj\u0161\u00ed. Na Sr\u00ed Lance se vyr\u00e1b\u00ed sko\u0159ice r\u016fzn\u00e9 kvality a na\u0161e vybran\u00e1 cejlonsk\u00e1 sko\u0159ice m\u00e1 rafinovan\u00e9 a jemn\u00e9 aroma. M\u00e1 jemnou sladkou chu\u0165 a pou\u017e\u00edv\u00e1 se jako p\u0159\u00edsada do dezert\u016f, kompot\u016f, pe\u010diva, kol\u00e1\u010d\u016f a su\u0161enek, pun\u010de a sva\u0159en\u00e9ho v\u00edna. Ko\u0159en\u00ed se j\u00edm med, \u010dokol\u00e1da, o\u0159echy, chilli, ml\u00e9\u010dn\u00e9 v\u00fdrobky, brusinky, pe\u010den\u00e1 jablka a ban\u00e1ny. Sko\u0159ici m\u016f\u017eete posypat ovocem (ovocn\u00e9 sal\u00e1ty, du\u0161en\u00e9 ovoce) a cere\u00e1liemi, p\u0159idat ji do jogurtu, r\u00fd\u017eov\u00e9ho ml\u00e9ka, tvarohu a r\u016fzn\u00fdch ml\u00e9\u010dn\u00fdch a ovocn\u00fdch n\u00e1poj\u016f. Hod\u00ed se tak\u00e9 k \u010daji a k\u00e1v\u011b, stejn\u011b jako ke kakau a hork\u00e9 \u010dokol\u00e1d\u011b. Sko\u0159ice je tak\u00e9 nejobl\u00edben\u011bj\u0161\u00edm v\u00e1no\u010dn\u00edm ko\u0159en\u00edm. Ve skute\u010dnosti je sko\u0159ice jedn\u00edm z nejv\u0161estrann\u011bj\u0161\u00edch ko\u0159en\u00ed, kter\u00e9 lze pou\u017e\u00edt v r\u016fzn\u00fdch, n\u011bkdy neobvykl\u00fdch kombinac\u00edch, zejm\u00e9na v orient\u00e1ln\u00ed a mexick\u00e9 kuchyni (nap\u0159\u00edklad v kari). Tradi\u010dn\u011b se pou\u017e\u00edv\u00e1 k vylep\u0161en\u00ed pokrm\u016f.<\/span><\/p>\n<p style=\"text-align: justify\"><span style=\"color: #000000\">Na\u0161e sko\u0159ice je z ekologick\u00e9 produkce.<\/span><\/p>\n<h2><span style=\"color: #000000\">Skladov\u00e1n\u00ed<\/span><\/h2>\n<p style=\"text-align: justify\"><span style=\"color: #000000\">Skladujte na such\u00e9m, tmav\u00e9m a chladn\u00e9m m\u00edst\u011b. Ujist\u011bte se, \u017ee je s\u00e1\u010dek dob\u0159e ut\u011bsn\u011bn.<\/span><\/p>\n<h2><span style=\"color: #000000\">Balen\u00ed<\/span><\/h2>\n<p><span style=\"color: #000000\">Vzduchot\u011bsn\u00fd s\u00e1\u010dek se zipem, kde si produkt zachov\u00e1 ve\u0161kerou \u010derstvost a aroma. Obal chr\u00e1n\u00ed p\u0159ed sv\u011btlem a vzduchem, proto\u017ee se skl\u00e1d\u00e1 z n\u011bkolika vrstev ochrany, kter\u00e9 zachov\u00e1vaj\u00ed vlastnosti obsahu.<\/span><\/p>\n<p><span style=\"color: #000000\">Obal je velmi praktick\u00fd a umo\u017e\u0148uje recyklaci.<\/span><\/p>\n<h2><span style=\"color: #000000\">P\u016fvod<\/span><\/h2>\n<p><span style=\"color: #000000\">Sr\u00ed Lanka<\/span><\/p>\n","protected":false},"excerpt":{"rendered":"<p>Sko\u0159ici lze kombinovat s vanilkou, koriandrem a mu\u0161k\u00e1tov\u00fdm o\u0159\u00ed\u0161kem a obzvl\u00e1\u0161t\u011b chutn\u00e1 a pro na\u0161e zdrav\u00ed prosp\u011b\u0161n\u00e1 ve spojen\u00ed s h\u0159eb\u00ed\u010dkem nebo kurkumou. Uplatn\u011bn\u00ed najde i v dom\u00e1c\u00ed kosmetice a jako dopln\u011bk stravy, proto\u017ee obsahuje mnoho d\u016fle\u017eit\u00fdch a pro \u010dlov\u011bka u\u017eite\u010dn\u00fdch slo\u017eek, pou\u017e\u00edv\u00e1 se tak\u00e9 v aromaterapii a k \u200b\u200bprovon\u011bn\u00ed m\u00edstnost\u00ed. Vzhledem k tomu, \u017ee cejlonsk\u00e1 sko\u0159ice obsahuje nejm\u00e9n\u011b kumarinu, kter\u00fd m\u00e1 pr\u00fd \u0161patn\u00fd vliv na na\u0161e j\u00e1tra a \u0159ed\u00ed krev, je mnohem vhodn\u011bj\u0161\u00ed pro pravidelnou konzumaci.<\/p>\n<p>\ud83d\udc9a Siln\u00fd antioxidant<br \/>\n\ud83d\udc9a M\u00e1 antimykotick\u00e9 a antimikrobi\u00e1ln\u00ed vlastnosti.<br \/>\n\ud83d\udc9a Regulace hladiny cukru v krvi.<br \/>\n\ud83d\udc9a Z ekologick\u00e9 produkce.<\/p>\n<p>&nbsp;<\/p>\n","protected":false},"featured_media":6463,"comment_status":"open","ping_status":"closed","template":"","meta":{"_acf_changed":false},"product_brand":[],"product_cat":[15,205,243,226,227],"product_tag":[],"class_list":{"0":"post-6462","1":"product","2":"type-product","3":"status-publish","4":"has-post-thumbnail","6":"product_cat-uncategorized","7":"product_cat-caj-jidlo-koreni","8":"product_cat-dobre-nabidky","9":"product_cat-nabidka","10":"product_cat-vsechny-produkty","12":"first","13":"instock","14":"sale","15":"taxable","16":"shipping-taxable","17":"purchasable","18":"product-type-simple"},"acf":[],"_links":{"self":[{"href":"https:\/\/fengchashop.com\/cz\/wp-json\/wp\/v2\/product\/6462","targetHints":{"allow":["GET"]}}],"collection":[{"href":"https:\/\/fengchashop.com\/cz\/wp-json\/wp\/v2\/product"}],"about":[{"href":"https:\/\/fengchashop.com\/cz\/wp-json\/wp\/v2\/types\/product"}],"replies":[{"embeddable":true,"href":"https:\/\/fengchashop.com\/cz\/wp-json\/wp\/v2\/comments?post=6462"}],"wp:featuredmedia":[{"embeddable":true,"href":"https:\/\/fengchashop.com\/cz\/wp-json\/wp\/v2\/media\/6463"}],"wp:attachment":[{"href":"https:\/\/fengchashop.com\/cz\/wp-json\/wp\/v2\/media?parent=6462"}],"wp:term":[{"taxonomy":"product_brand","embeddable":true,"href":"https:\/\/fengchashop.com\/cz\/wp-json\/wp\/v2\/product_brand?post=6462"},{"taxonomy":"product_cat","embeddable":true,"href":"https:\/\/fengchashop.com\/cz\/wp-json\/wp\/v2\/product_cat?post=6462"},{"taxonomy":"product_tag","embeddable":true,"href":"https:\/\/fengchashop.com\/cz\/wp-json\/wp\/v2\/product_tag?post=6462"}],"curies":[{"name":"wp","href":"https:\/\/api.w.org\/{rel}","templated":true}]}}