{"id":6459,"date":"2022-05-23T15:20:59","date_gmt":"2022-05-23T13:20:59","guid":{"rendered":"https:\/\/fengchashop.com\/cz\/product\/ingver-v-prahu-bio-250-g\/"},"modified":"2026-05-05T18:29:23","modified_gmt":"2026-05-05T16:29:23","slug":"ingver-v-prahu-bio","status":"publish","type":"product","link":"https:\/\/fengchashop.com\/cz\/product\/ingver-v-prahu-bio\/","title":{"rendered":"Z\u00e1zvor v pr\u00e1\u0161ku BIO 250 g"},"content":{"rendered":"<h2 style=\"text-align: justify\"><span style=\"color: #000000\">Z\u00e1zvor v pr\u00e1\u0161ku BIO<\/span><\/h2>\n<p style=\"text-align: justify\"><span style=\"color: #000000\">Z\u00e1zvor je rostlina poch\u00e1zej\u00edc\u00ed z Asie. \u010c\u00e1st, kterou pou\u017e\u00edv\u00e1me ke konzumaci, je vlastn\u011b podzemn\u00ed ztlu\u0161t\u011bl\u00e1 na\u0165 resp oddenek. K l\u00e9\u010debn\u00fdm a nutri\u010dn\u00edm \u00fa\u010del\u016fm se pou\u017e\u00edv\u00e1 po tis\u00edce let a jeho \u00fa\u010dinnost nep\u0159est\u00e1v\u00e1 p\u0159ekvapovat i dnes. Z\u00e1zvor se tradi\u010dn\u011b pou\u017e\u00edv\u00e1 v l\u00e9ka\u0159stv\u00ed k l\u00e9\u010db\u011b artritidy \u2013 z\u00e1n\u011btu kloub\u016f. Z\u00e1zvor obsahuje spoustu antioxidant\u016f, miner\u00e1l\u016f a l\u00e1tek, kter\u00e9 p\u016fsob\u00ed na n\u00e1\u0161 organismus proti z\u00e1n\u011bt\u016fm, proto se zejm\u00e9na v kombinaci s citronem a medem nej\u010dast\u011bji pou\u017e\u00edv\u00e1 v obdob\u00ed ch\u0159ipek, ang\u00edn a nachlazen\u00ed, jeliko\u017e m\u00e1 tzv. p\u0159\u00edzniv\u011b p\u016fsob\u00ed na v\u0161echny p\u0159\u00edznaky t\u011bchto onemocn\u011bn\u00ed. Je dobr\u00fd i v boji proti nevolnosti, jeliko\u017e uklid\u0148uje podr\u00e1\u017ed\u011bn\u00fd \u017ealudek a ulevuje od bolesti, vlastn\u011b velmi p\u0159\u00edjemn\u011b proh\u0159\u00edv\u00e1 \u017ealudek i t\u011blo. Su\u0161en\u00fd z\u00e1zvorov\u00fd pr\u00e1\u0161ek m\u00e1 plnou a aromatickou chu\u0165, trochu p\u0159ipom\u00ednaj\u00edc\u00ed citron a m\u00e1 v\u00fdraznou ko\u0159enitou n\u00f3tu. Su\u0161en\u00fd z\u00e1zvor je oproti \u010derstv\u00e9mu \u200b\u200baromati\u010dt\u011bj\u0161\u00ed a p\u00e1liv\u00fd, proto si mus\u00edme d\u00e1vat pozor na d\u00e1vkov\u00e1n\u00ed.<\/span><\/p>\n<p><span style=\"color: #000000\">Pou\u017e\u00edv\u00e1me ho pro:<\/span><\/p>\n<p><span style=\"color: #000000\">\ud83d\udc9a zlep\u0161en\u00ed chuti j\u00eddla a n\u00e1poj\u016f;<\/span><br \/>\n<span style=\"color: #000000\">\ud83d\udc9a zm\u00edrn\u011bn\u00ed nevolnosti a zvracen\u00ed, plynatosti a poruch tr\u00e1ven\u00ed;<\/span><br \/>\n<span style=\"color: #000000\">\ud83d\udc9a pos\u00edlen\u00ed imunitn\u00edho syst\u00e9mu;<\/span><br \/>\n<span style=\"color: #000000\">\ud83d\udc9a sn\u00ed\u017een\u00ed cholesterolu, krevn\u00edho cukru a krevn\u00edho tlaku;<\/span><br \/>\n<span style=\"color: #000000\">\ud83d\udc9a \u0159ed\u011bn\u00ed krve a prevence ucp\u00e1v\u00e1n\u00ed tepen \u2013 funguje podobn\u011b jako aspirin,<\/span><br \/>\n<span style=\"color: #000000\">\ud83d\udc9a zm\u00edrn\u011bn\u00ed bolest\u00ed sval\u016f a kloub\u016f bez vedlej\u0161\u00edch \u00fa\u010dink\u016f \u2013 tak\u00e9 pro zm\u00edrn\u011bn\u00ed menstrua\u010dn\u00edch bolest\u00ed;<\/span><br \/>\n<span style=\"color: #000000\">\ud83d\udc9a podle v\u00fdsledk\u016f n\u011bkter\u00fdch v\u00fdzkum\u016f pr\u00fd p\u016fsob\u00ed i protirakovinn\u011b;<\/span><br \/>\n<span style=\"color: #000000\">\ud83d\udc9a pomoci p\u0159i hubnut\u00ed, nebo\u0165 podle v\u00fdsledk\u016f v\u00fdzkumu by m\u011bl regulovat hladinu leptinu, kter\u00fd je zodpov\u011bdn\u00fd za pocit sytosti.<\/span><\/p>\n<p><span style=\"color: #000000\">N\u00e1\u0161 mlet\u00fd z\u00e1zvor je p\u011bstov\u00e1n ekologicky.<\/span><\/p>\n<h2><span style=\"color: #000000\">Skladov\u00e1n\u00ed<\/span><\/h2>\n<p><span style=\"color: #000000\">Skladujte na such\u00e9m, tmav\u00e9m a chladn\u00e9m m\u00edst\u011b. Ujist\u011bte se, \u017ee je s\u00e1\u010dek dob\u0159e ut\u011bsn\u011bn.<\/span><\/p>\n<h2><span style=\"color: #000000\">Balen\u00ed<\/span><\/h2>\n<p><span style=\"color: #000000\">Vzduchot\u011bsn\u00fd s\u00e1\u010dek se zipem, kde si produkt zachov\u00e1 ve\u0161kerou \u010derstvost a aroma. Obal chr\u00e1n\u00ed p\u0159ed sv\u011btlem a vzduchem, proto\u017ee se skl\u00e1d\u00e1 z n\u011bkolika vrstev ochrany, kter\u00e9 zachov\u00e1vaj\u00ed vlastnosti obsahu.<\/span><\/p>\n<p><span style=\"color: #000000\">Obal je velmi praktick\u00fd a umo\u017e\u0148uje recyklaci.<\/span><\/p>\n<h2><span style=\"color: #000000\">P\u016fvod<\/span><\/h2>\n<p><span style=\"color: #000000\">Peru<\/span><\/p>\n","protected":false},"excerpt":{"rendered":"<p>K l\u00e9\u010debn\u00fdm a nutri\u010dn\u00edm \u00fa\u010del\u016fm se pou\u017e\u00edv\u00e1 po tis\u00edce let a jeho \u00fa\u010dinnost nep\u0159est\u00e1v\u00e1 p\u0159ekvapovat i dnes. Z\u00e1zvor se tradi\u010dn\u011b pou\u017e\u00edv\u00e1 v l\u00e9ka\u0159stv\u00ed k l\u00e9\u010db\u011b artritidy \u2013 z\u00e1n\u011btu kloub\u016f. Z\u00e1zvor obsahuje spoustu antioxidant\u016f, miner\u00e1l\u016f a l\u00e1tek, kter\u00e9 p\u016fsob\u00ed na n\u00e1\u0161 organismus proti z\u00e1n\u011bt\u016fm, proto se zejm\u00e9na v kombinaci s citronem a medem nej\u010dast\u011bji pou\u017e\u00edv\u00e1 v obdob\u00ed ch\u0159ipek, ang\u00edn a nachlazen\u00ed, jeliko\u017e m\u00e1 tzv. p\u0159\u00edzniv\u011b p\u016fsob\u00ed na v\u0161echny p\u0159\u00edznaky t\u011bchto onemocn\u011bn\u00ed. Je dobr\u00fd i v boji proti nevolnosti, jeliko\u017e uklid\u0148uje podr\u00e1\u017ed\u011bn\u00fd \u017ealudek a ulevuje od bolesti, vlastn\u011b velmi p\u0159\u00edjemn\u011b proh\u0159\u00edv\u00e1 \u017ealudek i t\u011blo.<\/p>\n<p>\ud83d\udc9a M\u00e1 protiz\u00e1n\u011btliv\u00fd \u00fa\u010dinek.<br \/>\n\ud83d\udc9a Posiluje imunitn\u00ed syst\u00e9m.<br \/>\n\ud83d\udc9a Obsahuje mnoho antioxidant\u016f.<br \/>\n\ud83d\udc9a Zm\u00edr\u0148uje menstrua\u010dn\u00ed pot\u00ed\u017ee.<\/p>\n<p>&nbsp;<\/p>\n","protected":false},"featured_media":6460,"comment_status":"open","ping_status":"closed","template":"","meta":{"_acf_changed":false},"product_brand":[],"product_cat":[15,205,226,227],"product_tag":[],"class_list":{"0":"post-6459","1":"product","2":"type-product","3":"status-publish","4":"has-post-thumbnail","6":"product_cat-uncategorized","7":"product_cat-caj-jidlo-koreni","8":"product_cat-nabidka","9":"product_cat-vsechny-produkty","11":"first","12":"instock","13":"sale","14":"taxable","15":"shipping-taxable","16":"purchasable","17":"product-type-simple"},"acf":[],"_links":{"self":[{"href":"https:\/\/fengchashop.com\/cz\/wp-json\/wp\/v2\/product\/6459","targetHints":{"allow":["GET"]}}],"collection":[{"href":"https:\/\/fengchashop.com\/cz\/wp-json\/wp\/v2\/product"}],"about":[{"href":"https:\/\/fengchashop.com\/cz\/wp-json\/wp\/v2\/types\/product"}],"replies":[{"embeddable":true,"href":"https:\/\/fengchashop.com\/cz\/wp-json\/wp\/v2\/comments?post=6459"}],"wp:featuredmedia":[{"embeddable":true,"href":"https:\/\/fengchashop.com\/cz\/wp-json\/wp\/v2\/media\/6460"}],"wp:attachment":[{"href":"https:\/\/fengchashop.com\/cz\/wp-json\/wp\/v2\/media?parent=6459"}],"wp:term":[{"taxonomy":"product_brand","embeddable":true,"href":"https:\/\/fengchashop.com\/cz\/wp-json\/wp\/v2\/product_brand?post=6459"},{"taxonomy":"product_cat","embeddable":true,"href":"https:\/\/fengchashop.com\/cz\/wp-json\/wp\/v2\/product_cat?post=6459"},{"taxonomy":"product_tag","embeddable":true,"href":"https:\/\/fengchashop.com\/cz\/wp-json\/wp\/v2\/product_tag?post=6459"}],"curies":[{"name":"wp","href":"https:\/\/api.w.org\/{rel}","templated":true}]}}