{"id":6377,"date":"2022-05-21T06:15:13","date_gmt":"2022-05-21T04:15:13","guid":{"rendered":"https:\/\/fengchashop.com\/cz\/product\/rooibos-bio-100-g\/"},"modified":"2026-05-05T00:12:51","modified_gmt":"2026-05-04T22:12:51","slug":"rooibos-bio","status":"publish","type":"product","link":"https:\/\/fengchashop.com\/cz\/product\/rooibos-bio\/","title":{"rendered":"Rooibos BIO 200 g"},"content":{"rendered":"<h2><span style=\"color: #000000\">Rooibos BIO<\/span><\/h2>\n<p><span style=\"color: #000000\">Rooibos je bylinn\u00fd ke\u0159, kter\u00e9mu se da\u0159\u00ed v Jihoafrick\u00e9 republice. M\u00edstn\u00ed mu \u0159\u00edkaj\u00ed \u010derven\u00fd ke\u0159. Sb\u00edraj\u00ed se let\u00e1ky s v\u011btvi\u010dkami a su\u0161\u00ed se na slunci. Prob\u00edh\u00e1 zde fermentace, kdy se zelen\u00e9 listy zbarvuj\u00ed do \u010dervena. \u010caj neobsahuje kofein a lze jej p\u00edt i ve\u010der.<\/span><\/p>\n<p><span style=\"color: #000000\">Jde o mimo\u0159\u00e1dn\u011b obl\u00edben\u00fd n\u00e1poj po cel\u00e9m sv\u011bt\u011b, nebo\u0165 zaujme svou p\u0159irozenou sladkou chut\u00ed a mnoha blahod\u00e1rn\u00fdmi \u00fa\u010dinky. \u010caj rooibos obsahuje spoustu antioxidant\u016f, miner\u00e1l\u016f a miner\u00e1l\u016f. N\u00e1\u0161 \u010daj rooibos poch\u00e1z\u00ed z ekologick\u00e9ho p\u011bstov\u00e1n\u00ed.<\/span><\/p>\n<h2><span style=\"color: #000000\">Skladov\u00e1n\u00ed<\/span><\/h2>\n<p><span style=\"color: #000000\">Rooibos by se m\u011bl skladovat na such\u00e9m, tmav\u00e9m a chladn\u00e9m m\u00edst\u011b.\u00a0<\/span><\/p>\n<h2><span style=\"color: #000000\">Balen\u00ed<\/span><\/h2>\n<p><span style=\"color: #000000\">V nepropustn\u00e9m s\u00e1\u010dku na zip, kde si v\u00fdrobek zachov\u00e1 ve\u0161kerou \u010derstvost a aroma. Obal chr\u00e1n\u00ed p\u0159ed sv\u011btlem a vzduchem, proto\u017ee je slo\u017een z n\u011bkolika ochrann\u00fdch vrstev, kter\u00e9 zachov\u00e1vaj\u00ed vlastnosti obsahu.<\/span><\/p>\n<p><span style=\"color: #000000\">Obal je velmi praktick\u00fd a recyklovateln\u00fd.<\/span><\/p>\n<h2><span style=\"color: #000000\">P\u016fvod<\/span><\/h2>\n<p><span style=\"color: #000000\">Jihoafrick\u00e1 republika<\/span><\/p>\n","protected":false},"excerpt":{"rendered":"<p>Rooibos je mimo\u0159\u00e1dn\u011b obl\u00edben\u00fd n\u00e1poj po cel\u00e9m sv\u011bt\u011b, nebo\u0165 zaujme svou p\u0159irozenou sladkou chut\u00ed a mnoha blahod\u00e1rn\u00fdmi \u00fa\u010dinky.<\/p>\n<p>\ud83d\udc9a Obsahuje mnoho antioxidant\u016f, miner\u00e1l\u016f a stopov\u00fdch prvk\u016f.<br \/>\n\ud83d\udc9a \u010caj z ekologick\u00e9 produkce.<\/p>\n<p>&nbsp;<\/p>\n","protected":false},"featured_media":6378,"comment_status":"open","ping_status":"closed","template":"","meta":{"_acf_changed":false},"product_brand":[],"product_cat":[15,239,205,226,227],"product_tag":[],"class_list":{"0":"post-6377","1":"product","2":"type-product","3":"status-publish","4":"has-post-thumbnail","6":"product_cat-uncategorized","7":"product_cat-caj","8":"product_cat-caj-jidlo-koreni","9":"product_cat-nabidka","10":"product_cat-vsechny-produkty","12":"first","13":"instock","14":"sale","15":"taxable","16":"shipping-taxable","17":"purchasable","18":"product-type-simple"},"acf":[],"_links":{"self":[{"href":"https:\/\/fengchashop.com\/cz\/wp-json\/wp\/v2\/product\/6377","targetHints":{"allow":["GET"]}}],"collection":[{"href":"https:\/\/fengchashop.com\/cz\/wp-json\/wp\/v2\/product"}],"about":[{"href":"https:\/\/fengchashop.com\/cz\/wp-json\/wp\/v2\/types\/product"}],"replies":[{"embeddable":true,"href":"https:\/\/fengchashop.com\/cz\/wp-json\/wp\/v2\/comments?post=6377"}],"wp:featuredmedia":[{"embeddable":true,"href":"https:\/\/fengchashop.com\/cz\/wp-json\/wp\/v2\/media\/6378"}],"wp:attachment":[{"href":"https:\/\/fengchashop.com\/cz\/wp-json\/wp\/v2\/media?parent=6377"}],"wp:term":[{"taxonomy":"product_brand","embeddable":true,"href":"https:\/\/fengchashop.com\/cz\/wp-json\/wp\/v2\/product_brand?post=6377"},{"taxonomy":"product_cat","embeddable":true,"href":"https:\/\/fengchashop.com\/cz\/wp-json\/wp\/v2\/product_cat?post=6377"},{"taxonomy":"product_tag","embeddable":true,"href":"https:\/\/fengchashop.com\/cz\/wp-json\/wp\/v2\/product_tag?post=6377"}],"curies":[{"name":"wp","href":"https:\/\/api.w.org\/{rel}","templated":true}]}}