{"id":6353,"date":"2022-05-20T18:28:31","date_gmt":"2022-05-20T16:28:31","guid":{"rendered":"https:\/\/fengchashop.com\/cz\/product\/lugoluv-roztok-50-ml\/"},"modified":"2026-05-12T19:52:48","modified_gmt":"2026-05-12T17:52:48","slug":"lugoluv-roztok","status":"publish","type":"product","link":"https:\/\/fengchashop.com\/cz\/product\/lugoluv-roztok\/","title":{"rendered":"Lugol\u016fv roztok 50 ml"},"content":{"rendered":"<h2><span style=\"color: #000000\">Lugol\u016fv roztok 50 ml &#8211; (velmi kvalitn\u00ed jodov\u00e9 kapky &#8211; 5%)<\/span><\/h2>\n<p><span style=\"color: #000000\">J\u00f3d (I) a jodid draseln\u00fd (KI) se spoj\u00ed s destilovanou vodou za vzniku Lugolova roztoku, b\u011b\u017en\u011b zn\u00e1m\u00e9ho jako Lugol\u016fv j\u00f3d. Jean Francois Coindet (1774-1834) byl prvn\u00ed, kdo pou\u017e\u00edval j\u00f3d k l\u00e9\u010debn\u00fdm \u00fa\u010del\u016fm.<\/span><\/p>\n<p><span style=\"color: #000000\">Francouzsk\u00fd l\u00e9ka\u0159 Jean Guillaume Auguste Lugol poprv\u00e9 vyvinul Lugol\u016fv roztok v roce 1829. Dr. Lugol objevil, \u017ee jodid draseln\u00fd zvy\u0161uje rozpustnost j\u00f3du ve vod\u011b. Lugol\u016fv roztok je sm\u011bs j\u00f3du a jodidu draseln\u00e9ho v pom\u011bru 1:2. Tak\u00e9 dr. Lugol objevil, \u017ee j\u00f3d je chemick\u00e1 l\u00e1tka, kter\u00e1 m\u016f\u017ee b\u00fdt pou\u017eita a je slibn\u00e1 p\u0159i l\u00e9\u010db\u011b infekc\u00ed. Lugol\u016fv roztok se \u0159adu let kombinuje s jin\u00fdmi l\u00e1tkami a pou\u017e\u00edv\u00e1 se jako surovina pro r\u016fzn\u00e9 v\u011bci.<\/span><\/p>\n<h2><span style=\"color: #000000\">Jak\u00fd v\u00fdznam m\u00e1 j\u00f3d pro zdrav\u00ed?<\/span><\/h2>\n<p><span style=\"color: #000000\">J\u00f3d je miner\u00e1l, kter\u00fd pot\u0159ebuj\u00ed v\u0161ichni savci k p\u0159e\u017eit\u00ed. Je tak\u00e9 d\u016fle\u017eitou sou\u010d\u00e1st\u00ed hormon\u016f \u0161t\u00edtn\u00e9 \u017el\u00e1zy, kter\u00e9 ovliv\u0148uj\u00ed metabolismus, r\u016fst a v\u00fdvoj. J\u00f3d je tak\u00e9 z\u00e1sadn\u00ed pro v\u00fdvoj mozku, zejm\u00e9na v t\u011bhotenstv\u00ed a v ran\u00e9m d\u011btstv\u00ed. \u0158\u00edd\u00ed mnoho d\u016fle\u017eit\u00fdch biochemick\u00fdch proces\u016f, v\u010detn\u011b synt\u00e9zy b\u00edlkovin a aktivity enzym\u016f, kter\u00e9 jsou nezbytn\u00e9 pro metabolismus a spr\u00e1vn\u00fd r\u016fst kost\u00ed a nervov\u00e9ho syst\u00e9mu plodu a d\u00edt\u011bte.<\/span><\/p>\n<p><span style=\"color: #000000\">J\u00f3d je tak\u00e9 kl\u00ed\u010dov\u00fd pro udr\u017een\u00ed zdrav\u00e9 poko\u017eky, vlas\u016f a neht\u016f, d\u00e1le pro spr\u00e1vnou \u010dinnost \u0161t\u00edtn\u00e9 \u017el\u00e1zy a uvol\u0148ov\u00e1n\u00ed energie p\u0159i l\u00e1tkov\u00e9 v\u00fdm\u011bn\u011b a m\u00e1 i kognitivn\u00ed funkci. Antivirov\u00e9, antibakteri\u00e1ln\u00ed, antiparazit\u00e1rn\u00ed a protirakovinn\u00e9 \u00fa\u010dinky nezbytn\u00e9 pro j\u00f3d.<\/span><\/p>\n<p><span style=\"color: #000000\">Lugol\u016fv roztok je tak\u00e9 nezbytn\u00fd pro zdrav\u00ed a hydrataci o\u010d\u00ed.<\/span><\/p>\n<p><span style=\"color: #000000\">J\u00f3d je bezpochyby tak\u00e9 nejzn\u00e1m\u011bj\u0161\u00ed jako dezinfek\u010dn\u00ed resp antiseptick\u00fd.<\/span><\/p>\n<h2><span style=\"color: #000000\">Komu Lugol\u016fv roztok doporu\u010dujeme a pro\u010d jej pou\u017e\u00edv\u00e1me?<\/span><\/h2>\n<p><span style=\"color: #000000\">Ka\u017ed\u00e1 lidsk\u00e1 tk\u00e1\u0148 a org\u00e1n obsahuje stopy prvku j\u00f3du. J\u00f3d je nejv\u00edce zastoupen ve \u0161t\u00edtn\u00e9 \u017el\u00e1ze, velk\u00fdch slinn\u00fdch \u017el\u00e1z\u00e1ch, slinivce, slzn\u00fdch \u017el\u00e1z\u00e1ch, reproduk\u010dn\u00edch tk\u00e1n\u00edch, jako jsou prsa, vaje\u010dn\u00edky a prostata, d\u00e1le v \u017ealude\u010dn\u00ed sliznici, mozkom\u00ed\u0161n\u00edm moku a lidsk\u00e9 k\u016f\u017ei.<\/span><\/p>\n<p><span style=\"color: #000000\">Je rozhoduj\u00edc\u00ed pro tvorbu hormon\u016f \u0161t\u00edtn\u00e9 \u017el\u00e1zy a regulaci metabolismu, co\u017e ovliv\u0148uje hladinu energie a du\u0161evn\u00ed jasnost. \u00da\u010dinky nedostatku j\u00f3du zp\u016fsobuj\u00ed:<\/span><\/p>\n<p><span style=\"color: #000000\">&#8211; n\u00edzk\u00e1 energetick\u00e1 hladina,<\/span><br \/>\n<span style=\"color: #000000\">&#8211; p\u0159ib\u00fdv\u00e1n\u00ed na v\u00e1ze,<\/span><br \/>\n<span style=\"color: #000000\">&#8211; ple\u0161atost a<\/span><br \/>\n<span style=\"color: #000000\">&#8211; vy\u0161\u0161\u00ed riziko rakoviny.<\/span><\/p>\n<p><span style=\"color: #000000\">J\u00f3d tak\u00e9 pom\u00e1h\u00e1 t\u011blu odstra\u0148ovat olovo a rtu\u0165 a chr\u00e1n\u00ed p\u0159ed b\u011b\u017en\u00fdmi toxiny, jako je brom, fluor a chl\u00f3r.<\/span><\/p>\n<p><span style=\"color: #000000\"><strong>P\u0159\u00edznaky nedostatku j\u00f3du jsou:<\/strong><\/span><\/p>\n<p><span style=\"color: #000000\">&#8211; svalov\u00e9 k\u0159e\u010de,<\/span><br \/>\n<span style=\"color: #000000\">&#8211; zv\u00fd\u0161en\u00e9 riziko obezity,<\/span><br \/>\n<span style=\"color: #000000\">&#8211; Deprese,<\/span><br \/>\n<span style=\"color: #000000\">&#8211; ztr\u00e1ta pam\u011bti,<\/span><br \/>\n<span style=\"color: #000000\">&#8211; z\u00e1cpa,<\/span><br \/>\n<span style=\"color: #000000\">&#8211; slabost,<\/span><br \/>\n<span style=\"color: #000000\">&#8211; l\u00e1mav\u00e9 nehty a popraskan\u00e1 k\u016f\u017ee,<\/span><br \/>\n<span style=\"color: #000000\">&#8211; studen\u00e9 nohy a ruce.<\/span><\/p>\n<p><span style=\"color: #000000\"><strong>Spot\u0159eba j\u00f3du m\u016f\u017ee p\u0159edch\u00e1zet a l\u00e9\u010dit:<\/strong><\/span><\/p>\n<p><span style=\"color: #000000\">\ud83d\udc9a probl\u00e9my s prostatou<\/span><br \/>\n<span style=\"color: #000000\">\ud83d\udc9a fibrocystick\u00e1 a dal\u0161\u00ed onemocn\u011bn\u00ed prsu<\/span><br \/>\n<span style=\"color: #000000\">\ud83d\udc9a vagin\u00e1ln\u00ed infekce<\/span><br \/>\n<span style=\"color: #000000\">\ud83d\udc9a probl\u00e9my se \u0161t\u00edtnou \u017el\u00e1zou,<\/span><br \/>\n<span style=\"color: #000000\">\ud83d\udc9a probl\u00e9my s j\u00e1try<\/span><br \/>\n<span style=\"color: #000000\">\ud83d\udc9a nezhoubn\u00e9 n\u00e1dory,<\/span><br \/>\n<span style=\"color: #000000\">\ud83d\udc9a r\u016fst a du\u0161evn\u00ed v\u00fdvoj d\u011bt\u00ed,<\/span><br \/>\n<span style=\"color: #000000\">\ud83d\udc9a bolesti hlavy (v\u010detn\u011b migr\u00e9ny),<\/span><br \/>\n<span style=\"color: #000000\">\ud83d\udc9a ple\u0161atost,<\/span><br \/>\n<span style=\"color: #000000\">\ud83d\udc9a hemoroidy,<\/span><br \/>\n<span style=\"color: #000000\">\ud83d\udc9a hyperaktivita a poruchy pozornosti,<\/span><br \/>\n<span style=\"color: #000000\">\ud83d\udc9a ateroskler\u00f3za,<\/span><br \/>\n<span style=\"color: #000000\">\ud83d\udc9a deprese<\/span><br \/>\n<span style=\"color: #000000\">\ud83d\udc9a \u00fanava,&#8230;<\/span><\/p>\n<h2><span style=\"color: #000000\">Drobnosti<\/span><\/h2>\n<p><span style=\"color: #000000\">V minulosti byl ve Slovinsku zji\u0161t\u011bn z\u00e1va\u017en\u00fd nedostatek j\u00f3du u d\u011bt\u00ed i dosp\u011bl\u00fdch, proto\u017ee v\u011bt\u0161ina j\u00eddel p\u0159irozen\u011b obsahuje pouze skromn\u00e9 \u200b\u200bmno\u017estv\u00ed j\u00f3du.<\/span><\/p>\n<p><span style=\"color: #000000\">Po jadern\u00e9 hav\u00e1rii v \u010cernobylu se Lugol\u016fv roztok pou\u017e\u00edval i k ochran\u011b lid\u00ed p\u0159ed radioaktivn\u00edm z\u00e1\u0159en\u00edm.<\/span><\/p>\n<p><span style=\"color: #000000\">Naj\u00edt j\u00f3d m\u016f\u017ee b\u00fdt obt\u00ed\u017en\u00e9, ale mnoho potravin ho obsahuje v p\u0159irozen\u00e9m mno\u017estv\u00ed. Mimo jin\u00e9 jsou to ryby, vep\u0159ov\u00e9 maso, s\u00fdr, mo\u0159sk\u00e9 \u0159asy nebo mo\u0159sk\u00e1 chaluha.<\/span><\/p>\n<p><span style=\"color: #000000\">Nedostatek j\u00f3du je dnes \u010dast\u00fdm probl\u00e9mem. J\u00f3d se \u010dasto p\u0159id\u00e1val do chleba a pe\u010diva, ale nyn\u00ed se nach\u00e1z\u00ed pouze v n\u011bkolika sal\u00e1tech. J\u00f3d t\u011bk\u00e1 ze soli, co\u017e je m\u00e9n\u011b zn\u00e1m\u00e9, a nen\u00ed jasn\u00e9, jak\u00e9 mno\u017estv\u00ed t\u011bkav\u00e9ho j\u00f3du se do t\u011bla dostane. Obsah j\u00f3du ve strav\u011b je omezen\u00fd kv\u016fli vy\u010derp\u00e1n\u00ed p\u016fdy v d\u016fsledku nadm\u011brn\u00e9ho a nevhodn\u00e9ho vyu\u017e\u00edv\u00e1n\u00ed p\u016fdy.<\/span><\/p>\n<h2><span style=\"color: #000000\">Mno\u017estv\u00ed<\/span><\/h2>\n<p><span style=\"color: #000000\">50 ml<\/span><\/p>\n<h2><span style=\"color: #000000\">Balen\u00ed<\/span><\/h2>\n<p><span style=\"color: #000000\">Ve sklen\u011bn\u00e9m obalu s kap\u00e1tkem pro snadn\u00e9 d\u00e1vkov\u00e1n\u00ed.<\/span><\/p>\n<h2><span style=\"color: #000000\">Upozorn\u011bn\u00ed<\/span><\/h2>\n<p><span style=\"color: #000000\">Uchov\u00e1vejte mimo dosah d\u011bt\u00ed na tmav\u00e9m m\u00edst\u011b.<\/span><\/p>\n<h2><span style=\"color: #000000\">P\u016fvod<\/span><\/h2>\n<p style=\"text-align: justify\"><span style=\"color: #000000\">EU<\/span><\/p>\n","protected":false},"excerpt":{"rendered":"<p>Lugol\u016fv roztok &#8211; 5%. Francouzsk\u00fd l\u00e9ka\u0159 Jean Guillaume Auguste Lugol poprv\u00e9 vyvinul Lugol\u016fv roztok v roce 1829. Dr. Lugol objevil, \u017ee jodid draseln\u00fd zvy\u0161uje rozpustnost j\u00f3du ve vod\u011b. Lugol\u016fv roztok je sm\u011bs j\u00f3du a jodidu draseln\u00e9ho v pom\u011bru 1:2. J\u00f3d je miner\u00e1l, kter\u00fd pot\u0159ebuj\u00ed v\u0161ichni savci k p\u0159e\u017eit\u00ed. Je tak\u00e9 d\u016fle\u017eitou sou\u010d\u00e1st\u00ed hormon\u016f \u0161t\u00edtn\u00e9 \u017el\u00e1zy, kter\u00e9 ovliv\u0148uj\u00ed metabolismus, r\u016fst a v\u00fdvoj.<\/p>\n<p>\ud83d\udc9a P\u0159edch\u00e1z\u00ed a l\u00e9\u010d\u00ed bolesti hlavy (v\u010detn\u011b migr\u00e9ny)<br \/>\n\ud83d\udc9a Chr\u00e1n\u00ed p\u0159ed b\u011b\u017en\u00fdmi toxiny<br \/>\n\ud83d\udc9a Je kl\u00ed\u010dov\u00fd pro tvorbu hormon\u016f \u0161t\u00edtn\u00e9 \u017el\u00e1zy a regulaci metabolismu<br \/>\n\ud83d\udc9a Zabra\u0148uje vy\u0161\u0161\u00edmu riziku rakoviny<\/p>\n","protected":false},"featured_media":6354,"comment_status":"open","ping_status":"closed","template":"","meta":{"_acf_changed":false},"product_brand":[],"product_cat":[15,226,235,208,227],"product_tag":[],"class_list":{"0":"post-6353","1":"product","2":"type-product","3":"status-publish","4":"has-post-thumbnail","6":"product_cat-uncategorized","7":"product_cat-nabidka","8":"product_cat-opet-skladem","9":"product_cat-ostatni","10":"product_cat-vsechny-produkty","12":"first","13":"instock","14":"sale","15":"taxable","16":"shipping-taxable","17":"purchasable","18":"product-type-simple"},"acf":[],"_links":{"self":[{"href":"https:\/\/fengchashop.com\/cz\/wp-json\/wp\/v2\/product\/6353","targetHints":{"allow":["GET"]}}],"collection":[{"href":"https:\/\/fengchashop.com\/cz\/wp-json\/wp\/v2\/product"}],"about":[{"href":"https:\/\/fengchashop.com\/cz\/wp-json\/wp\/v2\/types\/product"}],"replies":[{"embeddable":true,"href":"https:\/\/fengchashop.com\/cz\/wp-json\/wp\/v2\/comments?post=6353"}],"wp:featuredmedia":[{"embeddable":true,"href":"https:\/\/fengchashop.com\/cz\/wp-json\/wp\/v2\/media\/6354"}],"wp:attachment":[{"href":"https:\/\/fengchashop.com\/cz\/wp-json\/wp\/v2\/media?parent=6353"}],"wp:term":[{"taxonomy":"product_brand","embeddable":true,"href":"https:\/\/fengchashop.com\/cz\/wp-json\/wp\/v2\/product_brand?post=6353"},{"taxonomy":"product_cat","embeddable":true,"href":"https:\/\/fengchashop.com\/cz\/wp-json\/wp\/v2\/product_cat?post=6353"},{"taxonomy":"product_tag","embeddable":true,"href":"https:\/\/fengchashop.com\/cz\/wp-json\/wp\/v2\/product_tag?post=6353"}],"curies":[{"name":"wp","href":"https:\/\/api.w.org\/{rel}","templated":true}]}}