{"id":6311,"date":"2022-05-20T15:37:07","date_gmt":"2022-05-20T13:37:07","guid":{"rendered":"https:\/\/fengchashop.com\/cz\/product\/kakao-v-prasku-bio-250-g\/"},"modified":"2026-05-16T20:51:51","modified_gmt":"2026-05-16T18:51:51","slug":"kakao-v-prasku-bio","status":"publish","type":"product","link":"https:\/\/fengchashop.com\/cz\/product\/kakao-v-prasku-bio\/","title":{"rendered":"Kakao v pr\u00e1\u0161ku BIO 250 g"},"content":{"rendered":"<h2 style=\"text-align: justify\"><span style=\"color: #000000\">Kakao v pr\u00e1\u0161ku BIO<\/span><\/h2>\n<p>Kakaov\u00e9 boby nebo semena, z nich\u017e se kakao z\u00edsk\u00e1v\u00e1, rostou v lusc\u00edch na strom\u011b zvan\u00e9m kakaovn\u00edk. Kakaovn\u00edk Theobroma. Kakao je obl\u00edbenou potravinou ji\u017e tis\u00edce let. P\u016fvodn\u011b roste v Ji\u017en\u00ed a St\u0159edn\u00ed Americe. Je z\u00e1kladn\u00ed surovinou pro p\u0159\u00edpravu v\u0161ech druh\u016f \u010dokol\u00e1d.<\/p>\n<p>Kakao obsahuje zdaleka nejv\u00edce antioxidant\u016f ze v\u0161ech potravin. Obsahuje t\u0159ikr\u00e1t v\u00edce ne\u017e zelen\u00fd \u010daj. Krom\u011b toho obsahuje tak\u00e9 mnoho miner\u00e1l\u016f jako drasl\u00edk, zinek, ho\u0159\u010d\u00edk, \u017eelezo a v\u00e1pn\u00edk. Z\u00e1rove\u0148 je tak\u00e9 zdrojem b\u00edlkovin a vl\u00e1kniny. To v\u0161e je d\u016fle\u017eit\u00e9 pro udr\u017een\u00ed na\u0161eho zdrav\u00ed. Obsahuje tak\u00e9 \u017eiviny, kter\u00e9 maj\u00ed pozitivn\u00ed vliv na n\u00e1\u0161 ob\u011bhov\u00fd syst\u00e9m, proto\u017ee \u0159ed\u00ed krev a zabra\u0148uj\u00ed tvorb\u011b sra\u017eenin. D\u00edky zv\u00fd\u0161en\u00ed hladiny serotoninu v mozku zlep\u0161uje n\u00e1ladu. Ve skute\u010dnosti obsahuje a\u017e 300 r\u016fzn\u00fdch slou\u010denin, kter\u00e9 mohou m\u00edt \u00fa\u010dinek na zlep\u0161en\u00ed na\u0161\u00ed n\u00e1lady.<\/p>\n<p>Kakaov\u00e9 boby tohoto kakaa jsou ru\u010dn\u011b sb\u00edran\u00e9. Vybran\u00e1 zrna se nejprve fermentuj\u00ed, aby m\u00edrn\u011b zjemnila charakteristickou ho\u0159kost. Kakaov\u00e9 boby si tak zachovaj\u00ed svou nutri\u010dn\u00ed hodnotu bez p\u0159id\u00e1v\u00e1n\u00ed zbyte\u010dn\u00fdch aditiv. Abyste mohli vyu\u017e\u00edt v\u0161ech pozitivn\u00edch \u00fa\u010dink\u016f, posta\u010d\u00ed konzumace 25-30 gram\u016f kakaa denn\u011b.<\/p>\n<h2>Skladov\u00e1n\u00ed<\/h2>\n<p>Skladujte na such\u00e9m, tmav\u00e9m a chladn\u00e9m m\u00edst\u011b. Ujist\u011bte se, \u017ee je s\u00e1\u010dek dob\u0159e ut\u011bsn\u011bn.<\/p>\n<h2>Balen\u00ed<\/h2>\n<p>Vzduchot\u011bsn\u00fd s\u00e1\u010dek se zipem, kde si produkt zachov\u00e1 ve\u0161kerou \u010derstvost a aroma. Obal chr\u00e1n\u00ed p\u0159ed sv\u011btlem a vzduchem, proto\u017ee se skl\u00e1d\u00e1 z n\u011bkolika vrstev ochrany, kter\u00e9 zachov\u00e1vaj\u00ed vlastnosti obsahu.<\/p>\n<p>Obal je velmi praktick\u00fd a umo\u017e\u0148uje recyklaci.<\/p>\n<h2>P\u016fvod<\/h2>\n<p style=\"text-align: justify\"><span style=\"color: #000000\">Afrika<\/span><\/p>\n","protected":false},"excerpt":{"rendered":"<p>Kakao obsahuje zdaleka nejv\u00edce antioxidant\u016f ze v\u0161ech potravin. Obsahuje t\u0159ikr\u00e1t v\u00edce ne\u017e zelen\u00fd \u010daj. Krom\u011b toho obsahuje tak\u00e9 mnoho miner\u00e1l\u016f jako drasl\u00edk, zinek, ho\u0159\u010d\u00edk, \u017eelezo a v\u00e1pn\u00edk. Z\u00e1rove\u0148 je tak\u00e9 zdrojem b\u00edlkovin a vl\u00e1kniny. To v\u0161e je d\u016fle\u017eit\u00e9 pro udr\u017een\u00ed na\u0161eho zdrav\u00ed. Obsahuje tak\u00e9 \u017eiviny, kter\u00e9 maj\u00ed pozitivn\u00ed vliv na n\u00e1\u0161 ob\u011bhov\u00fd syst\u00e9m, proto\u017ee \u0159ed\u00ed krev a zabra\u0148uj\u00ed tvorb\u011b sra\u017eenin. D\u00edky zv\u00fd\u0161en\u00ed hladiny serotoninu v mozku zlep\u0161uje n\u00e1ladu. Ve skute\u010dnosti obsahuje a\u017e 300 r\u016fzn\u00fdch slou\u010denin, kter\u00e9 mohou m\u00edt \u00fa\u010dinek na zlep\u0161en\u00ed na\u0161\u00ed n\u00e1lady.<\/p>\n<p>\ud83d\udc9a Poch\u00e1z\u00ed z kontrolovan\u00e9ho ekologick\u00e9ho p\u011bstov\u00e1n\u00ed.<br \/>\n\ud83d\udc9a Ocen\u011bn\u00fd produkt d\u00edky speci\u00e1ln\u00ed sm\u011bsi mlet\u00fdch kakaov\u00fdch bob\u016f r\u016fzn\u00e9ho p\u016fvodu &#8211; ze t\u0159\u00ed africk\u00fdch zem\u00ed.<br \/>\n\ud83d\udc9a Je bez aditiv a dal\u0161\u00edch zbyte\u010dn\u00fdch p\u0159\u00edsad, jako je cukr nebo jin\u00e1 sladidla.<\/p>\n","protected":false},"featured_media":6312,"comment_status":"open","ping_status":"closed","template":"","meta":{"_acf_changed":false},"product_brand":[],"product_cat":[15,205,243,226,227],"product_tag":[],"class_list":{"0":"post-6311","1":"product","2":"type-product","3":"status-publish","4":"has-post-thumbnail","6":"product_cat-uncategorized","7":"product_cat-caj-jidlo-koreni","8":"product_cat-dobre-nabidky","9":"product_cat-nabidka","10":"product_cat-vsechny-produkty","12":"first","13":"instock","14":"sale","15":"taxable","16":"shipping-taxable","17":"purchasable","18":"product-type-simple"},"acf":[],"_links":{"self":[{"href":"https:\/\/fengchashop.com\/cz\/wp-json\/wp\/v2\/product\/6311","targetHints":{"allow":["GET"]}}],"collection":[{"href":"https:\/\/fengchashop.com\/cz\/wp-json\/wp\/v2\/product"}],"about":[{"href":"https:\/\/fengchashop.com\/cz\/wp-json\/wp\/v2\/types\/product"}],"replies":[{"embeddable":true,"href":"https:\/\/fengchashop.com\/cz\/wp-json\/wp\/v2\/comments?post=6311"}],"wp:featuredmedia":[{"embeddable":true,"href":"https:\/\/fengchashop.com\/cz\/wp-json\/wp\/v2\/media\/6312"}],"wp:attachment":[{"href":"https:\/\/fengchashop.com\/cz\/wp-json\/wp\/v2\/media?parent=6311"}],"wp:term":[{"taxonomy":"product_brand","embeddable":true,"href":"https:\/\/fengchashop.com\/cz\/wp-json\/wp\/v2\/product_brand?post=6311"},{"taxonomy":"product_cat","embeddable":true,"href":"https:\/\/fengchashop.com\/cz\/wp-json\/wp\/v2\/product_cat?post=6311"},{"taxonomy":"product_tag","embeddable":true,"href":"https:\/\/fengchashop.com\/cz\/wp-json\/wp\/v2\/product_tag?post=6311"}],"curies":[{"name":"wp","href":"https:\/\/api.w.org\/{rel}","templated":true}]}}