{"id":6305,"date":"2022-05-20T14:55:43","date_gmt":"2022-05-20T12:55:43","guid":{"rendered":"https:\/\/fengchashop.com\/cz\/product\/golden-latte-bio-250-g\/"},"modified":"2026-05-06T15:38:53","modified_gmt":"2026-05-06T13:38:53","slug":"golden-latte-bio","status":"publish","type":"product","link":"https:\/\/fengchashop.com\/cz\/product\/golden-latte-bio\/","title":{"rendered":"Golden latte BIO 250 g"},"content":{"rendered":"<h2><span style=\"color: #000000\">Golden latte BIO<\/span><\/h2>\n<p><span style=\"color: #000000\">Golden latte je lahodn\u00fd a osv\u011b\u017euj\u00edc\u00ed n\u00e1poj, kter\u00fd se p\u0159ipravuje <strong>z p\u011bti jednoduch\u00fdch ingredienc\u00ed<\/strong>, z nich\u017e hlavn\u00ed je <strong>kurkuma<\/strong>. M\u016f\u017eete p\u0159idat i dal\u0161\u00ed ingredience, kter\u00e9 m\u00e1te r\u00e1di a jsou v\u00e1m bl\u00edzk\u00e9. Konzumace kurkumov\u00e9ho ml\u00e9ka m\u016f\u017ee m\u00edt mnoho p\u0159\u00edzniv\u00fdch \u00fa\u010dink\u016f na n\u00e1\u0161 organismus a nav\u00edc p\u0159\u00edjemn\u011b chutn\u00e1. Golden latte BIO je hotov\u00e1 sm\u011bs, kter\u00e1 v\u00e1m u\u0161et\u0159\u00ed \u010das p\u0159i p\u0159\u00edprav\u011b n\u00e1poje, proto\u017ee se nemus\u00edte starat o odm\u011b\u0159ov\u00e1n\u00ed mno\u017estv\u00ed v\u0161ech ingredienc\u00ed. Snadno se pou\u017e\u00edv\u00e1 a skv\u011ble chutn\u00e1. Sm\u011bs se skl\u00e1d\u00e1 <strong>z kurkumy a p\u0159\u00eddavku cejlonsk\u00e9 sko\u0159ice (10 %) a z\u00e1zvoru (10 %)<\/strong>.<\/span><\/p>\n<p><span style=\"color: #000000\">Vyb\u00edr\u00e1ny jsou pouze ty nejkvalitn\u011bj\u0161\u00ed organick\u00e9 ingredience.<\/span><\/p>\n<p><span style=\"color: #000000\">Do sm\u011bsi se p\u0159id\u00e1v\u00e1 tak\u00e9 <strong>\u0161petka mlet\u00e9ho \u010dern\u00e9ho pep\u0159e<\/strong>, proto\u017ee d\u00edky n\u011bmu se \u00fa\u010dinn\u00e9 l\u00e1tky kurkumy, zejm\u00e9na kurkumin, snadn\u011bji a l\u00e9pe vst\u0159eb\u00e1vaj\u00ed do t\u011bla.<\/span><\/p>\n<p><span style=\"color: #000000\">N\u00e1poj lze p\u0159ipravit s <strong>ml\u00e9kem, zeleninov\u00fdm n\u00e1pojem<\/strong> nebo jinou tekutinou. M\u016f\u017ee se p\u00edt <strong>r\u00e1no<\/strong> nebo <strong>ve\u010der<\/strong>, ale obvykle je nejlep\u0161\u00ed u\u017e\u00edvat ho ve\u010der p\u0159ed span\u00edm. Zm\u011b\u0148te sv\u016fj ritu\u00e1l a dop\u0159ejte si <strong>l\u00e9\u010div\u00e9 \u00fa\u010dinky kurkumy<\/strong>. Kurkumov\u00e9 n\u00e1poje jsou m\u00f3dn\u00edm n\u00e1pojem po cel\u00e9m sv\u011bt\u011b a spojuj\u00ed v sob\u011b<strong> zdrav\u00ed a dobrou chu\u0165<\/strong>.<\/span><\/p>\n<p><span style=\"color: #000000\">A na\u0161e sm\u011bs je v\u00fdjime\u010dn\u00e1 t\u00edm, \u017ee jsme do n\u00ed nep\u0159idali cukr ani \u017e\u00e1dn\u00e9 jin\u00e9 sladidlo. M\u016f\u017eete ho p\u0159idat podle chuti nebo n\u00e1poj nesladit v\u016fbec, proto\u017ee sko\u0159ice a kurkuma mu samy o sob\u011b dod\u00e1vaj\u00ed p\u0159\u00edjemnou sladkost.<\/span><\/p>\n<h2><span style=\"color: #000000\">Pro\u010d pr\u00e1v\u011b kurkuma?<\/span><\/h2>\n<p><span style=\"color: #000000\">L\u00e9\u010div\u00e9 \u00fa\u010dinky kurkumy v tradi\u010dn\u00ed medic\u00edn\u011b D\u00e1ln\u00e9ho v\u00fdchodu jsou nedoceniteln\u00e9. Mimo jin\u00e9 se pou\u017e\u00edv\u00e1 k \u010di\u0161t\u011bn\u00ed krve a tr\u00e1vic\u00edho traktu, detoxikaci jater a \u017elu\u010dn\u00edku, <strong>proto\u017ee jej\u00ed hlavn\u00ed \u00fa\u010dinn\u00e1 l\u00e1tka, kurkumin<\/strong>, urychluje vylu\u010dov\u00e1n\u00ed \u017elu\u010di, bilirubinu a cholesterolu. Mnoho lid\u00ed ji pou\u017e\u00edv\u00e1 v boji proti virov\u00fdm hepatitid\u00e1m, rakovin\u011b, lup\u00e9nce, Alzheimerov\u011b chorob\u011b, depresi a v kosmetick\u00fdch p\u0159\u00edpravc\u00edch.<\/span><\/p>\n<p><span style=\"color: #000000\"><strong>P\u0159\u00edzniv\u00e9 \u00fa\u010dinky kurkumy prok\u00e1zali i v\u011bdci<\/strong>, kte\u0159\u00ed tvrd\u00ed, \u017ee jej\u00ed pravideln\u00e1 konzumace m\u016f\u017ee zabr\u00e1nit \u0161kodliv\u00fdm \u00fa\u010dink\u016fm karcinogen\u016f z potravin na organismus. Krom\u011b toho se p\u0159edpokl\u00e1d\u00e1, \u017ee kurkumin zabra\u0148uje oxidaci cholesterolu, kter\u00e1 sv\u00fdm negativn\u00edm p\u016fsoben\u00edm zp\u016fsobuje progresi \u017eivot ohro\u017euj\u00edc\u00ed ateroskler\u00f3zy.<\/span><\/p>\n<p><span style=\"color: #000000\"><strong>Jako siln\u00fd antioxidant kurkuma<\/strong> chr\u00e1n\u00ed st\u0159eva p\u0159ed voln\u00fdmi radik\u00e1ly a \u00fasp\u011b\u0161n\u011b eliminuje p\u0159ekyselen\u00ed organismu. \u00c1jurv\u00e9d\u0161t\u00ed l\u00e9ka\u0159i ji pou\u017e\u00edvaj\u00ed jako antiseptick\u00fd a antibakteri\u00e1ln\u00ed prost\u0159edek k dezinfekci ran a pop\u00e1lenin. N\u011bkter\u00e9 \u017eeny v\u011b\u0159\u00ed, \u017ee pom\u00e1h\u00e1 urychlovat tr\u00e1ven\u00ed a regulovat metabolismus, a proto je \u00fa\u010dinn\u00e1 p\u0159i rozpou\u0161t\u011bn\u00ed p\u0159ebyte\u010dn\u00fdch kilogram\u016f.<\/span><\/p>\n<p><span style=\"color: #000000\">Sko\u0159ice dod\u00e1v\u00e1 n\u00e1poji p\u0159\u00edjemnou chu\u0165. V kombinaci s ml\u00e9kem se zu\u017eitkuj\u00ed v\u0161echny jej\u00ed blahod\u00e1rn\u00e9 \u00fa\u010dinky, v\u010detn\u011b sn\u00ed\u017een\u00ed hladiny cukru a cholesterolu v krvi a regulace krevn\u00edho tlaku. Sko\u0159ice tak\u00e9 pom\u00e1h\u00e1 p\u0159i tr\u00e1ven\u00ed tuk\u016f a za\u017e\u00edvac\u00edch pot\u00ed\u017e\u00edch, jako je pr\u016fjem. Z\u00e1zvor stimuluje tr\u00e1ven\u00ed, zah\u0159\u00edv\u00e1 zevnit\u0159, zlep\u0161uje imunitu a podporuje metabolismus. Oba tak\u00e9 zm\u00edr\u0148uj\u00ed p\u0159\u00edznaky PMS a menstrua\u010dn\u00ed bolesti.<\/span><\/p>\n<h2><span style=\"color: #000000\">Jak\u00e9 jsou dal\u0161\u00ed v\u00fdhody pit\u00ed kurkum\u00ednov\u00e9ho ml\u00e9ka?<\/span><\/h2>\n<p><span style=\"color: #000000\">Kurkuma je celosv\u011btov\u011b velmi cen\u011bn\u00e9 ko\u0159en\u00ed. V \u00e1jurv\u00e9d\u011b se pou\u017e\u00edv\u00e1 pro<strong> v\u00edce ne\u017e 150 potenci\u00e1ln\u00edch l\u00e9\u010debn\u00fdch \u00fa\u010dink\u016f<\/strong>. V modern\u00ed v\u011bd\u011b byla p\u0159edm\u011btem mnoha studi\u00ed, z nich\u017e n\u011bkter\u00e9 ji\u017e byly potvrzeny, a pou\u017e\u00edv\u00e1 se jako l\u00e9\u010debn\u00fd prost\u0159edek p\u0159i z\u00e1n\u011btliv\u00fdch onemocn\u011bn\u00edch st\u0159ev a artritid\u011b. Pozitivn\u00ed \u00fa\u010dinky, kter\u00e9 m\u016f\u017ee p\u0159in\u00e9st pravideln\u00e1 konzumace kurkumov\u00e9ho ml\u00e9ka nebo kurkumy, jsou n\u00e1sleduj\u00edc\u00ed:<\/span><\/p>\n<p><span style=\"color: #000000\">\ud83d\udc9a pom\u00e1h\u00e1 p\u0159i l\u00e9\u010db\u011b st\u0159evn\u00edch poruch,<\/span><br \/>\n<span style=\"color: #000000\">\ud83d\udc9a sni\u017euje hladinu cholesterolu,<\/span><br \/>\n<span style=\"color: #000000\">\ud83d\udc9a je vynikaj\u00edc\u00ed jako ve\u010dern\u00ed n\u00e1poj p\u0159ed span\u00edm, proto\u017ee n\u00e1s uklid\u0148uje,<\/span><br \/>\n<span style=\"color: #000000\">\ud83d\udc9a pom\u00e1h\u00e1 tak\u00e9 p\u0159i bolestech hlavy a bolestech,<\/span><br \/>\n<span style=\"color: #000000\">\ud83d\udc9a pom\u00e1h\u00e1 p\u0159i tr\u00e1ven\u00ed,<\/span><br \/>\n<span style=\"color: #000000\">\ud83d\udc9a \u010dist\u00ed j\u00e1tra,<\/span><br \/>\n<span style=\"color: #000000\">\ud83d\udc9a pom\u00e1h\u00e1 p\u0159i menstrua\u010dn\u00edch k\u0159e\u010d\u00edch,<\/span><br \/>\n<span style=\"color: #000000\">\ud83d\udc9a p\u016fsob\u00ed protiz\u00e1n\u011btliv\u011b.<\/span><\/p>\n<h2><span style=\"color: #000000\">Balen\u00ed<\/span><\/h2>\n<p><span style=\"color: #000000\">Nepropustn\u00fd s\u00e1\u010dek se zipem, ve kter\u00e9m si v\u00fdrobek zachov\u00e1v\u00e1 svou \u010derstvost a v\u016fni. Obal chr\u00e1n\u00ed p\u0159ed sv\u011btlem a vzduchem, proto\u017ee se skl\u00e1d\u00e1 z n\u011bkolika ochrann\u00fdch vrstev, kter\u00e9 zachov\u00e1vaj\u00ed vlastnosti obsahu.<\/span><\/p>\n<p><span style=\"color: #000000\">Obal je velmi praktick\u00fd a recyklovateln\u00fd.<\/span><\/p>\n<h2><span style=\"color: #000000\">Skladov\u00e1n\u00ed a upozorn\u011bn\u00ed<\/span><\/h2>\n<p><span style=\"color: #000000\">Skladujte na chladn\u00e9m a such\u00e9m m\u00edst\u011b. Dopln\u011bk stravy uchov\u00e1vejte mimo dosah d\u011bt\u00ed!<\/span><\/p>\n<h2><span style=\"color: #000000\">P\u016fvod<\/span><\/h2>\n<p><span style=\"color: #000000\">Slovinsko<\/span><\/p>\n","protected":false},"excerpt":{"rendered":"<p>Golden latte je lahodn\u00fd a osv\u011b\u017euj\u00edc\u00ed n\u00e1poj, kter\u00fd se p\u0159ipravuje <strong>z p\u011bti jednoduch\u00fdch ingredienc\u00ed<\/strong>, z nich\u017e hlavn\u00ed je <strong>kurkuma<\/strong>. M\u016f\u017eete p\u0159idat i dal\u0161\u00ed ingredience, kter\u00e9 m\u00e1te r\u00e1di a jsou v\u00e1m bl\u00edzk\u00e9. Konzumace kurkumov\u00e9ho ml\u00e9ka m\u016f\u017ee m\u00edt mnoho p\u0159\u00edzniv\u00fdch \u00fa\u010dink\u016f na n\u00e1\u0161 organismus a nav\u00edc p\u0159\u00edjemn\u011b chutn\u00e1. Golden latte BIO je hotov\u00e1 sm\u011bs, kter\u00e1 v\u00e1m u\u0161et\u0159\u00ed \u010das p\u0159i p\u0159\u00edprav\u011b n\u00e1poje, proto\u017ee se nemus\u00edte starat o odm\u011b\u0159ov\u00e1n\u00ed mno\u017estv\u00ed v\u0161ech ingredienc\u00ed. Snadno se pou\u017e\u00edv\u00e1 a skv\u011ble chutn\u00e1. Sm\u011bs se skl\u00e1d\u00e1 <strong>z kurkumy a p\u0159\u00eddavku cejlonsk\u00e9 sko\u0159ice (10 %) a z\u00e1zvoru (10 %)<\/strong>. Do sm\u011bsi se p\u0159id\u00e1v\u00e1 tak\u00e9 \u0161petka mlet\u00e9ho \u010dern\u00e9ho pep\u0159e, proto\u017ee d\u00edky tomu se \u00fa\u010dinn\u00e9 l\u00e1tky kurkumy, zejm\u00e9na kurkumin, snadn\u011bji a l\u00e9pe vst\u0159eb\u00e1vaj\u00ed do t\u011bla. Pozitivn\u00ed \u00fa\u010dinky, kter\u00e9 m\u016f\u017ee p\u0159in\u00e9st pravideln\u00e1 konzumace kurkuminov\u00e9ho ml\u00e9ka, jsou n\u00e1sleduj\u00edc\u00ed:<\/p>\n<p>\ud83d\udc9a pom\u00e1h\u00e1 p\u0159i l\u00e9\u010db\u011b st\u0159evn\u00edch pot\u00ed\u017e\u00ed,<br \/>\n\ud83d\udc9a sni\u017euje hladinu cholesterolu,<br \/>\n\ud83d\udc9a \u010dist\u00ed j\u00e1tra,<br \/>\n\ud83d\udc9a pom\u00e1h\u00e1 p\u0159i menstrua\u010dn\u00edch k\u0159e\u010d\u00edch,<br \/>\n\ud83d\udc9a p\u016fsob\u00ed protiz\u00e1n\u011btliv\u011b.<\/p>\n","protected":false},"featured_media":6306,"comment_status":"open","ping_status":"closed","template":"","meta":{"_acf_changed":false},"product_brand":[],"product_cat":[15,194,226,195,227],"product_tag":[],"class_list":{"0":"post-6305","1":"product","2":"type-product","3":"status-publish","4":"has-post-thumbnail","6":"product_cat-uncategorized","7":"product_cat-ajurveda","8":"product_cat-nabidka","9":"product_cat-superpotraviny","10":"product_cat-vsechny-produkty","12":"first","13":"instock","14":"sale","15":"taxable","16":"shipping-taxable","17":"purchasable","18":"product-type-simple"},"acf":[],"_links":{"self":[{"href":"https:\/\/fengchashop.com\/cz\/wp-json\/wp\/v2\/product\/6305","targetHints":{"allow":["GET"]}}],"collection":[{"href":"https:\/\/fengchashop.com\/cz\/wp-json\/wp\/v2\/product"}],"about":[{"href":"https:\/\/fengchashop.com\/cz\/wp-json\/wp\/v2\/types\/product"}],"replies":[{"embeddable":true,"href":"https:\/\/fengchashop.com\/cz\/wp-json\/wp\/v2\/comments?post=6305"}],"wp:featuredmedia":[{"embeddable":true,"href":"https:\/\/fengchashop.com\/cz\/wp-json\/wp\/v2\/media\/6306"}],"wp:attachment":[{"href":"https:\/\/fengchashop.com\/cz\/wp-json\/wp\/v2\/media?parent=6305"}],"wp:term":[{"taxonomy":"product_brand","embeddable":true,"href":"https:\/\/fengchashop.com\/cz\/wp-json\/wp\/v2\/product_brand?post=6305"},{"taxonomy":"product_cat","embeddable":true,"href":"https:\/\/fengchashop.com\/cz\/wp-json\/wp\/v2\/product_cat?post=6305"},{"taxonomy":"product_tag","embeddable":true,"href":"https:\/\/fengchashop.com\/cz\/wp-json\/wp\/v2\/product_tag?post=6305"}],"curies":[{"name":"wp","href":"https:\/\/api.w.org\/{rel}","templated":true}]}}