{"id":6302,"date":"2022-05-20T14:42:32","date_gmt":"2022-05-20T12:42:32","guid":{"rendered":"https:\/\/fengchashop.com\/cz\/product\/chia-seminka-bio-500g\/"},"modified":"2026-05-06T16:09:19","modified_gmt":"2026-05-06T14:09:19","slug":"chia-seminka-bio","status":"publish","type":"product","link":"https:\/\/fengchashop.com\/cz\/product\/chia-seminka-bio\/","title":{"rendered":"Chia sem\u00ednka BIO 500 g"},"content":{"rendered":"<h2><span style=\"color: #000000;\">Chia sem\u00ednka BIO<\/span><\/h2>\n<p><span style=\"color: #000000;\">0em\u00ednka dobr\u00e1?<\/span><\/p>\n<p><span style=\"color: #000000;\">Krom\u011b bohat\u00e9ho obsahu omega 3 mastn\u00fdch kyselin, kter\u00e9 jsou pro \u010dlov\u011bka esenci\u00e1ln\u00edmi kyselinami, kter\u00e9 si v\u0161ak t\u011blo neum\u00ed samo vyrobit, jsou sem\u00ednka bohat\u00e1 na vitam\u00edny, miner\u00e1ly, b\u00edlkoviny a vl\u00e1kninu. Pouh\u00fdch 20 g chia sem\u00ednek denn\u011b pokryje t\u00e9m\u011b\u0159 30 % pot\u0159eby vl\u00e1kniny. V\u00e1\u017eou vodu a t\u00edm zpomaluj\u00ed tr\u00e1ven\u00ed v \u017ealudku. D\u00edky tomu jsme d\u00e9le syt\u00ed a na\u0161e t\u011blo zpomaluje tr\u00e1ven\u00ed sacharid\u016f na krevn\u00ed cukr, jeliko\u017e chia maj\u00ed tak\u00e9 n\u00edzk\u00fd glykemick\u00fd index. To m\u016f\u017ee m\u00edt pozitivn\u00ed vliv na sn\u00ed\u017een\u00ed na\u0161\u00ed t\u011blesn\u00e9 hmotnosti, m\u016f\u017ee zabr\u00e1nit rozvoji kardiovaskul\u00e1rn\u00edch onemocn\u011bn\u00ed a cukrovky.<\/span><\/p>\n<h2><span style=\"color: #000000;\">P\u00e1r fakt\u016f o chia sem\u00ednk\u00e1ch<\/span><\/h2>\n<p><span style=\"color: #000000;\">\ud83d\udc9a Obsah omega 3 mastn\u00fdch kyselin je dvakr\u00e1t vy\u0161\u0161\u00ed ne\u017e u lososa.<\/span><br \/>\n<span style=\"color: #000000;\">\ud83d\udc9a Chia sem\u00ednka obsahuj\u00ed 3x v\u00edce antioxidant\u016f ne\u017e bor\u016fvky a jin\u00e9 bobule.<\/span><br \/>\n<span style=\"color: #000000;\">\ud83d\udc9a 100 g chia sem\u00ednek obsahuje minim\u00e1ln\u011b dvakr\u00e1t v\u00edce drasl\u00edku ne\u017e 2 ban\u00e1ny.<\/span><br \/>\n<span style=\"color: #000000;\">\ud83d\udc9a Obsahuje a\u017e 3x v\u00edce \u017eeleza ne\u017e \u0161pen\u00e1t bohat\u00fd na \u017eelezo.<\/span><br \/>\n<span style=\"color: #000000;\">\ud83d\udc9a Obsahuj\u00ed tak\u00e9 3x v\u00edce vl\u00e1kniny ne\u017e stejn\u00e9 mno\u017estv\u00ed otrub.<\/span><br \/>\n<span style=\"color: #000000;\">\ud83d\udc9a Obsahuj\u00ed 10x v\u00edce ho\u0159\u010d\u00edku ne\u017e mandle.<\/span><br \/>\n<span style=\"color: #000000;\">\ud83d\udc9a 100 g chia sem\u00ednek obsahuje tolik v\u00e1pn\u00edku jako p\u016fl litru kravsk\u00e9ho ml\u00e9ka.<\/span><\/p>\n<h2><span style=\"color: #000000;\">Balen\u00ed<\/span><\/h2>\n<p><span style=\"color: #000000;\">Nepropustn\u00fd s\u00e1\u010dek se zipem, ve kter\u00e9m si v\u00fdrobek zachov\u00e1v\u00e1 svou \u010derstvost a v\u016fni. Obal chr\u00e1n\u00ed p\u0159ed sv\u011btlem a vzduchem, proto\u017ee se skl\u00e1d\u00e1 z n\u011bkolika ochrann\u00fdch vrstev, kter\u00e9 zachov\u00e1vaj\u00ed vlastnosti obsahu.<\/span><\/p>\n<p><span style=\"color: #000000;\">Obal je velmi praktick\u00fd a recyklovateln\u00fd.<\/span><\/p>\n<h2><span style=\"color: #000000;\">Skladov\u00e1n\u00ed a upozorn\u011bn\u00ed<\/span><\/h2>\n<p><span style=\"color: #000000;\">Skladujte na chladn\u00e9m a such\u00e9m m\u00edst\u011b. Dopln\u011bk stravy uchov\u00e1vejte mimo dosah d\u011bt\u00ed!<\/span><\/p>\n<p><span style=\"color: #000000;\">Pamatujte na pestrou stravu a zdrav\u00fd \u017eivotn\u00ed styl &#8211; dopln\u011bk stravy nem\u016f\u017ee nahradit vyv\u00e1\u017eenou a pestrou stravu. Nep\u0159ekra\u010dujte doporu\u010denou denn\u00ed d\u00e1vku. T\u011bhotn\u00fdm a koj\u00edc\u00edm \u017een\u00e1m doporu\u010dujeme, aby se p\u0159ed u\u017e\u00edv\u00e1n\u00edm p\u0159\u00edpravku v\u017edy poradily s l\u00e9ka\u0159em.<\/span><\/p>\n<h2><span style=\"color: #000000;\">P\u016fvod<\/span><\/h2>\n<p><span style=\"color: #000000;\">Ji\u017en\u00ed Amerika<\/span><\/p>\n","protected":false},"excerpt":{"rendered":"<p>Krom\u011b bohat\u00e9ho obsahu omega 3 mastn\u00fdch kyselin, kter\u00e9 jsou pro \u010dlov\u011bka esenci\u00e1ln\u00edmi kyselinami, kter\u00e9 si v\u0161ak t\u011blo neum\u00ed samo vyrobit, jsou sem\u00ednka bohat\u00e1 na vitam\u00edny, miner\u00e1ly, b\u00edlkoviny a vl\u00e1kninu. Pouh\u00fdch 20 g chia sem\u00ednek denn\u011b pokryje t\u00e9m\u011b\u0159 30 % pot\u0159eby vl\u00e1kniny. V\u00e1\u017eou vodu a t\u00edm zpomaluj\u00ed tr\u00e1ven\u00ed v \u017ealudku. D\u00edky tomu jsme d\u00e9le syt\u00ed a na\u0161e t\u011blo zpomaluje tr\u00e1ven\u00ed sacharid\u016f na krevn\u00ed cukr, jeliko\u017e chia maj\u00ed tak\u00e9 n\u00edzk\u00fd glykemick\u00fd index.<\/p>\n<p>\ud83d\udc9a Maj\u00ed pozitivn\u00ed vliv na hubnut\u00ed.<br \/>\n\ud83d\udc9a Zabra\u0148uj\u00ed vzniku kardiovaskul\u00e1rn\u00edch onemocn\u011bn\u00ed.<br \/>\n\ud83d\udc9aZabra\u0148uj\u00ed vzniku cukrovky.<\/p>\n","protected":false},"featured_media":6303,"comment_status":"open","ping_status":"closed","template":"","meta":{"_acf_changed":false},"product_brand":[],"product_cat":[15,226,195,227],"product_tag":[],"class_list":{"0":"post-6302","1":"product","2":"type-product","3":"status-publish","4":"has-post-thumbnail","6":"product_cat-uncategorized","7":"product_cat-nabidka","8":"product_cat-superpotraviny","9":"product_cat-vsechny-produkty","11":"first","12":"instock","13":"sale","14":"taxable","15":"shipping-taxable","16":"purchasable","17":"product-type-simple"},"acf":[],"_links":{"self":[{"href":"https:\/\/fengchashop.com\/cz\/wp-json\/wp\/v2\/product\/6302","targetHints":{"allow":["GET"]}}],"collection":[{"href":"https:\/\/fengchashop.com\/cz\/wp-json\/wp\/v2\/product"}],"about":[{"href":"https:\/\/fengchashop.com\/cz\/wp-json\/wp\/v2\/types\/product"}],"replies":[{"embeddable":true,"href":"https:\/\/fengchashop.com\/cz\/wp-json\/wp\/v2\/comments?post=6302"}],"wp:featuredmedia":[{"embeddable":true,"href":"https:\/\/fengchashop.com\/cz\/wp-json\/wp\/v2\/media\/6303"}],"wp:attachment":[{"href":"https:\/\/fengchashop.com\/cz\/wp-json\/wp\/v2\/media?parent=6302"}],"wp:term":[{"taxonomy":"product_brand","embeddable":true,"href":"https:\/\/fengchashop.com\/cz\/wp-json\/wp\/v2\/product_brand?post=6302"},{"taxonomy":"product_cat","embeddable":true,"href":"https:\/\/fengchashop.com\/cz\/wp-json\/wp\/v2\/product_cat?post=6302"},{"taxonomy":"product_tag","embeddable":true,"href":"https:\/\/fengchashop.com\/cz\/wp-json\/wp\/v2\/product_tag?post=6302"}],"curies":[{"name":"wp","href":"https:\/\/api.w.org\/{rel}","templated":true}]}}