{"id":6274,"date":"2022-03-15T11:18:31","date_gmt":"2022-03-15T10:18:31","guid":{"rendered":"https:\/\/fengchashop.com\/cz\/product\/kurkuma-v-kapslich-bio-240-kapsli\/"},"modified":"2026-05-06T13:05:34","modified_gmt":"2026-05-06T11:05:34","slug":"kurkuma-v-kapslich-bio","status":"publish","type":"product","link":"https:\/\/fengchashop.com\/cz\/product\/kurkuma-v-kapslich-bio\/","title":{"rendered":"Kurkuma v kapsl\u00edch BIO 240 kapsl\u00ed"},"content":{"rendered":"<h2><span style=\"color: #000000\">Kurkuma v kapsl\u00edch BIO<\/span><\/h2>\n<p style=\"text-align: justify\"><span style=\"color: #000000\">Kurkuma je rostlina, kter\u00e1 je v Evrop\u011b zn\u00e1m\u00e1 ji\u017e od starov\u011bku, v domovin\u011b pak minim\u00e1ln\u011b 4000 let. P\u016fvodn\u011b se pou\u017e\u00edval jako l\u00e9\u010div\u00e1 rostlina a barvivo, pozd\u011bji se prosadil jako ko\u0159en\u00ed. Kurkuma je stejn\u011b jako z\u00e1zvor ko\u0159en\u00ed z\u00edsk\u00e1van\u00e9 z podzemn\u00ed ztlu\u0161t\u011bl\u00e9 nat\u011b asijsk\u00e9 vytrval\u00e9 rostliny. V \u00e1jurv\u00e9d\u011b se kurkuma tradi\u010dn\u011b pou\u017e\u00edv\u00e1 k l\u00e9\u010db\u011b rakoviny a lup\u00e9nky. Je zn\u00e1m\u00e1 tak\u00e9 jako p\u0159\u00edsada do kosmetick\u00fdch p\u0159\u00edpravk\u016f. A\u010dkoli ji n\u011bkte\u0159\u00ed lid\u00e9 v z\u00e1padn\u00edm sv\u011bt\u011b znaj\u00ed jen jako ko\u0159en\u00ed, skr\u00fdv\u00e1 se za t\u00edm mnohem v\u00edce. Kurkuma krom\u011b miner\u00e1ln\u00edch l\u00e1tek, vitam\u00edn\u016f B6 a B3, kyseliny listov\u00e9, drasl\u00edku, \u017eeleza a manganu a omega 3 mastn\u00fdch kyselin obsahuje tak\u00e9 polyfenol kurkumin, co\u017e je velmi siln\u00fd antioxidant a \u00fa\u010dinn\u00e1 protiz\u00e1n\u011btliv\u00e1 slou\u010denina. Bylo prok\u00e1z\u00e1no, \u017ee kurkumin m\u00e1 pozitivn\u00ed vliv na j\u00e1tra a krevn\u00ed c\u00e9vy, zm\u00edr\u0148uje z\u00e1n\u011bty p\u0159i artritid\u011b a sni\u017euje rizikov\u00e9 faktory cukrovky. M\u00e1 tak\u00e9 pozitivn\u00ed vliv na zdrav\u00ed mozku a sni\u017euje riziko rakoviny. Kurkumin \u00fasp\u011b\u0161n\u011b zabra\u0148uje v\u0161em chronick\u00fdm z\u00e1n\u011bt\u016fm v na\u0161em t\u011ble \u2013 a v\u0161echny chorobn\u00e9 stavy vlastn\u011b za\u010d\u00ednaj\u00ed z\u00e1n\u011btem. Sv\u00fdm antibakteri\u00e1ln\u00edm p\u016fsoben\u00edm tak\u00e9 zabra\u0148uje r\u016fstu \u0161patn\u00fdch bakteri\u00ed v na\u0161em tr\u00e1vic\u00edm traktu, jako je Heliobacter pylori v na\u0161em \u017ealudku a candida v na\u0161ich \u00fastech a st\u0159evech.<\/span><\/p>\n<p><span style=\"color: #000000\">Kurkumin v kurkum\u011b m\u00e1 tak\u00e9 pozitivn\u00ed vliv na prevenci vzniku onemocn\u011bn\u00ed spojen\u00fdch se st\u00e1rnut\u00edm (Alzheimerova choroba)<\/span><\/p>\n<p><span style=\"color: #000000\">Chu\u0165 kurkumy je lehce naho\u0159kl\u00e1, ko\u0159enit\u00e1, ale z\u00e1rove\u0148 sladk\u00e1 a p\u0159ipom\u00edn\u00e1 z\u00e1zvor, pomeran\u010d a pep\u0159.<\/span><\/p>\n<p><span style=\"color: #000000\"><em>Pro kurkumu je typick\u00e9:<\/em><\/span><\/p>\n<p><span style=\"color: #000000\">\ud83d\udc9a m\u00e1 protiz\u00e1n\u011btliv\u00fd, protipl\u00eds\u0148ov\u00fd a antimikrobi\u00e1ln\u00ed \u00fa\u010dinek, \u010d\u00edm\u017e sni\u017euje z\u00e1n\u011bt;<\/span><br \/>\n<span style=\"color: #000000\">\ud83d\udc9a \u010dist\u00ed j\u00e1tra, proto\u017ee m\u00e1 \u010dist\u00edc\u00ed \u00fa\u010dinek a zabra\u0148uje hromad\u011bn\u00ed mastn\u00fdch kyselin v j\u00e1trech;<\/span><br \/>\n<span style=\"color: #000000\">\ud83d\udc9a zm\u00edr\u0148uje menstrua\u010dn\u00ed pot\u00ed\u017ee a probl\u00e9my souvisej\u00edc\u00ed se za\u017e\u00edv\u00e1n\u00edm;<\/span><br \/>\n<span style=\"color: #000000\">\ud83d\udc9a pravideln\u00e1 konzumace p\u0159edch\u00e1z\u00ed vzniku cukrovky 2. typu v t. i. prediabetiky;<\/span><br \/>\n<span style=\"color: #000000\">\ud83d\udc9a ve form\u011b pasty zm\u00edr\u0148uje z\u00e1n\u011bty a podr\u00e1\u017ed\u011bn\u00ed poko\u017eky;<\/span><br \/>\n<span style=\"color: #000000\">\ud83d\udc9a podporuje rychlej\u0161\u00ed tr\u00e1ven\u00ed tuk\u016f, co\u017e m\u016f\u017ee pomoci p\u0159i hubnut\u00ed;<\/span><br \/>\n<span style=\"color: #000000\">\ud83d\udc9a p\u0159isp\u00edv\u00e1 k v\u011bt\u0161\u00ed \u00fa\u010dinnosti mozku a p\u0159edch\u00e1z\u00ed souvisej\u00edc\u00edm onemocn\u011bn\u00edm, jako je Alzheimerova choroba;<\/span><br \/>\n<span style=\"color: #000000\">\ud83d\udc9a zlep\u0161uje n\u00e1ladu;<\/span><br \/>\n<span style=\"color: #000000\">\ud83d\udc9a zm\u00edr\u0148uje bolesti sval\u016f a kloub\u016f;<\/span><br \/>\n<span style=\"color: #000000\">\ud83d\udc9a p\u016fsob\u00ed proti z\u00e1pachu z \u00fast a je u\u017eite\u010dn\u00fd p\u0159i onemocn\u011bn\u00ed parodontu;<\/span><br \/>\n<span style=\"color: #000000\">\ud83d\udc9a m\u00e1 pr\u00fd tak\u00e9 protirakovinn\u00fd \u00fa\u010dinek.<\/span><\/p>\n<h2 style=\"text-align: justify\"><span style=\"color: #000000\">Balen\u00ed<\/span><\/h2>\n<p><span style=\"color: #000000\">Skladujte na such\u00e9m, tmav\u00e9m a chladn\u00e9m m\u00edst\u011b. Ujist\u011bte se, \u017ee je s\u00e1\u010dek dob\u0159e ut\u011bsn\u011bn.<\/span><\/p>\n<p><span style=\"color: #000000\">Vzduchot\u011bsn\u00fd s\u00e1\u010dek se zipem, kde si produkt zachov\u00e1 ve\u0161kerou \u010derstvost a aroma. Obal chr\u00e1n\u00ed p\u0159ed sv\u011btlem a vzduchem, proto\u017ee se skl\u00e1d\u00e1 z n\u011bkolika vrstev ochrany, kter\u00e9 zachov\u00e1vaj\u00ed vlastnosti obsahu.<\/span><\/p>\n<p><span style=\"color: #000000\">Obal je velmi praktick\u00fd a umo\u017e\u0148uje recyklaci.<\/span><\/p>\n<h2><span style=\"color: #000000\">P\u016fvod<\/span><\/h2>\n<p><span style=\"color: #000000\">Indie<\/span><\/p>\n","protected":false},"excerpt":{"rendered":"<p>Krom\u011b miner\u00e1ln\u00edch l\u00e1tek, vitam\u00edn\u016f B6 a B3, kyseliny listov\u00e9, drasl\u00edku, \u017eeleza a manganu a omega 3 mastn\u00fdch kyselin obsahuje kurkuma tak\u00e9 polyfenol kurkumin, co\u017e je velmi siln\u00fd antioxidant a \u00fa\u010dinn\u00e1 protiz\u00e1n\u011btliv\u00e1 slou\u010denina. Bylo prok\u00e1z\u00e1no, \u017ee kurkumin m\u00e1 pozitivn\u00ed vliv na j\u00e1tra a krevn\u00ed c\u00e9vy, zm\u00edr\u0148uje z\u00e1n\u011bty p\u0159i artritid\u011b a sni\u017euje rizikov\u00e9 faktory cukrovky. M\u00e1 tak\u00e9 pozitivn\u00ed vliv na zdrav\u00ed mozku a sni\u017euje riziko rakoviny. Kurkumin \u00fasp\u011b\u0161n\u011b zabra\u0148uje v\u0161em chronick\u00fdm z\u00e1n\u011bt\u016fm v na\u0161em t\u011ble \u2013 a v\u0161echny chorobn\u00e9 stavy vlastn\u011b za\u010d\u00ednaj\u00ed z\u00e1n\u011btem. Sv\u00fdm antibakteri\u00e1ln\u00edm p\u016fsoben\u00edm tak\u00e9 zabra\u0148uje r\u016fstu \u0161patn\u00fdch bakteri\u00ed v na\u0161em tr\u00e1vic\u00edm traktu, jako je Heliobacter pylori v na\u0161em \u017ealudku a candida v na\u0161ich \u00fastech a st\u0159evech. Kurkumin v kurkum\u011b m\u00e1 tak\u00e9 pozitivn\u00ed vliv na prevenci vzniku onemocn\u011bn\u00ed spojen\u00fdch se st\u00e1rnut\u00edm (Alzheimerova choroba).<\/p>\n<p>\ud83d\udc9a P\u016fsob\u00ed protiz\u00e1n\u011btliv\u011b.<br \/>\n\ud83d\udc9a \u010cist\u00ed j\u00e1tra.<br \/>\n\ud83d\udc9a Zm\u00edr\u0148uje menstrua\u010dn\u00ed pot\u00ed\u017ee.<br \/>\n\ud83d\udc9a Siln\u00fd antioxidant.<\/p>\n","protected":false},"featured_media":6275,"comment_status":"open","ping_status":"closed","template":"","meta":{"_acf_changed":false},"product_brand":[],"product_cat":[15,194,226,195,227],"product_tag":[],"class_list":{"0":"post-6274","1":"product","2":"type-product","3":"status-publish","4":"has-post-thumbnail","6":"product_cat-uncategorized","7":"product_cat-ajurveda","8":"product_cat-nabidka","9":"product_cat-superpotraviny","10":"product_cat-vsechny-produkty","12":"first","13":"instock","14":"sale","15":"taxable","16":"shipping-taxable","17":"purchasable","18":"product-type-simple"},"acf":[],"_links":{"self":[{"href":"https:\/\/fengchashop.com\/cz\/wp-json\/wp\/v2\/product\/6274","targetHints":{"allow":["GET"]}}],"collection":[{"href":"https:\/\/fengchashop.com\/cz\/wp-json\/wp\/v2\/product"}],"about":[{"href":"https:\/\/fengchashop.com\/cz\/wp-json\/wp\/v2\/types\/product"}],"replies":[{"embeddable":true,"href":"https:\/\/fengchashop.com\/cz\/wp-json\/wp\/v2\/comments?post=6274"}],"wp:featuredmedia":[{"embeddable":true,"href":"https:\/\/fengchashop.com\/cz\/wp-json\/wp\/v2\/media\/6275"}],"wp:attachment":[{"href":"https:\/\/fengchashop.com\/cz\/wp-json\/wp\/v2\/media?parent=6274"}],"wp:term":[{"taxonomy":"product_brand","embeddable":true,"href":"https:\/\/fengchashop.com\/cz\/wp-json\/wp\/v2\/product_brand?post=6274"},{"taxonomy":"product_cat","embeddable":true,"href":"https:\/\/fengchashop.com\/cz\/wp-json\/wp\/v2\/product_cat?post=6274"},{"taxonomy":"product_tag","embeddable":true,"href":"https:\/\/fengchashop.com\/cz\/wp-json\/wp\/v2\/product_tag?post=6274"}],"curies":[{"name":"wp","href":"https:\/\/api.w.org\/{rel}","templated":true}]}}