{"id":6262,"date":"2022-03-11T20:09:14","date_gmt":"2022-03-11T19:09:14","guid":{"rendered":"https:\/\/fengchashop.com\/cz\/product\/kolagenovy-komplex-prasek-200-g\/"},"modified":"2026-05-02T13:38:34","modified_gmt":"2026-05-02T11:38:34","slug":"kolagenovy-komplex-prasek","status":"publish","type":"product","link":"https:\/\/fengchashop.com\/cz\/product\/kolagenovy-komplex-prasek\/","title":{"rendered":"Kolagenov\u00fd komplex pr\u00e1\u0161ek 200 g"},"content":{"rendered":"<h2><span style=\"color: #000000\"><b>Kolagenov\u00fd komplex v pr\u00e1\u0161ku<\/b><\/span><\/h2>\n<p><span style=\"color: #000000\">Kolagenov\u00fd komplex je dopln\u011bk stravy, kter\u00fd obsahuje kombinaci r\u016fzn\u00fdch slo\u017eek pro <b>podporu t\u011bla p\u0159i tvorb\u011b a udr\u017eov\u00e1n\u00ed kolagenu<\/b>. Kolagen je kl\u00ed\u010dov\u00fd protein, kter\u00fd tvo\u0159\u00ed v\u011bt\u0161inu pojivov\u00fdch tk\u00e1n\u00ed v t\u011ble, v\u010detn\u011b k\u016f\u017ee, kost\u00ed, kloub\u016f, sval\u016f, vaz\u016f a chrupavek. S p\u0159ib\u00fdvaj\u00edc\u00edm v\u011bkem jeho p\u0159irozen\u00e1 produkce kles\u00e1, co\u017e m\u016f\u017ee v\u00e9st k r\u016fzn\u00fdm probl\u00e9m\u016fm, jako jsou vr\u00e1sky, ztr\u00e1ta elasticity k\u016f\u017ee, bolesti kloub\u016f a slab\u0161\u00ed nehty a vlasy. Pravidelnou konzumac\u00ed m\u016f\u017eete \u00fa\u010dinn\u011b podpo\u0159it p\u0159irozenou produkci kolagenu a dodat t\u011blu pot\u0159ebn\u00e9 \u017eiviny pro optim\u00e1ln\u00ed zdrav\u00ed a pohodu<b>.<\/b><\/span><\/p>\n<h2><span style=\"color: #000000\"><b>Kdo pot\u0159ebuje kolagenov\u00fd komplex?<\/b><\/span><\/h2>\n<p><span style=\"color: #000000\">Kolagenov\u00fd komplex je doporu\u010den pro v\u0161echny, kte\u0159\u00ed cht\u011bj\u00ed udr\u017eet mladistv\u00fd vzhled a dobr\u00fd fyzick\u00fd stav, zejm\u00e9na v\u0161ak:<\/span><\/p>\n<ul>\n<li><span style=\"color: #000000\">Osoby po 25. roce \u017eivota, kdy za\u010d\u00edn\u00e1 klesat p\u0159irozen\u00e1 produkce kolagenu.<\/span><\/li>\n<li><span style=\"color: #000000\">Sportovce, kte\u0159\u00ed cht\u011bj\u00ed pos\u00edlit klouby a svaly.<\/span><\/li>\n<li><span style=\"color: #000000\">Osoby s probl\u00e9my s klouby, chrupavkami nebo osteopor\u00f3zou.<\/span><\/li>\n<li><span style=\"color: #000000\">Ty, kte\u0159\u00ed maj\u00ed probl\u00e9my se suchou, ochablou k\u016f\u017e\u00ed, vypad\u00e1v\u00e1n\u00edm vlas\u016f nebo k\u0159ehk\u00fdmi nehty.<\/span><\/li>\n<\/ul>\n<h2><span style=\"color: #000000\"><b>Pro\u010d je d\u016fle\u017eit\u00e9 u\u017e\u00edvat kolagen?<\/b><\/span><\/h2>\n<p><span style=\"color: #000000\">Po 25. roce \u017eivota t\u011blo postupn\u011b sni\u017euje produkci vlastn\u00edho kolagenu, co\u017e se m\u016f\u017ee projevit v podob\u011b prvn\u00edch vr\u00e1sek, m\u00e9n\u011b pevn\u00e9 k\u016f\u017ee, \u0159\u00eddnouc\u00edch vlas\u016f, k\u0159ehk\u00fdch neht\u016f a probl\u00e9m\u016f s klouby a svaly. Nedostatek kolagenu lze doplnit vyv\u00e1\u017eenou stravou a kvalitn\u00edmi dopl\u0148ky stravy.<\/span><\/p>\n<p><span style=\"color: #000000\">Kolagenov\u00fd komplex obsahuje pouze pe\u010dliv\u011b vybran\u00e9 p\u0159\u00edrodn\u00ed slo\u017eky, kter\u00e9 t\u011blu poskytuj\u00ed optim\u00e1ln\u00ed podporu.<\/span><\/p>\n<h2><span style=\"color: #000000\"><b>V\u00fdhody pravideln\u00e9ho u\u017e\u00edv\u00e1n\u00ed kolagenu:<\/b><\/span><\/h2>\n<p><span style=\"color: #000000\"><b>Vitamin C<\/b><\/span><\/p>\n<ul>\n<li><span style=\"color: #000000\">hraje roli p\u0159i tvorb\u011b kolagenu pro norm\u00e1ln\u00ed funkci c\u00e9v, kost\u00ed, chrupavek, d\u00e1sn\u00ed, k\u016f\u017ee a zub\u016f<\/span><\/li>\n<li><span style=\"color: #000000\">p\u0159isp\u00edv\u00e1 k uvol\u0148ov\u00e1n\u00ed energie p\u0159i metabolismu, k fungov\u00e1n\u00ed nervov\u00e9ho syst\u00e9mu a norm\u00e1ln\u00ed psychick\u00e9 \u010dinnosti<\/span><\/li>\n<li><span style=\"color: #000000\">podporuje funkci imunitn\u00edho syst\u00e9mu<\/span><\/li>\n<li><span style=\"color: #000000\">zvy\u0161uje absorpci \u017eeleza<\/span><\/li>\n<li><span style=\"color: #000000\">pom\u00e1h\u00e1 sni\u017eovat \u00fanavu a vy\u010derp\u00e1n\u00ed<\/span><\/li>\n<li><span style=\"color: #000000\">chr\u00e1n\u00ed bu\u0148ky p\u0159ed oxida\u010dn\u00edm stresem<\/span><\/li>\n<li><span style=\"color: #000000\">p\u0159isp\u00edv\u00e1 k obnov\u011b redukovan\u00e9 formy vitaminu E<\/span><\/li>\n<\/ul>\n<p><span style=\"color: #000000\"><b>Biotin<\/b><\/span><\/p>\n<ul>\n<li><span style=\"color: #000000\">p\u0159isp\u00edv\u00e1 k uvol\u0148ov\u00e1n\u00ed energie p\u0159i metabolismu<\/span><\/li>\n<li><span style=\"color: #000000\">podporuje funkci nervov\u00e9ho syst\u00e9mu<\/span><\/li>\n<li><span style=\"color: #000000\">p\u0159isp\u00edv\u00e1 k norm\u00e1ln\u00ed psychick\u00e9 \u010dinnosti<\/span><\/li>\n<li><span style=\"color: #000000\">pod\u00edl\u00ed se na metabolismu makro\u017eivin<\/span><\/li>\n<li><span style=\"color: #000000\">pom\u00e1h\u00e1 udr\u017eovat zdrav\u00e9 vlasy<\/span><\/li>\n<li><span style=\"color: #000000\">podporuje zdrav\u00ed sliznic a k\u016f\u017ee<\/span><\/li>\n<\/ul>\n<p><span style=\"color: #000000\"><b>Vitamin D<\/b><\/span><\/p>\n<ul>\n<li><span style=\"color: #000000\">p\u0159isp\u00edv\u00e1 k norm\u00e1ln\u00ed absorpci\/vyu\u017eit\u00ed v\u00e1pn\u00edku a fosforu<\/span><\/li>\n<li><span style=\"color: #000000\">pom\u00e1h\u00e1 udr\u017eovat norm\u00e1ln\u00ed hladinu v\u00e1pn\u00edku v krvi<\/span><\/li>\n<li><span style=\"color: #000000\">p\u0159isp\u00edv\u00e1 k udr\u017een\u00ed zdrav\u00fdch kost\u00ed a zub\u016f<\/span><\/li>\n<li><span style=\"color: #000000\">podporuje funkci sval\u016f<\/span><\/li>\n<li><span style=\"color: #000000\">posiluje imunitn\u00ed syst\u00e9m<\/span><\/li>\n<li><span style=\"color: #000000\">hraje roli v procesu d\u011blen\u00ed bun\u011bk<\/span><\/li>\n<\/ul>\n<h2><span style=\"color: #000000\"><b>Skladov\u00e1n\u00ed a upozorn\u011bn\u00ed<\/b><\/span><\/h2>\n<p><span style=\"color: #000000\">Skladujte na such\u00e9m m\u00edst\u011b p\u0159i teplot\u011b do 25 \u00b0C, chr\u00e1n\u011bn\u00e9m p\u0159ed vlhkost\u00ed a sv\u011btlem. Ujist\u011bte se, \u017ee s\u00e1\u010dek nebo d\u00f3za jsou dob\u0159e uzav\u0159eny.<\/span><\/p>\n<p><span style=\"color: #000000\">Produkt nen\u00ed vhodn\u00fd pro d\u011bti, mladistv\u00e9, t\u011bhotn\u00e9 a koj\u00edc\u00ed \u017eeny. Diabetici, osoby s intoleranc\u00ed na gluk\u00f3zu, osoby u\u017e\u00edvaj\u00edc\u00ed kumarinov\u00e9 antikoagulanty a osoby se zn\u00e1m\u00fdmi kardiovaskul\u00e1rn\u00edmi onemocn\u011bn\u00edmi \u010di astmatici by se m\u011bly p\u0159ed pou\u017eit\u00edm poradit s l\u00e9ka\u0159em. V p\u0159\u00edpad\u011b nevolnosti, bolesti b\u0159icha, za\u017e\u00edvac\u00edch pot\u00ed\u017e\u00ed, pr\u016fjmu, z\u00e1cpy, z\u00e1vrat\u00ed, ospalosti, bolesti hlavy, vyr\u00e1\u017eek, sv\u011bd\u011bn\u00ed nebo zarudnut\u00ed poko\u017eky p\u0159esta\u0148te produkt u\u017e\u00edvat.<\/span><\/p>\n<h2><span style=\"color: #000000\"><b>Balen\u00ed<\/b><\/span><\/h2>\n<p><span style=\"color: #000000\">Vzduchot\u011bsn\u00fd s\u00e1\u010dek se zipem nebo d\u00f3za, kter\u00e1 zachov\u00e1v\u00e1 ve\u0161kerou \u010derstvost a aroma produktu. Obal chr\u00e1n\u00ed p\u0159ed sv\u011btlem a vzduchem. Skl\u00e1d\u00e1 se z n\u011bkolika ochrann\u00fdch vrstev, kter\u00e9 zachov\u00e1vaj\u00ed vlastnosti produktu.<\/span><\/p>\n<p><span style=\"color: #000000\">Obal je velmi praktick\u00fd a umo\u017e\u0148uje recyklaci.<\/span><\/p>\n<h2><span style=\"color: #000000\"><b>P\u016fvod<\/b><\/span><\/h2>\n<p><span style=\"color: #000000\">Slo\u017eky kolagenov\u00e9ho komplexu poch\u00e1zej\u00ed z EU i mimo EU, pe\u010dliv\u011b vybran\u00e9 pro zaji\u0161t\u011bn\u00ed nejvy\u0161\u0161\u00ed kvality.<\/span><\/p>\n","protected":false},"excerpt":{"rendered":"<p>Kolagenov\u00fd komplex obsahuje pouze pe\u010dliv\u011b vybran\u00e9 p\u0159\u00edrodn\u00ed slo\u017eky, kter\u00e9 t\u011blu poskytuj\u00ed optim\u00e1ln\u00ed podporu:<\/p>\n<p>\ud83d\udc9a zlep\u0161uje zdrav\u00ed poko\u017eky, obnovuje a podporuje elasticitu a eliminuje vr\u00e1sky<br \/>\n\ud83d\udc9a regenerace po\u0161kozen\u00fdch bun\u011bk a tk\u00e1n\u00ed,<br \/>\n\ud83d\udc9a pom\u00e1h\u00e1 zm\u00edr\u0148ovat bolesti kloub\u016f,<br \/>\n\ud83d\udc9a p\u016fsob\u00ed na siln\u011bj\u0161\u00ed kosti,<br \/>\n\ud83d\udc9a pro kr\u00e1sn\u00e9 a leskl\u00e9 vlasy a pevn\u00e9 nehty,<br \/>\n\ud83d\udc9a \u00fa\u010dinek proti st\u00e1rnut\u00ed, zvy\u0161uje hydrataci.<\/p>\n","protected":false},"featured_media":6264,"comment_status":"open","ping_status":"closed","template":"","meta":{"_acf_changed":false},"product_brand":[],"product_cat":[15,230,226,228,195,227],"product_tag":[],"class_list":{"0":"post-6262","1":"product","2":"type-product","3":"status-publish","4":"has-post-thumbnail","6":"product_cat-uncategorized","7":"product_cat-mineraly-a-vitaminy","8":"product_cat-nabidka","9":"product_cat-nejprodavanejsi","10":"product_cat-superpotraviny","11":"product_cat-vsechny-produkty","13":"first","14":"instock","15":"sale","16":"taxable","17":"shipping-taxable","18":"purchasable","19":"product-type-simple"},"acf":[],"_links":{"self":[{"href":"https:\/\/fengchashop.com\/cz\/wp-json\/wp\/v2\/product\/6262","targetHints":{"allow":["GET"]}}],"collection":[{"href":"https:\/\/fengchashop.com\/cz\/wp-json\/wp\/v2\/product"}],"about":[{"href":"https:\/\/fengchashop.com\/cz\/wp-json\/wp\/v2\/types\/product"}],"replies":[{"embeddable":true,"href":"https:\/\/fengchashop.com\/cz\/wp-json\/wp\/v2\/comments?post=6262"}],"wp:featuredmedia":[{"embeddable":true,"href":"https:\/\/fengchashop.com\/cz\/wp-json\/wp\/v2\/media\/6264"}],"wp:attachment":[{"href":"https:\/\/fengchashop.com\/cz\/wp-json\/wp\/v2\/media?parent=6262"}],"wp:term":[{"taxonomy":"product_brand","embeddable":true,"href":"https:\/\/fengchashop.com\/cz\/wp-json\/wp\/v2\/product_brand?post=6262"},{"taxonomy":"product_cat","embeddable":true,"href":"https:\/\/fengchashop.com\/cz\/wp-json\/wp\/v2\/product_cat?post=6262"},{"taxonomy":"product_tag","embeddable":true,"href":"https:\/\/fengchashop.com\/cz\/wp-json\/wp\/v2\/product_tag?post=6262"}],"curies":[{"name":"wp","href":"https:\/\/api.w.org\/{rel}","templated":true}]}}