{"id":6254,"date":"2022-03-11T19:29:12","date_gmt":"2022-03-11T18:29:12","guid":{"rendered":"https:\/\/fengchashop.com\/cz\/product\/omega-3-mascobne-kisline-v-kapsulah-bio-60-kapsul\/"},"modified":"2026-04-20T12:26:17","modified_gmt":"2026-04-20T10:26:17","slug":"omega-3-mascobne-kisline-v-kapsulah-bio","status":"publish","type":"product","link":"https:\/\/fengchashop.com\/cz\/product\/omega-3-mascobne-kisline-v-kapsulah-bio\/","title":{"rendered":"Omega 3 mastn\u00e9 kyseliny v kapsl\u00edch 180 kapsl\u00ed"},"content":{"rendered":"<h2><span style=\"color: #000000\">Omega 3 mastn\u00e9 kyseliny <\/span><\/h2>\n<p><span style=\"color: #000000\">Omega 3 mastn\u00e9 kyseliny jsou pro \u010dlov\u011bka nezbytn\u00e9, ale t\u011blo si je neum\u00ed samo vyrobit. Proto\u017ee jsou naprosto nezbytn\u00e9 pro spr\u00e1vn\u00e9 fungov\u00e1n\u00ed n\u011bkolika proces\u016f v t\u011ble, je nutn\u00e9 je konzumovat s vhodnou stravou bohatou na tyto cenn\u00e9 tuky. Pokud v\u0161ak stravou nep\u0159ij\u00edm\u00e1me dostatek omega 3 mastn\u00fdch kyselin, jedn\u00edm z nej\u00fa\u010dinn\u011bj\u0161\u00edch a z\u00e1rove\u0148 jednoduch\u00fdch zp\u016fsob\u016f je u\u017e\u00edv\u00e1n\u00ed dopl\u0148ku stravy. Zde si mus\u00edme uv\u011bdomit, \u017ee na trhu je extr\u00e9mn\u011b velk\u00e1 nab\u00eddka, ale ne ka\u017ed\u00fd dopln\u011bk stravy s ryb\u00edm olejem (nebo z rostlinn\u00fdch zdroj\u016f) je dostate\u010dn\u011b dobr\u00fd. P\u0159edev\u0161\u00edm mus\u00edme b\u00fdt opatrn\u00ed, pokud hodl\u00e1me dopln\u011bk v\u00fd\u017eivy u\u017e\u00edvat del\u0161\u00ed dobu. Ne\u010distoty a zbyte\u010dn\u00e9, dokonce \u0161kodliv\u00e9 p\u0159\u00edsady mohou zp\u016fsobit v\u00edce \u0161kody ne\u017e u\u017eitku.<\/span><\/p>\n<p><span style=\"color: #000000\">Na\u0161e kapsle s omega 3 mastn\u00fdmi kyselinami jsou vyrobeny z nej\u010dist\u0161\u00edho ryb\u00edho oleje. Z ryb z divok\u00fdch vod, spr\u00e1vn\u011b zpracovan\u00fdch a uv\u011bzn\u011bn\u00fdch v m\u011bkk\u00fdch kapsl\u00edch, kter\u00e9 jsou men\u0161\u00ed, ale z\u00e1rove\u0148 ur\u010den\u00e9 pro snadn\u011bj\u0161\u00ed polyk\u00e1n\u00ed. Jsou \u0161pi\u010dkov\u00fdm dopl\u0148kem stravy vyroben\u00fdm z t\u011bch nejlep\u0161\u00edch surovin. Nezp\u016fsobuj\u00ed k\u0159e\u010de a nemaj\u00ed otravnou ryb\u00ed chu\u0165.<\/span><\/p>\n<p><span style=\"color: #000000\">Jak\u00e9 jsou v\u00fdhody u\u017e\u00edv\u00e1n\u00ed omega 3 mastn\u00fdch kyselin?<\/span><\/p>\n<p><span style=\"color: #000000\">Omega 3 mastn\u00e9 kyseliny maj\u00ed v na\u0161em t\u011ble minim\u00e1ln\u011b dv\u011b d\u016fle\u017eit\u00e9 role. V\u00fdzkumy prok\u00e1zaly, \u017ee ovliv\u0148uj\u00ed spr\u00e1vn\u00e9 fungov\u00e1n\u00ed kardiovaskul\u00e1rn\u00edho syst\u00e9mu a sni\u017euj\u00ed z\u00e1n\u011bty. Pokud tedy shrneme n\u011bkter\u00e9 \u00fa\u010dinky konzumace omega 3 mastn\u00fdch kyselin, zjist\u00edme, \u017ee:<\/span><\/p>\n<p><span style=\"color: #000000\">\ud83d\udc9a P\u0159isp\u00edvaj\u00ed k norm\u00e1ln\u00ed \u010dinnosti srdce a kardiovaskul\u00e1rn\u00edho syst\u00e9mu, v\u010detn\u011b regulace srde\u010dn\u00edho tepu a pom\u00e1haj\u00ed regulovat krevn\u00ed tlak a cholesterol.<\/span><br \/>\n<span style=\"color: #000000\">\ud83d\udc9a P\u0159isp\u00edvaj\u00ed k udr\u017een\u00ed norm\u00e1ln\u00edho zraku.<\/span><br \/>\n<span style=\"color: #000000\">\ud83d\udc9a P\u0159isp\u00edvaj\u00ed k udr\u017een\u00ed norm\u00e1ln\u00ed funkce mozku, v\u010detn\u011b funkce pam\u011bti a k \u200b\u200bregulaci n\u00e1lady a emo\u010dn\u00ed rovnov\u00e1hy.<\/span><br \/>\n<span style=\"color: #000000\">\ud83d\udc9a P\u0159isp\u00edvaj\u00ed k udr\u017een\u00ed norm\u00e1ln\u00ed hladiny triglycerid\u016f v krvi.<\/span><br \/>\n<span style=\"color: #000000\">\ud83d\udc9a Podporuj\u00ed spr\u00e1vn\u00e9 fungov\u00e1n\u00ed imunitn\u00edho syst\u00e9mu.<\/span><br \/>\n<span style=\"color: #000000\">\ud83d\udc9a Reguluj\u00ed n\u00e1ladu a kognitivn\u00ed (behavior\u00e1ln\u00ed) funkce.<\/span><br \/>\n<span style=\"color: #000000\">\ud83d\udc9a Jsou nesm\u00edrn\u011b d\u016fle\u017eit\u00e9 pro zdrav\u00e9 t\u011bhotenstv\u00ed a zdrav\u00fd v\u00fdvoj nenarozen\u00e9ho a kojen\u00e9ho d\u00edt\u011bte. Podporovat siln\u011bj\u0161\u00ed intelektu\u00e1ln\u00ed, motorick\u00e9 a zrakov\u00e9 schopnosti d\u00edt\u011bte, pro lep\u0161\u00ed pam\u011b\u0165 a pozornost a p\u0159edch\u00e1zet poruch\u00e1m chov\u00e1n\u00ed a p\u0159edch\u00e1zet vzniku potravinov\u00fdch alergi\u00ed.<\/span><br \/>\n<span style=\"color: #000000\">\ud83d\udc9a Pom\u00e1haj\u00ed zlep\u0161ovat p\u0159\u00edznaky autoimunitn\u00edch onemocn\u011bn\u00ed a ADHD u d\u011bt\u00ed.<\/span><br \/>\n<span style=\"color: #000000\">\ud83d\udc9a P\u0159irozen\u011b hydratuj\u00ed na\u0161i poko\u017eku a vlasy a dod\u00e1vaj\u00ed jim zdrav\u00fd vzhled.<\/span><br \/>\n<span style=\"color: #000000\">\ud83d\udc9a Sni\u017euj\u00ed z\u00e1n\u011bt; zm\u00edr\u0148uje tak\u00e9 ko\u017en\u00ed probl\u00e9my, jako je ekz\u00e9m, akn\u00e9, r\u016f\u017eovka a lup\u00e9nka.<\/span><br \/>\n<span style=\"color: #000000\">\ud83d\udc9a Umo\u017e\u0148uj\u00ed rychlej\u0161\u00ed regeneraci sval\u016f po nam\u00e1hav\u00e9m sportovn\u00edm tr\u00e9ninku nebo jin\u00fdch pohybov\u00fdch aktivit\u00e1ch; zabra\u0148uje tak\u00e9 ztr\u00e1t\u011b svalov\u00e9 hmoty a z\u00e1rove\u0148 zvy\u0161uje ztr\u00e1tu tukov\u00fdch z\u00e1sob.<\/span><\/p>\n<h2><span style=\"color: #000000\">Pro\u010d si vybrat na\u0161e Omega 3 kapsle?<\/span><\/h2>\n<p><span style=\"color: #000000\">Konzumace omega 3 mastn\u00fdch kyselin je sama o sob\u011b dobrou investic\u00ed pro na\u0161e fyzick\u00e9 i du\u0161evn\u00ed zdrav\u00ed. V\u00fdb\u011brem \u010dist\u00e9ho a co nejp\u0159irozen\u011bj\u0161\u00edho dopl\u0148ku, jako je ten n\u00e1\u0161, m\u016f\u017eeme vyu\u017e\u00edt dal\u0161\u00ed v\u00fdhody, proto\u017ee:<\/span><\/p>\n<p><span style=\"color: #000000\">\ud83d\udc9a Dopln\u011bk stravy nen\u00ed vyroben zahu\u0161t\u011bn\u00edm ryb\u00edho tuku a p\u0159id\u00e1n\u00edm um\u011bl\u00fdch p\u0159\u00edsad. N\u00e1\u0161 dopln\u011bk stravy je minim\u00e1ln\u011b zpracovan\u00fd, mnohem p\u0159irozen\u011bj\u0161\u00ed a na\u0161e t\u011blo proto sn\u00e1ze vyu\u017e\u00edv\u00e1 jeho benefit\u016f.<\/span><br \/>\n<span style=\"color: #000000\">\ud83d\udc9a Jsou to tobolky bez charakteristick\u00e9 chuti a v\u016fn\u011b. Ale nebudeme se o n\u011b starat.<\/span><br \/>\n<span style=\"color: #000000\">\ud83d\udc9a Men\u0161\u00ed m\u011bkk\u00e9 tobolky usnad\u0148uj\u00ed polyk\u00e1n\u00ed.<\/span><br \/>\n<span style=\"color: #000000\">\ud83d\udc9a Obsahuj\u00ed minim\u00e1ln\u011b 90% p\u0159\u00edrodn\u00edch triglycerid\u016f, bez ethylester\u016f, kter\u00e9 se jinak pou\u017e\u00edvaj\u00ed p\u0159i v\u00fdrob\u011b koncentrovan\u00e9ho ryb\u00edho tuku &#8211; pro zaji\u0161t\u011bn\u00ed vy\u0161\u0161\u00ed hladiny DHA a EPA, ne\u017e jsou hodnoty typick\u00e9 pro norm\u00e1ln\u00ed ryb\u00ed tuk. Takov\u00fd dopln\u011bk stravy je um\u011ble vylep\u0161en\u00fd a tedy h\u016f\u0159e straviteln\u00fd, m\u00e9n\u011b p\u0159irozen\u00fd a p\u0159i dlouhodob\u00e9m u\u017e\u00edv\u00e1n\u00ed m\u016f\u017ee b\u00fdt pro na\u0161e t\u011blo i zat\u011b\u017euj\u00edc\u00ed.<\/span><br \/>\n<span style=\"color: #000000\">\ud83d\udc9a Olej je obzvl\u00e1\u0161t\u011b \u010dist\u00fd, vyroben\u00fd speci\u00e1ln\u00edm procesem filtrace, destilace a rafinace.<\/span><br \/>\n<span style=\"color: #000000\">\ud83d\udc9a Obsahuj\u00ed minim\u00e1ln\u011b 65 % kyseliny dokosahexaenov\u00e9 (DHA) a eikosapentaenov\u00e9 (EPA).<\/span><br \/>\n<span style=\"color: #000000\">\ud83d\udc9a Pro lep\u0161\u00ed trvanlivost je do produktu p\u0159id\u00e1n p\u0159\u00edrodn\u00ed antioxidant ve form\u011b tokoferolu (vitam\u00edn E).<\/span><br \/>\n<span style=\"color: #000000\">\ud83d\udc9a Ryby jsou nav\u00edc loveny podle z\u00e1sad udr\u017eiteln\u00e9ho rybolovu. Obaly ka\u017ed\u00e9ho dodavatele jsou tak\u00e9 opat\u0159eny sledovac\u00edm \u010d\u00edslem. Zaru\u010dena je tak\u00e9 st\u00e1l\u00e1 dod\u00e1vka olej\u016f nejvy\u0161\u0161\u00ed kvality. Jsou trvale \u010dist\u00e9, bezpe\u010dn\u00e9 a bezprobl\u00e9mov\u00e9. Z\u00e1vazek k \u010distot\u011b, kvalit\u011b a inovac\u00edm produkt\u016f zaji\u0161\u0165uje, \u017ee produkty spl\u0148uj\u00ed nejvy\u0161\u0161\u00ed pr\u016fmyslov\u00e9 standardy pro bezpe\u010dnost, sledovatelnost a udr\u017eitelnost. S nejni\u017e\u0161\u00edmi limity specifikac\u00ed je zaru\u010deno, \u017ee produkty spl\u0148uj\u00ed nebo p\u0159ekra\u010duj\u00ed v\u0161echny zn\u00e1m\u00e9 glob\u00e1ln\u00ed standardy \u010distoty. Bezpodm\u00edne\u010dn\u011b garantujeme konzistenci, bezpe\u010dnost a \u010distotu ka\u017ed\u00e9ho produktu.<\/span><\/p>\n<h2><span style=\"color: #000000\">Skladov\u00e1n\u00ed a varov\u00e1n\u00ed<\/span><\/h2>\n<p><span style=\"color: #000000\">Skladujte na chladn\u00e9m a such\u00e9m m\u00edst\u011b p\u0159i teplot\u011b do 25 \u00b0C. Dopln\u011bk stravy uchov\u00e1vejte mimo dosah d\u011bt\u00ed!<\/span><br \/>\n<span style=\"color: #000000\">Nezapom\u00ednejte na d\u016fle\u017eitost pestr\u00e9 stravy a zdrav\u00e9ho \u017eivotn\u00edho stylu, dopln\u011bk stravy nen\u00ed n\u00e1hradou vyv\u00e1\u017een\u00e9 a pestr\u00e9 stravy. Doporu\u010den\u00e9 denn\u00ed mno\u017estv\u00ed nebo d\u00e1vka by nem\u011bly b\u00fdt p\u0159ekro\u010deny.\u00a0<\/span><\/p>\n<h2><span style=\"color: #000000\">Balen\u00ed<\/span><\/h2>\n<p><span style=\"color: #000000\">Neprody\u0161n\u00fd uzav\u00edrateln\u00fd s\u00e1\u010dek, ve kter\u00e9m si v\u00fdrobek zachov\u00e1v\u00e1 ve\u0161kerou \u010derstvost a v\u016fni. Obal chr\u00e1n\u00ed p\u0159ed sv\u011btlem a vzduchem, proto\u017ee se skl\u00e1d\u00e1 z n\u011bkolika ochrann\u00fdch vrstev, kter\u00e9 zachov\u00e1vaj\u00ed vlastnosti obsahu.<\/span><br \/>\n<span style=\"color: #000000\">Obal je velmi praktick\u00fd a recyklovateln\u00fd.<\/span><\/p>\n<h2><span style=\"color: #000000\">P\u016fvod<\/span><\/h2>\n<p><span style=\"color: #000000\">Norsko<\/span><\/p>\n","protected":false},"excerpt":{"rendered":"<p>Omega 3 mastn\u00e9 kyseliny maj\u00ed v na\u0161em t\u011ble minim\u00e1ln\u011b dv\u011b d\u016fle\u017eit\u00e9 role. V\u00fdzkumy prok\u00e1zaly, \u017ee ovliv\u0148uj\u00ed spr\u00e1vn\u00e9 fungov\u00e1n\u00ed kardiovaskul\u00e1rn\u00edho syst\u00e9mu a sni\u017euj\u00ed z\u00e1n\u011bty. Omega 3 mastn\u00e9 kyseliny:<\/p>\n<p>\ud83d\udc9a p\u0159isp\u00edv\u00e1 k norm\u00e1ln\u00ed \u010dinnosti srdce a kardiovaskul\u00e1rn\u00edho syst\u00e9mu, v\u010detn\u011b regulace srde\u010dn\u00ed frekvence a \ud83d\udc9a p\u0159isp\u00edv\u00e1 k regulaci krevn\u00edho tlaku a cholesterolu,<br \/>\n\ud83d\udc9a p\u0159isp\u00edv\u00e1 k udr\u017een\u00ed norm\u00e1ln\u00ed funkce mozku, v\u010detn\u011b funkce pam\u011bti a regulace n\u00e1lady a emo\u010dn\u00ed rovnov\u00e1hy,<br \/>\n\ud83d\udc9a p\u0159isp\u00edv\u00e1 k udr\u017een\u00ed norm\u00e1ln\u00ed hladiny triglycerid\u016f v krvi,<br \/>\n\ud83d\udc9a podporuj\u00ed spr\u00e1vnou funkci imunitn\u00edho syst\u00e9mu,<br \/>\n\ud83d\udc9a sn\u00ed\u017eit z\u00e1n\u011bt.<\/p>\n","protected":false},"featured_media":6255,"comment_status":"open","ping_status":"closed","template":"","meta":{"_acf_changed":false},"product_brand":[],"product_cat":[15,230,226,227],"product_tag":[],"class_list":{"0":"post-6254","1":"product","2":"type-product","3":"status-publish","4":"has-post-thumbnail","6":"product_cat-uncategorized","7":"product_cat-mineraly-a-vitaminy","8":"product_cat-nabidka","9":"product_cat-vsechny-produkty","11":"first","12":"instock","13":"taxable","14":"shipping-taxable","15":"purchasable","16":"product-type-simple"},"acf":[],"_links":{"self":[{"href":"https:\/\/fengchashop.com\/cz\/wp-json\/wp\/v2\/product\/6254","targetHints":{"allow":["GET"]}}],"collection":[{"href":"https:\/\/fengchashop.com\/cz\/wp-json\/wp\/v2\/product"}],"about":[{"href":"https:\/\/fengchashop.com\/cz\/wp-json\/wp\/v2\/types\/product"}],"replies":[{"embeddable":true,"href":"https:\/\/fengchashop.com\/cz\/wp-json\/wp\/v2\/comments?post=6254"}],"wp:featuredmedia":[{"embeddable":true,"href":"https:\/\/fengchashop.com\/cz\/wp-json\/wp\/v2\/media\/6255"}],"wp:attachment":[{"href":"https:\/\/fengchashop.com\/cz\/wp-json\/wp\/v2\/media?parent=6254"}],"wp:term":[{"taxonomy":"product_brand","embeddable":true,"href":"https:\/\/fengchashop.com\/cz\/wp-json\/wp\/v2\/product_brand?post=6254"},{"taxonomy":"product_cat","embeddable":true,"href":"https:\/\/fengchashop.com\/cz\/wp-json\/wp\/v2\/product_cat?post=6254"},{"taxonomy":"product_tag","embeddable":true,"href":"https:\/\/fengchashop.com\/cz\/wp-json\/wp\/v2\/product_tag?post=6254"}],"curies":[{"name":"wp","href":"https:\/\/api.w.org\/{rel}","templated":true}]}}