{"id":6252,"date":"2022-03-11T17:52:40","date_gmt":"2022-03-11T16:52:40","guid":{"rendered":"https:\/\/fengchashop.com\/cz\/product\/vitamin-c-v-prahu-500-g\/"},"modified":"2026-05-04T14:22:43","modified_gmt":"2026-05-04T12:22:43","slug":"vitamin-c-v-prahu-500-g","status":"publish","type":"product","link":"https:\/\/fengchashop.com\/cz\/product\/vitamin-c-v-prahu-500-g\/","title":{"rendered":"Vitam\u00edn C v pr\u00e1\u0161ku 500 g"},"content":{"rendered":"<h2><span style=\"color: #000000\">Vitam\u00edn C\u00a0<\/span><\/h2>\n<p><span style=\"color: #000000\">Vitam\u00edn C neboli chemick\u00e1 kyselina askorbov\u00e1 je pro \u010dlov\u011bka nezbytn\u00fdm vitam\u00ednem, co\u017e znamen\u00e1, \u017ee je naprosto nezbytn\u00fd pro spr\u00e1vn\u00e9 fungov\u00e1n\u00ed na\u0161eho t\u011bla, ale na\u0161e t\u011blo si jej um\u00ed pouze syntetizovat nebo vyrobit, proto je nesm\u00edrn\u011b d\u016fle\u017eit\u00e9 jej konzumovat s j\u00eddlem . Vitamin C je p\u0159\u00edtomen ve v\u011bt\u0161in\u011b ovoce a zeleniny, tak\u017ee ti, kte\u0159\u00ed pravideln\u011b konzumuj\u00ed alespo\u0148 5 jednotek ovoce a\/nebo zeleniny denn\u011b, se dost\u00e1vaj\u00ed do t\u011bla v dostate\u010dn\u00e9m mno\u017estv\u00ed. N\u011bkdy m\u00e1 v\u0161ak smysl p\u0159idat i tento nesm\u00edrn\u011b d\u016fle\u017eit\u00fd vitam\u00edn, kter\u00fd je zodpov\u011bdn\u00fd za mnoho proces\u016f v na\u0161em t\u011ble, jeliko\u017e je to tak\u00e9 antioxidant, kter\u00fd chr\u00e1n\u00ed na\u0161e bu\u0148ky p\u0159ed oxidativn\u00edm stresem, kter\u00fd je nej\u010dast\u011bji vid\u011bt na na\u0161\u00ed poko\u017ece. Nedostatek vitaminu C m\u016f\u017ee v\u00e9st ke st\u00e1rnut\u00ed poko\u017eky a tvorb\u011b vr\u00e1sek, proto\u017ee vitamin C je z velk\u00e9 \u010d\u00e1sti zodpov\u011bdn\u00fd za tvorbu kolagenu, a tak hraje d\u016fle\u017eitou roli v norm\u00e1ln\u00edm fungov\u00e1n\u00ed k\u016f\u017ee, kost\u00ed a c\u00e9v. V ka\u017ed\u00e9m p\u0159\u00edpad\u011b m\u00e1 dobr\u00fd vliv i na n\u00e1\u0161 imunitn\u00ed syst\u00e9m, preventivn\u00ed konzumac\u00ed m\u016f\u017eeme p\u0159edej\u00edt nebo urychlit rekonvalescenci po sez\u00f3nn\u00edm nachlazen\u00ed a virov\u00fdch infekc\u00edch d\u00fdchac\u00edch cest.<\/span><\/p>\n<p><span style=\"color: #000000\">Ovoce a zelenina na na\u0161ich tal\u00ed\u0159\u00edch jsou st\u00e1le v\u00edce ochuzeny o vitam\u00edny v d\u016fsledku zp\u016fsobu p\u011bstov\u00e1n\u00ed, p\u0159epravy a doby od sklizn\u011b po konzumaci. Nedostatek vitaminu C se m\u016f\u017ee projevit jako celkov\u00e1 fyzick\u00e1 i psychick\u00e1 \u00fanava, hor\u0161\u00ed hojen\u00ed ran, krv\u00e1cen\u00ed, pomalej\u0161\u00ed rekonvalescence po nemoci, oslaben\u00ed imunitn\u00edho syst\u00e9mu atd. V t\u00e9 dob\u011b je dobr\u00e9 zajistit t\u011blu zv\u00fd\u0161en\u00fd p\u0159\u00edjem vitam\u00edn\u016f pomoc\u00ed dopl\u0148k\u016f v\u00fd\u017eivy. Mnohem v\u00edce vitaminu C obecn\u011b pot\u0159ebuj\u00ed ku\u0159\u00e1ci, manu\u00e1ln\u011b pracuj\u00edc\u00ed a sportovci, stejn\u011b jako t\u011bhotn\u00e9 a koj\u00edc\u00ed matky, kter\u00e9 by u\u017e\u00edv\u00e1n\u00ed dopl\u0148k\u016f v\u00fd\u017eivy m\u011bly v\u017edy konzultovat s l\u00e9ka\u0159em.<\/span><\/p>\n<p><span style=\"color: #000000\">Na\u0161e t\u011blo si vitam\u00edn C neukl\u00e1d\u00e1, proto je bezpodm\u00edne\u010dn\u011b nutn\u00e9 denn\u011b konzumovat ovoce a zeleninu a p\u0159\u00edpadn\u011b p\u0159idat dopl\u0148ky stravy s kyselinou L-askorbovou.<\/span><\/p>\n<p><span style=\"color: #000000\">Pro\u010d zvolit vitam\u00edn C ve form\u011b pr\u00e1\u0161ku kyseliny L-askorbov\u00e9?<\/span><\/p>\n<p><span style=\"color: #000000\">Na\u0161e \u010dist\u00e1 kyselina L-askorbov\u00e1 je vlastn\u011b p\u0159irozenou formou vitaminu C, kter\u00fd m\u016f\u017ee b\u00fdt p\u0159\u00edrodn\u00edho p\u016fvodu nebo syntetick\u00fd, ale ob\u011b formy jsou si natolik podobn\u00e9 \u2013 strukturou i \u00fa\u010dinnost\u00ed \u2013 \u017ee je profese klade na rove\u0148 (co\u017e neplat\u00ed pro syntetick\u00fd D &#8211; kyselina askorbov\u00e1, kterou si t\u011blo nedok\u00e1\u017ee syntetizovat, a proto se nepou\u017e\u00edv\u00e1 v potravinov\u00fdch dopl\u0148c\u00edch).<\/span><\/p>\n<p><span style=\"color: #000000\">U\u017e\u00edv\u00e1n\u00ed kyseliny L-askorbov\u00e9 nebo vitam\u00ednu C tak pom\u016f\u017ee (n\u00e1sleduj\u00edc\u00ed v\u00fdhody vitam\u00ednu C byly schv\u00e1leny tak\u00e9 EFSA nebo Evropskou agenturou pro bezpe\u010dnost potravin):<\/span><\/p>\n<p><span style=\"color: #000000\">\ud83d\udc9a k lep\u0161\u00edmu vst\u0159eb\u00e1v\u00e1n\u00ed \u017eeleza, kter\u00e9 je pro dobrou krev naprosto nezbytn\u00e9;<\/span><br \/>\n<span style=\"color: #000000\">\ud83d\udc9a ke zlep\u0161en\u00ed tvorby kolagenu a t\u00edm i norm\u00e1ln\u00ed \u010dinnosti kost\u00ed, k\u016f\u017ee, zub\u016f, \u017eil, chrupavek a d\u00e1sn\u00ed;<\/span><br \/>\n<span style=\"color: #000000\">\ud83d\udc9a k norm\u00e1ln\u00ed psychick\u00e9 \u010dinnosti;<\/span><br \/>\n<span style=\"color: #000000\">\ud83d\udc9a chr\u00e1nit bu\u0148ky p\u0159ed oxida\u010dn\u00edm stresem;<\/span><br \/>\n<span style=\"color: #000000\">\ud83d\udc9a lep\u0161\u00ed fungov\u00e1n\u00ed imunitn\u00edho syst\u00e9mu;<\/span><br \/>\n<span style=\"color: #000000\">\ud83d\udc9a ke sn\u00ed\u017een\u00ed \u00fanavy a vy\u010derp\u00e1n\u00ed atd.<\/span><\/p>\n<p><span style=\"color: #000000\">V\u00fd\u017eivov\u00fd dopln\u011bk v pr\u00e1\u0161ku je tak\u00e9 praktick\u00fd na pou\u017eit\u00ed a p\u0159ipraven\u00fd n\u00e1poj je chutn\u00fd a osv\u011b\u017euj\u00edc\u00ed.<\/span><\/p>\n<h2><span style=\"color: #000000\">Skladov\u00e1n\u00ed a varov\u00e1n\u00ed<\/span><\/h2>\n<p><span style=\"color: #000000\">Skladujte na chladn\u00e9m a such\u00e9m m\u00edst\u011b p\u0159i teplot\u011b do 25 \u00b0C. Dopln\u011bk stravy uchov\u00e1vejte mimo dosah d\u011bt\u00ed!<\/span><\/p>\n<p><span style=\"color: #000000\">Nezapom\u00ednejte na d\u016fle\u017eitost pestr\u00e9 stravy a zdrav\u00e9ho \u017eivotn\u00edho stylu, dopln\u011bk v\u00fd\u017eivy tedy nenahrazuje vyv\u00e1\u017eenou a pestrou stravu. Doporu\u010den\u00e9 denn\u00ed mno\u017estv\u00ed nebo d\u00e1vka se nesm\u00ed p\u0159ekro\u010dit. T\u011bhotn\u00fdm a koj\u00edc\u00edm matk\u00e1m se v\u017edy doporu\u010duje konzultovat u\u017e\u00edv\u00e1n\u00ed s l\u00e9ka\u0159em. Nevhodn\u00e9 pro d\u011bti do 14 let.<\/span><\/p>\n<h2><span style=\"color: #000000\">Balen\u00ed<\/span><\/h2>\n<p><span style=\"color: #000000\">Neprody\u0161n\u00fd uzav\u00edrateln\u00fd s\u00e1\u010dek, ve kter\u00e9m si v\u00fdrobek zachov\u00e1v\u00e1 ve\u0161kerou \u010derstvost a v\u016fni. Obal chr\u00e1n\u00ed p\u0159ed sv\u011btlem a vzduchem, proto\u017ee se skl\u00e1d\u00e1 z n\u011bkolika ochrann\u00fdch vrstev, kter\u00e9 zachov\u00e1vaj\u00ed vlastnosti obsahu.<\/span><br \/>\n<span style=\"color: #000000\">Obal je velmi praktick\u00fd a recyklovateln\u00fd.<\/span><\/p>\n<h2><span style=\"color: #000000\">P\u016fvod<\/span><\/h2>\n<p><span style=\"color: #000000\">\u010c\u00edna.<\/span><\/p>\n<p><span style=\"color: #000000\">M\u00e1me velmi spolehliv\u00e9 dodavatele, kte\u0159\u00ed n\u00e1m ke ka\u017ed\u00e9 \u0161ar\u017ei za\u0161lou podrobn\u00fd chemick\u00fd rozbor potravin. Za v\u00edce ne\u017e deset let jsme u tohoto zbo\u017e\u00ed ani u jin\u00fdch polo\u017eek od stejn\u00e9ho dodavatele nezaznamenali \u017e\u00e1dn\u00e9 sta\u017een\u00ed ani jin\u00e9 probl\u00e9my.<\/span><\/p>\n","protected":false},"excerpt":{"rendered":"<p>U\u017e\u00edv\u00e1n\u00ed kyseliny L-askorbov\u00e9 nebo vitam\u00ednu C tak pom\u016f\u017ee (n\u00e1sleduj\u00edc\u00ed v\u00fdhody vitam\u00ednu C byly schv\u00e1leny tak\u00e9 EFSA nebo Evropskou agenturou pro bezpe\u010dnost potravin):<\/p>\n<p>\ud83d\udc9a k lep\u0161\u00edmu vst\u0159eb\u00e1v\u00e1n\u00ed \u017eeleza, kter\u00e9 je pro dobrou krev naprosto nezbytn\u00e9,<br \/>\n\ud83d\udc9a ke zlep\u0161en\u00ed tvorby kolagenu a t\u00edm k norm\u00e1ln\u00ed funkci kost\u00ed, k\u016f\u017ee, zub\u016f, \u017eil, chrupavek a d\u00e1sn\u00ed,<br \/>\n\ud83d\udc9a k norm\u00e1ln\u00ed psychick\u00e9 \u010dinnosti,<br \/>\n\ud83d\udc9a k ochran\u011b bun\u011bk p\u0159ed oxidativn\u00edm stresem,<br \/>\n\ud83d\udc9a lep\u0161\u00ed fungov\u00e1n\u00ed imunitn\u00edho syst\u00e9mu,<br \/>\n\ud83d\udc9a ke sn\u00ed\u017een\u00ed \u00fanavy a vy\u010derp\u00e1n\u00ed.<\/p>\n","protected":false},"featured_media":6253,"comment_status":"open","ping_status":"closed","template":"","meta":{"_acf_changed":false},"product_brand":[],"product_cat":[15,230,226,227],"product_tag":[],"class_list":{"0":"post-6252","1":"product","2":"type-product","3":"status-publish","4":"has-post-thumbnail","6":"product_cat-uncategorized","7":"product_cat-mineraly-a-vitaminy","8":"product_cat-nabidka","9":"product_cat-vsechny-produkty","11":"first","12":"instock","13":"taxable","14":"shipping-taxable","15":"purchasable","16":"product-type-simple"},"acf":[],"_links":{"self":[{"href":"https:\/\/fengchashop.com\/cz\/wp-json\/wp\/v2\/product\/6252","targetHints":{"allow":["GET"]}}],"collection":[{"href":"https:\/\/fengchashop.com\/cz\/wp-json\/wp\/v2\/product"}],"about":[{"href":"https:\/\/fengchashop.com\/cz\/wp-json\/wp\/v2\/types\/product"}],"replies":[{"embeddable":true,"href":"https:\/\/fengchashop.com\/cz\/wp-json\/wp\/v2\/comments?post=6252"}],"wp:featuredmedia":[{"embeddable":true,"href":"https:\/\/fengchashop.com\/cz\/wp-json\/wp\/v2\/media\/6253"}],"wp:attachment":[{"href":"https:\/\/fengchashop.com\/cz\/wp-json\/wp\/v2\/media?parent=6252"}],"wp:term":[{"taxonomy":"product_brand","embeddable":true,"href":"https:\/\/fengchashop.com\/cz\/wp-json\/wp\/v2\/product_brand?post=6252"},{"taxonomy":"product_cat","embeddable":true,"href":"https:\/\/fengchashop.com\/cz\/wp-json\/wp\/v2\/product_cat?post=6252"},{"taxonomy":"product_tag","embeddable":true,"href":"https:\/\/fengchashop.com\/cz\/wp-json\/wp\/v2\/product_tag?post=6252"}],"curies":[{"name":"wp","href":"https:\/\/api.w.org\/{rel}","templated":true}]}}