{"id":6249,"date":"2022-11-03T10:13:00","date_gmt":"2022-11-03T09:13:00","guid":{"rendered":"https:\/\/fengchashop.com\/cz\/product\/citrat-horecnaty-v-prasku-250-g\/"},"modified":"2025-07-01T18:11:55","modified_gmt":"2025-07-01T16:11:55","slug":"citrat-horecnaty-v-prasku","status":"publish","type":"product","link":"https:\/\/fengchashop.com\/cz\/product\/citrat-horecnaty-v-prasku\/","title":{"rendered":"Citr\u00e1t ho\u0159e\u010dnat\u00fd v pr\u00e1\u0161ku 250 g"},"content":{"rendered":"<h2><span style=\"color: #000000;\">Citr\u00e1t ho\u0159e\u010dnat\u00fd<\/span><\/h2>\n<p><span style=\"color: #000000;\">Ho\u0159\u010d\u00edk je velmi<strong> d\u016fle\u017eit\u00fd miner\u00e1l, kter\u00fd<\/strong> je zodpov\u011bdn\u00fd za v\u00edce ne\u017e 300 metabolick\u00fdch reakc\u00ed v lidsk\u00e9m t\u011ble. Odborn\u00edci ho \u010dasto ozna\u010duj\u00ed za &#8222;kr\u00e1le miner\u00e1l\u016f&#8220;. Hraje velmi d\u016fle\u017eitou roli ve <strong>spr\u00e1vn\u00e9 funkci kost\u00ed, sval\u016f a nervov\u00e9ho syst\u00e9mu.<\/strong> \u010casto se konzumuje k<strong>prevenci k\u0159e\u010d\u00ed (v l\u00fdtk\u00e1ch), \u00fanavy, vy\u010derp\u00e1n\u00ed a pro norm\u00e1ln\u00ed psychick\u00e9 fungov\u00e1n\u00ed.<\/strong> Vzhledem k modern\u00edmu \u017eivotn\u00edmu stylu &#8211; nedostatek sp\u00e1nku, stres, strava &#8211; se \u010dasto obrac\u00edme na dopl\u0148ky ho\u0159\u010d\u00edku. A p\u0159esto\u017ee ho hodn\u011b najdeme v zelen\u00e9 zelenin\u011b, ryb\u00e1ch, slune\u010dnicov\u00fdch a d\u00fd\u0148ov\u00fdch sem\u00ednk\u00e1ch, ovoci a o\u0159e\u0161\u00edch, jednodu\u0161e ho spot\u0159ebujeme v\u00edce, ne\u017e kolik ho sn\u00edme. Zv\u00fd\u0161enou pot\u0159ebu ho\u0159\u010d\u00edku maj\u00ed sportovci a velmi aktivn\u00ed lid\u00e9, t\u011bhotn\u00e9 \u017eeny a star\u0161\u00ed lid\u00e9. V p\u0159\u00edrod\u011b je ho\u0159\u010d\u00edk v\u017edy v\u00e1z\u00e1n na jinou slou\u010deninu, co\u017e mu dod\u00e1v\u00e1 specifick\u00e9 vlastnosti, zejm\u00e9na pokud jde o vst\u0159eb\u00e1v\u00e1n\u00ed a dal\u0161\u00ed \u00fa\u010dinky. Proto je d\u016fle\u017eit\u00e9 vybrat si spr\u00e1vn\u00fd ho\u0159\u010d\u00edk pro na\u0161e pot\u0159eby.<\/span><\/p>\n<p><span style=\"color: #000000;\">Ho\u0159\u010d\u00edk ve form\u011b citr\u00e1tu ho\u0159e\u010dnat\u00e9ho je jednou z nejb\u011b\u017en\u011bj\u0161\u00edch forem ho\u0159\u010d\u00edku na na\u0161em trhu. Existuje v\u00edce ne\u017e des\u00edtka r\u016fzn\u00fdch forem ho\u0159\u010d\u00edku a n\u011bkter\u00e9 formy jsou dokonce nedoporu\u010dov\u00e1ny (nap\u0159\u00edklad aspart\u00e1t ho\u0159e\u010dnat\u00fd a glutam\u00e1t ho\u0159e\u010dnat\u00fd). Ne v\u0161echen ho\u0159\u010d\u00edk tedy uspokoj\u00ed na\u0161e pot\u0159eby. Vyb\u00edrejte si formy ho\u0159\u010d\u00edku, kter\u00e9 jsou kvalitn\u00ed a p\u0159edev\u0161\u00edm pro v\u00e1s vhodn\u00e9.<\/span><\/p>\n<p><span style=\"color: #000000;\">Nedostatek ho\u0159\u010d\u00edku je spojov\u00e1n s \u0159adou onemocn\u011bn\u00ed, v\u010detn\u011b migr\u00e9ny, chronick\u00e9 \u00fanavy, vysok\u00e9ho krevn\u00edho tlaku, \u00fazkosti a dal\u0161\u00edch psychick\u00fdch poruch. Ho\u0159\u010d\u00edk nep\u0159\u00edmo opravuje po\u0161kozen\u00e9 bu\u0148ky, co\u017e zabra\u0148uje vzniku nemoc\u00ed spojen\u00fdch s <strong>jejich po\u0161kozen\u00edm<\/strong> &#8211; v\u010detn\u011b nap\u0159\u00edklad rakoviny. Nedostatek ho\u0159\u010d\u00edku z\u00e1rove\u0148 sni\u017euje \u00fa\u010dinek d\u016fle\u017eit\u00e9ho vitaminu D.<\/span><\/p>\n<p><span style=\"color: #000000;\">N\u00e1\u0161 citr\u00e1t ho\u0159e\u010dnat\u00fd je prvot\u0159\u00eddn\u00ed kvality.<\/span><\/p>\n<h2><span style=\"color: #000000;\">Pro\u010d si vybrat citr\u00e1t ho\u0159e\u010dnat\u00fd?<\/span><\/h2>\n<p><span style=\"color: #000000;\">Ho\u0159\u010d\u00edk ve form\u011b citr\u00e1tu ho\u0159e\u010dnat\u00e9ho se rychleji vst\u0159eb\u00e1v\u00e1 a p\u016fsob\u00ed jako m\u00edrn\u00e9 proj\u00edmadlo. Vst\u0159eb\u00e1v\u00e1 se tak\u00e9 \u00fa\u010dinn\u011bji ne\u017e n\u011bkter\u00e9 jin\u00e9 formy, co\u017e znamen\u00e1, \u017ee doporu\u010den\u00fdch denn\u00edch d\u00e1vek lze dos\u00e1hnout s men\u0161\u00edm mno\u017estv\u00edm. M\u00e1 tak\u00e9 dal\u0161\u00ed pozitivn\u00ed vlastnosti, jako nap\u0159:<\/span><\/p>\n<p><span style=\"color: #000000;\">\ud83d\udc9a pom\u00e1h\u00e1<strong> sni\u017eovat \u00fanavu a vy\u010derp\u00e1n\u00ed<\/strong>,<\/span><br \/>\n<span style=\"color: #000000;\">\ud83d\udc9a<strong> podporuje elektrolytovou rovnov\u00e1hu<\/strong>, kter\u00e1 je pot\u0159ebn\u00e1 zejm\u00e9na p\u0159i fyzick\u00e9 n\u00e1maze,<\/span><br \/>\n<span style=\"color: #000000;\">\ud83d\udc9a p\u0159\u00edzniv\u011b p\u016fsob\u00ed na<strong> nervov\u00fd syst\u00e9m<\/strong>,<\/span><br \/>\n<span style=\"color: #000000;\">\ud83d\udc9a p\u0159isp\u00edv\u00e1 k <strong>norm\u00e1ln\u00ed funkci sval\u016f, norm\u00e1ln\u00edm psychick\u00fdm funkc\u00edm<\/strong>,<\/span><br \/>\n<span style=\"color: #000000;\">\ud83d\udc9a udr\u017euje <strong>siln\u00e9 kosti a zuby<\/strong>,<\/span><br \/>\n<span style=\"color: #000000;\">\ud83d\udc9a vyrovn\u00e1v\u00e1 pom\u011br v\u00e1pn\u00edku, \u010d\u00edm\u017e <strong>zabra\u0148uje p\u0159ekyselen\u00ed<\/strong> a &#8222;vrz\u00e1n\u00ed&#8220; kloub\u016f zp\u016fsoben\u00e9mu kalcinac\u00ed.<\/span><\/p>\n<h2><span style=\"color: #000000;\">Balen\u00ed<\/span><\/h2>\n<p><span style=\"color: #000000;\">Neprody\u0161n\u00fd s\u00e1\u010dek na zip, ve kter\u00e9m si v\u00fdrobek zachov\u00e1v\u00e1 ve\u0161kerou \u010derstvost a aroma. Obal chr\u00e1n\u00ed p\u0159ed sv\u011btlem a vzduchem, proto\u017ee je slo\u017een z n\u011bkolika ochrann\u00fdch vrstev, kter\u00e9 zachov\u00e1vaj\u00ed vlastnosti obsahu.<\/span><\/p>\n<p><span style=\"color: #000000;\">Obal je velmi praktick\u00fd a recyklovateln\u00fd.<\/span><\/p>\n<h2><span style=\"color: #000000;\">Skladov\u00e1n\u00ed a upozorn\u011bn\u00ed<\/span><\/h2>\n<p><span style=\"color: #000000;\">Skladujte na chladn\u00e9m a such\u00e9m m\u00edst\u011b p\u0159i teplot\u011b do 25 \u00b0C. Dopln\u011bk stravy uchov\u00e1vejte mimo dosah d\u011bt\u00ed!<\/span><\/p>\n<p><span style=\"color: #000000;\">Pokud sou\u010dasn\u011b u\u017e\u00edv\u00e1te antibiotika, l\u00e9ky na osteopor\u00f3zu nebo vysok\u00fd krevn\u00ed tlak, pora\u010fte se s l\u00e9ka\u0159em, proto\u017ee ho\u0159\u010d\u00edk m\u016f\u017ee ovlivnit jejich \u00fa\u010dinek.<\/span><\/p>\n<p><span style=\"color: #000000;\">Pamatujte na d\u016fle\u017eitost pestr\u00e9 stravy a zdrav\u00e9ho \u017eivotn\u00edho stylu, dopln\u011bk stravy nenahrazuje vyv\u00e1\u017eenou a pestrou stravu. Doporu\u010den\u00e9 denn\u00ed mno\u017estv\u00ed nebo d\u00e1vka by nem\u011bly b\u00fdt p\u0159ekra\u010dov\u00e1ny. T\u011bhotn\u00fdm a koj\u00edc\u00edm \u017een\u00e1m se p\u0159ed u\u017e\u00edv\u00e1n\u00edm v\u017edy doporu\u010duje konzultace s l\u00e9ka\u0159em.<\/span><\/p>\n<h2><span style=\"color: #000000;\">Source:<\/span><\/h2>\n<p><span style=\"color: #000000;\">\u010c\u00edna. M\u00e1me velmi spolehliv\u00e9 dodavatele, kte\u0159\u00ed n\u00e1m pro ka\u017edou \u0161ar\u017ei zas\u00edlaj\u00ed podrobn\u00fd chemick\u00fd rozbor potraviny. Za v\u00edce ne\u017e deset let jsme nem\u011bli \u017e\u00e1dn\u00e9 sta\u017een\u00ed z trhu ani jin\u00e9 probl\u00e9my s t\u00edmto v\u00fdrobkem, ani s jin\u00fdmi v\u00fdrobky od stejn\u00e9ho dodavatele.<\/span><\/p>\n","protected":false},"excerpt":{"rendered":"<p align=\"JUSTIFY\">Ho\u0159\u010d\u00edk je velmi d\u016fle\u017eit\u00fd miner\u00e1l, kter\u00fd je v lidsk\u00e9m t\u011ble zodpov\u011bdn\u00fd za v\u00edce ne\u017e 300 metabolick\u00fdch reakc\u00ed. Odborn\u00edci ho \u010dasto ozna\u010duj\u00ed za &#8222;kr\u00e1le miner\u00e1l\u016f&#8220;. Hraje velmi d\u016fle\u017eitou roli p\u0159i zaji\u0161\u0165ov\u00e1n\u00ed spr\u00e1vn\u00e9 funkce kost\u00ed, sval\u016f a nervov\u00e9ho syst\u00e9mu. \u010casto se konzumuje k prevenci k\u0159e\u010d\u00ed (v l\u00fdtk\u00e1ch), \u00fanavy, vy\u010derp\u00e1n\u00ed a pro norm\u00e1ln\u00ed psychick\u00e9 fungov\u00e1n\u00ed. Ho\u0159\u010d\u00edk vyrovn\u00e1v\u00e1 pom\u011br s v\u00e1pn\u00edkem, a t\u00edm zabra\u0148uje p\u0159ekyselen\u00ed organismu a &#8220;vrz\u00e1n\u00ed&#8220; kloub\u016f zp\u016fsoben\u00e9mu odv\u00e1pn\u011bn\u00edm.<\/p>\n<p>\ud83d\udc9a Pom\u00e1h\u00e1 sni\u017eovat \u00fanavu a vy\u010derp\u00e1n\u00ed.<br \/>\n\ud83d\udc9a Podporuje elektrolytovou rovnov\u00e1hu, kter\u00e1 je pot\u0159ebn\u00e1 zejm\u00e9na p\u0159i fyzick\u00e9 n\u00e1maze.<br \/>\n\ud83d\udc9a P\u0159\u00edzniv\u011b p\u016fsob\u00ed na nervov\u00fd syst\u00e9m.<br \/>\n\ud83d\udc9a P\u0159isp\u00edv\u00e1 k norm\u00e1ln\u00ed funkci sval\u016f, norm\u00e1ln\u00edm psychick\u00fdm funkc\u00edm.<\/p>\n","protected":false},"featured_media":6250,"comment_status":"open","ping_status":"closed","template":"","meta":{"_acf_changed":false},"product_brand":[],"product_cat":[15],"product_tag":[],"class_list":{"0":"post-6249","1":"product","2":"type-product","3":"status-publish","4":"has-post-thumbnail","6":"product_cat-uncategorized","8":"first","9":"outofstock","10":"sale","11":"taxable","12":"shipping-taxable","13":"purchasable","14":"product-type-simple"},"acf":[],"_links":{"self":[{"href":"https:\/\/fengchashop.com\/cz\/wp-json\/wp\/v2\/product\/6249","targetHints":{"allow":["GET"]}}],"collection":[{"href":"https:\/\/fengchashop.com\/cz\/wp-json\/wp\/v2\/product"}],"about":[{"href":"https:\/\/fengchashop.com\/cz\/wp-json\/wp\/v2\/types\/product"}],"replies":[{"embeddable":true,"href":"https:\/\/fengchashop.com\/cz\/wp-json\/wp\/v2\/comments?post=6249"}],"wp:featuredmedia":[{"embeddable":true,"href":"https:\/\/fengchashop.com\/cz\/wp-json\/wp\/v2\/media\/6250"}],"wp:attachment":[{"href":"https:\/\/fengchashop.com\/cz\/wp-json\/wp\/v2\/media?parent=6249"}],"wp:term":[{"taxonomy":"product_brand","embeddable":true,"href":"https:\/\/fengchashop.com\/cz\/wp-json\/wp\/v2\/product_brand?post=6249"},{"taxonomy":"product_cat","embeddable":true,"href":"https:\/\/fengchashop.com\/cz\/wp-json\/wp\/v2\/product_cat?post=6249"},{"taxonomy":"product_tag","embeddable":true,"href":"https:\/\/fengchashop.com\/cz\/wp-json\/wp\/v2\/product_tag?post=6249"}],"curies":[{"name":"wp","href":"https:\/\/api.w.org\/{rel}","templated":true}]}}