{"id":6241,"date":"2022-03-11T09:18:33","date_gmt":"2022-03-11T08:18:33","guid":{"rendered":"https:\/\/fengchashop.com\/cz\/product\/horcikovy-komplex-v-prasku-200-g\/"},"modified":"2026-04-28T13:29:11","modified_gmt":"2026-04-28T11:29:11","slug":"horcikovy-komplex-v-prasku","status":"publish","type":"product","link":"https:\/\/fengchashop.com\/cz\/product\/horcikovy-komplex-v-prasku\/","title":{"rendered":"Ho\u0159\u010d\u00edkov\u00fd komplex v pr\u00e1\u0161ku 200 g"},"content":{"rendered":"<h2 style=\"text-align: justify\"><span style=\"color: #000000\"><b>Magneziov\u00fd komplex v pr\u00e1\u0161ku<\/b><\/span><\/h2>\n<p style=\"text-align: justify\"><span style=\"color: #000000\">Ho\u0159\u010d\u00edk je mimo\u0159\u00e1dn\u011b d\u016fle\u017eit\u00fd miner\u00e1l, kter\u00fd se pod\u00edl\u00ed na v\u00edce ne\u017e 300 metabolick\u00fdch procesech v lidsk\u00e9m t\u011ble. \u010casto je naz\u00fdv\u00e1n &#8222;<b>kr\u00e1l miner\u00e1l\u016f<\/b>&#8222;, proto\u017ee m\u00e1 <b>kl\u00ed\u010dovou roli p\u0159i fungov\u00e1n\u00ed sval\u016f, nervov\u00e9ho syst\u00e9mu a p\u0159i udr\u017eov\u00e1n\u00ed zdrav\u00fdch kost\u00ed<\/b>. Pom\u00e1h\u00e1 p\u0159edch\u00e1zet svalov\u00fdm k\u0159e\u010d\u00edm, sni\u017euje \u00fanavu a vy\u010derp\u00e1n\u00ed a p\u0159isp\u00edv\u00e1 k norm\u00e1ln\u00edmu psychick\u00e9mu fungov\u00e1n\u00ed. Vzhledem k rychl\u00e9mu tempu modern\u00edho \u017eivota \u2013 stresu, nevhodn\u00e9 strav\u011b a nedostatku sp\u00e1nku \u2013 mnoho lid\u00ed sah\u00e1 po dopl\u0148c\u00edch stravy s ho\u0159\u010d\u00edkem.<\/span><\/p>\n<p style=\"text-align: justify\"><span style=\"color: #000000\">I kdy\u017e se ho\u0159\u010d\u00edk p\u0159irozen\u011b nach\u00e1z\u00ed v mnoha potravin\u00e1ch, jako je zelen\u00e1 listov\u00e1 zelenina, o\u0159echy, semena, ryby a celozrnn\u00e9 obiloviny, \u010dasto ho spot\u0159ebujeme v\u00edce, ne\u017e kolik ho p\u0159ijmeme stravou. Zv\u00fd\u0161en\u00e9 pot\u0159eby ho\u0159\u010d\u00edku maj\u00ed sportovci, t\u011bhotn\u00e9 \u017eeny, star\u0161\u00ed lid\u00e9 a osoby vystaven\u00e9 v\u011bt\u0161\u00edmu t\u011blesn\u00e9mu nebo du\u0161evn\u00edmu stresu.<\/span><\/p>\n<p style=\"text-align: justify\"><span style=\"color: #000000\">Magneziov\u00fdm komplexem zajist\u00edte t\u011blu optim\u00e1ln\u00ed podporu pro lep\u0161\u00ed pohodu, v\u00edce energie a zdrav\u00e9 fungov\u00e1n\u00ed sval\u016f, kost\u00ed a nervov\u00e9ho syst\u00e9mu.<\/span><\/p>\n<h2 style=\"text-align: justify\"><span style=\"color: #000000\"><b>Pro\u010d magneziov\u00fd komplex?<\/b><\/span><\/h2>\n<p style=\"text-align: justify\"><span style=\"color: #000000\">Magneziov\u00fd komplex kombinuje <strong>\u010dty\u0159i vysoce kvalitn\u00ed formy ho\u0159\u010d\u00edku \u2013 ho\u0159\u010d\u00edkov\u00fd bisglycin\u00e1t, ho\u0159\u010d\u00edkov\u00fd citr\u00e1t, ho\u0159\u010d\u00edkov\u00fd mal\u00e1t a ho\u0159\u010d\u00edkov\u00fd taurat<\/strong>. Ka\u017ed\u00e1 z t\u011bchto forem m\u00e1 sv\u00e9 specifick\u00e9 vlastnosti a p\u0159\u00ednosy, tak\u017ee jejich kombinace umo\u017e\u0148uje optim\u00e1ln\u00ed vst\u0159eb\u00e1v\u00e1n\u00ed a \u00fa\u010dinnost.<\/span><\/p>\n<h2 style=\"text-align: justify\"><span style=\"color: #000000\"><b>V\u00fdhody magneziov\u00e9ho komplexu<\/b><\/span><\/h2>\n<p style=\"text-align: justify\"><span style=\"color: #000000\"><b>Ho\u0159\u010d\u00edk:<\/b><\/span><\/p>\n<ul style=\"text-align: justify\">\n<li><span style=\"color: #000000\">p\u0159isp\u00edv\u00e1 k redukci \u00fanavy a vy\u010derp\u00e1n\u00ed<\/span><\/li>\n<li><span style=\"color: #000000\">p\u0159isp\u00edv\u00e1 k rovnov\u00e1ze elektrolyt\u016f<\/span><\/li>\n<li><span style=\"color: #000000\">p\u0159isp\u00edv\u00e1 k uvoln\u011bn\u00ed energie p\u0159i metabolizmu<\/span><\/li>\n<li><span style=\"color: #000000\">p\u0159isp\u00edv\u00e1 k fungov\u00e1n\u00ed nervov\u00e9ho syst\u00e9mu<\/span><\/li>\n<li><span style=\"color: #000000\">p\u0159isp\u00edv\u00e1 k fungov\u00e1n\u00ed sval\u016f<\/span><\/li>\n<li><span style=\"color: #000000\">m\u00e1 roli v synt\u00e9ze protein\u016f<\/span><\/li>\n<li><span style=\"color: #000000\">p\u0159isp\u00edv\u00e1 k norm\u00e1ln\u00edmu psychick\u00e9mu fungov\u00e1n\u00ed<\/span><\/li>\n<li><span style=\"color: #000000\">p\u0159isp\u00edv\u00e1 k udr\u017eov\u00e1n\u00ed zdrav\u00fdch kost\u00ed a zub\u016f<\/span><\/li>\n<li><span style=\"color: #000000\">m\u00e1 roli p\u0159i d\u011blen\u00ed bun\u011bk<\/span><\/li>\n<\/ul>\n<p>&nbsp;<\/p>\n<p style=\"text-align: justify\"><span style=\"color: #000000\"><b>Vitamin B6:<\/b><\/span><\/p>\n<ul style=\"text-align: justify\">\n<li><span style=\"color: #000000\">m\u00e1 roli p\u0159i synt\u00e9ze cysteinu<\/span><\/li>\n<li><span style=\"color: #000000\">p\u0159isp\u00edv\u00e1 k uvoln\u011bn\u00ed energie p\u0159i metabolizmu<\/span><\/li>\n<li><span style=\"color: #000000\">p\u0159isp\u00edv\u00e1 k fungov\u00e1n\u00ed nervov\u00e9ho syst\u00e9mu<\/span><\/li>\n<li><span style=\"color: #000000\">p\u0159isp\u00edv\u00e1 k metabolizmu homocysteinu<\/span><\/li>\n<li><span style=\"color: #000000\">m\u00e1 roli v metabolizmu protein\u016f a glykogenu<\/span><\/li>\n<li><span style=\"color: #000000\">p\u0159isp\u00edv\u00e1 k norm\u00e1ln\u00edmu psychick\u00e9mu fungov\u00e1n\u00ed<\/span><\/li>\n<li><span style=\"color: #000000\">m\u00e1 roli p\u0159i tvorb\u011b \u010derven\u00fdch krvinek<\/span><\/li>\n<li><span style=\"color: #000000\">m\u00e1 roli p\u0159i fungov\u00e1n\u00ed imunitn\u00edho syst\u00e9mu<\/span><\/li>\n<li><span style=\"color: #000000\">p\u0159isp\u00edv\u00e1 k redukci \u00fanavy a vy\u010derp\u00e1n\u00ed<\/span><\/li>\n<li><span style=\"color: #000000\">m\u00e1 roli p\u0159i regulaci hormon\u016f<\/span><\/li>\n<\/ul>\n<p style=\"text-align: justify\"><span style=\"color: #000000\">Dostate\u010dn\u00fd p\u0159\u00edjem ho\u0159\u010d\u00edku m\u016f\u017ee v\u00fdznamn\u011b ovlivnit prevenci t\u011bchto probl\u00e9m\u016f a zlep\u0161it celkovou pohodu a zdrav\u00ed.<\/span><\/p>\n<h2 style=\"text-align: justify\"><span style=\"color: #000000\"><b>Skladov\u00e1n\u00ed a upozorn\u011bn\u00ed<\/b><\/span><\/h2>\n<p style=\"text-align: justify\"><span style=\"color: #000000\">Skladujte na such\u00e9m m\u00edst\u011b p\u0159i teplot\u011b do 25 \u00b0C, chr\u00e1n\u011bno p\u0159ed vlhkost\u00ed a sv\u011btlem. Ujist\u011bte se, \u017ee je s\u00e1\u010dek nebo obal dob\u0159e uzav\u0159en.<\/span><\/p>\n<p style=\"text-align: justify\"><span style=\"color: #000000\">Produkt nen\u00ed vhodn\u00fd pro d\u011bti, mladistv\u00e9, t\u011bhotn\u00e9 a koj\u00edc\u00ed \u017eeny. Diabetici, osoby s intoleranc\u00ed na gluk\u00f3zu, osoby, kter\u00e9 u\u017e\u00edvaj\u00ed kumarinov\u00e9 antikoagulanty, a osoby s zn\u00e1m\u00fdmi kardiovaskul\u00e1rn\u00edmi nemocemi nebo astmatem by se m\u011bly p\u0159ed pou\u017eit\u00edm poradit s l\u00e9ka\u0159em. V p\u0159\u00edpad\u011b nevolnosti, bolesti b\u0159icha, \u0161patn\u00e9ho tr\u00e1ven\u00ed, pr\u016fjmu, z\u00e1cpy, z\u00e1vrat\u00ed, ospalosti, bolesti hlavy, vyr\u00e1\u017eek, sv\u011bd\u011bn\u00ed nebo zarudnut\u00ed poko\u017eky p\u0159esta\u0148te produkt u\u017e\u00edvat.<\/span><\/p>\n<h2 style=\"text-align: justify\"><span style=\"color: #000000\"><b>Balen\u00ed<\/b><\/span><\/h2>\n<p style=\"text-align: justify\"><span style=\"color: #000000\">Nepropustn\u00fd s\u00e1\u010dek se zipem nebo obal, kter\u00fd uchov\u00e1v\u00e1 ve\u0161kerou \u010derstvost a chu\u0165 produktu. Obal chr\u00e1n\u00ed p\u0159ed sv\u011btlem a vzduchem. Je slo\u017een z v\u00edce vrstev ochrany, kter\u00e9 zachov\u00e1vaj\u00ed vlastnosti produktu.<\/span><\/p>\n<p><span style=\"color: #000000\">Balen\u00ed je velmi praktick\u00e9 a umo\u017e\u0148uje recyklaci.<\/span><\/p>\n<h2 style=\"text-align: justify\"><span style=\"color: #000000\"><b>P\u016fvod<\/b><\/span><\/h2>\n<p style=\"text-align: justify\"><span style=\"color: #000000\">Slo\u017eky magneziov\u00e9ho komplexu poch\u00e1zej\u00ed z EU i mimo EU, pe\u010dliv\u011b vybran\u00e9 pro zaji\u0161t\u011bn\u00ed nejvy\u0161\u0161\u00ed kvality.<\/span><\/p>\n","protected":false},"excerpt":{"rendered":"<p align=\"JUSTIFY\"><span style=\"color: #000000\">Komplex ho\u0159\u010d\u00edku kombinuje<strong>\u010dty\u0159i vysoce kvalitn\u00ed formy ho\u0159\u010d\u00edku \u2013 bisglycin\u00e1t ho\u0159e\u010dnat\u00fd, citr\u00e1t ho\u0159e\u010dnat\u00fd, mal\u00e1t ho\u0159e\u010dnat\u00fd a taur\u00e1t ho\u0159e\u010dnat\u00fd.<\/strong><\/span><\/p>\n<p>\ud83d\udc9a P\u0159isp\u00edv\u00e1 ke sn\u00ed\u017een\u00ed \u00fanavy a vy\u010derp\u00e1n\u00ed.<br \/>\n\ud83d\udc9a Podporuje rovnov\u00e1hu elektrolyt\u016f, kter\u00e9 pot\u0159ebujeme zejm\u00e9na p\u0159i fyzick\u00e9 n\u00e1maze.<br \/>\n\ud83d\udc9a P\u0159\u00edzniv\u011b p\u016fsob\u00ed na nervov\u00fd syst\u00e9m.<br \/>\n\ud83d\udc9a P\u0159isp\u00edv\u00e1 k norm\u00e1ln\u00ed \u010dinnosti sval\u016f a norm\u00e1ln\u00edm psychick\u00fdm funkc\u00edm.<br \/>\n\ud83d\udc9a Udr\u017euje zdrav\u00e9 kosti a zuby.<\/p>\n","protected":false},"featured_media":5908,"comment_status":"open","ping_status":"closed","template":"","meta":{"_acf_changed":false},"product_brand":[],"product_cat":[15,230,226,228,227],"product_tag":[],"class_list":{"0":"post-6241","1":"product","2":"type-product","3":"status-publish","4":"has-post-thumbnail","6":"product_cat-uncategorized","7":"product_cat-mineraly-a-vitaminy","8":"product_cat-nabidka","9":"product_cat-nejprodavanejsi","10":"product_cat-vsechny-produkty","12":"first","13":"instock","14":"sale","15":"taxable","16":"shipping-taxable","17":"purchasable","18":"product-type-simple"},"acf":[],"_links":{"self":[{"href":"https:\/\/fengchashop.com\/cz\/wp-json\/wp\/v2\/product\/6241","targetHints":{"allow":["GET"]}}],"collection":[{"href":"https:\/\/fengchashop.com\/cz\/wp-json\/wp\/v2\/product"}],"about":[{"href":"https:\/\/fengchashop.com\/cz\/wp-json\/wp\/v2\/types\/product"}],"replies":[{"embeddable":true,"href":"https:\/\/fengchashop.com\/cz\/wp-json\/wp\/v2\/comments?post=6241"}],"wp:featuredmedia":[{"embeddable":true,"href":"https:\/\/fengchashop.com\/cz\/wp-json\/wp\/v2\/media\/5908"}],"wp:attachment":[{"href":"https:\/\/fengchashop.com\/cz\/wp-json\/wp\/v2\/media?parent=6241"}],"wp:term":[{"taxonomy":"product_brand","embeddable":true,"href":"https:\/\/fengchashop.com\/cz\/wp-json\/wp\/v2\/product_brand?post=6241"},{"taxonomy":"product_cat","embeddable":true,"href":"https:\/\/fengchashop.com\/cz\/wp-json\/wp\/v2\/product_cat?post=6241"},{"taxonomy":"product_tag","embeddable":true,"href":"https:\/\/fengchashop.com\/cz\/wp-json\/wp\/v2\/product_tag?post=6241"}],"curies":[{"name":"wp","href":"https:\/\/api.w.org\/{rel}","templated":true}]}}