{"id":6229,"date":"2022-03-10T18:14:36","date_gmt":"2022-03-10T17:14:36","guid":{"rendered":"https:\/\/fengchashop.com\/cz\/product\/tulsi-bazalka-posvatna-prasek-bio-250g\/"},"modified":"2026-05-05T17:07:57","modified_gmt":"2026-05-05T15:07:57","slug":"tulsi-bazalka-posvatna-prasek-bio","status":"publish","type":"product","link":"https:\/\/fengchashop.com\/cz\/product\/tulsi-bazalka-posvatna-prasek-bio\/","title":{"rendered":"Tulsi (Bazalka posv\u00e1tn\u00e1) pr\u00e1\u0161ek BIO 250g"},"content":{"rendered":"<h2><span style=\"color: #000000\">Tulsi (Bazalka posv\u00e1tn\u00e1) pr\u00e1\u0161ek BIO<\/span><\/h2>\n<p><span style=\"color: #000000\">Tulsi je tak\u00e9 zn\u00e1m\u00e1 jako divok\u00e1 nebo svat\u00e1 bazalka. Jeho latinsk\u00fd n\u00e1zev je Ocimum Sanctum. Je to vysoce cen\u011bn\u00e1 rostlina v \u00e1jurv\u00e9d\u011b, kterou hinduist\u00e9 uct\u00edvaj\u00ed speci\u00e1ln\u00edmi ritu\u00e1ly a pou\u017e\u00edvaj\u00ed ji ji\u017e v\u00edce ne\u017e 5000 let jako l\u00e9\u010div\u00fd balz\u00e1m pro t\u011blo, mysl i ducha. Nej\u010dast\u011bji se pou\u017e\u00edv\u00e1 k p\u0159\u00edprav\u011b \u010daje. \u010casto se tak\u00e9 pou\u017e\u00edv\u00e1 jako p\u0159\u00edsada (ko\u0159en\u00ed) do r\u016fzn\u00fdch pokrm\u016f. Pou\u017e\u00edv\u00e1 se tak\u00e9 v kosmetick\u00fdch p\u0159\u00edpravc\u00edch na ple\u0165 a vlasy, proto\u017ee \u010dist\u00ed poko\u017eku a je p\u0159\u00edrodn\u00edm antiseptikem, co\u017e znamen\u00e1, \u017ee p\u0159irozen\u011b ni\u010d\u00ed a zabra\u0148uje rozvoji mikroorganism\u016f na k\u016f\u017ei. To m\u016f\u017ee omezit a zabr\u00e1nit infekc\u00edm. Vzhledem k tomu, \u017ee je zcela p\u0159\u00edrodn\u00ed, lze jej pou\u017e\u00edt i na k\u016f\u017ei posti\u017eenou ko\u017en\u00edmi chorobami, ekz\u00e9my, pup\u00ednky, povrchov\u00fdmi ranami atd.<\/span><\/p>\n<p><span style=\"color: #000000\">Tulsi pr\u00e1\u0161ek m\u00e1 velmi siln\u00e9 aroma, horkou a ho\u0159kou chu\u0165 a sv\u011btle zelenou barvu.<\/span><\/p>\n<p><span style=\"color: #000000\"><strong>Hlavn\u00ed slo\u017eky bazalky posv\u00e1tn\u00e9 funguj\u00ed efektivn\u011b:<\/strong><\/span><\/p>\n<p><span style=\"color: #000000\">\ud83d\udc9a protiz\u00e1n\u011btliv\u00e9,<\/span><br \/>\n<span style=\"color: #000000\">\ud83d\udc9a antipyretikum (antipyretikum)<\/span><br \/>\n<span style=\"color: #000000\">\ud83d\udc9a analgetikum (proti bolesti),<\/span><br \/>\n<span style=\"color: #000000\">\ud83d\udc9a antimikrobi\u00e1ln\u00ed,<\/span><br \/>\n<span style=\"color: #000000\">\ud83d\udc9a antimykotikum,<\/span><br \/>\n<span style=\"color: #000000\">\ud83d\udc9a diaforetikum (zvy\u0161uj\u00edc\u00ed pocen\u00ed).<\/span><\/p>\n<h2><span style=\"color: #000000\">Jak\u00e9 jsou nejd\u016fle\u017eit\u011bj\u0161\u00ed \u00fa\u010dinky kr\u00e1lovny rostlin Tulsi na zdrav\u00ed lidsk\u00e9ho organismu?<\/span><\/h2>\n<p><span style=\"color: #000000\">D\u00edky sv\u00fdm adaptogenn\u00edm vlastnostem m\u00e1 Tulsi schopnost zv\u00fd\u0161it \u017eivotn\u00ed energii a s\u00edlu, proto\u017ee \u00fasp\u011b\u0161n\u011b bojuje proti stresu, traumatu, \u00fazkostn\u00fdm stav\u016fm, depres\u00edm a fyzick\u00e9 \u00fanav\u011b. Odstra\u0148uje p\u0159ebyte\u010dn\u00fd vzduch ve st\u0159evech, odstra\u0148uje \u017ealude\u010dn\u00ed pot\u00ed\u017ee, zlep\u0161uje tr\u00e1ven\u00ed a zp\u016fsobuje lep\u0161\u00ed vst\u0159eb\u00e1v\u00e1n\u00ed \u017eivin. Zvy\u0161uje vytrvalost, vitalitu a posiluje nervov\u00fd syst\u00e9m. V\u00fdborn\u011b pom\u00e1h\u00e1 p\u0159i bolestech hlavy, artr\u00f3ze a revmatismu.<\/span><\/p>\n<p><span style=\"color: #000000\">Tulsi je bohat\u00fdm zdrojem antioxidant\u016f, kter\u00e9 chr\u00e1n\u00ed na\u0161e t\u011blo p\u0159ed voln\u00fdmi radik\u00e1ly a oxidac\u00ed. Obsahuje tak\u00e9 organick\u00e9 formy m\u011bdi, kter\u00e9 jsou pro t\u011blo nezbytn\u00e9 pro vst\u0159eb\u00e1v\u00e1n\u00ed \u017eeleza. Tulsi je obecn\u011b pova\u017eov\u00e1na za bezpe\u010dnou bylinu.<\/span><\/p>\n<p><span style=\"color: #000000\">\u201eMatka v\u0161ech p\u0159\u00edrodn\u00edch l\u00e9\u010div\u201c, jak j\u00ed r\u00e1di \u0159\u00edkaj\u00ed, p\u0159\u00edzniv\u011b p\u016fsob\u00ed i na n\u00e1\u0161 imunitn\u00ed syst\u00e9m, pom\u00e1h\u00e1 p\u0159i infekc\u00edch d\u00fdchac\u00edch cest, \u010dist\u00ed krev a urychluje hojen\u00ed ran. T\u00edm, \u017ee zrychluje metabolismus, pom\u00e1h\u00e1 p\u0159i hubnut\u00ed a udr\u017een\u00ed t\u011blesn\u00e9 hmotnosti. Zlep\u0161uje pam\u011b\u0165, koncentraci a zdrav\u00ed mozku. Zabra\u0148uje tak\u00e9 vypad\u00e1v\u00e1n\u00ed vlas\u016f a pe\u010duje o jejich kr\u00e1sn\u00fd vzhled.<\/span><\/p>\n<h2><span style=\"color: #000000\">Balen\u00ed<\/span><\/h2>\n<p><span style=\"color: #000000\">Nepropustn\u00fd s\u00e1\u010dek se zipem, ve kter\u00e9m si v\u00fdrobek zachov\u00e1v\u00e1 svou \u010derstvost a v\u016fni. Obal chr\u00e1n\u00ed p\u0159ed sv\u011btlem a vzduchem, proto\u017ee se skl\u00e1d\u00e1 z n\u011bkolika ochrann\u00fdch vrstev, kter\u00e9 zachov\u00e1vaj\u00ed vlastnosti obsahu.<\/span><\/p>\n<p><span style=\"color: #000000\">Obal je velmi praktick\u00fd a recyklovateln\u00fd.<\/span><\/p>\n<h2><span style=\"color: #000000\">Skladov\u00e1n\u00ed a upozorn\u011bn\u00ed<\/span><\/h2>\n<p><span style=\"color: #000000\">Skladujte na chladn\u00e9m a such\u00e9m m\u00edst\u011b. Dopln\u011bk stravy uchov\u00e1vejte mimo dosah d\u011bt\u00ed!<\/span><\/p>\n<p><span style=\"color: #000000\">Pamatujte na pestrou stravu a zdrav\u00fd \u017eivotn\u00ed styl &#8211; dopln\u011bk stravy nem\u016f\u017ee nahradit vyv\u00e1\u017eenou a pestrou stravu. Nep\u0159ekra\u010dujte doporu\u010denou denn\u00ed d\u00e1vku. T\u011bhotn\u00fdm a koj\u00edc\u00edm \u017een\u00e1m doporu\u010dujeme, aby se p\u0159ed u\u017e\u00edv\u00e1n\u00edm p\u0159\u00edpravku v\u017edy poradily s l\u00e9ka\u0159em.<\/span><\/p>\n<h2><span style=\"color: #000000\">P\u016fvod<\/span><\/h2>\n<p><span style=\"color: #000000\">Indie<\/span><\/p>\n","protected":false},"excerpt":{"rendered":"<p>Tulsi je tak\u00e9 zn\u00e1m\u00e1 jako divok\u00e1 nebo svat\u00e1 bazalka. Jeho latinsk\u00fd n\u00e1zev je Ocimum Sanctum. Je to vysoce cen\u011bn\u00e1 rostlina v \u00e1jurv\u00e9d\u011b, kterou hinduist\u00e9 uct\u00edvaj\u00ed speci\u00e1ln\u00edmi ritu\u00e1ly a pou\u017e\u00edvaj\u00ed ji ji\u017e v\u00edce ne\u017e 5000 let jako l\u00e9\u010div\u00fd balz\u00e1m pro t\u011blo, mysl i ducha. Hlavn\u00ed slo\u017eky bazalky posv\u00e1tn\u00e9 funguj\u00ed efektivn\u011b, proto\u017ee jsou:<\/p>\n<p>\ud83d\udc9a protiz\u00e1n\u011btliv\u00e9,<br \/>\n\ud83d\udc9a antipyretikum (antipyretikum)<br \/>\n\ud83d\udc9a analgetikum (l\u00e9k proti bolesti),<br \/>\n\ud83d\udc9a antimikrobi\u00e1ln\u00ed,<br \/>\n\ud83d\udc9a antimykotikum,<br \/>\n\ud83d\udc9a diaforetikum (zvy\u0161uj\u00edc\u00ed pocen\u00ed).<\/p>\n","protected":false},"featured_media":6230,"comment_status":"open","ping_status":"closed","template":"","meta":{"_acf_changed":false},"product_brand":[],"product_cat":[15,194,226,195,227],"product_tag":[],"class_list":{"0":"post-6229","1":"product","2":"type-product","3":"status-publish","4":"has-post-thumbnail","6":"product_cat-uncategorized","7":"product_cat-ajurveda","8":"product_cat-nabidka","9":"product_cat-superpotraviny","10":"product_cat-vsechny-produkty","12":"first","13":"instock","14":"sale","15":"taxable","16":"shipping-taxable","17":"purchasable","18":"product-type-simple"},"acf":[],"_links":{"self":[{"href":"https:\/\/fengchashop.com\/cz\/wp-json\/wp\/v2\/product\/6229","targetHints":{"allow":["GET"]}}],"collection":[{"href":"https:\/\/fengchashop.com\/cz\/wp-json\/wp\/v2\/product"}],"about":[{"href":"https:\/\/fengchashop.com\/cz\/wp-json\/wp\/v2\/types\/product"}],"replies":[{"embeddable":true,"href":"https:\/\/fengchashop.com\/cz\/wp-json\/wp\/v2\/comments?post=6229"}],"wp:featuredmedia":[{"embeddable":true,"href":"https:\/\/fengchashop.com\/cz\/wp-json\/wp\/v2\/media\/6230"}],"wp:attachment":[{"href":"https:\/\/fengchashop.com\/cz\/wp-json\/wp\/v2\/media?parent=6229"}],"wp:term":[{"taxonomy":"product_brand","embeddable":true,"href":"https:\/\/fengchashop.com\/cz\/wp-json\/wp\/v2\/product_brand?post=6229"},{"taxonomy":"product_cat","embeddable":true,"href":"https:\/\/fengchashop.com\/cz\/wp-json\/wp\/v2\/product_cat?post=6229"},{"taxonomy":"product_tag","embeddable":true,"href":"https:\/\/fengchashop.com\/cz\/wp-json\/wp\/v2\/product_tag?post=6229"}],"curies":[{"name":"wp","href":"https:\/\/api.w.org\/{rel}","templated":true}]}}