{"id":6218,"date":"2022-03-10T10:15:47","date_gmt":"2022-03-10T09:15:47","guid":{"rendered":"https:\/\/fengchashop.com\/cz\/product\/goji-bio-500-g\/"},"modified":"2026-04-29T22:01:05","modified_gmt":"2026-04-29T20:01:05","slug":"goji-bio","status":"publish","type":"product","link":"https:\/\/fengchashop.com\/cz\/product\/goji-bio\/","title":{"rendered":"Goji BIO 500 g"},"content":{"rendered":"<h2><span style=\"color: #000000\">Goji BIO<\/span><\/h2>\n<p><span style=\"color: #000000\">Goji roste na vysok\u00e9m \u010d\u00ednsk\u00e9m ke\u0159i. Tvarem nejv\u00edce p\u0159ipom\u00ednaj\u00ed gran\u00e1tov\u00e9 jablko. Ve star\u00e9 \u010c\u00edn\u011b byly pova\u017eov\u00e1ny za ovoce se superschopnostmi a pou\u017e\u00edvaly se k l\u00e9\u010den\u00ed kr\u00e1l\u016f a vy\u017eivov\u00e1n\u00ed v\u00e1le\u010dn\u00edk\u016f p\u0159ed bitvami. V tradi\u010dn\u00ed \u010d\u00ednsk\u00e9 medic\u00edn\u011b, kde se pou\u017e\u00edvaj\u00ed ji\u017e v\u00edce ne\u017e 2500 let, se o nich \u0159\u00edk\u00e1, \u017ee l\u00e9\u010d\u00ed cukrovku, vysok\u00fd krevn\u00ed tlak, onemocn\u011bn\u00ed jater a ledvin. Pou\u017e\u00edvaj\u00ed se tak\u00e9 ke zv\u00fd\u0161en\u00ed energie a libida. K l\u00e9\u010debn\u00fdm \u00fa\u010del\u016fm se vyu\u017e\u00edvaj\u00ed i dal\u0161\u00ed \u010d\u00e1sti rostliny, jako jsou semena, kv\u011bty, ko\u0159eny a listy.<\/span><\/p>\n<p><span style=\"color: #000000\">Krom\u011b \u017een\u0161enu a hub reishi pr\u00fd Li Quing Yuen pravideln\u011b konzumuje goji ve form\u011b \u010daje. Nejl\u00e9pe zdokumentovan\u00fd p\u0159\u00edklad dlouhov\u011bkosti v cel\u00e9 historii, proto\u017ee \u010c\u00ed\u0148an \u00fadajn\u011b \u017eil a\u017e 256 let.<\/span><\/p>\n<p><span style=\"color: #000000\">Modern\u00ed v\u00fdzkumy ukazuj\u00ed, \u017ee bobule goji jsou opravdu dobr\u00e9 na pos\u00edlen\u00ed cel\u00e9ho t\u011bla, prosp\u00edvaj\u00ed i na\u0161emu zdrav\u00ed. Obsahuj\u00ed extr\u00e9mn\u011b velk\u00e9 mno\u017estv\u00ed antioxidant\u016f, kter\u00e9 na n\u00e1s prokazateln\u011b pozitivn\u011b p\u016fsob\u00ed, nebo\u0165 n\u00e1s chr\u00e1n\u00ed p\u0159ed oxidativn\u00edm stresem, kter\u00fd je \u010dasto p\u0159\u00ed\u010dinou modern\u00edch nemoc\u00ed.<\/span><\/p>\n<p><span style=\"color: #000000\">\u0158\u00edk\u00e1 se, \u017ee obsahuj\u00ed mnohem v\u00edce beta karotenu (provitamin vitaminu A) ne\u017e kter\u00e1koli jin\u00e1 rostlina, kter\u00e1 byla dosud objevena nebo studov\u00e1na. Na\u0161e t\u011blo ho syntetizuje na vitam\u00edn A (rethionol), kter\u00fd je zodpov\u011bdn\u00fd za norm\u00e1ln\u00ed r\u016fst, norm\u00e1ln\u00ed vid\u011bn\u00ed, metabolismus \u017eeleza a je tak\u00e9 d\u016fle\u017eit\u00fd pro norm\u00e1ln\u00ed fungov\u00e1n\u00ed imunitn\u00edho syst\u00e9mu. D\u016fle\u017eit\u00fd je tak\u00e9 b\u011bhem t\u011bhotenstv\u00ed a p\u0159ed n\u00edm, proto\u017ee podporuje reprodukci a ovliv\u0148uje v\u00fdvoj bun\u011bk a tk\u00e1n\u00ed. V\u00fdzkumy ukazuj\u00ed, \u017ee je lep\u0161\u00ed a pro t\u011blo prosp\u011b\u0161n\u011bj\u0161\u00ed p\u0159ij\u00edmat beta karoteny (zejm\u00e9na potravou), kter\u00e9 t\u011blo p\u0159em\u011b\u0148uje na retinol, ne\u017e samotn\u00fd retinol, co\u017e je vitamin A \u017eivo\u010di\u0161n\u00e9ho p\u016fvodu. Obsahuj\u00ed tak\u00e9 nejm\u00e9n\u011b t\u0159ikr\u00e1t v\u00edce antioxidant\u016f ne\u017e bor\u016fvky.<\/span><\/p>\n<p><span style=\"color: #000000\">Mal\u00e9 \u010derven\u00e9 plody tedy obsahuj\u00ed:<\/span><\/p>\n<p><span style=\"color: #000000\">\ud83d\udc9a \u00fa\u017easn\u00e9 p\u0159\u00edrodn\u00ed aktivn\u00ed l\u00e1tky,<\/span><br \/>\n<span style=\"color: #000000\">\ud83d\udc9a karotenoidy, polyfenoly, proteiny,<\/span><br \/>\n<span style=\"color: #000000\">\ud83d\udc9a polysacharidy, kter\u00e9 posiluj\u00ed imunitn\u00ed syst\u00e9m, zvy\u0161uj\u00ed vst\u0159eb\u00e1v\u00e1n\u00ed miner\u00e1l\u016f a zvy\u0161uj\u00ed vitalitu organismu,<\/span><br \/>\n<span style=\"color: #000000\">\ud83d\udc9a vitam\u00edny C, B a E,<\/span><br \/>\n<span style=\"color: #000000\">\ud83d\udc9a lutein a zeaxantin, kter\u00e9 posiluj\u00ed zrak a zabra\u0148uj\u00ed jeho zhor\u0161ov\u00e1n\u00ed,<\/span><br \/>\n<span style=\"color: #000000\">\ud83d\udc9a antioxidanty pro zdrav\u00ed a mladistv\u00fd vzhled,<\/span><br \/>\n<span style=\"color: #000000\">\ud83d\udc9a dal\u0161\u00ed vitam\u00edny, kter\u00e9 p\u0159ekon\u00e1vaj\u00ed mnoho nemoc\u00ed.<\/span><\/p>\n<p><span style=\"color: #000000\">Goji bobule prokazateln\u011b posiluj\u00ed imunitn\u00ed syst\u00e9m. Maj\u00ed tak\u00e9 pozitivn\u00ed vliv na libido a sexu\u00e1ln\u00ed s\u00edlu. St\u00e1le \u010dast\u011bji jsou tak\u00e9 spojov\u00e1ny s rychl\u00fdm metabolismem, lep\u0161\u00ed pohodou, men\u0161\u00ed celkovou \u00fanavou a v\u011bt\u0161\u00ed vitalitou.<\/span><\/p>\n<p><span style=\"color: #000000\">Na\u0161e plody goji jsou z ekologick\u00e9 produkce. Su\u0161en\u00e9 plody jsou m\u00edrn\u011b vlhk\u00e9 &#8211; m\u011bkk\u00e9 a \u017ev\u00fdkac\u00ed textury, co\u017e z nich d\u011bl\u00e1 potravinu pr\u00e9miov\u00e9 kvality. Jahody jsou velmi chutn\u00e9. Jsou v\u011bt\u0161\u00ed a maj\u00ed slad\u0161\u00ed chu\u0165. Zlep\u0161uj\u00ed nutri\u010dn\u00ed hodnotu pokrm\u016f a dod\u00e1vaj\u00ed sladk\u00fd n\u00e1dech. Chu\u0165 nen\u00ed p\u0159ehnan\u011b intenzivn\u00ed, co\u017e usnad\u0148uje jejich za\u0159azen\u00ed do ka\u017edodenn\u00edch j\u00eddel.<\/span><\/p>\n<h2><span style=\"color: #000000\">Komu se doporu\u010duje u\u017e\u00edvat goji?<\/span><\/h2>\n<p><span style=\"color: #000000\">Plody Goji si m\u016f\u017eete vychutnat jako sva\u010dinku nebo jako sou\u010d\u00e1st pestr\u00e9 zdrav\u00e9 stravy. \u010cetn\u00e9 pozitivn\u00ed \u00fa\u010dinky a \u00fa\u010dinn\u00e9 l\u00e1tky st\u00e1le p\u0159ekvapuj\u00ed v\u00fdzkumn\u00edky, kte\u0159\u00ed jim neust\u00e1le v\u011bnuj\u00ed pozornost. Takto p\u011bstujete jahody:<\/span><\/p>\n<p><span style=\"color: #000000\">\ud83d\udc9a regulovat probl\u00e9my s vysok\u00fdm krevn\u00edm tlakem a \u0161patn\u00fdm cholesterolem;<\/span><br \/>\n<span style=\"color: #000000\">\ud83d\udc9a reguluj\u00ed tr\u00e1ven\u00ed, maj\u00ed z\u00e1kladn\u00ed \u00fa\u010dinek a ovliv\u0148uj\u00ed hubnut\u00ed;<\/span><br \/>\n<span style=\"color: #000000\">\ud83d\udc9a hydratuj\u00ed t\u011blo;<\/span><br \/>\n<span style=\"color: #000000\">\ud83d\udc9a zlep\u0161it stav poko\u017eky;<\/span><br \/>\n<span style=\"color: #000000\">\ud83d\udc9a pos\u00edlit imunitn\u00ed syst\u00e9m;<\/span><br \/>\n<span style=\"color: #000000\">\ud83d\udc9a m\u011bl adaptogenn\u00ed \u00fa\u010dinek;<\/span><br \/>\n<span style=\"color: #000000\">\ud83d\udc9a regulovat hladinu cukru v krvi.<\/span><\/p>\n<h2><span style=\"color: #000000\">V\u00fd\u017eivov\u00e9 hodnoty<\/span><\/h2>\n<p><span style=\"color: #000000\">Pr\u016fm\u011brn\u00e9 nutri\u010dn\u00ed hodnoty na 100 g goji: energetick\u00e1 hodnota: 1237 kJ\/292 kcal; tuk: 2,7 g, z toho nasycen\u00fd: 0,34 g; \u00a0sacharidy: 54 g, z toho cukry: 53 g; b\u00edlkoviny: 13 g in s\u016fl: 0,75 g: vitam\u00edn C: 25 mg.<\/span><\/p>\n<h2><span style=\"color: #000000\">Skladov\u00e1n\u00ed a varov\u00e1n\u00ed<\/span><\/h2>\n<p><span style=\"color: #000000\">Skladujte na chladn\u00e9m a such\u00e9m m\u00edst\u011b p\u0159i teplot\u011b do 25 \u00b0C. Dopln\u011bk stravy uchov\u00e1vejte mimo dosah d\u011bt\u00ed!<\/span><br \/>\n<span style=\"color: #000000\">Nezapom\u00ednejte na d\u016fle\u017eitost pestr\u00e9 stravy a zdrav\u00e9ho \u017eivotn\u00edho stylu, dopln\u011bk stravy nen\u00ed n\u00e1hradou vyv\u00e1\u017een\u00e9 a pestr\u00e9 stravy. Doporu\u010den\u00e9 denn\u00ed mno\u017estv\u00ed nebo d\u00e1vka by nem\u011bly b\u00fdt p\u0159ekro\u010deny.\u00a0<\/span><\/p>\n<h2><span style=\"color: #000000\">Balen\u00ed<\/span><\/h2>\n<p><span style=\"color: #000000\">Neprody\u0161n\u00fd uzav\u00edrateln\u00fd s\u00e1\u010dek, ve kter\u00e9m si v\u00fdrobek zachov\u00e1v\u00e1 ve\u0161kerou \u010derstvost a v\u016fni. Obal chr\u00e1n\u00ed p\u0159ed sv\u011btlem a vzduchem, proto\u017ee se skl\u00e1d\u00e1 z n\u011bkolika ochrann\u00fdch vrstev, kter\u00e9 zachov\u00e1vaj\u00ed vlastnosti obsahu.<\/span><br \/>\n<span style=\"color: #000000\">Obal je velmi praktick\u00fd a recyklovateln\u00fd.<\/span><\/p>\n<h2><span style=\"color: #000000\">P\u016fvod<\/span><\/h2>\n<p><span style=\"color: #000000\">\u010c\u00edna. M\u00e1me velmi spolehliv\u00e9 dodavatele, kte\u0159\u00ed n\u00e1m ke ka\u017ed\u00e9 \u0161ar\u017ei pos\u00edlaj\u00ed podrobn\u00fd chemick\u00fd rozbor potravin. Za v\u00edce ne\u017e deset let jsme nem\u011bli \u017e\u00e1dn\u00e9 stahov\u00e1n\u00ed ani jin\u00e9 probl\u00e9my s touto polo\u017ekou, ani s jin\u00fdmi polo\u017ekami od stejn\u00e9ho dodavatele. V\u00fdrobek m\u00e1 100% bio certifik\u00e1t.<\/span><\/p>\n","protected":false},"excerpt":{"rendered":"<p>Goji roste na vysok\u00e9m \u010d\u00ednsk\u00e9m ke\u0159i. Ve starov\u011bk\u00e9 \u010c\u00edn\u011b byly pova\u017eov\u00e1ny za ovoce se superschopnostmi a pou\u017e\u00edvaly se k l\u00e9\u010den\u00ed kr\u00e1l\u016f a v\u00fd\u017eivu bojovn\u00edk\u016f p\u0159ed bitvami. V tradi\u010dn\u00ed \u010d\u00ednsk\u00e9 medic\u00edn\u011b, kde se pou\u017e\u00edvaj\u00ed ji\u017e v\u00edce ne\u017e 2500 let, se o nich \u0159\u00edk\u00e1, \u017ee l\u00e9\u010d\u00ed cukrovku, vysok\u00fd krevn\u00ed tlak, choroby jater a ledvin. Pou\u017e\u00edvaj\u00ed se tak\u00e9 ke zv\u00fd\u0161en\u00ed energie a libida.<\/p>\n<p>\ud83d\udc9a Upravuj\u00ed probl\u00e9my s vysok\u00fdm krevn\u00edm tlakem a sni\u017euj\u00ed cholesterol.<br \/>\n\ud83d\udc9a Upravuj\u00ed tr\u00e1ven\u00ed, maj\u00ed z\u00e1sadit\u00fd \u00fa\u010dinek a ovliv\u0148uj\u00ed hubnut\u00ed.<br \/>\n\ud83d\udc9a Hydratuj\u00ed organismus.<br \/>\n\ud83d\udc9a Zlep\u0161uj\u00ed stav poko\u017eky.<br \/>\n\ud83d\udc9a Posiluj\u00ed imunitn\u00ed syst\u00e9m.<\/p>\n","protected":false},"featured_media":6219,"comment_status":"open","ping_status":"closed","template":"","meta":{"_acf_changed":false},"product_brand":[],"product_cat":[15,226,195,227],"product_tag":[],"class_list":{"0":"post-6218","1":"product","2":"type-product","3":"status-publish","4":"has-post-thumbnail","6":"product_cat-uncategorized","7":"product_cat-nabidka","8":"product_cat-superpotraviny","9":"product_cat-vsechny-produkty","11":"first","12":"instock","13":"taxable","14":"shipping-taxable","15":"purchasable","16":"product-type-simple"},"acf":[],"_links":{"self":[{"href":"https:\/\/fengchashop.com\/cz\/wp-json\/wp\/v2\/product\/6218","targetHints":{"allow":["GET"]}}],"collection":[{"href":"https:\/\/fengchashop.com\/cz\/wp-json\/wp\/v2\/product"}],"about":[{"href":"https:\/\/fengchashop.com\/cz\/wp-json\/wp\/v2\/types\/product"}],"replies":[{"embeddable":true,"href":"https:\/\/fengchashop.com\/cz\/wp-json\/wp\/v2\/comments?post=6218"}],"wp:featuredmedia":[{"embeddable":true,"href":"https:\/\/fengchashop.com\/cz\/wp-json\/wp\/v2\/media\/6219"}],"wp:attachment":[{"href":"https:\/\/fengchashop.com\/cz\/wp-json\/wp\/v2\/media?parent=6218"}],"wp:term":[{"taxonomy":"product_brand","embeddable":true,"href":"https:\/\/fengchashop.com\/cz\/wp-json\/wp\/v2\/product_brand?post=6218"},{"taxonomy":"product_cat","embeddable":true,"href":"https:\/\/fengchashop.com\/cz\/wp-json\/wp\/v2\/product_cat?post=6218"},{"taxonomy":"product_tag","embeddable":true,"href":"https:\/\/fengchashop.com\/cz\/wp-json\/wp\/v2\/product_tag?post=6218"}],"curies":[{"name":"wp","href":"https:\/\/api.w.org\/{rel}","templated":true}]}}