{"id":6209,"date":"2022-03-10T08:38:09","date_gmt":"2022-03-10T07:38:09","guid":{"rendered":"https:\/\/fengchashop.com\/cz\/product\/brahmi-v-prahu-bio-250-g\/"},"modified":"2026-04-29T11:43:12","modified_gmt":"2026-04-29T09:43:12","slug":"brahmi-prasek-bio","status":"publish","type":"product","link":"https:\/\/fengchashop.com\/cz\/product\/brahmi-prasek-bio\/","title":{"rendered":"Brahmi pr\u00e1\u0161ek BIO 250 g"},"content":{"rendered":"<h2><span style=\"color: #000000\">Brahmi bio<\/span><\/h2>\n<p><span style=\"color: #000000\">Brahmi je jednou z nejuzn\u00e1van\u011bj\u0161\u00edch \u00e1jurv\u00e9dsk\u00fdch l\u00e9\u010div\u00fdch bylin, kter\u00e1 se pou\u017e\u00edv\u00e1 ji\u017e v\u00edce ne\u017e 3000 let. Poch\u00e1z\u00ed z asijsk\u00fdch ba\u017ein, ale dnes roste v mnoha \u010d\u00e1stech sv\u011bta. Brahmi pozn\u00e1te podle du\u017enat\u00fdch zelen\u00fdch list\u016f a b\u00edlo-modr\u00fdch kv\u011bt\u016f. Brahmi se pou\u017e\u00edv\u00e1 na podporu nervov\u00e9ho syst\u00e9mu, fungov\u00e1n\u00ed mysli a pam\u011bti. Jedn\u00e1 se o bylinn\u00fd l\u00e9k p\u0159ipravovan\u00fd z list\u016f, stonku a ko\u0159ene a v tradi\u010dn\u00ed v\u00fdchodn\u00ed medic\u00edn\u011b je tak\u00e9 ozna\u010dov\u00e1n jako &#8222;bylina v\u0161ech bylin&#8220;.<\/span><\/p>\n<h2><span style=\"color: #000000\">Pro\u010d je brahmi tak zvl\u00e1\u0161tn\u00ed a tak odli\u0161n\u00e1?<\/span><\/h2>\n<p><span style=\"color: #000000\">Brahmi je zn\u00e1m\u00e9 sv\u00fdmi blahod\u00e1rn\u00fdmi \u00fa\u010dinky na lidsk\u00fd organismus. Velmi p\u0159\u00edzniv\u011b p\u016fsob\u00ed na r\u016fst vlas\u016f, posiluje je a zabra\u0148uje jejich \u0161ediv\u011bn\u00ed a vypad\u00e1v\u00e1n\u00ed. M\u00e1 p\u0159\u00edzniv\u00fd vliv na sn\u00ed\u017een\u00ed \u00fazkosti a nap\u011bt\u00ed ve stresov\u00fdch situac\u00edch a p\u0159i depres\u00edch t\u00edm, \u017ee sni\u017euje hladinu stresov\u00e9ho hormonu kortizolu. Pom\u00e1h\u00e1 obnovit du\u0161evn\u00ed rovnov\u00e1hu p\u0159i r\u016fzn\u00fdch onemocn\u011bn\u00edch nervov\u00e9ho syst\u00e9mu, nespavosti a dal\u0161\u00edch p\u0159\u00edznac\u00edch p\u0159ed\u010dasn\u00e9ho st\u00e1rnut\u00ed t\u00edm, \u017ee zklid\u0148uje a posiluje nervovou tk\u00e1\u0148, zlep\u0161uje krevn\u00ed ob\u011bh, odstra\u0148uje blok\u00e1dy a dod\u00e1v\u00e1 z\u00e1kladn\u00ed prvky. M\u00e1 tak\u00e9 zklid\u0148uj\u00edc\u00ed \u00fa\u010dinek na ko\u017en\u00ed onemocn\u011bn\u00ed a podr\u00e1\u017ed\u011bnou poko\u017eku a umo\u017e\u0148uje rychlej\u0161\u00ed hojen\u00ed ran. Brahmi je pro sv\u00e9 pozitivn\u00ed \u00fa\u010dinky naz\u00fdv\u00e1na <strong>&#8222;z\u00e1zra\u010dn\u00fdm elix\u00edrem ml\u00e1d\u00ed&#8220;<\/strong>.<\/span><\/p>\n<h2><span style=\"color: #000000\">Blahod\u00e1rn\u00e9 \u00fa\u010dinky na na\u0161e zdrav\u00ed a t\u011blo:<\/span><\/h2>\n<p><span style=\"color: #000000\">\ud83d\udc9a Posiluje <strong>imunitn\u00ed syst\u00e9m<\/strong>,<\/span><\/p>\n<p><span style=\"color: #000000\">\ud83d\udc9a urychluje tr\u00e1ven\u00ed a <strong>detoxikuje<\/strong> organismus,<\/span><\/p>\n<p><span style=\"color: #000000\">\ud83d\udc9a podporuje <strong>optim\u00e1ln\u00ed funkci mozku<\/strong> jako mozkov\u00e9 tonikum,<\/span><\/p>\n<p><span style=\"color: #000000\">\ud83d\udc9a \u00fa\u010dinn\u011b p\u016fsob\u00ed jako nervov\u00e9 tonikum, proto\u017ee podporuje <strong>zdravou funkci nerv\u016f<\/strong>,<\/span><\/p>\n<p><span style=\"color: #000000\">\ud83d\udc9a stimuluje ment\u00e1ln\u00ed funkce a <strong>zlep\u0161uje pam\u011b\u0165 a koncentraci<\/strong>,<\/span><\/p>\n<p><span style=\"color: #000000\">\ud83d\udc9a pom\u00e1h\u00e1 star\u0161\u00edm lidem p\u0159i <strong>demenci<\/strong>,<\/span><\/p>\n<p><span style=\"color: #000000\">\ud83d\udc9a pom\u00e1h\u00e1 zlep\u0161ovat <strong>dlouhodobou a kr\u00e1tkodobou pam\u011b\u0165<\/strong>,<\/span><\/p>\n<p><span style=\"color: #000000\">\ud83d\udc9a p\u0159i l\u00e9\u010db\u011b <strong>Parkinsonovy a Alzheimerovy choroby, ADHD, autismu a depres\u00ed<\/strong>,<\/span><\/p>\n<p><span style=\"color: #000000\">\ud83d\udc9a p\u016fsob\u00ed proti <strong>n\u00e1dorov\u00fdm onemocn\u011bn\u00edm<\/strong>,<\/span><\/p>\n<p><span style=\"color: #000000\">\ud83d\udc9a zklid\u0148uj\u00edc\u00ed a sni\u017euj\u00edc\u00ed <strong>\u00fazkost<\/strong>,<\/span><\/p>\n<p><span style=\"color: #000000\">\ud83d\udc9a zm\u00edr\u0148uje <strong>menstrua\u010dn\u00ed k\u0159e\u010de<\/strong>,<\/span><\/p>\n<p><span style=\"color: #000000\">\ud83d\udc9a pom\u00e1h\u00e1 p\u0159i <strong>z\u00e1cp\u011b zp\u016fsoben\u00e9 stresem<\/strong>,<\/span><\/p>\n<p><span style=\"color: #000000\">\ud83d\udc9a pom\u00e1h\u00e1 p\u0159i <strong>nespavosti<\/strong>,<\/span><\/p>\n<p><span style=\"color: #000000\">\ud83d\udc9a omlazuje a zpomaluje <strong>st\u00e1rnut\u00ed<\/strong>,<\/span><\/p>\n<p><span style=\"color: #000000\">\ud83d\udc9a l\u00e9\u010d\u00ed ko\u017en\u00ed onemocn\u011bn\u00ed,<\/span><\/p>\n<p><span style=\"color: #000000\">\ud83d\udc9a pom\u00e1h\u00e1 p\u0159ekonat <strong>z\u00e1vislost na cigaret\u00e1ch, cukru a alkoholu<\/strong>.<\/span><\/p>\n<p><span style=\"color: #000000\">Brahmi m\u016f\u017ee u\u017e\u00edvat tak\u00e9 ka\u017ed\u00fd, kdo utrp\u011bl poran\u011bn\u00ed mozku nebo se zotavuje z mrtvice. Nen\u00ed vhodn\u00e9 pro d\u011bti.<\/span><\/p>\n<h2><span style=\"color: #000000\">Skladov\u00e1n\u00ed a upozorn\u011bn\u00ed<\/span><\/h2>\n<p><span style=\"color: #000000\">Skladujte na chladn\u00e9m a such\u00e9m m\u00edst\u011b. Dopln\u011bk stravy uchov\u00e1vejte mimo dosah d\u011bt\u00ed!<\/span><\/p>\n<p><span style=\"color: #000000\">Pamatujte na d\u016fle\u017eitost pestr\u00e9 stravy a zdrav\u00e9ho \u017eivotn\u00edho stylu, dopln\u011bk stravy proto nenahrazuje vyv\u00e1\u017eenou a pestrou stravu. Doporu\u010den\u00e9 denn\u00ed mno\u017estv\u00ed nebo d\u00e1vka by nem\u011bla b\u00fdt p\u0159ekro\u010dena. T\u011bhotn\u00fdm \u017een\u00e1m, koj\u00edc\u00edm matk\u00e1m a osob\u00e1m u\u017e\u00edvaj\u00edc\u00edm l\u00e9ky se v\u017edy doporu\u010duje, aby se p\u0159ed u\u017e\u00edv\u00e1n\u00edm poradily s l\u00e9ka\u0159em. Nen\u00ed vhodn\u00e9 pro d\u011bti.<\/span><\/p>\n<h2><span style=\"color: #000000\">Balen\u00ed<\/span><\/h2>\n<p><span style=\"color: #000000\">Nepropustn\u00fd s\u00e1\u010dek nebo krabi\u010dka na zip, ve kter\u00e9 si v\u00fdrobek zachov\u00e1 ve\u0161kerou \u010derstvost a aroma. Obal chr\u00e1n\u00ed p\u0159ed sv\u011btlem a vzduchem. Skl\u00e1d\u00e1 se z n\u011bkolika ochrann\u00fdch vrstev, kter\u00e9 zachov\u00e1vaj\u00ed vlastnosti v\u00fdrobku.<\/span><\/p>\n<p><span style=\"color: #000000\">Obal je velmi praktick\u00fd a recyklovateln\u00fd.<\/span><\/p>\n<h2><span style=\"color: #000000\">P\u016fvod<\/span><\/h2>\n<p><span style=\"color: #000000\">Indie<\/span><\/p>\n<p>&nbsp;<\/p>\n","protected":false},"excerpt":{"rendered":"<p>Brahmi je jednou z nejuzn\u00e1van\u011bj\u0161\u00edch \u00e1jurv\u00e9dsk\u00fdch l\u00e9\u010div\u00fdch bylin, kter\u00e1 se pou\u017e\u00edv\u00e1 ji\u017e v\u00edce ne\u017e 3000 let. Poch\u00e1z\u00ed z asijsk\u00fdch ba\u017ein, ale dnes roste v mnoha \u010d\u00e1stech sv\u011bta. Brahmi pozn\u00e1te podle du\u017enat\u00fdch zelen\u00fdch list\u016f a b\u00edlo-modr\u00fdch kv\u011bt\u016f. Bylinn\u00fd l\u00e9k p\u0159ipraven\u00fd z list\u016f, stonku a ko\u0159ene rostliny Brahmi m\u00e1 n\u00e1sleduj\u00edc\u00ed \u00fa\u017easn\u00e9 \u00fa\u010dinky:<\/p>\n<p>\ud83d\udc9a urychluje tr\u00e1ven\u00ed a detoxikuje organismus,<br \/>\n\ud83d\udc9a jako mozkov\u00e9 tonikum podporuje optim\u00e1ln\u00ed funkci mozku,<br \/>\n\ud83d\udc9a je \u00fa\u010dinn\u00fd jako nervov\u00e9 tonikum, podporuje zdravou funkci nerv\u016f,<br \/>\n\ud83d\udc9a stimuluje ment\u00e1ln\u00ed funkce a zlep\u0161uje pam\u011b\u0165 a koncentraci,<br \/>\n\ud83d\udc9a m\u00e1 p\u0159\u00edzniv\u00fd vliv na r\u016fst vlas\u016f.<\/p>\n","protected":false},"featured_media":6210,"comment_status":"open","ping_status":"closed","template":"","meta":{"_acf_changed":false},"product_brand":[],"product_cat":[15,195],"product_tag":[],"class_list":{"0":"post-6209","1":"product","2":"type-product","3":"status-publish","4":"has-post-thumbnail","6":"product_cat-uncategorized","7":"product_cat-superpotraviny","9":"first","10":"instock","11":"sale","12":"taxable","13":"shipping-taxable","14":"purchasable","15":"product-type-simple"},"acf":[],"_links":{"self":[{"href":"https:\/\/fengchashop.com\/cz\/wp-json\/wp\/v2\/product\/6209","targetHints":{"allow":["GET"]}}],"collection":[{"href":"https:\/\/fengchashop.com\/cz\/wp-json\/wp\/v2\/product"}],"about":[{"href":"https:\/\/fengchashop.com\/cz\/wp-json\/wp\/v2\/types\/product"}],"replies":[{"embeddable":true,"href":"https:\/\/fengchashop.com\/cz\/wp-json\/wp\/v2\/comments?post=6209"}],"wp:featuredmedia":[{"embeddable":true,"href":"https:\/\/fengchashop.com\/cz\/wp-json\/wp\/v2\/media\/6210"}],"wp:attachment":[{"href":"https:\/\/fengchashop.com\/cz\/wp-json\/wp\/v2\/media?parent=6209"}],"wp:term":[{"taxonomy":"product_brand","embeddable":true,"href":"https:\/\/fengchashop.com\/cz\/wp-json\/wp\/v2\/product_brand?post=6209"},{"taxonomy":"product_cat","embeddable":true,"href":"https:\/\/fengchashop.com\/cz\/wp-json\/wp\/v2\/product_cat?post=6209"},{"taxonomy":"product_tag","embeddable":true,"href":"https:\/\/fengchashop.com\/cz\/wp-json\/wp\/v2\/product_tag?post=6209"}],"curies":[{"name":"wp","href":"https:\/\/api.w.org\/{rel}","templated":true}]}}