{"id":6200,"date":"2022-03-04T10:07:28","date_gmt":"2022-03-04T09:07:28","guid":{"rendered":"https:\/\/fengchashop.com\/cz\/product\/cervena-repa-prasek-bio-250g\/"},"modified":"2026-05-04T16:06:48","modified_gmt":"2026-05-04T14:06:48","slug":"cervena-repa-prasek-bio","status":"publish","type":"product","link":"https:\/\/fengchashop.com\/cz\/product\/cervena-repa-prasek-bio\/","title":{"rendered":"\u010cerven\u00e1 \u0159epa pr\u00e1\u0161ek BIO 250g"},"content":{"rendered":"<h2><span style=\"color: #000000\">\u010cerven\u00e1 \u0159epa pr\u00e1\u0161ek BIO<\/span><\/h2>\n<p><span style=\"color: #000000\">\u010cerven\u00e1 \u0159epa (Beta vulgaris) je n\u00edzkokalorick\u00e1 zelenina, ale oproti jin\u00e9 zelenin\u011b obsahuje vy\u0161\u0161\u00ed procento sacharid\u016f a cukru. Je bohat\u00fd na vitam\u00edn C, niacin a kyselinu listovou. Mezi miner\u00e1ln\u00edmi l\u00e1tkami dominuje ho\u0159\u010d\u00edk, \u017eelezo, fosfor a drasl\u00edk. Obsahuje tak\u00e9 betalainy, co\u017e jsou siln\u00e9 antioxidanty a dod\u00e1vaj\u00ed mu intenzivn\u00ed \u010dervenou barvu.<\/span><\/p>\n<p><span style=\"color: #000000\">N\u00e1\u0161 pr\u00e1\u0161ek z \u010derven\u00e9 \u0159epy je z ekologick\u00e9 produkce.<\/span><\/p>\n<h2><span style=\"color: #000000\">Jak\u00e9 jsou v\u00fdhody konzumace pr\u00e1\u0161ku z \u010derven\u00e9 \u0159epy?<\/span><\/h2>\n<p><span style=\"color: #000000\">Pr\u00e1\u0161ek z \u010derven\u00e9 \u0159epy je dobrou n\u00e1hradou b\u011b\u017en\u00e9 \u010derven\u00e9 \u0159epy, proto\u017ee obsahuje v\u011bt\u0161inu \u017eivin, kter\u00e9 m\u00e1 \u010derstv\u00e1 \u010derven\u00e1 \u0159epa. Dod\u00e1v\u00e1 pokrm\u016fm nutri\u010dn\u00ed hodnotu, a je proto zvl\u00e1\u0161t\u011b vhodn\u00fd pro ty, kte\u0159\u00ed jed\u00ed m\u00e1lo zeleniny, proto\u017ee je sn\u00e1ze schovat do pokrmu. \u010cerven\u00e1 \u0159epa je p\u0159edev\u0161\u00edm bohat\u00fdm zdrojem kyseliny listov\u00e9, drasl\u00edku a \u017eeleza, kter\u00e9 p\u0159isp\u00edvaj\u00ed k dobr\u00e9 krvi. V\u011bdecky se potvrdilo i lidov\u00e9 p\u0159esv\u011bd\u010den\u00ed, \u017ee \u010derven\u00e1 \u0159epa prosp\u00edv\u00e1 krvi \u2013 a d\u016fvod tkv\u00ed pr\u00e1v\u011b ve vysok\u00e9m obsahu \u017eeleza, drasl\u00edku a kyseliny listov\u00e9 (neboli vitam\u00ednu B9). \u010cerven\u00e1 \u0159epa tak pom\u00e1h\u00e1 p\u0159edch\u00e1zet an\u00e9mii, v d\u016fsledku toho zvy\u0161uje energii, n\u00e1ladu a zlep\u0161uje celkovou pohodu. Proto\u017ee je tak bohat\u00fd na \u017eiviny, sta\u010d\u00ed ho konzumovat v mal\u00fdch mno\u017estv\u00edch denn\u011b nebo p\u00e1rkr\u00e1t t\u00fddn\u011b. D\u00edky obsahu dietn\u00ed vl\u00e1kniny p\u016fsob\u00ed dob\u0159e i na zdrav\u00ed tr\u00e1vic\u00edho traktu. Stimuluje tak\u00e9 \u010dinnost jater a t\u00edm vylu\u010dov\u00e1n\u00ed jed\u016f a odpadn\u00edch l\u00e1tek z t\u011bla.<\/span><\/p>\n<h2><span style=\"color: #000000\">Nutri\u010dn\u00ed hodnoty<\/span><\/h2>\n<p><span style=\"color: #000000\">Pr\u016fm\u011brn\u00e9 nutri\u010dn\u00ed hodnoty na 100 g pr\u00e1\u0161ku z \u010derven\u00e9 \u0159epy: energetick\u00e1 hodnota: 1029 kJ\/248 kcal; tuky: 0,3 g, z toho nasycen\u00e9: 0 g; sacharidy: 24,7 g, z toho cukry: 18,3 g; dietn\u00ed vl\u00e1knina: 52,6 g; b\u00edlkoviny: 10,4 g a s\u016fl: 0,01 g.<\/span><\/p>\n<h2><span style=\"color: #000000\">Balen\u00ed<\/span><\/h2>\n<p><span style=\"color: #000000\">Nepropustn\u00fd s\u00e1\u010dek se zipem, ve kter\u00e9m si v\u00fdrobek zachov\u00e1v\u00e1 svou \u010derstvost a v\u016fni. Obal chr\u00e1n\u00ed p\u0159ed sv\u011btlem a vzduchem, proto\u017ee se skl\u00e1d\u00e1 z n\u011bkolika ochrann\u00fdch vrstev, kter\u00e9 zachov\u00e1vaj\u00ed vlastnosti obsahu.<\/span><\/p>\n<p><span style=\"color: #000000\">Obal je velmi praktick\u00fd a recyklovateln\u00fd.<\/span><\/p>\n<h2><span style=\"color: #000000\">Skladov\u00e1n\u00ed a upozorn\u011bn\u00ed<\/span><\/h2>\n<p><span style=\"color: #000000\">Skladujte na chladn\u00e9m a such\u00e9m m\u00edst\u011b. Dopln\u011bk stravy uchov\u00e1vejte mimo dosah d\u011bt\u00ed!<\/span><\/p>\n<p><span style=\"color: #000000\">Pamatujte na pestrou stravu a zdrav\u00fd \u017eivotn\u00ed styl &#8211; dopln\u011bk stravy nem\u016f\u017ee nahradit vyv\u00e1\u017eenou a pestrou stravu. Nep\u0159ekra\u010dujte doporu\u010denou denn\u00ed d\u00e1vku. T\u011bhotn\u00fdm a koj\u00edc\u00edm \u017een\u00e1m doporu\u010dujeme, aby se p\u0159ed u\u017e\u00edv\u00e1n\u00edm p\u0159\u00edpravku v\u017edy poradily s l\u00e9ka\u0159em.<\/span><\/p>\n<p><span style=\"color: #000000\">\u010cerven\u00e1 \u0159epa je zelenina se st\u0159edn\u011b vysok\u00fdm glykemick\u00fdm indexem, a proto nen\u00ed vhodn\u00e1 pro diabetiky.<\/span><\/p>\n<h2><span style=\"color: #000000\">P\u016fvod<\/span><\/h2>\n<p><span style=\"color: #000000\">\u010c\u00edna. M\u00e1me velmi spolehliv\u00e9 dodavatele, kte\u0159\u00ed n\u00e1m ke ka\u017ed\u00e9 \u0161ar\u017ei za\u0161lou podrobn\u00fd chemick\u00fd rozbor potravin. Za v\u00edce ne\u017e deset let jsme u tohoto zbo\u017e\u00ed ani u jin\u00fdch polo\u017eek od stejn\u00e9ho dodavatele nezaznamenali \u017e\u00e1dn\u00e9 sta\u017een\u00ed ani jin\u00e9 probl\u00e9my.<\/span><\/p>\n<p><span style=\"color: #000000\">V\u00fdrobek m\u00e1 100% bio certifik\u00e1t.<\/span><\/p>\n","protected":false},"excerpt":{"rendered":"<p>\u010cerven\u00e1 \u0159epa (Beta vulgaris) je n\u00edzkokalorick\u00e1 zelenina, ale oproti jin\u00e9 zelenin\u011b obsahuje vy\u0161\u0161\u00ed procento sacharid\u016f a cukru. Je bohat\u00fd na vitam\u00edn C, niacin a kyselinu listovou. Z miner\u00e1ln\u00edch l\u00e1tek p\u0159evl\u00e1d\u00e1 ho\u0159\u010d\u00edk, \u017eelezo, fosfor a drasl\u00edk. Obsahuje tak\u00e9 betalainy, co\u017e jsou siln\u00e9 antioxidanty a tak\u00e9 mu dod\u00e1vaj\u00ed intenzivn\u00ed \u010dervenou barvu.<\/p>\n<p>\ud83d\udc9a Pom\u00e1h\u00e1 p\u0159edch\u00e1zet an\u00e9mii,<br \/>\n\ud83d\udc9a tak\u00e9 dob\u0159e p\u016fsob\u00ed na zdrav\u00ed tr\u00e1vic\u00edho traktu,<br \/>\n\ud83d\udc9a m\u00e1 dobr\u00fd vliv na celkovou pohodu,<br \/>\n\ud83d\udc9a zvy\u0161uje hladinu energie.<\/p>\n","protected":false},"featured_media":6201,"comment_status":"open","ping_status":"closed","template":"","meta":{"_acf_changed":false},"product_brand":[],"product_cat":[15,226,195,227],"product_tag":[],"class_list":{"0":"post-6200","1":"product","2":"type-product","3":"status-publish","4":"has-post-thumbnail","6":"product_cat-uncategorized","7":"product_cat-nabidka","8":"product_cat-superpotraviny","9":"product_cat-vsechny-produkty","11":"first","12":"instock","13":"taxable","14":"shipping-taxable","15":"purchasable","16":"product-type-simple"},"acf":[],"_links":{"self":[{"href":"https:\/\/fengchashop.com\/cz\/wp-json\/wp\/v2\/product\/6200","targetHints":{"allow":["GET"]}}],"collection":[{"href":"https:\/\/fengchashop.com\/cz\/wp-json\/wp\/v2\/product"}],"about":[{"href":"https:\/\/fengchashop.com\/cz\/wp-json\/wp\/v2\/types\/product"}],"replies":[{"embeddable":true,"href":"https:\/\/fengchashop.com\/cz\/wp-json\/wp\/v2\/comments?post=6200"}],"wp:featuredmedia":[{"embeddable":true,"href":"https:\/\/fengchashop.com\/cz\/wp-json\/wp\/v2\/media\/6201"}],"wp:attachment":[{"href":"https:\/\/fengchashop.com\/cz\/wp-json\/wp\/v2\/media?parent=6200"}],"wp:term":[{"taxonomy":"product_brand","embeddable":true,"href":"https:\/\/fengchashop.com\/cz\/wp-json\/wp\/v2\/product_brand?post=6200"},{"taxonomy":"product_cat","embeddable":true,"href":"https:\/\/fengchashop.com\/cz\/wp-json\/wp\/v2\/product_cat?post=6200"},{"taxonomy":"product_tag","embeddable":true,"href":"https:\/\/fengchashop.com\/cz\/wp-json\/wp\/v2\/product_tag?post=6200"}],"curies":[{"name":"wp","href":"https:\/\/api.w.org\/{rel}","templated":true}]}}