{"id":6197,"date":"2022-03-04T09:49:00","date_gmt":"2022-03-04T08:49:00","guid":{"rendered":"https:\/\/fengchashop.com\/cz\/product\/schisandra-klanopraska-cinska-prasek-bio-250g\/"},"modified":"2026-04-28T10:09:47","modified_gmt":"2026-04-28T08:09:47","slug":"schisandra-klanopraska-cinska-prasek-bio","status":"publish","type":"product","link":"https:\/\/fengchashop.com\/cz\/product\/schisandra-klanopraska-cinska-prasek-bio\/","title":{"rendered":"Schisandra (Klanopra\u0161ka \u010d\u00ednsk\u00e1) pr\u00e1\u0161ek BIO 250g"},"content":{"rendered":"<h2><span style=\"color: #000000\">Schisandra (Klanopra\u0161ka \u010d\u00ednsk\u00e1) pr\u00e1\u0161ek BIO<\/span><\/h2>\n<p><span style=\"color: #000000\">Schisandra je mal\u00fd strom nebo li\u00e1na, kter\u00e1 produkuje drobn\u00e9 \u010derven\u00e9 bobule, kter\u00e9 jsou v tradi\u010dn\u00ed \u010d\u00ednsk\u00e9 medic\u00edn\u011b vysoce cen\u011bny pro sv\u00e9 \u00fa\u010dinn\u00e9 l\u00e1tky. Schizandra je zn\u00e1m\u00e1 pod n\u00e1zvem wu wei zi, co\u017e v \u010d\u00edn\u0161tin\u011b znamen\u00e1 ovoce p\u011bti chut\u00ed, proto\u017ee mal\u00e9 \u010derven\u00e9 bobule v sob\u011b ukr\u00fdvaj\u00ed sladkou, kyselou, slanou, ho\u0159kou a ko\u0159enitou chu\u0165. Chut\u011b se shoduj\u00ed s p\u011bti z\u00e1kladn\u00edmi energiemi: zem\u011b, d\u0159evo, voda, kov a ohe\u0148 a ovliv\u0148uj\u00ed p\u011bt nejd\u016fle\u017eit\u011bj\u0161\u00edch org\u00e1n\u016f lidsk\u00e9ho t\u011bla \u2013 srdce, j\u00e1tra, pl\u00edce, slezinu a ledviny.<\/span><\/p>\n<p><span style=\"color: #000000\">Schisandra je jednou z 50 tradi\u010dn\u00edch \u010d\u00ednsk\u00fdch bylin, kter\u00e9 se pou\u017e\u00edvaj\u00ed ji\u017e v\u00edce ne\u017e 2000 let, proto\u017ee:<\/span><\/p>\n<p><span style=\"color: #000000\">\ud83d\udc9a je pova\u017eov\u00e1n za posilova\u010d vitality,<\/span><br \/>\n<span style=\"color: #000000\">\ud83d\udc9a zlep\u0161uje a posiluje imunitn\u00ed syst\u00e9m,<\/span><br \/>\n<span style=\"color: #000000\">\ud83d\udc9a udr\u017euje mladistvou ple\u0165,<\/span><br \/>\n<span style=\"color: #000000\">\ud83d\udc9a pom\u00e1h\u00e1 p\u0159i nespavosti, bolestech hlavy, z\u00e1vrat\u00edch,<\/span><br \/>\n<span style=\"color: #000000\">\ud83d\udc9a stimuluje mozkov\u00e9 funkce,<\/span><br \/>\n<span style=\"color: #000000\">\ud83d\udc9a p\u0159ekon\u00e1v\u00e1 \u00fanavu a vy\u010derp\u00e1n\u00ed organismu ze stresu.<\/span><\/p>\n<p><span style=\"color: #000000\">Jako dopln\u011bk stravy je nejvhodn\u011bj\u0161\u00ed ke konzumaci v pr\u00e1\u0161kov\u00e9 form\u011b.<\/span><\/p>\n<h2><span style=\"color: #000000\">Pro\u010d je schizandra st\u00e1le zn\u00e1m\u011bj\u0161\u00edm a obl\u00edben\u011bj\u0161\u00edm ko\u0159en\u00edm?<\/span><\/h2>\n<p><span style=\"color: #000000\">Schisandra obsahuje mnoho \u00fa\u010dinn\u00fdch l\u00e1tek, jako jsou schizandriny, silice a vitam\u00edny A, C a E, kter\u00e9 se pod\u00edlej\u00ed na mnoha procesech lidsk\u00e9ho organismu. D\u00edky zm\u00edn\u011bn\u00fdm slo\u017ek\u00e1m m\u00e1 tak\u00e9 prokazateln\u00fd protiz\u00e1n\u011btliv\u00fd, antioxida\u010dn\u00ed a detoxika\u010dn\u00ed \u00fa\u010dinek. Vzhledem k jeho pozitivn\u00edm \u00fa\u010dink\u016fm na n\u011bkolik syst\u00e9m\u016f lidsk\u00e9ho t\u011bla byl zkoum\u00e1n mnoha v\u00fdzkumn\u00edky a zjistilo se, \u017ee je prosp\u011b\u0161n\u00fd pro n\u011bkolik r\u016fzn\u00fdch zdravotn\u00edch probl\u00e9m\u016f. Schisandra funguje jako adaptogen \u2013 to znamen\u00e1, \u017ee najde nejslab\u0161\u00ed m\u00edsto v t\u011ble a p\u016fsob\u00ed na n\u011bj, aby obnovil rovnov\u00e1hu. P\u016fsob\u00ed uklid\u0148uj\u00edc\u00edm zp\u016fsobem a ulevuje od bolesti, ale z\u00e1rove\u0148 podporuje koncentraci a bd\u011blost. 100 dn\u00ed konzumace schizandry zlep\u0161uje krev, zbyst\u0159e mysl a pam\u011b\u0165, zlep\u0161uje sexu\u00e1ln\u00ed energii, posiluje pl\u00edce a ledviny a zkr\u00e1\u0161luje poko\u017eku. Proto\u017ee reguluje \u010dinnost nadledvin a t\u00edm sni\u017euje negativn\u00ed \u00fa\u010dinky kortizolu. Zv\u00fd\u0161en\u00ed hladiny kortizolu, kter\u00e9 se nej\u010dast\u011bji projevuje v d\u016fsledku stresu, m\u00e1 negativn\u00ed vliv na mnoho proces\u016f v na\u0161em t\u011ble \u2013 od tr\u00e1ven\u00ed a\u017e po imunitn\u00ed syst\u00e9m.<\/span><\/p>\n<h2><span style=\"color: #000000\">Balen\u00ed<\/span><\/h2>\n<p><span style=\"color: #000000\">Nepropustn\u00fd s\u00e1\u010dek se zipem, ve kter\u00e9m si v\u00fdrobek zachov\u00e1v\u00e1 svou \u010derstvost a v\u016fni. Obal chr\u00e1n\u00ed p\u0159ed sv\u011btlem a vzduchem, proto\u017ee se skl\u00e1d\u00e1 z n\u011bkolika ochrann\u00fdch vrstev, kter\u00e9 zachov\u00e1vaj\u00ed vlastnosti obsahu.<\/span><\/p>\n<p><span style=\"color: #000000\">Obal je velmi praktick\u00fd a recyklovateln\u00fd.<\/span><\/p>\n<h2><span style=\"color: #000000\">Skladov\u00e1n\u00ed a upozorn\u011bn\u00ed<\/span><\/h2>\n<p><span style=\"color: #000000\">Skladujte na chladn\u00e9m a such\u00e9m m\u00edst\u011b. Dopln\u011bk stravy uchov\u00e1vejte mimo dosah d\u011bt\u00ed!<\/span><\/p>\n<p><span style=\"color: #000000\">Pamatujte na pestrou stravu a zdrav\u00fd \u017eivotn\u00ed styl &#8211; dopln\u011bk stravy nem\u016f\u017ee nahradit vyv\u00e1\u017eenou a pestrou stravu. Nep\u0159ekra\u010dujte doporu\u010denou denn\u00ed d\u00e1vku. T\u011bhotn\u00fdm a koj\u00edc\u00edm \u017een\u00e1m doporu\u010dujeme, aby se p\u0159ed u\u017e\u00edv\u00e1n\u00edm p\u0159\u00edpravku v\u017edy poradily s l\u00e9ka\u0159em.<\/span><\/p>\n<h2><span style=\"color: #000000\">P\u016fvod<\/span><\/h2>\n<p><span style=\"color: #000000\">\u010c\u00edna.<\/span><\/p>\n<p><span style=\"color: #000000\">M\u00e1me velmi spolehliv\u00e9 dodavatele, kte\u0159\u00ed n\u00e1m pro ka\u017edou \u0161ar\u017ei zas\u00edlaj\u00ed podrobn\u00fd chemick\u00fd rozbor v\u00fdrobku. Za v\u00edce ne\u017e 10 let jsme s t\u00edmto v\u00fdrobkem ani s \u017e\u00e1dn\u00fdm jin\u00fdm v\u00fdrobkem od stejn\u00e9ho dodavatele nem\u011bli nikdy \u017e\u00e1dn\u00fd probl\u00e9m.<\/span><\/p>\n<p><span style=\"color: #000000\">Polo\u017eka je 100% certifikovan\u00e1 jako ekologick\u00e1.<\/span><\/p>\n","protected":false},"excerpt":{"rendered":"<p>Schisandra je mal\u00fd strom nebo li\u00e1na, kter\u00e1 produkuje drobn\u00e9 \u010derven\u00e9 bobule, kter\u00e9 jsou v tradi\u010dn\u00ed \u010d\u00ednsk\u00e9 medic\u00edn\u011b vysoce cen\u011bny pro sv\u00e9 \u00fa\u010dinn\u00e9 l\u00e1tky. Schizandra je zn\u00e1m\u00e1 pod n\u00e1zvem wu wei zi, co\u017e v \u010d\u00edn\u0161tin\u011b znamen\u00e1 ovoce p\u011bti chut\u00ed, proto\u017ee mal\u00e9 \u010derven\u00e9 bobule v sob\u011b ukr\u00fdvaj\u00ed sladkou, kyselou, slanou, ho\u0159kou a ko\u0159enitou chu\u0165. Schisandra je jednou z 50 tradi\u010dn\u00edch \u010d\u00ednsk\u00fdch bylin, kter\u00e9 se pou\u017e\u00edvaj\u00ed ji\u017e v\u00edce ne\u017e 2000 let, proto\u017ee:<\/p>\n<p>\ud83d\udc9a zlep\u0161uje a posiluje imunitn\u00ed syst\u00e9m,<br \/>\n\ud83d\udc9a udr\u017euje mladistvou ple\u0165,<br \/>\n\ud83d\udc9a zvy\u0161uje vitalitu,<br \/>\n\ud83d\udc9a p\u0159ekon\u00e1v\u00e1 \u00fanavu a vy\u010derp\u00e1n\u00ed organismu ze stresu.<\/p>\n","protected":false},"featured_media":6198,"comment_status":"open","ping_status":"closed","template":"","meta":{"_acf_changed":false},"product_brand":[],"product_cat":[15,226,195,227],"product_tag":[],"class_list":{"0":"post-6197","1":"product","2":"type-product","3":"status-publish","4":"has-post-thumbnail","6":"product_cat-uncategorized","7":"product_cat-nabidka","8":"product_cat-superpotraviny","9":"product_cat-vsechny-produkty","11":"first","12":"instock","13":"sale","14":"taxable","15":"shipping-taxable","16":"purchasable","17":"product-type-simple"},"acf":[],"_links":{"self":[{"href":"https:\/\/fengchashop.com\/cz\/wp-json\/wp\/v2\/product\/6197","targetHints":{"allow":["GET"]}}],"collection":[{"href":"https:\/\/fengchashop.com\/cz\/wp-json\/wp\/v2\/product"}],"about":[{"href":"https:\/\/fengchashop.com\/cz\/wp-json\/wp\/v2\/types\/product"}],"replies":[{"embeddable":true,"href":"https:\/\/fengchashop.com\/cz\/wp-json\/wp\/v2\/comments?post=6197"}],"wp:featuredmedia":[{"embeddable":true,"href":"https:\/\/fengchashop.com\/cz\/wp-json\/wp\/v2\/media\/6198"}],"wp:attachment":[{"href":"https:\/\/fengchashop.com\/cz\/wp-json\/wp\/v2\/media?parent=6197"}],"wp:term":[{"taxonomy":"product_brand","embeddable":true,"href":"https:\/\/fengchashop.com\/cz\/wp-json\/wp\/v2\/product_brand?post=6197"},{"taxonomy":"product_cat","embeddable":true,"href":"https:\/\/fengchashop.com\/cz\/wp-json\/wp\/v2\/product_cat?post=6197"},{"taxonomy":"product_tag","embeddable":true,"href":"https:\/\/fengchashop.com\/cz\/wp-json\/wp\/v2\/product_tag?post=6197"}],"curies":[{"name":"wp","href":"https:\/\/api.w.org\/{rel}","templated":true}]}}