{"id":6193,"date":"2022-03-04T09:36:13","date_gmt":"2022-03-04T08:36:13","guid":{"rendered":"https:\/\/fengchashop.com\/cz\/product\/macji-krempelj-v-prahu-125-g\/"},"modified":"2026-05-05T21:09:19","modified_gmt":"2026-05-05T19:09:19","slug":"macji-krempelj-v-prahu","status":"publish","type":"product","link":"https:\/\/fengchashop.com\/cz\/product\/macji-krempelj-v-prahu\/","title":{"rendered":"Ko\u010di\u010d\u00ed dr\u00e1p pr\u00e1\u0161ek 125 g"},"content":{"rendered":"<h2><span style=\"color: #000000\">Ko\u010di\u010d\u00ed dr\u00e1p pr\u00e1\u0161ek<\/span><\/h2>\n<p><span style=\"color: #000000\">Amazonsk\u00fd tropick\u00fd horolezec m\u00e1 2 zakriven\u00e9 ostne na spodnej \u010dasti ka\u017ed\u00e9ho listu, odtia\u013e poch\u00e1dza jeho n\u00e1zov ma\u010dac\u00ed paz\u00far.<\/span><br \/>\n<span style=\"color: #000000\">Ma\u010dac\u00ed paz\u00far je cenen\u00fd najm\u00e4 pre svoje priazniv\u00e9 \u00fa\u010dinky na \u013eudsk\u00fd organizmus:<\/span><br \/>\n<span style=\"color: #000000\">\ud83d\udc9a posil\u0148uje \u010dinnos\u0165 imunitn\u00e9ho syst\u00e9mu,<\/span><br \/>\n<span style=\"color: #000000\">\ud83d\udc9a zmier\u0148uje a tlm\u00ed z\u00e1paly,<\/span><br \/>\n<span style=\"color: #000000\">\ud83d\udc9a zmier\u0148uje boles\u0165 pri infekci\u00e1ch,<\/span><br \/>\n<span style=\"color: #000000\">\ud83d\udc9a zmier\u0148uje probl\u00e9my s chronick\u00fdmi ochoreniami.<\/span><\/p>\n<h2><span style=\"color: #000000\">Ako funguje ma\u010dac\u00ed paz\u00far?<\/span><\/h2>\n<p><span style=\"color: #000000\">Ma\u010dac\u00ed paz\u00far je v podstate pova\u017eovan\u00fd za pr\u00edrodn\u00e9 antibiotikum, preto\u017ee \u00faspe\u0161ne bojuje proti v\u0161etk\u00fdm druhom mikr\u00f3bov a predch\u00e1dza infekci\u00e1m a z\u00e1palom. Po\u010detn\u00e9 \u0161t\u00fadie preuk\u00e1zali, \u017ee m\u00e1 viacero priazniv\u00fdch \u00fa\u010dinkov na \u013eudsk\u00fd organizmus, predov\u0161etk\u00fdm stimuluje fungovanie imunitn\u00e9ho syst\u00e9mu v\u010faka obsahu oxynolov\u00fdch alkaloidov, ktor\u00e9 \u00faspe\u0161ne neutralizuj\u00fa \u0161kodliv\u00e9 vo\u013en\u00e9 radik\u00e1ly v tele. Na pam\u00e4\u0165 a regul\u00e1ciu krvn\u00e9ho tlaku m\u00e1 dobr\u00fd vplyv aj mnoho \u010fal\u0161\u00edch alkaloidov z ma\u010dacieho paz\u00fara. Preto\u017ee \u00faspe\u0161ne tlm\u00ed infekcie a z\u00e1paly, priaznivo p\u00f4sob\u00ed aj pri bolestiach pri chronick\u00fdch ochoreniach ako je reuma \u010di artrit\u00edda.<\/span><\/p>\n<h2><span style=\"color: #000000\">Skladov\u00e1n\u00ed a varov\u00e1n\u00ed<\/span><\/h2>\n<p><span style=\"color: #000000\">Skladujte na chladn\u00e9m a such\u00e9m m\u00edst\u011b p\u0159i teplot\u011b do 25 \u00b0C. Dopln\u011bk stravy uchov\u00e1vejte mimo dosah d\u011bt\u00ed!<\/span><br \/>\n<span style=\"color: #000000\">Nezapom\u00ednejte na d\u016fle\u017eitost pestr\u00e9 stravy a zdrav\u00e9ho \u017eivotn\u00edho stylu, dopln\u011bk stravy nen\u00ed n\u00e1hradou vyv\u00e1\u017een\u00e9 a pestr\u00e9 stravy. Doporu\u010den\u00e9 denn\u00ed mno\u017estv\u00ed nebo d\u00e1vka by nem\u011bly b\u00fdt p\u0159ekro\u010deny.\u00a0T\u011bhotn\u00e9 \u017eeny, koj\u00edc\u00ed matky a lid\u00e9 u\u017e\u00edvaj\u00edc\u00ed l\u00e9ky by se p\u0159ed pou\u017eit\u00edm m\u011bli v\u017edy poradit s l\u00e9ka\u0159em. Nen\u00ed vhodn\u00e9 pro d\u011bti.<\/span><\/p>\n<h2><span style=\"color: #000000\">Balen\u00ed<\/span><\/h2>\n<p><span style=\"color: #000000\">Neprody\u0161n\u00fd uzav\u00edrateln\u00fd s\u00e1\u010dek, ve kter\u00e9m si v\u00fdrobek zachov\u00e1v\u00e1 ve\u0161kerou \u010derstvost a v\u016fni. Obal chr\u00e1n\u00ed p\u0159ed sv\u011btlem a vzduchem, proto\u017ee se skl\u00e1d\u00e1 z n\u011bkolika ochrann\u00fdch vrstev, kter\u00e9 zachov\u00e1vaj\u00ed vlastnosti obsahu.<\/span><br \/>\n<span style=\"color: #000000\">Obal je velmi praktick\u00fd a recyklovateln\u00fd.<\/span><\/p>\n<h2><span style=\"color: #000000\">P\u016fvod<\/span><\/h2>\n<p><span style=\"color: #000000\">Ji\u017en\u00ed Amerika<\/span><\/p>\n","protected":false},"excerpt":{"rendered":"<p>Amazonsk\u00fd tropick\u00fd horolezec m\u00e1 na spodn\u00ed \u010d\u00e1sti ka\u017ed\u00e9ho listu 2 zak\u0159iven\u00e9 trny, odtud poch\u00e1z\u00ed jeho n\u00e1zev ko\u010di\u010d\u00ed dr\u00e1p. Ko\u010di\u010d\u00ed dr\u00e1p je v podstat\u011b pova\u017eov\u00e1n za p\u0159\u00edrodn\u00ed antibiotikum, proto\u017ee \u00fasp\u011b\u0161n\u011b bojuje se v\u0161emi druhy mikrob\u016f a zabra\u0148uje infekc\u00edm a z\u00e1n\u011bt\u016fm. Ko\u010di\u010d\u00ed dr\u00e1p je cen\u011bn zejm\u00e9na pro sv\u00e9 p\u0159\u00edzniv\u00e9 \u00fa\u010dinky na lidsk\u00fd organismus:<\/p>\n<p>\ud83d\udc9a posiluje funkci imunitn\u00edho syst\u00e9mu,<br \/>\n\ud83d\udc9a zm\u00edr\u0148uje a potla\u010duje z\u00e1n\u011bty,<br \/>\n\ud83d\udc9a ulevuje od bolesti p\u0159i infekc\u00edch,<br \/>\n\ud83d\udc9a zm\u00edr\u0148uje probl\u00e9my s chronick\u00fdmi nemocemi.<\/p>\n","protected":false},"featured_media":6194,"comment_status":"open","ping_status":"closed","template":"","meta":{"_acf_changed":false},"product_brand":[],"product_cat":[15,226,195,227],"product_tag":[],"class_list":{"0":"post-6193","1":"product","2":"type-product","3":"status-publish","4":"has-post-thumbnail","6":"product_cat-uncategorized","7":"product_cat-nabidka","8":"product_cat-superpotraviny","9":"product_cat-vsechny-produkty","11":"first","12":"instock","13":"sale","14":"taxable","15":"shipping-taxable","16":"purchasable","17":"product-type-simple"},"acf":[],"_links":{"self":[{"href":"https:\/\/fengchashop.com\/cz\/wp-json\/wp\/v2\/product\/6193","targetHints":{"allow":["GET"]}}],"collection":[{"href":"https:\/\/fengchashop.com\/cz\/wp-json\/wp\/v2\/product"}],"about":[{"href":"https:\/\/fengchashop.com\/cz\/wp-json\/wp\/v2\/types\/product"}],"replies":[{"embeddable":true,"href":"https:\/\/fengchashop.com\/cz\/wp-json\/wp\/v2\/comments?post=6193"}],"wp:featuredmedia":[{"embeddable":true,"href":"https:\/\/fengchashop.com\/cz\/wp-json\/wp\/v2\/media\/6194"}],"wp:attachment":[{"href":"https:\/\/fengchashop.com\/cz\/wp-json\/wp\/v2\/media?parent=6193"}],"wp:term":[{"taxonomy":"product_brand","embeddable":true,"href":"https:\/\/fengchashop.com\/cz\/wp-json\/wp\/v2\/product_brand?post=6193"},{"taxonomy":"product_cat","embeddable":true,"href":"https:\/\/fengchashop.com\/cz\/wp-json\/wp\/v2\/product_cat?post=6193"},{"taxonomy":"product_tag","embeddable":true,"href":"https:\/\/fengchashop.com\/cz\/wp-json\/wp\/v2\/product_tag?post=6193"}],"curies":[{"name":"wp","href":"https:\/\/api.w.org\/{rel}","templated":true}]}}