{"id":6190,"date":"2025-12-03T10:22:14","date_gmt":"2025-12-03T09:22:14","guid":{"rendered":"https:\/\/fengchashop.com\/cz\/product\/neem-prasek-bio-500-g\/"},"modified":"2026-04-18T12:15:01","modified_gmt":"2026-04-18T10:15:01","slug":"neem-prasek-bio","status":"publish","type":"product","link":"https:\/\/fengchashop.com\/cz\/product\/neem-prasek-bio\/","title":{"rendered":"Neem pr\u00e1\u0161ek BIO 500 g"},"content":{"rendered":"<h2><span style=\"color: #000000\">Neem pr\u00e1\u0161ek BIO<\/span><\/h2>\n<p><span style=\"color: #000000\">Neem je extr\u00e9mn\u011b st\u00e1lezelen\u00fd, ko\u0161at\u00fd strom z Indie (Azadirachta Indica). Ve slovin\u0161tin\u011b je zn\u00e1m\u00e1 jako <strong>indick\u00e1 konvalinka<\/strong>. V\u0161echny \u010d\u00e1sti tohoto st\u00e1lezelen\u00e9ho stromu jsou u\u017eite\u010dn\u00e9: od k\u016fry, ko\u0159en\u016f, semen, plod\u016f a\u017e po listy a kv\u011bty. Je to nej\u010dast\u011bji pou\u017e\u00edvan\u00e1 bylina v \u00e1jurv\u00e9dsk\u00e9 lidov\u00e9 medic\u00edn\u011b a k l\u00e9\u010debn\u00fdm \u00fa\u010del\u016fm se pou\u017e\u00edv\u00e1 ji\u017e v\u00edce ne\u017e 2000 let.<\/span><\/p>\n<p><span style=\"color: #000000\"><em><strong>Neem m\u00e1 \u00fadajn\u011b p\u0159\u00edzniv\u00fd \u00fa\u010dinek na v\u00edce ne\u017e 100 r\u016fzn\u00fdch onemocn\u011bn\u00ed, jako nap\u0159.:<\/strong><\/em><\/span><\/p>\n<p><span style=\"color: #000000\"><img decoding=\"async\" class=\"emoji\" role=\"img\" src=\"https:\/\/fengchashop.com\/cz\/wp-content\/uploads\/2025\/05\/1f49a.svg\" alt=\"\ud83d\udc9a\" \/> stimuluje <strong>obranyschopnost organismu<\/strong> a m\u00e1 pozitivn\u00ed vliv na <strong>imunitn\u00ed syst\u00e9m<\/strong>,<\/span><br \/>\n<span style=\"color: #000000\"><img decoding=\"async\" class=\"emoji\" role=\"img\" src=\"https:\/\/fengchashop.com\/cz\/wp-content\/uploads\/2025\/05\/1f49a.svg\" alt=\"\ud83d\udc9a\" \/> \u010dist\u00ed <strong>krev<\/strong> a <strong>detoxikuje organismus<\/strong>,<\/span><br \/>\n<span style=\"color: #000000\"><img decoding=\"async\" class=\"emoji\" role=\"img\" src=\"https:\/\/fengchashop.com\/cz\/wp-content\/uploads\/2025\/05\/1f49a.svg\" alt=\"\ud83d\udc9a\" \/> m\u00e1 p\u0159\u00edzniv\u00fd vliv na <strong>poko\u017eku, vlasy a nehty<\/strong>,<\/span><br \/>\n<span style=\"color: #000000\"><img decoding=\"async\" class=\"emoji\" role=\"img\" src=\"https:\/\/fengchashop.com\/cz\/wp-content\/uploads\/2025\/05\/1f49a.svg\" alt=\"\ud83d\udc9a\" \/> zm\u00edr\u0148uje <strong>ko\u017en\u00ed probl\u00e9my<\/strong>, jako jsou alergie, lup\u00e9nka, ekz\u00e9my, akn\u00e9 a otev\u0159en\u00e9 r\u00e1ny,<\/span><br \/>\n<span style=\"color: #000000\"><img decoding=\"async\" class=\"emoji\" role=\"img\" src=\"https:\/\/fengchashop.com\/cz\/wp-content\/uploads\/2025\/05\/1f49a.svg\" alt=\"\ud83d\udc9a\" \/> p\u016fsob\u00ed <strong>protiz\u00e1n\u011btliv\u011b, protipl\u00eds\u0148ov\u011b a analgeticky<\/strong>,<\/span><br \/>\n<span style=\"color: #000000\"><img decoding=\"async\" class=\"emoji\" role=\"img\" src=\"https:\/\/fengchashop.com\/cz\/wp-content\/uploads\/2025\/05\/1f49a.svg\" alt=\"\ud83d\udc9a\" \/> zm\u00edr\u0148uje a odstra\u0148uje <strong>za\u017e\u00edvac\u00ed pot\u00ed\u017ee<\/strong>,<\/span><br \/>\n<span style=\"color: #000000\"><img decoding=\"async\" class=\"emoji\" role=\"img\" src=\"https:\/\/fengchashop.com\/cz\/wp-content\/uploads\/2025\/05\/1f49a.svg\" alt=\"\ud83d\udc9a\" \/> p\u016fsob\u00ed jako <strong>p\u0159\u00edrodn\u00ed dezinfek\u010dn\u00ed prost\u0159edek<\/strong>.<\/span><\/p>\n<p><span style=\"color: #000000\">Neem je v posledn\u00ed dob\u011b zn\u00e1m\u00fd tak\u00e9 jako <strong>p\u0159\u00edrodn\u00ed repelent<\/strong> proti hmyzu a dal\u0161\u00edm \u0161k\u016fdc\u016fm.<\/span><\/p>\n<p><span style=\"color: #000000\">N\u00e1\u0161 neem pr\u00e1\u0161ek je ekologicky p\u011bstovan\u00fd, jemn\u011b mlet\u00fd a vyroben\u00fd pouze z t\u011bch nejlep\u0161\u00edch surovin.<\/span><\/p>\n<h2><span style=\"color: #000000\">Jak neem p\u016fsob\u00ed a na jak\u00e9 probl\u00e9my pom\u00e1h\u00e1?<\/span><\/h2>\n<p><span style=\"color: #000000\">\u00c1jurv\u00e9d\u0161t\u00ed l\u00e9\u010ditel\u00e9 poznali, \u017ee neem je pokladnic\u00ed \u00fa\u010dinn\u00fdch l\u00e1tek na celou \u0159adu zdravotn\u00edch probl\u00e9m\u016f, ale z\u00e1rove\u0148 n<strong>em\u00e1 \u017e\u00e1dn\u00e9 vedlej\u0161\u00ed \u00fa\u010dinky<\/strong>. Proto je j<strong>ednou z nej\u010dast\u011bji pou\u017e\u00edvan\u00fdch indick\u00fdch \u00e1jurv\u00e9dsk\u00fdch bylin<\/strong> a st\u00e1le \u010dast\u011bji je p\u0159edm\u011btem v\u011bdeck\u00e9ho v\u00fdzkumu. Bylo prok\u00e1z\u00e1no, \u017ee m\u016f\u017ee m\u00edt p\u0159\u00edzniv\u00fd vliv na mnoho nemoc\u00ed. V neem oleji byly objeveny specifick\u00e9 slou\u010deniny, kter\u00e9 maj\u00ed p\u0159\u00edzniv\u00fd vliv na r\u016fzn\u00e9 zdravotn\u00ed p\u0159\u00edznaky. P\u016fsob\u00ed protiz\u00e1n\u011btliv\u011b <strong>proti v\u0161em typ\u016fm mikrob\u016f,<\/strong> a proto tak\u00e9 pom\u00e1h\u00e1 imunitn\u00edmu syst\u00e9mu <strong>br\u00e1nit se virov\u00fdm a bakteri\u00e1ln\u00edm infekc\u00edm<\/strong>. Proto\u017ee \u00fasp\u011b\u0161n\u011b reguluje z\u00e1n\u011bt, zm\u00edr\u0148uje tak\u00e9 bolest spojenou se z\u00e1n\u011btem (v\u010detn\u011b chronick\u00fdch onemocn\u011bn\u00ed, jako je revmatismus nebo artritida). M\u00e1 velmi \u0161irok\u00e9 spektrum protipl\u00eds\u0148ov\u00fdch \u00fa\u010dink\u016f a pom\u00e1h\u00e1 tak\u00e9 v<strong> boji proti kandid\u011b<\/strong>.<\/span><\/p>\n<h2><span style=\"color: #000000\">Balen\u00ed<\/span><\/h2>\n<p><span style=\"color: #000000\">Neprody\u0161n\u00fd s\u00e1\u010dek na zip, ve kter\u00e9m si v\u00fdrobek zachov\u00e1v\u00e1 ve\u0161kerou \u010derstvost a v\u016fni. Obal chr\u00e1n\u00ed p\u0159ed sv\u011btlem a vzduchem, proto\u017ee se skl\u00e1d\u00e1 z n\u011bkolika ochrann\u00fdch vrstev, kter\u00e9 zachov\u00e1vaj\u00ed vlastnosti obsahu.<\/span><\/p>\n<p><span style=\"color: #000000\">Obal je velmi praktick\u00fd a recyklovateln\u00fd.<\/span><\/p>\n<h2><span style=\"color: #000000\">Skladov\u00e1n\u00ed a varov\u00e1n\u00ed<\/span><\/h2>\n<p><span style=\"color: #000000\">Skladujte na chladn\u00e9m a such\u00e9m m\u00edst\u011b. Uchov\u00e1vejte mimo dosah d\u011bt\u00ed.<\/span><\/p>\n<p><span style=\"color: #000000\">Nezapom\u00ednejte na d\u016fle\u017eitost pestr\u00e9 stravy a zdrav\u00e9ho \u017eivotn\u00edho stylu, dopln\u011bk stravy proto nenahrazuje vyv\u00e1\u017eenou a pestrou stravu. Doporu\u010den\u00e9 denn\u00ed mno\u017estv\u00ed nebo d\u00e1vka by nem\u011bly b\u00fdt p\u0159ekro\u010deny. Nedoporu\u010duje se u\u017e\u00edvat t\u011bhotn\u00fdm a koj\u00edc\u00edm \u017een\u00e1m a mu\u017e\u016fm a \u017een\u00e1m pl\u00e1nuj\u00edc\u00edm t\u011bhotenstv\u00ed, proto\u017ee p\u016fsob\u00ed jako antikoncepce pro \u017eeny i mu\u017ee.<\/span><\/p>\n<h2><span style=\"color: #000000\">Dobr\u00e9 v\u011bd\u011bt<\/span><\/h2>\n<p><span style=\"color: #000000\">Tento v\u00fdrobek je vhodn\u00fd i pro zv\u00ed\u0159ata. P\u0159ed pou\u017eit\u00edm se pora\u010fte se sv\u00fdm veterin\u00e1rn\u00edm l\u00e9ka\u0159em o vhodnosti u\u017e\u00edv\u00e1n\u00ed a doporu\u010den\u00e9m denn\u00edm mno\u017estv\u00ed.<\/span><\/p>\n<h2><span style=\"color: #000000\">P\u016fvod<\/span><\/h2>\n<p><span style=\"color: #000000\">Indie<\/span><\/p>\n","protected":false},"excerpt":{"rendered":"<p>Neem je extr\u00e9mn\u011b st\u00e1lezelen\u00fd, n\u00e1padn\u00fd strom z Indie (Azadirachta Indica). Ve slovin\u0161tin\u011b je zn\u00e1m\u00e1 jako indick\u00e1 konvalinka V\u0161echny \u010d\u00e1sti tohoto st\u00e1lezelen\u00e9ho stromu jsou u\u017eite\u010dn\u00e9; od k\u016fry, ko\u0159en\u016f, semen, plod\u016f a\u017e po listy a kv\u011bty. Je to nej\u010dast\u011bji pou\u017e\u00edvan\u00e1 bylina v \u00e1jurv\u00e9dsk\u00e9 lidov\u00e9 medic\u00edn\u011b a k l\u00e9\u010debn\u00fdm \u00fa\u010del\u016fm se pou\u017e\u00edv\u00e1 ji\u017e v\u00edce ne\u017e 2000 let.<\/p>\n<p><img decoding=\"async\" class=\"emoji\" role=\"img\" src=\"https:\/\/s.w.org\/images\/core\/emoji\/13.1.0\/svg\/1f49a.svg\" alt=\"\ud83d\udc9a\" \/> Stimuluje <strong>obranyschopnost organismu<\/strong> a m\u00e1 pozitivn\u00ed vliv na <strong>imunitn\u00ed syst\u00e9m<\/strong>.<br \/>\n<img decoding=\"async\" class=\"emoji\" role=\"img\" src=\"https:\/\/s.w.org\/images\/core\/emoji\/13.1.0\/svg\/1f49a.svg\" alt=\"\ud83d\udc9a\" \/> \u010cist\u00ed <strong>krev<\/strong> a detoxikuje<strong> t\u011blo<\/strong>.<br \/>\n<img decoding=\"async\" class=\"emoji\" role=\"img\" src=\"https:\/\/s.w.org\/images\/core\/emoji\/13.1.0\/svg\/1f49a.svg\" alt=\"\ud83d\udc9a\" \/> M\u00e1 p\u0159\u00edzniv\u00fd vliv na<strong> poko\u017eku, vlasy a nehty<\/strong>.<br \/>\n<img decoding=\"async\" class=\"emoji\" role=\"img\" src=\"https:\/\/s.w.org\/images\/core\/emoji\/13.1.0\/svg\/1f49a.svg\" alt=\"\ud83d\udc9a\" \/> P\u016fsob\u00ed <strong>protiz\u00e1n\u011btliv\u011b, protipl\u00eds\u0148ov\u011b a analgeticky<\/strong>.<br \/>\n<img decoding=\"async\" class=\"emoji\" role=\"img\" src=\"https:\/\/s.w.org\/images\/core\/emoji\/13.1.0\/svg\/1f49a.svg\" alt=\"\ud83d\udc9a\" \/> Zm\u00edr\u0148uje a odstra\u0148uje <strong>za\u017e\u00edvac\u00ed pot\u00ed\u017ee<\/strong>.<\/p>\n","protected":false},"featured_media":6191,"comment_status":"open","ping_status":"closed","template":"","meta":{"_acf_changed":false},"product_brand":[],"product_cat":[15,194,226,228,195,227],"product_tag":[],"class_list":{"0":"post-6190","1":"product","2":"type-product","3":"status-publish","4":"has-post-thumbnail","6":"product_cat-uncategorized","7":"product_cat-ajurveda","8":"product_cat-nabidka","9":"product_cat-nejprodavanejsi","10":"product_cat-superpotraviny","11":"product_cat-vsechny-produkty","13":"first","14":"instock","15":"sale","16":"taxable","17":"shipping-taxable","18":"purchasable","19":"product-type-simple"},"acf":[],"_links":{"self":[{"href":"https:\/\/fengchashop.com\/cz\/wp-json\/wp\/v2\/product\/6190","targetHints":{"allow":["GET"]}}],"collection":[{"href":"https:\/\/fengchashop.com\/cz\/wp-json\/wp\/v2\/product"}],"about":[{"href":"https:\/\/fengchashop.com\/cz\/wp-json\/wp\/v2\/types\/product"}],"replies":[{"embeddable":true,"href":"https:\/\/fengchashop.com\/cz\/wp-json\/wp\/v2\/comments?post=6190"}],"wp:featuredmedia":[{"embeddable":true,"href":"https:\/\/fengchashop.com\/cz\/wp-json\/wp\/v2\/media\/6191"}],"wp:attachment":[{"href":"https:\/\/fengchashop.com\/cz\/wp-json\/wp\/v2\/media?parent=6190"}],"wp:term":[{"taxonomy":"product_brand","embeddable":true,"href":"https:\/\/fengchashop.com\/cz\/wp-json\/wp\/v2\/product_brand?post=6190"},{"taxonomy":"product_cat","embeddable":true,"href":"https:\/\/fengchashop.com\/cz\/wp-json\/wp\/v2\/product_cat?post=6190"},{"taxonomy":"product_tag","embeddable":true,"href":"https:\/\/fengchashop.com\/cz\/wp-json\/wp\/v2\/product_tag?post=6190"}],"curies":[{"name":"wp","href":"https:\/\/api.w.org\/{rel}","templated":true}]}}