{"id":6187,"date":"2022-03-04T08:26:18","date_gmt":"2022-03-04T07:26:18","guid":{"rendered":"https:\/\/fengchashop.com\/cz\/product\/triphala-v-kapslich-bio-120-kapsli\/"},"modified":"2026-05-06T13:11:56","modified_gmt":"2026-05-06T11:11:56","slug":"triphala-v-kapslich-bio","status":"publish","type":"product","link":"https:\/\/fengchashop.com\/cz\/product\/triphala-v-kapslich-bio\/","title":{"rendered":"Triphala v kapsl\u00edch BIO 120 kapsl\u00ed"},"content":{"rendered":"<h2><span style=\"color: #000000\">Triphala v kapsl\u00edch bio<\/span><\/h2>\n<p><span style=\"color: #000000\">Triphala je starobyl\u00e1, v\u00fdznamn\u00e1 bylinn\u00e1 sm\u011bs t\u0159\u00ed druh\u016f super ovoce z oblasti Indie: amalaki (Emblica officinalis) \u2013 u n\u00e1s zn\u00e1m\u00e1 tak\u00e9 jako amla, bibhitaki (Terminalia belerica) a haritaki (Terminalia chebula). V\u00edce ne\u017e 5000 let se pou\u017e\u00edv\u00e1 p\u0159edev\u0161\u00edm <strong>k o\u010di\u0161t\u011bn\u00ed a detoxikaci cel\u00e9ho organismu<\/strong>.<\/span><\/p>\n<p><span style=\"color: #000000\">Triphala m\u00e1 blahod\u00e1rn\u00fd \u00fa\u010dinek na na\u0161i tr\u00e1vic\u00ed soustavu, zrychluje ji a podporuje absorpci vitamin\u016f a miner\u00e1l\u016f.<\/span><\/p>\n<p><span style=\"color: #000000\">D\u016fle\u017eit\u00e9 je s\u00e1hnout po v\u00fdrobc\u00edch z bylin z ekologick\u00e9ho p\u011bstov\u00e1n\u00ed, proto\u017ee pouze tak m\u016f\u017eeme kontrolovat a p\u0159edch\u00e1zet p\u0159\u00edjmu pesticid\u016f a t\u011b\u017ek\u00fdch kov\u016f do t\u011bla.<\/span><\/p>\n<p><span style=\"color: #000000\">Na\u0161e triphala <strong>je pr\u00e9miov\u00e9 kvality<\/strong> a <strong>ekologicky p\u011bstovan\u00e1<\/strong>.<\/span><\/p>\n<p><span style=\"color: #000000\">Triphala je z\u00e1kladem ajurv\u00e9dsk\u00e9 medic\u00edny, proto\u017ee m\u00e1 mnoho \u00fa\u010dinn\u00fdch l\u00e9\u010div\u00fdch vlastnost\u00ed:<\/span><\/p>\n<p><span style=\"color: #000000\">\ud83d\udc9a p\u0159\u00edzniv\u011b ovliv\u0148uje tr\u00e1vic\u00ed syst\u00e9m a p\u016fsob\u00ed jako m\u00edrn\u00e9 proj\u00edmadlo, kter\u00e9 nezp\u016fsobuje po\u0161kozen\u00ed st\u0159evn\u00ed sliznice,<\/span><br \/>\n<span style=\"color: #000000\">\ud83d\udc9a pom\u00e1h\u00e1 p\u0159i nad\u00fdm\u00e1n\u00ed a v\u011btrech, stejn\u011b jako hemoroidech,<\/span><br \/>\n<span style=\"color: #000000\">\ud83d\udc9a odstra\u0148uje nadbyte\u010dn\u00e9 tuky z t\u011bla,<\/span><br \/>\n<span style=\"color: #000000\">\ud83d\udc9a pozitivn\u011b ovliv\u0148uje funkci jater,<\/span><br \/>\n<span style=\"color: #000000\">\ud83d\udc9a s vysok\u00fdm obsahem vitam\u00ednu C \u00fa\u010dinn\u011b posiluje imunitn\u00ed syst\u00e9m,<\/span><br \/>\n<span style=\"color: #000000\">\ud83d\udc9a pe\u010duje a posiluje d\u00fdchac\u00ed cesty a uleh\u010duje vyka\u0161l\u00e1v\u00e1n\u00ed slizem p\u0159i ka\u0161li,<\/span><br \/>\n<span style=\"color: #000000\">\ud83d\udc9a m\u00e1 prok\u00e1zan\u00e9 protiz\u00e1n\u011btliv\u00e9 a antivirov\u00e9 vlastnosti,<\/span><br \/>\n<span style=\"color: #000000\">\ud83d\udc9a mlad\u00ed t\u011blo.<\/span><\/p>\n<p><span style=\"color: #000000\">Pro prakti\u010dnost u\u017e\u00edv\u00e1n\u00ed jsme triphalu tak\u00e9 zabalen\u00ed do kapsl\u00ed, kter\u00e9 jsou rostlinn\u00e9ho p\u016fvodu.<\/span><\/p>\n<h2><span style=\"color: #000000\">V\u011bd\u011bli jste, \u017ee Triphala se star\u00e1 o vnit\u0159n\u00ed org\u00e1ny stejn\u011b jako matka o sv\u00e9 d\u011bti?<\/span><\/h2>\n<p><span style=\"color: #000000\">Sm\u011bs Triphala je extr\u00e9mn\u011b v\u00fd\u017eivn\u00e1, \u0161etrn\u00e1, s vysok\u00fdm obsahem vitam\u00ednu C, bioflavonoid\u016f a omega 3 mastn\u00e9 kyseliny linolov\u00e9. Je v\u00fdborn\u00fdm zdrojem b\u00edlkovin, olej\u016f a antioxidant\u016f, co\u017e spolu s antimikrobi\u00e1ln\u00edmi a antibakteri\u00e1ln\u00edmi vlastnostmi zvy\u0161uje odolnost organismu. M\u00e1 dobr\u00e9 proj\u00edmav\u00e9 \u00fa\u010dinky, proto je vhodn\u00fd k \u010di\u0161t\u011bn\u00ed st\u0159ev a st\u0159evn\u00edch st\u011bn a pom\u00e1h\u00e1 p\u0159i sni\u017eov\u00e1n\u00ed nadv\u00e1hy. \u00da\u010dinn\u011b detoxikuje.<\/span><\/p>\n<p><span style=\"color: #000000\">V\u0161echny t\u0159i druhy ovoce ve spole\u010dn\u00e9 receptu\u0159e triphala vy\u017eivuj\u00ed, posiluj\u00ed, \u010dist\u00ed, hluboce obnovuj\u00ed a omlazuj\u00ed cel\u00fd organismus. Pravideln\u00e1 konzumace Triphaly sni\u017euje \u00fanavu a vy\u010derp\u00e1n\u00ed organismu a je v\u00fdbornou podporou imunitn\u00edho syst\u00e9mu. Podle ajurv\u00e9dsk\u00e9 tradice je triphala jednou z m\u00e1la sm\u011bs\u00ed, kter\u00e1 blahod\u00e1rn\u011b p\u016fsob\u00ed na v\u0161echny t\u0159i d\u00f3\u0161e. Proto je bezpe\u010dn\u00e9 pro ka\u017ed\u00e9ho.<\/span><\/p>\n<h2><span style=\"color: #000000\">Skladov\u00e1n\u00ed a varov\u00e1n\u00ed<\/span><\/h2>\n<p><span style=\"color: #000000\">Skladujte na such\u00e9m a chladn\u00e9m m\u00edst\u011b. V\u00fd\u017eivov\u00fd dopln\u011bk by m\u011bl b\u00fdt mimo dosah d\u011bt\u00ed!<\/span><\/p>\n<p><span style=\"color: #000000\">Nezapom\u00ednejte na d\u016fle\u017eitost pestr\u00e9 stravy a zdrav\u00e9ho \u017eivotn\u00edho stylu, dopln\u011bk v\u00fd\u017eivy tedy nenahrazuje vyv\u00e1\u017eenou a pestrou stravu. Doporu\u010den\u00e9 denn\u00ed mno\u017estv\u00ed nebo d\u00e1vka se nesm\u00ed p\u0159ekro\u010dit. T\u011bhotn\u00e9 \u017eeny, koj\u00edc\u00ed matky a lid\u00e9 u\u017e\u00edvaj\u00edc\u00ed l\u00e9ky by se p\u0159ed pou\u017eit\u00edm m\u011bli v\u017edy poradit s l\u00e9ka\u0159em. Nen\u00ed vhodn\u00e9 pro d\u011bti.<\/span><\/p>\n<h2><span style=\"color: #000000\">Balen\u00ed<\/span><\/h2>\n<p><span style=\"color: #000000\">Neprody\u0161n\u00fd uzav\u00edrateln\u00fd s\u00e1\u010dek nebo krabi\u010dka, ve kter\u00e9 si v\u00fdrobek zachov\u00e1 ve\u0161kerou \u010derstvost a chu\u0165. Obal chr\u00e1n\u00ed p\u0159ed sv\u011btlem a vzduchem. Skl\u00e1d\u00e1 se z n\u011bkolika ochrann\u00fdch vrstev, kter\u00e9 zachov\u00e1vaj\u00ed vlastnosti v\u00fdrobku.<\/span><\/p>\n<h2><span style=\"color: #000000\">P\u016fvod<\/span><\/h2>\n<p><span style=\"color: #000000\">Indie<\/span><\/p>\n","protected":false},"excerpt":{"rendered":"<p>Triphala je starobyl\u00e1, vysoce uzn\u00e1van\u00e1 ajurv\u00e9dsk\u00e1 bylinn\u00e1 sm\u011bs t\u0159\u00ed druh\u016f super ovoce z oblasti Indie: amalaki, bibhitaki a haritaki. Ji\u017e v\u00edce ne\u017e 5000 let se pou\u017e\u00edv\u00e1 p\u0159edev\u0161\u00edm k \u010di\u0161t\u011bn\u00ed a detoxikaci cel\u00e9ho organismu. Triphala je z\u00e1kladn\u00edm kamenem ajurv\u00e9dsk\u00e9 medic\u00edny, proto\u017ee m\u00e1 mnoho \u00fa\u010dinn\u00fdch l\u00e9\u010div\u00fdch vlastnost\u00ed:<\/p>\n<p>\ud83d\udc9a p\u0159\u00edzniv\u011b p\u016fsob\u00ed na tr\u00e1vic\u00ed syst\u00e9m,<br \/>\n\ud83d\udc9a odstra\u0148uje p\u0159ebyte\u010dn\u00fd tuk z t\u011bla,<br \/>\n\ud83d\udc9a \u00fa\u010dinn\u011b posiluje imunitn\u00ed syst\u00e9m d\u00edky vysok\u00e9mu obsahu vitam\u00ednu C,<br \/>\n\ud83d\udc9a vy\u017eivuje a posiluje d\u00fdchac\u00ed cesty,<br \/>\n\ud83d\udc9a omlazuje organismus.<\/p>\n","protected":false},"featured_media":6188,"comment_status":"open","ping_status":"closed","template":"","meta":{"_acf_changed":false},"product_brand":[],"product_cat":[15,194,226,195,227],"product_tag":[],"class_list":{"0":"post-6187","1":"product","2":"type-product","3":"status-publish","4":"has-post-thumbnail","6":"product_cat-uncategorized","7":"product_cat-ajurveda","8":"product_cat-nabidka","9":"product_cat-superpotraviny","10":"product_cat-vsechny-produkty","12":"first","13":"instock","14":"taxable","15":"shipping-taxable","16":"purchasable","17":"product-type-simple"},"acf":[],"_links":{"self":[{"href":"https:\/\/fengchashop.com\/cz\/wp-json\/wp\/v2\/product\/6187","targetHints":{"allow":["GET"]}}],"collection":[{"href":"https:\/\/fengchashop.com\/cz\/wp-json\/wp\/v2\/product"}],"about":[{"href":"https:\/\/fengchashop.com\/cz\/wp-json\/wp\/v2\/types\/product"}],"replies":[{"embeddable":true,"href":"https:\/\/fengchashop.com\/cz\/wp-json\/wp\/v2\/comments?post=6187"}],"wp:featuredmedia":[{"embeddable":true,"href":"https:\/\/fengchashop.com\/cz\/wp-json\/wp\/v2\/media\/6188"}],"wp:attachment":[{"href":"https:\/\/fengchashop.com\/cz\/wp-json\/wp\/v2\/media?parent=6187"}],"wp:term":[{"taxonomy":"product_brand","embeddable":true,"href":"https:\/\/fengchashop.com\/cz\/wp-json\/wp\/v2\/product_brand?post=6187"},{"taxonomy":"product_cat","embeddable":true,"href":"https:\/\/fengchashop.com\/cz\/wp-json\/wp\/v2\/product_cat?post=6187"},{"taxonomy":"product_tag","embeddable":true,"href":"https:\/\/fengchashop.com\/cz\/wp-json\/wp\/v2\/product_tag?post=6187"}],"curies":[{"name":"wp","href":"https:\/\/api.w.org\/{rel}","templated":true}]}}