{"id":6184,"date":"2022-03-03T22:42:00","date_gmt":"2022-03-03T21:42:00","guid":{"rendered":"https:\/\/fengchashop.com\/cz\/product\/jecmenna-trava-v-tabletach-bio-125g\/"},"modified":"2025-10-08T13:20:32","modified_gmt":"2025-10-08T11:20:32","slug":"jecmenna-trava-v-tabletach-bio","status":"publish","type":"product","link":"https:\/\/fengchashop.com\/cz\/product\/jecmenna-trava-v-tabletach-bio\/","title":{"rendered":"Je\u010dmenn\u00e1 tr\u00e1va v tablet\u00e1ch BIO 125g"},"content":{"rendered":"<h2><span style=\"color: #000000;\">Je\u010dmenn\u00e1 tr\u00e1va v tablet\u00e1ch BIO<\/span><\/h2>\n<p><span style=\"color: #000000;\">U\u017e mocn\u00e9 civilizace Egyp\u0165an\u016f, \u0158\u00edman\u016f a Viking\u016f znaly v\u00fdhody je\u010dmenn\u00e9 tr\u00e1vy. Poch\u00e1z\u00ed z evropsk\u00e9ho prostoru a lidsk\u00fd organismus jej snadno metabolizuje a vyu\u017e\u00edv\u00e1 mikro\u017eiviny pro v\u0161echny sv\u00e9 pot\u0159eby. Velmi rychle se tr\u00e1v\u00ed a \u017eiviny se po po\u017eit\u00ed velmi rychle vst\u0159eb\u00e1vaj\u00ed. Obsahuje tak\u00e9 mnoho fytochemik\u00e1li\u00ed, kter\u00e9 chr\u00e1n\u00ed na\u0161e t\u011blo p\u0159ed zne\u010di\u0161t\u011bn\u00edm a radiac\u00ed.<\/span><\/p>\n<p><span style=\"color: #000000;\">N\u00e1\u0161 je\u010dmen je ekologicky p\u011bstov\u00e1n.<\/span><\/p>\n<h2><span style=\"color: #000000;\">Jak\u00e9 jsou \u00fa\u010dinky u\u017e\u00edv\u00e1n\u00ed je\u010dmenn\u00e9 tr\u00e1vy?<\/span><\/h2>\n<p><span style=\"color: #000000;\">Je\u010dmenn\u00e1 tr\u00e1va obsahuje mnoho \u00fa\u010dinn\u00fdch l\u00e1tek, tak\u017ee p\u0159\u00edzniv\u011b p\u016fsob\u00ed na:<\/span><\/p>\n<p><span style=\"color: #000000;\">\ud83d\udc9a \u010di\u0161t\u011bn\u00ed a detoxikace lidsk\u00e9ho organismu,<\/span><br \/>\n<span style=\"color: #000000;\">\ud83d\udc9a zlep\u0161en\u00ed stavu poko\u017eky,<\/span><br \/>\n<span style=\"color: #000000;\">\ud83d\udc9a hubnut\u00ed,<\/span><br \/>\n<span style=\"color: #000000;\">\ud83d\udc9a sn\u00ed\u017een\u00ed \u00fanavy,<\/span><br \/>\n<span style=\"color: #000000;\">\ud83d\udc9a zlep\u0161en\u00ed a regulace tr\u00e1ven\u00ed,<\/span><br \/>\n<span style=\"color: #000000;\">\ud83d\udc9a sn\u00ed\u017een\u00ed z\u00e1n\u011btu<\/span><br \/>\n<span style=\"color: #000000;\">\ud83d\udc9a zlep\u0161en\u00ed probl\u00e9m\u016f s an\u00e9mi\u00ed,<\/span><br \/>\n<span style=\"color: #000000;\">\ud83d\udc9aregulace v\u00e1pn\u00edku v krvi a rozpou\u0161t\u011bn\u00ed v\u00e1penat\u00fdch usazenin v kostech.<\/span><\/p>\n<p><span style=\"color: #000000;\">Je\u010dmenn\u00e1 tr\u00e1va je pokladnic\u00ed vitam\u00edn\u016f, miner\u00e1l\u016f a dal\u0161\u00edch d\u016fle\u017eit\u00fdch \u017eivin. Na organismus p\u016fsob\u00ed siln\u011b z\u00e1sadit\u011b, co\u017e p\u0159in\u00e1\u0161\u00ed celkovou pohodu. Pravideln\u00e1 konzumace m\u016f\u017ee sn\u00ed\u017eit hladinu cholesterolu a voln\u00fdch radik\u00e1l\u016f v krvi.<\/span><\/p>\n<p><span style=\"color: #000000;\">Je\u010dmenn\u00e1 tr\u00e1va je extr\u00e9mn\u011b bohat\u00e1 na chlorofyl, kter\u00fd je pro rostliny stejn\u011b d\u016fle\u017eit\u00fd jako krev pro zv\u00ed\u0159ata. M\u00e1 tak\u00e9 podobnou molekul\u00e1rn\u00ed strukturu jako hemoglobin, tak\u017ee obnovuje a \u010dist\u00ed krev, stejn\u011b jako t\u011blo obecn\u011b. Obsahuje 11x v\u00edce v\u00e1pn\u00edku a 30x v\u00edce vitam\u00ednu B1 ne\u017e kravsk\u00e9 ml\u00e9ko, 5x v\u00edce \u017eeleza a 7x v\u00edce karotenu ne\u017e \u0161pen\u00e1t a 7x v\u00edce vitam\u00ednu C ne\u017e pomeran\u010de. Obsahuje tak\u00e9 80 mikrogram\u016f vitaminu B12, kter\u00fd chyb\u00ed st\u00e1le v\u00edce lidem.<\/span><\/p>\n<p><span style=\"color: #000000;\">Krom\u011b vitam\u00edn\u016f a mnoha miner\u00e1ln\u00edch l\u00e1tek obsahuje je\u010dn\u00e1 tr\u00e1va tak\u00e9 esenci\u00e1ln\u00ed aminokyseliny, kter\u00e9 jsou z\u00e1kladn\u00edmi stavebn\u00edmi kameny b\u00edlkovin. D\u00e1le obsahuje polysacharid \u00df-glukan, kter\u00fd sni\u017euje hladinu \u0161patn\u00e9ho cholesterolu a posiluje obrann\u00fd mechanismus imunitn\u00edho syst\u00e9mu. P\u016fsob\u00ed jako antioxidant a \u00fasp\u011b\u0161n\u011b bojuje proti nebezpe\u010dn\u00fdm voln\u00fdm radik\u00e1l\u016fm v t\u011ble. Enzymy z je\u010dmenn\u00e9 tr\u00e1vy tak\u00e9 p\u0159isp\u00edvaj\u00ed k vyu\u017eit\u00ed v\u0161ech \u017eivin, proto je nesm\u00edrn\u011b d\u016fle\u017eit\u00e9, aby pr\u00e1\u0161ek z je\u010dmene nebyl su\u0161en nad teplotu 40\u00b0C.<\/span><\/p>\n<h2><span style=\"color: #000000;\">Balen\u00ed<\/span><\/h2>\n<p><span style=\"color: #000000;\">Nepropustn\u00fd s\u00e1\u010dek se zipem, ve kter\u00e9m si v\u00fdrobek zachov\u00e1v\u00e1 svou \u010derstvost a v\u016fni. Obal chr\u00e1n\u00ed p\u0159ed sv\u011btlem a vzduchem, proto\u017ee se skl\u00e1d\u00e1 z n\u011bkolika ochrann\u00fdch vrstev, kter\u00e9 zachov\u00e1vaj\u00ed vlastnosti obsahu.<\/span><\/p>\n<p><span style=\"color: #000000;\">Obal je velmi praktick\u00fd a recyklovateln\u00fd.<\/span><\/p>\n<h2><span style=\"color: #000000;\">Skladov\u00e1n\u00ed a upozorn\u011bn\u00ed<\/span><\/h2>\n<p><span style=\"color: #000000;\">Skladujte na chladn\u00e9m a such\u00e9m m\u00edst\u011b. Dopln\u011bk stravy uchov\u00e1vejte mimo dosah d\u011bt\u00ed!<\/span><\/p>\n<p><span style=\"color: #000000;\">Pamatujte na pestrou stravu a zdrav\u00fd \u017eivotn\u00ed styl &#8211; dopln\u011bk stravy nem\u016f\u017ee nahradit vyv\u00e1\u017eenou a pestrou stravu. Nep\u0159ekra\u010dujte doporu\u010denou denn\u00ed d\u00e1vku. T\u011bhotn\u00fdm a koj\u00edc\u00edm \u017een\u00e1m doporu\u010dujeme, aby se p\u0159ed u\u017e\u00edv\u00e1n\u00edm p\u0159\u00edpravku v\u017edy poradily s l\u00e9ka\u0159em.<\/span><\/p>\n<h2><span style=\"color: #000000;\">P\u016fvod<\/span><\/h2>\n<p><span style=\"color: #000000;\">EU (N\u011bmecko nebo Nizozemsko)<\/span><\/p>\n","protected":false},"excerpt":{"rendered":"<p>U\u017e mocn\u00e9 civilizace Egyp\u0165an\u016f, \u0158\u00edman\u016f a Viking\u016f znaly v\u00fdhody je\u010dmenn\u00e9 tr\u00e1vy. Poch\u00e1z\u00ed z evropsk\u00e9ho prostoru a lidsk\u00fd organismus jej snadno metabolizuje a vyu\u017e\u00edv\u00e1 mikro\u017eiviny pro v\u0161echny sv\u00e9 pot\u0159eby. Velmi rychle se tr\u00e1v\u00ed a \u017eiviny se po po\u017eit\u00ed velmi rychle vst\u0159eb\u00e1vaj\u00ed. Obsahuje tak\u00e9 mnoho fytochemik\u00e1li\u00ed, kter\u00e9 chr\u00e1n\u00ed na\u0161e t\u011blo p\u0159ed zne\u010di\u0161t\u011bn\u00edm a radiac\u00ed.<\/p>\n<p>\ud83d\udc9a \u010cist\u00ed a detoxikuje.<br \/>\n\ud83d\udc9a M\u00edrn\u00ed probl\u00e9my s an\u00e9mi\u00ed.<br \/>\n\ud83d\udc9a Pom\u00e1h\u00e1 p\u0159i hubnut\u00ed.<br \/>\n\ud83d\udc9a Je bohat\u00fdm zdrojem chlorofylu.<\/p>\n","protected":false},"featured_media":6185,"comment_status":"open","ping_status":"closed","template":"","meta":{"_acf_changed":false},"product_brand":[],"product_cat":[15,226,222,195,227],"product_tag":[],"class_list":{"0":"post-6184","1":"product","2":"type-product","3":"status-publish","4":"has-post-thumbnail","6":"product_cat-uncategorized","7":"product_cat-nabidka","8":"product_cat-rasy-a-travy","9":"product_cat-superpotraviny","10":"product_cat-vsechny-produkty","12":"first","13":"instock","14":"sale","15":"taxable","16":"shipping-taxable","17":"purchasable","18":"product-type-simple"},"acf":[],"_links":{"self":[{"href":"https:\/\/fengchashop.com\/cz\/wp-json\/wp\/v2\/product\/6184","targetHints":{"allow":["GET"]}}],"collection":[{"href":"https:\/\/fengchashop.com\/cz\/wp-json\/wp\/v2\/product"}],"about":[{"href":"https:\/\/fengchashop.com\/cz\/wp-json\/wp\/v2\/types\/product"}],"replies":[{"embeddable":true,"href":"https:\/\/fengchashop.com\/cz\/wp-json\/wp\/v2\/comments?post=6184"}],"wp:featuredmedia":[{"embeddable":true,"href":"https:\/\/fengchashop.com\/cz\/wp-json\/wp\/v2\/media\/6185"}],"wp:attachment":[{"href":"https:\/\/fengchashop.com\/cz\/wp-json\/wp\/v2\/media?parent=6184"}],"wp:term":[{"taxonomy":"product_brand","embeddable":true,"href":"https:\/\/fengchashop.com\/cz\/wp-json\/wp\/v2\/product_brand?post=6184"},{"taxonomy":"product_cat","embeddable":true,"href":"https:\/\/fengchashop.com\/cz\/wp-json\/wp\/v2\/product_cat?post=6184"},{"taxonomy":"product_tag","embeddable":true,"href":"https:\/\/fengchashop.com\/cz\/wp-json\/wp\/v2\/product_tag?post=6184"}],"curies":[{"name":"wp","href":"https:\/\/api.w.org\/{rel}","templated":true}]}}