{"id":6174,"date":"2022-03-03T21:49:08","date_gmt":"2022-03-03T20:49:08","guid":{"rendered":"https:\/\/fengchashop.com\/cz\/product\/psenicna-trava-prasek-bio-250-g\/"},"modified":"2026-05-04T23:21:09","modified_gmt":"2026-05-04T21:21:09","slug":"psenicna-trava-prasek-bio","status":"publish","type":"product","link":"https:\/\/fengchashop.com\/cz\/product\/psenicna-trava-prasek-bio\/","title":{"rendered":"P\u0161eni\u010dn\u00e1 tr\u00e1va pr\u00e1\u0161ek BIO 250 g"},"content":{"rendered":"<h2><span style=\"color: #000000\">P\u0161eni\u010dn\u00e1 tr\u00e1va pr\u00e1\u0161ek BIO<\/span><\/h2>\n<p><span style=\"color: #000000\">P\u0161eni\u010dn\u00e1 tr\u00e1va jsou vlastn\u011b mlad\u00e9 p\u0161eni\u010dn\u00e9 kl\u00ed\u010dky. Jako takov\u00fd neobsahuje lepek, jak\u00fd se nach\u00e1z\u00ed v p\u0161eni\u010dn\u00e9m klasu \u2013 p\u0159esn\u011bji v p\u0161eni\u010dn\u00e9m zrnu. Nakl\u00ed\u010den\u00e1 tr\u00e1va se obvykle skl\u00edz\u00ed o n\u011bco d\u00e9le ne\u017e t\u00fdden po vykl\u00ed\u010den\u00ed a vyr\u00e1b\u00ed se z n\u00ed \u0161\u0165\u00e1va. Pou\u017eit\u00ed pr\u00e1\u0161ku z p\u0161eni\u010dn\u00e9 tr\u00e1vy je mnohem jednodu\u0161\u0161\u00ed. Je vhodn\u00fd pro detoxikaci a pro\u010di\u0161t\u011bn\u00ed. Obsahuje mnoho vitam\u00edn\u016f, miner\u00e1l\u016f, aminokyselin, enzym\u016f, chlorofylu, vl\u00e1kniny, b\u00edlkovin a fytonutrient\u016f.<\/span><\/p>\n<p><span style=\"color: #000000\">Z Bl\u00edzk\u00e9ho v\u00fdchodu se p\u0161enice v minulosti b\u011bhem kr\u00e1tk\u00e9 doby roz\u0161\u00ed\u0159ila do cel\u00e9ho sv\u011bta a p\u0161eni\u010dn\u00e1 tr\u00e1va se uk\u00e1zala jako \u00fa\u010dinn\u00e1 o\u010distn\u00e1 a detoxika\u010dn\u00ed k\u00fara pro lidsk\u00fd organismus. Pr\u00e1v\u011b proto je mimo\u0159\u00e1dn\u011b obl\u00edben\u00e1 jako zdrav\u00e1 potravina.<\/span><\/p>\n<p><span style=\"color: #000000\">Na\u0161e p\u0161eni\u010dn\u00e1 tr\u00e1va je p\u011bstov\u00e1na ekologicky.<\/span><\/p>\n<h2><span style=\"color: #000000\">Jak\u00e9 jsou \u00fa\u010dinky u\u017e\u00edv\u00e1n\u00ed p\u0161eni\u010dn\u00e9 tr\u00e1vy?<\/span><\/h2>\n<p><span style=\"color: #000000\">P\u0161eni\u010dn\u00e1 tr\u00e1va obsahuje mnoho \u017eivin a \u00fa\u010dinn\u00fdch l\u00e1tek, proto:<\/span><\/p>\n<p><span style=\"color: #000000\">\ud83d\udc9a \u010dist\u00ed a zlep\u0161uje slo\u017een\u00ed krve,<\/span><br \/>\n<span style=\"color: #000000\">\ud83d\udc9a pe\u010duje o zdrav\u00e9 tlust\u00e9 st\u0159evo a detoxikuje j\u00e1tra,<\/span><br \/>\n<span style=\"color: #000000\">\ud83d\udc9a podporuje spr\u00e1vnou \u010dinnost srdce,<\/span><br \/>\n<span style=\"color: #000000\">\ud83d\udc9a stimuluje \u0161t\u00edtnou \u017el\u00e1zu,<\/span><br \/>\n<span style=\"color: #000000\">\ud83d\udc9a mnoho antioxidant\u016f bojuje proti voln\u00fdm radik\u00e1l\u016fm a p\u0159edch\u00e1z\u00ed nemocem a p\u0159ed\u010dasn\u00e9mu st\u00e1rnut\u00ed,<\/span><br \/>\n<span style=\"color: #000000\">\ud83d\udc9a je jedn\u00edm z nejbohat\u0161\u00edch zdroj\u016f chlorofylu, kter\u00fd podporuje hojen\u00ed tk\u00e1n\u00ed, v\u00e1\u017ee na sebe toxiny a zabra\u0148uje jejich vst\u0159eb\u00e1v\u00e1n\u00ed,<\/span><br \/>\n<span style=\"color: #000000\">\ud83d\udc9achlorofyl zm\u00edr\u0148uje z\u00e1n\u011bty v dutin\u011b \u00fastn\u00ed a \u010dist\u00ed a vy\u017eivuje poko\u017eku,<\/span><br \/>\n<span style=\"color: #000000\">\ud83d\udc9a d\u00edky obsahu vitam\u00edn\u016f skupiny B uvol\u0148uje stres,<\/span><br \/>\n<span style=\"color: #000000\">\ud83d\udc9achlorofyl tak\u00e9 chr\u00e1n\u00ed p\u0159ed z\u00e1\u0159en\u00edm z elektronick\u00fdch za\u0159\u00edzen\u00ed<\/span><br \/>\n<span style=\"color: #000000\">\ud83d\udc9a obsahuje v\u0161echny aminokyseliny nezbytn\u00e9 pro lidsk\u00fd organismus.<\/span><\/p>\n<p><span style=\"color: #000000\">P\u0161eni\u010dn\u00e1 tr\u00e1va obsahuje velk\u00e9 mno\u017estv\u00ed chlorofylu, kter\u00fd m\u00e1 pro\u010di\u0161\u0165uj\u00edc\u00ed a detoxika\u010dn\u00ed \u00fa\u010dinek na lidsk\u00fd organismus. M\u00e1 t\u00e9m\u011b\u0159 z\u00e1zra\u010dn\u00e9 vlastnosti pro regeneraci organismu. Krom\u011b toho obsahuje mnoho \u017eivin, vitam\u00edny (C, E, A, B1, B2, B3, B6, K), miner\u00e1ly (\u017eelezo, drasl\u00edk, v\u00e1pn\u00edk, zinek, selen, fosfor, b\u00f3r, chlorid, chrom, kobalt, m\u011b\u010f , j\u00f3d, \u017eelezo, ho\u0159\u010d\u00edk, mangan, nikl), enzymy, aminokyseliny, fytochemik\u00e1lie a kyselina linolov\u00e1 a linolenov\u00e1. P\u0161eni\u010dn\u00e1 tr\u00e1va posiluje imunitn\u00ed syst\u00e9m, inhibuje voln\u00e9 radik\u00e1ly, stimuluje produkci r\u016fstov\u00e9ho hormonu, a t\u00edm pom\u00e1h\u00e1 p\u0159i regeneraci tk\u00e1n\u00ed. Tak\u00e9 reguluje hladinu cholesterolu v krvi a zabra\u0148uje z\u00e1n\u011bt\u016fm a infekc\u00edm. Aplikac\u00ed na ple\u0165 zm\u00edrn\u00edte probl\u00e9my s problematickou plet\u00ed, akn\u00e9 a ekz\u00e9my, nebo\u0165 p\u016fsob\u00ed antimikrobi\u00e1ln\u011b a rychleji hoj\u00ed r\u00e1ny. Pom\u00e1h\u00e1 tak\u00e9 p\u0159i sv\u011bd\u011bn\u00ed a bodnut\u00ed hmyzem.<\/span><\/p>\n<h2><span style=\"color: #000000\">Balen\u00ed<\/span><\/h2>\n<p><span style=\"color: #000000\">Nepropustn\u00fd s\u00e1\u010dek se zipem, ve kter\u00e9m si v\u00fdrobek zachov\u00e1v\u00e1 svou \u010derstvost a v\u016fni. Obal chr\u00e1n\u00ed p\u0159ed sv\u011btlem a vzduchem, proto\u017ee se skl\u00e1d\u00e1 z n\u011bkolika ochrann\u00fdch vrstev, kter\u00e9 zachov\u00e1vaj\u00ed vlastnosti obsahu.<\/span><\/p>\n<p><span style=\"color: #000000\">Obal je velmi praktick\u00fd a recyklovateln\u00fd.<\/span><\/p>\n<h2><span style=\"color: #000000\">Skladov\u00e1n\u00ed a upozorn\u011bn\u00ed<\/span><\/h2>\n<p><span style=\"color: #000000\">Skladujte na chladn\u00e9m a such\u00e9m m\u00edst\u011b. Dopln\u011bk stravy uchov\u00e1vejte mimo dosah d\u011bt\u00ed!<\/span><\/p>\n<p><span style=\"color: #000000\">Pamatujte na pestrou stravu a zdrav\u00fd \u017eivotn\u00ed styl &#8211; dopln\u011bk stravy nem\u016f\u017ee nahradit vyv\u00e1\u017eenou a pestrou stravu. Nep\u0159ekra\u010dujte doporu\u010denou denn\u00ed d\u00e1vku. T\u011bhotn\u00fdm a koj\u00edc\u00edm \u017een\u00e1m doporu\u010dujeme, aby se p\u0159ed u\u017e\u00edv\u00e1n\u00edm p\u0159\u00edpravku v\u017edy poradily s l\u00e9ka\u0159em.<\/span><\/p>\n<h2><span style=\"color: #000000\">P\u016fvod<\/span><\/h2>\n<p><span style=\"color: #000000\">EU (N\u011bmecko nebo Nizozemsko)<\/span><\/p>\n","protected":false},"excerpt":{"rendered":"<p>P\u0161eni\u010dn\u00e1 tr\u00e1va jsou vlastn\u011b mlad\u00e9 p\u0161eni\u010dn\u00e9 kl\u00ed\u010dky. Jako takov\u00fd neobsahuje lepek, jak\u00fd se nach\u00e1z\u00ed v p\u0161eni\u010dn\u00e9m klasu \u2013 p\u0159esn\u011bji v p\u0161eni\u010dn\u00e9m zrnu. Je vhodn\u00fd pro detoxikaci a pro\u010di\u0161t\u011bn\u00ed. Obsahuje mnoho vitam\u00edn\u016f, miner\u00e1l\u016f, aminokyselin, enzym\u016f, chlorofylu, vl\u00e1kniny, b\u00edlkovin a fytonutrient\u016f.<\/p>\n<p>\ud83d\udc9a \u010cist\u00ed a zlep\u0161uje slo\u017een\u00ed krve.<br \/>\n\ud83d\udc9a Star\u00e1 se o zdrav\u00e9 tlust\u00e9 st\u0159evo a detoxikuje j\u00e1tra.<br \/>\n\ud83d\udc9a Obsahuje spoustu antioxidant\u016f.<br \/>\n\ud83d\udc9a Je bohat\u00fdm zdrojem chlorofylu.<\/p>\n","protected":false},"featured_media":6175,"comment_status":"open","ping_status":"closed","template":"","meta":{"_acf_changed":false},"product_brand":[],"product_cat":[15,226,222,195,227],"product_tag":[],"class_list":{"0":"post-6174","1":"product","2":"type-product","3":"status-publish","4":"has-post-thumbnail","6":"product_cat-uncategorized","7":"product_cat-nabidka","8":"product_cat-rasy-a-travy","9":"product_cat-superpotraviny","10":"product_cat-vsechny-produkty","12":"first","13":"instock","14":"sale","15":"taxable","16":"shipping-taxable","17":"purchasable","18":"product-type-simple"},"acf":[],"_links":{"self":[{"href":"https:\/\/fengchashop.com\/cz\/wp-json\/wp\/v2\/product\/6174","targetHints":{"allow":["GET"]}}],"collection":[{"href":"https:\/\/fengchashop.com\/cz\/wp-json\/wp\/v2\/product"}],"about":[{"href":"https:\/\/fengchashop.com\/cz\/wp-json\/wp\/v2\/types\/product"}],"replies":[{"embeddable":true,"href":"https:\/\/fengchashop.com\/cz\/wp-json\/wp\/v2\/comments?post=6174"}],"wp:featuredmedia":[{"embeddable":true,"href":"https:\/\/fengchashop.com\/cz\/wp-json\/wp\/v2\/media\/6175"}],"wp:attachment":[{"href":"https:\/\/fengchashop.com\/cz\/wp-json\/wp\/v2\/media?parent=6174"}],"wp:term":[{"taxonomy":"product_brand","embeddable":true,"href":"https:\/\/fengchashop.com\/cz\/wp-json\/wp\/v2\/product_brand?post=6174"},{"taxonomy":"product_cat","embeddable":true,"href":"https:\/\/fengchashop.com\/cz\/wp-json\/wp\/v2\/product_cat?post=6174"},{"taxonomy":"product_tag","embeddable":true,"href":"https:\/\/fengchashop.com\/cz\/wp-json\/wp\/v2\/product_tag?post=6174"}],"curies":[{"name":"wp","href":"https:\/\/api.w.org\/{rel}","templated":true}]}}