{"id":6171,"date":"2022-03-03T21:15:49","date_gmt":"2022-03-03T20:15:49","guid":{"rendered":"https:\/\/fengchashop.com\/cz\/product\/bio-kelp-prasek-250-g\/"},"modified":"2026-05-06T12:09:50","modified_gmt":"2026-05-06T10:09:50","slug":"bio-kelp-prasek","status":"publish","type":"product","link":"https:\/\/fengchashop.com\/cz\/product\/bio-kelp-prasek\/","title":{"rendered":"Kelp pr\u00e1\u0161ek BIO 250 g"},"content":{"rendered":"<h2><span style=\"color: #000000\">Kelp pr\u00e1\u0161ek bio<\/span><\/h2>\n<p><span style=\"color: #000000\">V chladn\u011bj\u0161\u00edch mo\u0159\u00edch sv\u011bta se da\u0159\u00ed<strong> hn\u011bd\u00e9 \u0159ase<\/strong> zvan\u00e9 \u201e<strong>kelp<\/strong>\u201c. Je obzvl\u00e1\u0161t\u011b bohat\u00e1 na miner\u00e1ly, kter\u00e9 vst\u0159eb\u00e1v\u00e1 z \u010dist\u00e9 mo\u0159sk\u00e9 vody nejchladn\u011bj\u0161\u00edho Norsk\u00e9ho mo\u0159e. Tyto miner\u00e1ly jsou pro na\u0161e t\u011blo nesm\u00edrn\u011b d\u016fle\u017eit\u00e9 a bylo mnohokr\u00e1t prok\u00e1z\u00e1no, \u017ee bez jejich dostatku na\u0161e t\u011blo nefunguje tak, jak by m\u011blo, a doch\u00e1z\u00ed k r\u016fzn\u00fdm t\u011blesn\u00fdm i du\u0161evn\u00edm onemocn\u011bn\u00edm.<\/span><\/p>\n<p><span style=\"color: #000000\"><em><strong>Kelp je pokladnic\u00ed t\u011bchto miner\u00e1l\u016f, \u017eivin a \u00fa\u010dinn\u00fdch l\u00e1tek, kter\u00e9 maj\u00ed pozitivn\u00ed vliv na n\u00e1\u0161 organismus, proto\u017ee:<\/strong><\/em><\/span><\/p>\n<p><span style=\"color: #000000\"><img decoding=\"async\" class=\"emoji\" role=\"img\" src=\"https:\/\/fengchashop.com\/cz\/wp-content\/uploads\/2025\/05\/1f49a.svg\" alt=\"\ud83d\udc9a\" \/> prost\u0159ednictv\u00edm fytochemik\u00e1li\u00ed odstra\u0148uje z t\u011bla<strong> radioaktivn\u00ed prvky<\/strong> a <strong>\u0161kodliv\u00e9 kovy<\/strong>, kter\u00e9 jsou ve zne\u010di\u0161t\u011bn\u00e9m prost\u0159ed\u00ed, v n\u011bm\u017e \u017eijeme, <img decoding=\"async\" class=\"emoji\" role=\"img\" src=\"https:\/\/fengchashop.com\/cz\/wp-content\/uploads\/2025\/05\/1f49a.svg\" alt=\"\ud83d\udc9a\" \/> st\u00e1le v\u011bt\u0161\u00edm probl\u00e9mem;<\/span><br \/>\n<span style=\"color: #000000\"><img decoding=\"async\" class=\"emoji\" role=\"img\" src=\"https:\/\/fengchashop.com\/cz\/wp-content\/uploads\/2025\/05\/1f49a.svg\" alt=\"\ud83d\udc9a\" \/> je jedn\u00edm z nejbohat\u0161\u00edch zdroj\u016f<strong> j\u00f3du<\/strong>, kter\u00fd <strong>reguluje \u010dinnost \u0161t\u00edtn\u00e9 \u017el\u00e1zy<\/strong>, zlep\u0161uje metabolismus a pom\u00e1h\u00e1 v boji proti nadv\u00e1ze;<\/span><br \/>\n<span style=\"color: #000000\"><img decoding=\"async\" class=\"emoji\" role=\"img\" src=\"https:\/\/fengchashop.com\/cz\/wp-content\/uploads\/2025\/05\/1f49a.svg\" alt=\"\ud83d\udc9a\" \/> miner\u00e1ly v \u0159as\u00e1ch <strong>zlep\u0161uj\u00ed funkci org\u00e1n\u016f<\/strong>, zejm\u00e9na p\u0159\u00edzniv\u00fd vliv sm\u011bsi miner\u00e1l\u016f v \u0159as\u00e1ch na kardiovaskul\u00e1rn\u00ed syst\u00e9m;<\/span><br \/>\n<span style=\"color: #000000\"><img decoding=\"async\" class=\"emoji\" role=\"img\" src=\"https:\/\/fengchashop.com\/cz\/wp-content\/uploads\/2025\/05\/1f49a.svg\" alt=\"\ud83d\udc9a\" \/> je to vynikaj\u00edc\u00ed <strong>prebiotikum<\/strong>, potrava pro na\u0161e prosp\u011b\u0161n\u00e9 st\u0159evn\u00ed bakterie;<\/span><br \/>\n<span style=\"color: #000000\"><img decoding=\"async\" class=\"emoji\" role=\"img\" src=\"https:\/\/fengchashop.com\/cz\/wp-content\/uploads\/2025\/05\/1f49a.svg\" alt=\"\ud83d\udc9a\" \/> jej\u00ed polysacharid xyl\u00f3za <strong>neutralizuje bakterie a pl\u00edsn\u011b<\/strong>;<\/span><br \/>\n<span style=\"color: #000000\"><img decoding=\"async\" class=\"emoji\" role=\"img\" src=\"https:\/\/fengchashop.com\/cz\/wp-content\/uploads\/2025\/05\/1f49a.svg\" alt=\"\ud83d\udc9a\" \/> d\u00edky sv\u00e9 z\u00e1saditosti je velmi u\u017eite\u010dn\u00e1 p\u0159i b\u011b\u017en\u00e9m probl\u00e9mu p\u0159ekyselen\u00ed,<strong> kter\u00fd vede k celkov\u00e9 nevolnosti<\/strong>;<\/span><br \/>\n<span style=\"color: #000000\"><img decoding=\"async\" class=\"emoji\" role=\"img\" src=\"https:\/\/fengchashop.com\/cz\/wp-content\/uploads\/2025\/05\/1f49a.svg\" alt=\"\ud83d\udc9a\" \/> je to siln\u00fd <strong>antioxidant<\/strong>;<\/span><br \/>\n<span style=\"color: #000000\"><img decoding=\"async\" class=\"emoji\" role=\"img\" src=\"https:\/\/fengchashop.com\/cz\/wp-content\/uploads\/2025\/05\/1f49a.svg\" alt=\"\ud83d\udc9a\" \/> galakt\u00f3za je vhodn\u00e1 pro <strong>pam\u011b\u0165<\/strong> a<strong> hojen\u00ed ran<\/strong> a <strong>pro kosti<\/strong> d\u00edky lep\u0161\u00edmu vst\u0159eb\u00e1v\u00e1n\u00ed v\u00e1pn\u00edku.<\/span><\/p>\n<h2><span style=\"color: #000000\">Co vlastn\u011b \u0159asy obsahuj\u00ed, \u017ee maj\u00ed tak pozitivn\u00ed vliv na n\u011bkolik syst\u00e9m\u016f na\u0161eho t\u011bla?<\/span><\/h2>\n<p><span style=\"color: #000000\">Kelp je hn\u011bd\u00e1 \u0159asa, kter\u00e1 se n\u011bkde tradi\u010dn\u011b pou\u017e\u00edv\u00e1 k v\u00fd\u017eivov\u00fdm \u00fa\u010del\u016fm, ale na\u0161la si sv\u00e9 m\u00edsto i v mnoha zdravotn\u00edch p\u0159\u00edru\u010dk\u00e1ch d\u00edky tomu, \u017ee je velmi bohat\u00e1 na miner\u00e1ly, aminokyseliny, \u017eiviny a \u00fa\u010dinn\u00e9 l\u00e1tky. Z miner\u00e1ln\u00edch l\u00e1tek vynikaj\u00ed p\u0159edev\u0161\u00edm <strong>v\u00e1pn\u00edk a ho\u0159\u010d\u00edk<\/strong>, ale \u0159asy obsahuj\u00ed tak\u00e9 drasl\u00edk, j\u00f3d, \u017eelezo, riboflavin, vitamin B6 a velk\u00e9 mno\u017estv\u00ed vl\u00e1kniny, celkem 46 r\u016fzn\u00fdch miner\u00e1ln\u00edch l\u00e1tek, 16 aminokyselin a 11 vitamin\u016f. Nen\u00ed tedy divu, \u017ee \u0159asy, v\u010detn\u011b chaluh, jsou v posledn\u00edch desetilet\u00edch \u010dasto <strong>p\u0159edm\u011btem v\u011bdeck\u00e9ho v\u00fdzkumu.<\/strong> \u0158asy obsahuj\u00ed tak\u00e9 kyselinu glutamovou, kter\u00e1 zm\u011bk\u010duje potraviny s vysok\u00fdm obsahem vl\u00e1kniny a zlep\u0161uje chu\u0165 j\u00eddla. Fytochemik\u00e1lie pom\u00e1haj\u00ed odstra\u0148ovat radioaktivn\u00ed l\u00e1tky a t\u011b\u017ek\u00e9 kovy, proto se konzumace mo\u0159sk\u00fdch \u0159as doporu\u010duje po radioterapii a chemoterapii. <strong>Fytochemik\u00e1lie<\/strong> nejsou ve skute\u010dnosti miner\u00e1ly nebo aminokyseliny, ale \u00fa\u010dinn\u00e9 l\u00e1tky, kter\u00e9 zabra\u0148uj\u00ed chorobn\u00fdm stav\u016fm. Zn\u00e1m\u00fdm p\u0159\u00edkladem takov\u00e9 \u00fa\u010dinn\u00e9 l\u00e1tky je alicin v \u010desneku, kter\u00fd je, jak v\u0161ichni v\u00edme, pova\u017eov\u00e1n za p\u0159\u00edrodn\u00ed antibiotikum. Hn\u011bd\u00e9 mo\u0159sk\u00e9 \u0159asy obsahuj\u00ed tak\u00e9 dv\u011b d\u016fle\u017eit\u00e9 l\u00e1tky, <strong>fukoidan a fukoxantin<\/strong>. Prvn\u00ed je pova\u017eov\u00e1n za dobr\u00e9 preventivn\u00ed opat\u0159en\u00ed v boji proti rakovin\u011b, druh\u00fd v boji proti nadv\u00e1ze a pro lep\u0161\u00ed metabolismus a spalov\u00e1n\u00ed tuk\u016f.<\/span><\/p>\n<p><span style=\"color: #000000\">Nejv\u00edce zastoupen\u00fdm miner\u00e1lem v mo\u0159sk\u00fdch \u0159as\u00e1ch je j\u00f3d, jeho\u017e nedostatkem trp\u00ed mnoho (zejm\u00e9na) \u017een. <strong>J\u00f3d<\/strong> reguluje metabolismus a funkci \u0161t\u00edtn\u00e9 \u017el\u00e1zy, tak\u017ee pom\u00e1h\u00e1 zlep\u0161it metabolismus a pom\u00e1h\u00e1 v\u00e1m kontrolovat v\u00e1hu, zejm\u00e9na tu, kter\u00e1 je zp\u016fsobena probl\u00e9my se \u0161t\u00edtnou \u017el\u00e1zou. Nezapom\u00ednejme, \u017ee \u0161t\u00edtn\u00e1 \u017el\u00e1za vylu\u010duje hormony, kter\u00e9 \u0159\u00edd\u00ed <strong>rychlost metabolick\u00fdch proces\u016f<\/strong>, a nep\u0159\u00edmo ovliv\u0148uje t\u00e9m\u011b\u0159 v\u0161echny t\u011blesn\u00e9 funkce. Je to jeden z nejd\u016fle\u017eit\u011bj\u0161\u00edch org\u00e1n\u016f v na\u0161em t\u011ble, a proto je nezbytn\u00e9, abychom se starali o jeho norm\u00e1ln\u00ed a spr\u00e1vnou funkci. N\u011bkdy sta\u010d\u00ed dostate\u010dn\u00fd p\u0159\u00edjem j\u00f3du, kter\u00e9ho lze dos\u00e1hnout pravideln\u00fdm u\u017e\u00edv\u00e1n\u00edm p\u0159\u00edrodn\u00edho dopl\u0148ku stravy \u2013 mo\u0159sk\u00fdch \u0159as. Pokud m\u00e1te probl\u00e9my se \u0161t\u00edtnou \u017el\u00e1zou, pora\u010fte se p\u0159ed u\u017e\u00edv\u00e1n\u00edm \u0159as se sv\u00fdm l\u00e9ka\u0159em. \u0158asy bohat\u00e9 na miner\u00e1ly ovliv\u0148uj\u00ed tak\u00e9 \u010dinnost dal\u0161\u00edch vnit\u0159n\u00edch org\u00e1n\u016f, kter\u00e9 jsou kl\u00ed\u010dov\u00e9 pro \u00fa\u010dinn\u00fd boj proti toxin\u016fm a voln\u00fdm radik\u00e1l\u016fm, a maj\u00ed tak i omlazuj\u00edc\u00ed \u00fa\u010dinek.<\/span><\/p>\n<h2><span style=\"color: #000000\">Skladov\u00e1n\u00ed a varov\u00e1n\u00ed<\/span><\/h2>\n<p><span style=\"color: #000000\">Skladujte na chladn\u00e9m a such\u00e9m m\u00edst\u011b p\u0159i teplot\u011b do 25 \u00b0C. Dopln\u011bk stravy uchov\u00e1vejte mimo dosah d\u011bt\u00ed!<\/span><\/p>\n<p><span style=\"color: #000000\">Nezapom\u00ednejte na d\u016fle\u017eitost pestr\u00e9 stravy a zdrav\u00e9ho \u017eivotn\u00edho stylu, dopln\u011bk stravy proto nenahrazuje vyv\u00e1\u017eenou a pestrou stravu. Doporu\u010den\u00e9 denn\u00ed mno\u017estv\u00ed nebo d\u00e1vka by nem\u011bly b\u00fdt p\u0159ekro\u010deny. T\u011bhotn\u00fdm a koj\u00edc\u00edm \u017een\u00e1m se v\u017edy doporu\u010duje, aby se p\u0159ed pou\u017eit\u00edm p\u0159\u00edpravku poradily s l\u00e9ka\u0159em.<\/span><\/p>\n<h2><span style=\"color: #000000\">Balen\u00ed<\/span><\/h2>\n<p><span style=\"color: #000000\">Neprody\u0161n\u00fd s\u00e1\u010dek na zip, ve kter\u00e9m si v\u00fdrobek zachov\u00e1v\u00e1 ve\u0161kerou \u010derstvost a v\u016fni. Obal chr\u00e1n\u00ed v\u00fdrobek p\u0159ed sv\u011btlem a vzduchem, proto\u017ee se skl\u00e1d\u00e1 z n\u011bkolika ochrann\u00fdch vrstev, kter\u00e9 zachov\u00e1vaj\u00ed vlastnosti obsahu.<\/span><\/p>\n<p><span style=\"color: #000000\">Obal je velmi praktick\u00fd a recyklovateln\u00fd.<\/span><\/p>\n<h2><span style=\"color: #000000\">P\u016fvod<\/span><\/h2>\n<p><span style=\"color: #000000\">Norsko nebo Kanada<\/span><\/p>\n","protected":false},"excerpt":{"rendered":"<p align=\"JUSTIFY\">V chladn\u011bj\u0161\u00edch mo\u0159\u00edch sv\u011bta se da\u0159\u00ed <strong>hn\u011bd\u00e9 \u0159ase<\/strong> zvan\u00e9 \u201e<strong>kelp<\/strong>\u201c. Je obzvl\u00e1\u0161t\u011b bohat\u00e1 na miner\u00e1ly, kter\u00e9 vst\u0159eb\u00e1v\u00e1 z \u010dist\u00e9 mo\u0159sk\u00e9 vody nejchladn\u011bj\u0161\u00edho Norsk\u00e9ho mo\u0159e. Tyto miner\u00e1ly jsou pro na\u0161e t\u011blo nesm\u00edrn\u011b d\u016fle\u017eit\u00e9 a bylo mnohokr\u00e1t prok\u00e1z\u00e1no, \u017ee bez jejich dostatku na\u0161e t\u011blo nefunguje tak, jak by m\u011blo, co\u017e vede k r\u016fzn\u00fdm t\u011blesn\u00fdm i du\u0161evn\u00edm onemocn\u011bn\u00edm.<\/p>\n<p align=\"JUSTIFY\"><img decoding=\"async\" class=\"emoji\" role=\"img\" src=\"https:\/\/s.w.org\/images\/core\/emoji\/13.1.0\/svg\/1f49a.svg\" alt=\"\ud83d\udc9a\" \/> Pomoc\u00ed fytochemik\u00e1li\u00ed odstra\u0148uje z t\u011bla <strong>radioaktivn\u00ed prvky a \u0161kodliv\u00e9 kovy<\/strong>.<br \/>\n<img decoding=\"async\" class=\"emoji\" role=\"img\" src=\"https:\/\/s.w.org\/images\/core\/emoji\/13.1.0\/svg\/1f49a.svg\" alt=\"\ud83d\udc9a\" \/> Je jedn\u00edm z nejbohat\u0161\u00edch <strong>zdroj\u016f j\u00f3du<\/strong>, kter\u00fd reguluje<strong> \u010dinnost \u0161t\u00edtn\u00e9 \u017el\u00e1zy<\/strong>.<br \/>\n<img decoding=\"async\" class=\"emoji\" role=\"img\" src=\"https:\/\/s.w.org\/images\/core\/emoji\/13.1.0\/svg\/1f49a.svg\" alt=\"\ud83d\udc9a\" \/> Je to vynikaj\u00edc\u00ed <strong>prebiotikum<\/strong>, potrava pro na\u0161e prosp\u011b\u0161n\u00e9 st\u0159evn\u00ed bakterie.<br \/>\n<img decoding=\"async\" class=\"emoji\" role=\"img\" src=\"https:\/\/s.w.org\/images\/core\/emoji\/13.1.0\/svg\/1f49a.svg\" alt=\"\ud83d\udc9a\" \/> Je bohat\u00fdm zdrojem rostlinn\u00fdch b\u00edlkovin.<\/p>\n","protected":false},"featured_media":6172,"comment_status":"open","ping_status":"closed","template":"","meta":{"_acf_changed":false},"product_brand":[],"product_cat":[15,226,222,195,227],"product_tag":[],"class_list":{"0":"post-6171","1":"product","2":"type-product","3":"status-publish","4":"has-post-thumbnail","6":"product_cat-uncategorized","7":"product_cat-nabidka","8":"product_cat-rasy-a-travy","9":"product_cat-superpotraviny","10":"product_cat-vsechny-produkty","12":"first","13":"instock","14":"sale","15":"taxable","16":"shipping-taxable","17":"purchasable","18":"product-type-simple"},"acf":[],"_links":{"self":[{"href":"https:\/\/fengchashop.com\/cz\/wp-json\/wp\/v2\/product\/6171","targetHints":{"allow":["GET"]}}],"collection":[{"href":"https:\/\/fengchashop.com\/cz\/wp-json\/wp\/v2\/product"}],"about":[{"href":"https:\/\/fengchashop.com\/cz\/wp-json\/wp\/v2\/types\/product"}],"replies":[{"embeddable":true,"href":"https:\/\/fengchashop.com\/cz\/wp-json\/wp\/v2\/comments?post=6171"}],"wp:featuredmedia":[{"embeddable":true,"href":"https:\/\/fengchashop.com\/cz\/wp-json\/wp\/v2\/media\/6172"}],"wp:attachment":[{"href":"https:\/\/fengchashop.com\/cz\/wp-json\/wp\/v2\/media?parent=6171"}],"wp:term":[{"taxonomy":"product_brand","embeddable":true,"href":"https:\/\/fengchashop.com\/cz\/wp-json\/wp\/v2\/product_brand?post=6171"},{"taxonomy":"product_cat","embeddable":true,"href":"https:\/\/fengchashop.com\/cz\/wp-json\/wp\/v2\/product_cat?post=6171"},{"taxonomy":"product_tag","embeddable":true,"href":"https:\/\/fengchashop.com\/cz\/wp-json\/wp\/v2\/product_tag?post=6171"}],"curies":[{"name":"wp","href":"https:\/\/api.w.org\/{rel}","templated":true}]}}