{"id":6167,"date":"2022-03-03T20:45:27","date_gmt":"2022-03-03T19:45:27","guid":{"rendered":"https:\/\/fengchashop.com\/cz\/product\/chlorella-tablety-bio-250g\/"},"modified":"2026-04-18T00:30:06","modified_gmt":"2026-04-17T22:30:06","slug":"chlorella-tablety-bio","status":"publish","type":"product","link":"https:\/\/fengchashop.com\/cz\/product\/chlorella-tablety-bio\/","title":{"rendered":"Chlorella tablety BIO 250g"},"content":{"rendered":"<h2><span style=\"color: #000000\">Chlorella tablety BIO<\/span><\/h2>\n<p><span style=\"color: #000000\">Rostlina nejv\u00edce bohat\u00e1 na chlorofyl, kter\u00e9 se da\u0159\u00ed ve sladk\u00fdch vod\u00e1ch po cel\u00e9m sv\u011bt\u011b, se naz\u00fdv\u00e1 chlorella. Chlorella m\u00e1 mnoho pozitivn\u00edch zdravotn\u00edch \u00fa\u010dink\u016f. M\u00e1 v\u00fdraznou jasn\u011b zelenou barvu a mnoho zdravotn\u00edch v\u00fdhod. Je zn\u00e1m\u00e1 p\u0159edev\u0161\u00edm jako \u0159asa, kter\u00e1 obsahuje extr\u00e9mn\u011b vysok\u00e9 mno\u017estv\u00ed b\u00edlkovin a bohatou a p\u0159edev\u0161\u00edm vyv\u00e1\u017eenou ide\u00e1ln\u00ed strukturu. Pro sv\u016fj obsah betakarotenu je tak\u00e9 pova\u017eov\u00e1n za v\u00fdborn\u00fd detoxika\u010dn\u00ed prost\u0159edek. \u010cist\u00ed n\u00e1s od \u0161kodliv\u00fdch l\u00e1tek, kter\u00e9 jsou d\u016fsledkem zne\u010di\u0161t\u011bn\u00e9ho \u017eivotn\u00edho prost\u0159ed\u00ed a potravin (pesticidy, herbicidy, t\u011b\u017ek\u00e9 kovy), kter\u00e9 konzumujeme.<\/span><\/p>\n<p><span style=\"color: #000000\">Je to mikroskopicky mal\u00e1 zelen\u00e1 \u0159asa s vyv\u00e1\u017eenou strukturou, a proto m\u00e1 n\u011bkolik v\u00fdhod:<\/span><\/p>\n<p><span style=\"color: #000000\">\ud83d\udc9a vysok\u00e9 mno\u017estv\u00ed chlorofylu hraje d\u016fle\u017eitou roli p\u0159i detoxikaci organismu,<\/span><br \/>\n<span style=\"color: #000000\">\ud83d\udc9a produkuje protein interferon, kter\u00fd je d\u016fle\u017eit\u00fd pro optim\u00e1ln\u00ed fungov\u00e1n\u00ed imunitn\u00edho syst\u00e9mu,<\/span><br \/>\n<span style=\"color: #000000\">\ud83d\udc9a m\u00e1 vysok\u00fd obsah b\u00edlkovin &#8211; kolem 55 %,<\/span><br \/>\n<span style=\"color: #000000\">\ud83d\udc9a obsahuje \u017eivotn\u011b d\u016fle\u017eit\u00e9 sacharidy, b\u00edlkoviny, enzymy, miner\u00e1ly a vitam\u00edny.<\/span><\/p>\n<p><span style=\"color: #000000\">Chlorella a dal\u0161\u00ed \u0159asy se nej\u010dast\u011bji konzumuj\u00ed v pr\u00e1\u0161kov\u00e9 form\u011b. Chlorellu nab\u00edz\u00edme i v tablet\u00e1ch.<\/span><\/p>\n<p><span style=\"color: #000000\">Na\u0161e chlorella je ekologicky p\u011bstovan\u00e1.<\/span><\/p>\n<h2><span style=\"color: #000000\">Pro\u010d chlorella tak dob\u0159e p\u016fsob\u00ed na lidsk\u00fd organismus?<\/span><\/h2>\n<p><span style=\"color: #000000\">Chlorella m\u00e1 vysok\u00fd obsah antioxidant\u016f a chlorofylu, kter\u00e9 v\u00e1\u017eou v t\u011ble toxiny a maj\u00ed v lidsk\u00e9m t\u011ble mimo\u0159\u00e1dn\u011b \u010dist\u00edc\u00ed a detoxika\u010dn\u00ed roli. \u010cist\u00ed jak krev, tak j\u00e1tra a cel\u00fd tr\u00e1vic\u00ed trakt. D\u00edky tomu se zlep\u0161uje i tr\u00e1ven\u00ed a pom\u00e1h\u00e1 i tr\u00e1vic\u00ed enzym pepsin, kter\u00fd se vyr\u00e1b\u00ed v chlorelle a pod\u00edl\u00ed se na tr\u00e1vic\u00edm syst\u00e9mu. Chlorella obsahuje 18 aminokyselin, z toho 8 esenci\u00e1ln\u00edch, co\u017e znamen\u00e1, \u017ee m\u00e1 ide\u00e1ln\u00ed slo\u017een\u00ed b\u00edlkovin. Nav\u00edc je pln\u00e1 vitam\u00edn\u016f a miner\u00e1l\u016f, jako jsou vitam\u00edny skupiny B, vitam\u00edn C, E a K, d\u00e1le \u017eelezo, v\u00e1pn\u00edk, ho\u0159\u010d\u00edk, fosfor a samoz\u0159ejm\u011b j\u00f3d.<\/span><\/p>\n<p><span style=\"color: #000000\">Je tak\u00e9 zn\u00e1m\u00e1 jako \u0159asa, kter\u00e1 upravuje tr\u00e1ven\u00ed, proto\u017ee zaji\u0161\u0165uje r\u016fst dobr\u00fdch bakteri\u00ed ve st\u0159evech a dobrou st\u0159evn\u00ed fl\u00f3ru. D\u00edky vysok\u00e9mu obsahu chlorofylu \u010dist\u00ed st\u0159eva, j\u00e1tra a krev. Tak\u00e9 detoxikuje cel\u00e9 t\u011blo a pom\u00e1h\u00e1 p\u0159i z\u00e1cp\u011b. \u010cist\u00e1 krev a spr\u00e1vn\u00e9 tr\u00e1ven\u00ed blahod\u00e1rn\u011b p\u016fsob\u00ed i na vzhled a zdrav\u00ed na\u0161\u00ed poko\u017eky \u2013 na\u0161eho nejv\u011bt\u0161\u00edho org\u00e1nu. V boji s kandidou m\u016f\u017ee pomoci i chlorella.<\/span><\/p>\n<p><span style=\"color: #000000\">Chlorella obsahuje hodn\u011b \u017eeleza, kter\u00e9 t\u011blo rychle vst\u0159eb\u00e1 a vyu\u017eije pro sv\u00e9 \u010derven\u00e9 krvinky. Pozitivn\u011b tak p\u016fsob\u00ed p\u0159i probl\u00e9mech s chudokrevnost\u00ed, \u00fanavou, p\u0159et\u00ed\u017een\u00edm a mal\u00e1tnost\u00ed. Blahod\u00e1rn\u011b p\u016fsob\u00ed i na lidi zotavuj\u00edc\u00ed se z dlouhodob\u00fdch nemoc\u00ed.<\/span><\/p>\n<p><span style=\"color: #000000\">R\u016fstov\u00fd faktor chlorelly urychluje regeneraci bun\u011bk, r\u00e1ny se tak budou rychleji hojit, budete odoln\u011bj\u0161\u00ed v\u016f\u010di infekc\u00edm a tak\u00e9 budete m\u00edt v\u00edce energie.<\/span><\/p>\n<h2><span style=\"color: #000000\">Pro koho je chlorella ur\u010dena?<\/span><\/h2>\n<p><span style=\"color: #000000\">Chlorella je stejn\u011b jako spirulina v\u00fdborn\u00fdm dopl\u0148kem stravy pro ka\u017ed\u00e9ho, ale hod\u00ed se zejm\u00e9na pro ty, kte\u0159\u00ed nej\u00ed maso a masn\u00e9 v\u00fdrobky, pro podvy\u017eiven\u00e9 lidi, pro seniory a nemocn\u00e9. Je vhodn\u00fd i pro lidi, kte\u0159\u00ed nekonzumuj\u00ed dostatek kvalitn\u00ed \u010derstv\u00e9 zelen\u00e9 zeleniny. Je vhodn\u00fd i pro t\u011bhotn\u00e9 \u017eeny a koj\u00edc\u00ed matky, kter\u00e9 maj\u00ed \u010dasto \u0161patnou krev resp n\u00edzk\u00fd obsah \u017eeleza v krvi. Je vhodn\u00fd i pro sportovce, sn\u00e1ze se s jeho pomoc\u00ed vst\u0159eb\u00e1vaj\u00ed \u017eiviny.<\/span><\/p>\n<p><span style=\"color: #000000\">Je vhodn\u00fd i pro lidi, kte\u0159\u00ed jsou vystaveni nadm\u011brn\u00e9mu stresu, a proto maj\u00ed probl\u00e9my se soust\u0159ed\u011bn\u00edm.<\/span><\/p>\n<p><span style=\"color: #000000\">Je ur\u010dena lidem, kte\u0159\u00ed si cht\u011bj\u00ed udr\u017eet t\u011blesnou hmotnost nebo shodit p\u00e1r kilo a chlorella je v\u00fdborn\u00fdm spole\u010dn\u00edkem p\u0159i r\u016fzn\u00fdch (hubnouc\u00edch) diet\u00e1ch. Upravuje tr\u00e1ven\u00ed a napl\u0148uje n\u00e1s d\u016fle\u017eit\u00fdmi \u017eivinami.<\/span><\/p>\n<h2><span style=\"color: #000000\">Balen\u00ed<\/span><\/h2>\n<p><span style=\"color: #000000\">Nepropustn\u00fd s\u00e1\u010dek se zipem, ve kter\u00e9m si v\u00fdrobek zachov\u00e1v\u00e1 svou \u010derstvost a v\u016fni. Obal chr\u00e1n\u00ed p\u0159ed sv\u011btlem a vzduchem, proto\u017ee se skl\u00e1d\u00e1 z n\u011bkolika ochrann\u00fdch vrstev, kter\u00e9 zachov\u00e1vaj\u00ed vlastnosti obsahu.<\/span><\/p>\n<p><span style=\"color: #000000\">Obal je velmi praktick\u00fd a recyklovateln\u00fd.<\/span><\/p>\n<h2><span style=\"color: #000000\">Skladov\u00e1n\u00ed a upozorn\u011bn\u00ed<\/span><\/h2>\n<p><span style=\"color: #000000\">Skladujte na chladn\u00e9m a such\u00e9m m\u00edst\u011b. Dopln\u011bk stravy uchov\u00e1vejte mimo dosah d\u011bt\u00ed!<\/span><\/p>\n<p><span style=\"color: #000000\">Pamatujte na pestrou stravu a zdrav\u00fd \u017eivotn\u00ed styl &#8211; dopln\u011bk stravy nem\u016f\u017ee nahradit vyv\u00e1\u017eenou a pestrou stravu. Nep\u0159ekra\u010dujte doporu\u010denou denn\u00ed d\u00e1vku. T\u011bhotn\u00fdm a koj\u00edc\u00edm \u017een\u00e1m doporu\u010dujeme, aby se p\u0159ed u\u017e\u00edv\u00e1n\u00edm p\u0159\u00edpravku v\u017edy poradily s l\u00e9ka\u0159em.<\/span><\/p>\n<p><span style=\"color: #000000\">Chlorella m\u016f\u017ee obsahovat si\u0159i\u010ditany, kter\u00e9 se p\u0159irozen\u011b vyskytuj\u00ed v \u0159as\u00e1ch.<\/span><\/p>\n<h2><span style=\"color: #000000\">P\u016fvod<\/span><\/h2>\n<p><span style=\"color: #000000\">\u010c\u00edna <\/span><\/p>\n<p><span style=\"color: #000000\">M\u00e1me velmi spolehliv\u00e9 dodavatele, kte\u0159\u00ed n\u00e1m pro ka\u017edou \u0161ar\u017ei zas\u00edlaj\u00ed podrobn\u00fd chemick\u00fd rozbor v\u00fdrobku. Za v\u00edce ne\u017e 10 let jsme s t\u00edmto v\u00fdrobkem ani s \u017e\u00e1dn\u00fdm jin\u00fdm v\u00fdrobkem od stejn\u00e9ho dodavatele nem\u011bli nikdy \u017e\u00e1dn\u00fd probl\u00e9m. <\/span><\/p>\n<p>V\u00fdrobek m\u00e1 100% bio certifik\u00e1t.<\/p>\n","protected":false},"excerpt":{"rendered":"<p>Rostlina nejv\u00edce bohat\u00e1 na chlorofyl, kter\u00e9 se da\u0159\u00ed ve sladk\u00fdch vod\u00e1ch po cel\u00e9m sv\u011bt\u011b, se naz\u00fdv\u00e1 chlorella. Chlorella m\u00e1 mnoho pozitivn\u00edch zdravotn\u00edch \u00fa\u010dink\u016f. Je zn\u00e1m\u00e1 p\u0159edev\u0161\u00edm jako \u0159asa, kter\u00e1 obsahuje extr\u00e9mn\u011b vysok\u00e9 mno\u017estv\u00ed b\u00edlkovin a bohatou, a p\u0159edev\u0161\u00edm vyv\u00e1\u017eenou ide\u00e1ln\u00ed strukturu. Pro sv\u016fj obsah betakarotenu je tak\u00e9 pova\u017eov\u00e1n za v\u00fdborn\u00fd detoxika\u010dn\u00ed prost\u0159edek. \u010cist\u00ed n\u00e1s od \u0161kodliv\u00fdch l\u00e1tek, kter\u00e9 jsou d\u016fsledkem zne\u010di\u0161t\u011bn\u00e9ho \u017eivotn\u00edho prost\u0159ed\u00ed a potravin (pesticidy, herbicidy, t\u011b\u017ek\u00e9 kovy), kter\u00e9 konzumujeme.<\/p>\n<p>\ud83d\udc9a Pom\u00e1h\u00e1 p\u0159i detoxikaci organismu.<br \/>\n\ud83d\udc9a M\u00e1 vysok\u00fd obsah antioxidant\u016f a chlorofylu.<br \/>\n\ud83d\udc9a \u010cist\u00ed st\u0159eva, j\u00e1tra a krev.<br \/>\n\ud83d\udc9a Je bohat\u00fdm zdrojem rostlinn\u00fdch b\u00edlkovin.<\/p>\n","protected":false},"featured_media":6168,"comment_status":"open","ping_status":"closed","template":"","meta":{"_acf_changed":false},"product_brand":[],"product_cat":[15,243,226,222,195,227],"product_tag":[],"class_list":{"0":"post-6167","1":"product","2":"type-product","3":"status-publish","4":"has-post-thumbnail","6":"product_cat-uncategorized","7":"product_cat-dobre-nabidky","8":"product_cat-nabidka","9":"product_cat-rasy-a-travy","10":"product_cat-superpotraviny","11":"product_cat-vsechny-produkty","13":"first","14":"instock","15":"sale","16":"taxable","17":"shipping-taxable","18":"purchasable","19":"product-type-simple"},"acf":[],"_links":{"self":[{"href":"https:\/\/fengchashop.com\/cz\/wp-json\/wp\/v2\/product\/6167","targetHints":{"allow":["GET"]}}],"collection":[{"href":"https:\/\/fengchashop.com\/cz\/wp-json\/wp\/v2\/product"}],"about":[{"href":"https:\/\/fengchashop.com\/cz\/wp-json\/wp\/v2\/types\/product"}],"replies":[{"embeddable":true,"href":"https:\/\/fengchashop.com\/cz\/wp-json\/wp\/v2\/comments?post=6167"}],"wp:featuredmedia":[{"embeddable":true,"href":"https:\/\/fengchashop.com\/cz\/wp-json\/wp\/v2\/media\/6168"}],"wp:attachment":[{"href":"https:\/\/fengchashop.com\/cz\/wp-json\/wp\/v2\/media?parent=6167"}],"wp:term":[{"taxonomy":"product_brand","embeddable":true,"href":"https:\/\/fengchashop.com\/cz\/wp-json\/wp\/v2\/product_brand?post=6167"},{"taxonomy":"product_cat","embeddable":true,"href":"https:\/\/fengchashop.com\/cz\/wp-json\/wp\/v2\/product_cat?post=6167"},{"taxonomy":"product_tag","embeddable":true,"href":"https:\/\/fengchashop.com\/cz\/wp-json\/wp\/v2\/product_tag?post=6167"}],"curies":[{"name":"wp","href":"https:\/\/api.w.org\/{rel}","templated":true}]}}