{"id":6161,"date":"2022-03-03T20:05:37","date_gmt":"2022-03-03T19:05:37","guid":{"rendered":"https:\/\/fengchashop.com\/cz\/product\/maca-prasek-bio-500g\/"},"modified":"2026-05-04T22:58:52","modified_gmt":"2026-05-04T20:58:52","slug":"mac-prasek-bio","status":"publish","type":"product","link":"https:\/\/fengchashop.com\/cz\/product\/mac-prasek-bio\/","title":{"rendered":"Maca pr\u00e1\u0161ek BIO 500g"},"content":{"rendered":"<h2>Maca pr\u00e1\u0161ek BIO<\/h2>\n<p>Maca je ko\u0159enov\u00e1 rostlina, kter\u00e9 se da\u0159\u00ed v peru\u00e1nsk\u00e9 a andsk\u00e9 vyso\u010din\u011b, vystaven\u00e9 extr\u00e9mn\u00edm pov\u011btrnostn\u00edm podm\u00ednk\u00e1m a velk\u00fdm teplotn\u00edm rozd\u00edl\u016fm mezi dnem a noc\u00ed. \u0158\u00edk\u00e1 se mu tak\u00e9 peru\u00e1nsk\u00fd \u017een\u0161en. Proto\u017ee je z hlediska p\u0159e\u017eit\u00ed prakticky neporaziteln\u00e1, pou\u017e\u00edvali ji\u017e sta\u0159\u00ed Inkov\u00e9 jej\u00ed \u00fa\u010dinn\u00e9 l\u00e1tky, kter\u00e9 p\u016fsob\u00ed zvl\u00e1\u0161t\u011b dob\u0159e na mu\u017eskou sexu\u00e1ln\u00ed s\u00edlu a blahod\u00e1rn\u011b p\u016fsob\u00ed na celkov\u00fd zdravotn\u00ed stav. Pr\u00e1v\u011b kv\u016fli posledn\u00edmu jmenovan\u00e9mu je pova\u017eov\u00e1na za mimo\u0159\u00e1dn\u011b cennou superpotravinu.<\/p>\n<p>L\u00e9\u010divou sou\u010d\u00e1st\u00ed macesu je hl\u00edza, kter\u00e1 obsahuje mnoho vitam\u00edn\u016f, miner\u00e1l\u016f a aminokyselin. D\u00edky l\u00e1tk\u00e1m, kter\u00e9 p\u016fsob\u00ed podobn\u011b jako hormony, reguluje hladinu estrogenu a progesteronu neboli testosteronu, kter\u00fd blahod\u00e1rn\u011b p\u016fsob\u00ed na na\u0161i pohodu a dod\u00e1v\u00e1 n\u00e1m s\u00edlu a vytrvalost. Obsah d\u016fle\u017eit\u00fdch vitam\u00edn\u016f, jako je vitam\u00edn B1, B12, C a E, stejn\u011b jako mastn\u00fdch kyselin, miner\u00e1l\u016f a aminokyselin (v\u010detn\u011b 7 esenci\u00e1ln\u00edch &#8211; t\u011bch, kter\u00e9 na\u0161e t\u011blo nezbytn\u011b pot\u0159ebuje), d\u011bl\u00e1 z macy jednu z nej\u00fa\u010dinn\u011bj\u0161\u00edch, nej\u017e\u00e1dan\u011bj\u0161\u00edch a doporu\u010den\u00e9 p\u0159\u00edrodn\u00ed superpotraviny s n\u011bkolika tis\u00edciletou tradic\u00ed.<\/p>\n<p>Je to adaptogenn\u00ed rostlina, kter\u00e1 zvy\u0161uje energii, v\u00fddr\u017e, vitalitu a fyzickou s\u00edlu. Pom\u00e1h\u00e1 n\u00e1m l\u00e9pe reagovat na stres a adaptovat se na zm\u011bny. Nejv\u00edce se mu da\u0159\u00ed v And\u00e1ch ve st\u0159edn\u00edm Peru, v obt\u00ed\u017en\u00fdch podm\u00ednk\u00e1ch a ve velmi vysok\u00fdch nadmo\u0159sk\u00fdch v\u00fd\u0161k\u00e1ch \u2013 nad 4000 metr\u016f. Je to brukvovit\u00e1 zelenina jako brokolice, kv\u011bt\u00e1k, tu\u0159\u00edn, zel\u00ed, kapusta a \u0159edkvi\u010dky. Nejjedlej\u0161\u00ed \u010d\u00e1st\u00ed rostliny je ko\u0159en nebo hl\u00edza. Dod\u00e1v\u00e1 se v n\u011bkolika barv\u00e1ch, od b\u00edl\u00e9 po \u010dernou. Nejobl\u00edben\u011bj\u0161\u00ed jsou \u017elut\u00e1, \u010derven\u00e1 a \u010dern\u00e1. Oby\u010dejn\u00fd \u017elut\u00fd matzo se pou\u017e\u00edv\u00e1 ke ka\u017edodenn\u00ed a dlouhodob\u00e9 konzumaci. \u010cerven\u00e1 a \u010dern\u00e1 maca jsou pova\u017eov\u00e1ny za posv\u00e1tn\u00e9 odr\u016fdy a pou\u017e\u00edvaj\u00ed se p\u0159i chronick\u00fdch terapeutick\u00fdch probl\u00e9mech.<\/p>\n<p>M\u00e1 velmi sladkou chu\u0165 a \u0161irok\u00e9 mo\u017enosti vyu\u017eit\u00ed.<\/p>\n<p>Na\u0161e maca je 100% organick\u00e1.<\/p>\n<h2>Jak\u00e9 jsou kl\u00ed\u010dov\u00e9 vlastnosti, kter\u00e9 n\u00e1m maca nab\u00edz\u00ed?<\/h2>\n<p><strong>Je velmi v\u00fd\u017eivn\u00fd<\/strong><\/p>\n<p>Maca je vynikaj\u00edc\u00edm zdrojem n\u011bkolika d\u016fle\u017eit\u00fdch vitam\u00edn\u016f a miner\u00e1l\u016f, jako je vitam\u00edn C, A, E, B2, B6, B12, m\u011b\u010f, ho\u0159\u010d\u00edk, selen, v\u00e1pn\u00edk, drasl\u00edk, sod\u00edk, fosfor, mangan a \u017eelezo. Je dobr\u00fdm zdrojem sacharid\u016f, aminokyselin, tuk\u016f, obsahuje hodn\u011b vl\u00e1kniny a dal\u0161\u00edch fytonutrient\u016f. Obsahuje tak\u00e9 r\u016fzn\u00e9 rostlinn\u00e9 slou\u010deniny, jako jsou glukosinol\u00e1ty, polyfenoly a fytosteroly, kter\u00e9 inhibuj\u00ed vst\u0159eb\u00e1v\u00e1n\u00ed cholesterolu a mohou dokonce sni\u017eovat jeho hodnotu v krvi.<\/p>\n<p><strong>Zvy\u0161uje libido<\/strong><\/p>\n<p>Zvy\u0161uje sexu\u00e1ln\u00ed touhu u mu\u017e\u016f a \u017een. Je to p\u0159\u00edrodn\u00ed afrodiziakum. Odstra\u0148uje erektiln\u00ed dysfunkci. Maca je \u00fa\u010dinn\u00e1 p\u0159i zlep\u0161ov\u00e1n\u00ed sexu\u00e1ln\u00ed touhy a toto tvrzen\u00ed podporuj\u00ed r\u016fzn\u00e9 studie. V\u00fdzkum z roku 2010, kter\u00fd zahrnoval \u010dty\u0159i klinick\u00e9 studie s celkem 131 \u00fa\u010dastn\u00edky, prok\u00e1zal, \u017ee maca zlep\u0161uje sexu\u00e1ln\u00ed touhu po minim\u00e1ln\u011b \u0161esti t\u00fddnech konzumace. Dal\u0161\u00ed studie zjistila, \u017ee maca sni\u017euje sexu\u00e1ln\u00ed dysfunkci zp\u016fsobenou l\u00e9ky pou\u017e\u00edvan\u00fdmi k l\u00e9\u010db\u011b deprese.<\/p>\n<p><strong>Zvy\u0161uje plodnost<\/strong><\/p>\n<p>Maca zvy\u0161uje plodnost u mu\u017e\u016f i \u017een. P\u0159ehled p\u011bti mal\u00fdch studi\u00ed zjistil, \u017ee maca zv\u00fd\u0161ila produkci spermi\u00ed a zlep\u0161ila kvalitu spermatu u neplodn\u00fdch, ale jinak zdrav\u00fdch mu\u017e\u016f. Po \u010dty\u0159ech m\u011bs\u00edc\u00edch konzumace macy se objem, po\u010det a pohyb spermi\u00ed zv\u00fd\u0161il. U \u017een upravuje menstrua\u010dn\u00ed cyklus, zm\u00edr\u0148uje tak\u00e9 p\u0159\u00edznaky PMS a menstrua\u010dn\u00ed bolesti.<\/p>\n<p><strong>Zmen\u0161uje velikost prostaty<\/strong><\/p>\n<p>N\u011bkter\u00e9 studie prok\u00e1zaly, \u017ee \u010derven\u00e1 maca zmen\u0161uje velikost prostaty, proto\u017ee obsahuje velk\u00e9 mno\u017estv\u00ed glukosinol\u00e1t\u016f. Jsou tak\u00e9 spojeny s ni\u017e\u0161\u00edm rizikem vzniku rakoviny prostaty a zdrav\u011bj\u0161\u00ed prostatou.<\/p>\n<p><strong>Hormon\u00e1ln\u00ed rovnov\u00e1ha<\/strong><\/p>\n<p>Podporuje endokrinn\u00ed syst\u00e9m, kter\u00fd se mimo jin\u00e9 star\u00e1 o p\u0159enos kysl\u00edku po cel\u00e9m t\u011ble. Stimuluje \u017el\u00e1zy ke spr\u00e1vn\u00e9 funkci (hypotalamus, hypof\u00fdza, nadledvinka, \u0161t\u00edtn\u00e1 \u017el\u00e1za) a t\u00edm stimuluje tvorbu hormon\u016f (progesteron, testosteron, DHEA) a reguluje fungov\u00e1n\u00ed cel\u00e9ho hormon\u00e1ln\u00edho syst\u00e9mu. Se spr\u00e1vn\u00fdm fungov\u00e1n\u00edm imunitn\u00edho syst\u00e9mu souvis\u00ed i spr\u00e1vn\u00e9 fungov\u00e1n\u00ed endokrinn\u00edho syst\u00e9mu. Pokud je rovnov\u00e1ha kdekoli v endokrinn\u00edm syst\u00e9mu naru\u0161ena, sni\u017euje se schopnost na\u0161eho obrann\u00e9ho mechanismu.<\/p>\n<p><strong>Zm\u00edr\u0148uje p\u0159\u00edznaky menopauzy a andropauzy (tzv. mu\u017esk\u00e1 menopauza)<\/strong><\/p>\n<p>P\u0159irozen\u00fd pokles estrogenu, ke kter\u00e9mu doch\u00e1z\u00ed b\u011bhem menopauzy, m\u016f\u017ee zp\u016fsobit \u0159adu nep\u0159\u00edjemn\u00fdch p\u0159\u00edznak\u016f, jako jsou n\u00e1valy horka, vagin\u00e1ln\u00ed suchost, zm\u011bny n\u00e1lad, probl\u00e9my se sp\u00e1nkem a podr\u00e1\u017ed\u011bnost. Jedna studie na \u017een\u00e1ch v menopauze zjistila, \u017ee maca pomohla zm\u00edrnit p\u0159\u00edznaky menopauzy, v\u010detn\u011b n\u00e1val\u016f horka a probl\u00e9m\u016f se sp\u00e1nkem. Maca tak\u00e9 pom\u00e1h\u00e1 chr\u00e1nit zdrav\u00ed kost\u00ed a sni\u017euje riziko osteopor\u00f3zy. Zpomaluje proces st\u00e1rnut\u00ed.<\/p>\n<p><strong>Zlep\u0161uje n\u00e1ladu<\/strong><\/p>\n<p>N\u011bkolik studi\u00ed ji\u017e prok\u00e1zalo, \u017ee maca m\u016f\u017ee zlep\u0161it n\u00e1ladu a du\u0161evn\u00ed pohodu, proto\u017ee obsahuje flavonoidy. Tak\u00e9 sni\u017euje \u00fazkost a p\u0159\u00edznaky deprese, zejm\u00e9na u \u017een v menopauze. Pom\u00e1h\u00e1 p\u0159i sni\u017eov\u00e1n\u00ed stresu a nervov\u00e9ho nap\u011bt\u00ed, proto\u017ee zvy\u0161uje mno\u017estv\u00ed kysl\u00edku v krvi.<\/p>\n<p><strong>Zvy\u0161uje energii a sportovn\u00ed v\u00fdkon<\/strong><\/p>\n<p>Macu vyu\u017e\u00edvaj\u00ed i sportovci. Pom\u00e1h\u00e1 n\u00e1m nabrat svalovou hmotu, zv\u00fd\u0161it s\u00edlu, energii, vytrvalost a zlep\u0161it efektivitu cvi\u010den\u00ed. Konzumace macy m\u016f\u017ee zlep\u0161it v\u00fdkon, zejm\u00e9na p\u0159i vytrvalostn\u00edm tr\u00e9ninku. Pom\u00e1h\u00e1 p\u0159i chronick\u00e9 \u00fanav\u011b. Zvy\u0161uje vitalitu organismu a psychickou i fyzickou energii.<\/p>\n<p><strong>M\u00e1 dobr\u00fd vliv na u\u010den\u00ed a pam\u011b\u0165<\/strong><\/p>\n<p>Maca dok\u00e1\u017ee zlep\u0161it mozkov\u00e9 funkce, m\u00e1 tak\u00e9 p\u0159\u00edzniv\u00fd vliv na u\u010den\u00ed, koncentraci a pam\u011b\u0165. Tradi\u010dn\u011b jej pou\u017e\u00edvali m\u00edstn\u00ed obyvatel\u00e9 v Peru ke zlep\u0161en\u00ed v\u00fdkonu d\u011bt\u00ed ve \u0161kole. V tomto p\u0159\u00edpad\u011b se nejv\u00edce osv\u011bd\u010dila maca \u010dern\u00e1.<\/p>\n<h2>Na jak\u00e9 probl\u00e9my pom\u00e1h\u00e1, pop\u0159 Komu to doporu\u010dujeme?<\/h2>\n<p>Maca je adaptogenn\u00ed rostlina, co\u017e znamen\u00e1, \u017ee se n\u011bjak p\u0159izp\u016fsobuje pot\u0159eb\u00e1m jedince. Adaptogeny posiluj\u00ed org\u00e1nov\u00e9 soustavy (d\u00fdchac\u00ed soustava, tr\u00e1vic\u00ed soustava, mo\u010dov\u00e1 soustava atd.), ale z\u00e1rove\u0148 je nep\u0159estimuluj\u00ed ani jinak nenaru\u0161uj\u00ed jejich fungov\u00e1n\u00ed. Doporu\u010dujeme ji vz\u00edt lidem, kte\u0159\u00ed pot\u0159ebuj\u00ed pomoci s:<\/p>\n<p>\ud83d\udc9a p\u0159ekon\u00e1n\u00ed probl\u00e9m\u016f s v\u00fdkyvy n\u00e1lad,<br \/>\n\ud83d\udc9a p\u0159i neplodnosti a probl\u00e9mech s menopauzou,<br \/>\n\ud83d\udc9a dosa\u017een\u00ed vy\u0161\u0161\u00ed du\u0161evn\u00ed a fyzick\u00e9 v\u00fdkonnosti,<br \/>\n\ud83d\udc9a zv\u00fd\u0161en\u00ed sexu\u00e1ln\u00ed s\u00edly,<br \/>\n\ud83d\udc9a mnoho dal\u0161\u00edch zdravotn\u00edch probl\u00e9m\u016f.<\/p>\n<h2><span style=\"color: #000000\">Nutri\u010dn\u00ed hodnoty<\/span><\/h2>\n<p><span style=\"color: #000000\">Pr\u016fm\u011brn\u00e9 nutri\u010dn\u00ed hodnoty na 100 g macy: energetick\u00e1 hodnota: 1431 kJ\/342 kcal; tuky: 1 g, z toho nasycen\u00e9: 1 g; sacharidy: 69,8 g, z toho cukry: 30 g; b\u00edlkoviny: 13,72 g a s\u016fl: &lt;0,1 g.<\/span><\/p>\n<h2><span style=\"color: #000000\">Balen\u00ed<\/span><\/h2>\n<p><span style=\"color: #000000\">Nepropustn\u00fd s\u00e1\u010dek se zipem, ve kter\u00e9m si v\u00fdrobek zachov\u00e1v\u00e1 svou \u010derstvost a v\u016fni. Obal chr\u00e1n\u00ed p\u0159ed sv\u011btlem a vzduchem, proto\u017ee se skl\u00e1d\u00e1 z n\u011bkolika ochrann\u00fdch vrstev, kter\u00e9 zachov\u00e1vaj\u00ed vlastnosti obsahu.<\/span><\/p>\n<p><span style=\"color: #000000\">Obal je velmi praktick\u00fd a recyklovateln\u00fd.<\/span><\/p>\n<h2><span style=\"color: #000000\">Skladov\u00e1n\u00ed a upozorn\u011bn\u00ed<\/span><\/h2>\n<p><span style=\"color: #000000\">Skladujte na chladn\u00e9m a such\u00e9m m\u00edst\u011b. Dopln\u011bk stravy uchov\u00e1vejte mimo dosah d\u011bt\u00ed!<\/span><\/p>\n<p><span style=\"color: #000000\">Pamatujte na pestrou stravu a zdrav\u00fd \u017eivotn\u00ed styl &#8211; dopln\u011bk stravy nem\u016f\u017ee nahradit vyv\u00e1\u017eenou a pestrou stravu. Nep\u0159ekra\u010dujte doporu\u010denou denn\u00ed d\u00e1vku. T\u011bhotn\u00fdm a koj\u00edc\u00edm \u017een\u00e1m doporu\u010dujeme, aby se p\u0159ed u\u017e\u00edv\u00e1n\u00edm p\u0159\u00edpravku v\u017edy poradily s l\u00e9ka\u0159em.<\/span><\/p>\n<h2><span style=\"color: #000000\">Zem\u011b p\u016fvodu<\/span><\/h2>\n<p><span style=\"color: #000000\">Peru<\/span><\/p>\n","protected":false},"excerpt":{"rendered":"<p>Maca je ko\u0159enov\u00e1 rostlina, kter\u00e9 se da\u0159\u00ed v peru\u00e1nsk\u00e9 andsk\u00e9 vyso\u010din\u011b, vystaven\u00e9 extr\u00e9mn\u00edm pov\u011btrnostn\u00edm podm\u00ednk\u00e1m a velk\u00fdm teplotn\u00edm rozd\u00edl\u016fm mezi dnem a noc\u00ed. L\u00e9\u010divou sou\u010d\u00e1st\u00ed macesu je hl\u00edza, kter\u00e1 obsahuje mnoho vitam\u00edn\u016f, miner\u00e1l\u016f a aminokyselin. D\u00edky obsahu d\u016fle\u017eit\u00fdch vitam\u00edn\u016f jako je vitam\u00edn B1, B12, C a E, ale i mastn\u00fdch kyselin, miner\u00e1l\u016f a aminokyselin je maca jednou z nej\u00fa\u010dinn\u011bj\u0161\u00edch, nej\u017e\u00e1dan\u011bj\u0161\u00edch a doporu\u010dovan\u00fdch p\u0159\u00edrodn\u00edch superpotravin s n\u011bkolikatis\u00edciletou tradic\u00ed.<\/p>\n<p>\ud83d\udc9a Zvy\u0161uje libido.<br \/>\n\ud83d\udc9a Zm\u00edr\u0148uje p\u0159\u00edznaky menopauzy a andropauzy.<br \/>\n\ud83d\udc9a Zlep\u0161uje n\u00e1ladu, uvol\u0148uje stres a \u00fazkost.<br \/>\n\ud83d\udc9a Zvy\u0161uje energii.<\/p>\n","protected":false},"featured_media":6162,"comment_status":"open","ping_status":"closed","template":"","meta":{"_acf_changed":false},"product_brand":[],"product_cat":[15,226,195,227],"product_tag":[],"class_list":{"0":"post-6161","1":"product","2":"type-product","3":"status-publish","4":"has-post-thumbnail","6":"product_cat-uncategorized","7":"product_cat-nabidka","8":"product_cat-superpotraviny","9":"product_cat-vsechny-produkty","11":"first","12":"instock","13":"sale","14":"taxable","15":"shipping-taxable","16":"purchasable","17":"product-type-simple"},"acf":[],"_links":{"self":[{"href":"https:\/\/fengchashop.com\/cz\/wp-json\/wp\/v2\/product\/6161","targetHints":{"allow":["GET"]}}],"collection":[{"href":"https:\/\/fengchashop.com\/cz\/wp-json\/wp\/v2\/product"}],"about":[{"href":"https:\/\/fengchashop.com\/cz\/wp-json\/wp\/v2\/types\/product"}],"replies":[{"embeddable":true,"href":"https:\/\/fengchashop.com\/cz\/wp-json\/wp\/v2\/comments?post=6161"}],"wp:featuredmedia":[{"embeddable":true,"href":"https:\/\/fengchashop.com\/cz\/wp-json\/wp\/v2\/media\/6162"}],"wp:attachment":[{"href":"https:\/\/fengchashop.com\/cz\/wp-json\/wp\/v2\/media?parent=6161"}],"wp:term":[{"taxonomy":"product_brand","embeddable":true,"href":"https:\/\/fengchashop.com\/cz\/wp-json\/wp\/v2\/product_brand?post=6161"},{"taxonomy":"product_cat","embeddable":true,"href":"https:\/\/fengchashop.com\/cz\/wp-json\/wp\/v2\/product_cat?post=6161"},{"taxonomy":"product_tag","embeddable":true,"href":"https:\/\/fengchashop.com\/cz\/wp-json\/wp\/v2\/product_tag?post=6161"}],"curies":[{"name":"wp","href":"https:\/\/api.w.org\/{rel}","templated":true}]}}