{"id":6155,"date":"2022-03-03T19:31:11","date_gmt":"2022-03-03T18:31:11","guid":{"rendered":"https:\/\/fengchashop.com\/cz\/product\/spirulina-prasek-bio-250-g\/"},"modified":"2026-04-18T13:37:51","modified_gmt":"2026-04-18T11:37:51","slug":"spirulina-prasek-bio","status":"publish","type":"product","link":"https:\/\/fengchashop.com\/cz\/product\/spirulina-prasek-bio\/","title":{"rendered":"Spirulina pr\u00e1\u0161ek BIO 250 g"},"content":{"rendered":"<h2><span style=\"color: #000000\">Spirulina pr\u00e1\u0161ek BIO<\/span><\/h2>\n<p><span style=\"color: #000000\">\u0158asa spirulina, kter\u00e1 je zn\u00e1m\u00e1 jako p\u0159\u00edrodn\u00ed superpotravina, se nejl\u00e9pe da\u0159\u00ed ve vod\u00e1ch tepl\u00fdch tropick\u00fdch mo\u0159\u00ed bohat\u00fdch na miner\u00e1ly. Sv\u00e9 jm\u00e9no dostal podle sv\u00e9ho spir\u00e1lovit\u00e9ho tvaru a je pova\u017eov\u00e1n za jednu z prvn\u00edch forem \u017eivota na Zemi. Mimo\u0159\u00e1dn\u011b obl\u00edben\u00e1 a oce\u0148ovan\u00e1 byla u\u017e Azt\u00e9ky. Tradi\u010dn\u011b se z n\u011bj p\u0159ipravovala du\u0161en\u00e1 j\u00eddla a r\u016fzn\u00e9 kol\u00e1\u010de a konzumoval se pro s\u00edlu a v\u00fddr\u017e. Spirulina si v\u0161ak v posledn\u00edch letech op\u011bt z\u00edskala svou popularitu. Ji\u017e n\u011bkolik let je tedy pova\u017eov\u00e1na za jednu z nejlep\u0161\u00edch a nejobl\u00edben\u011bj\u0161\u00edch superpotravin. Schv\u00e1lily ho i FDA a WHO a pochutnat si na n\u011bm m\u011bli i astronauti na mis\u00edch. Spirulina je pln\u00e1 miner\u00e1l\u016f a soli z mo\u0159e, oce\u00e1n\u016f. Obsahuj\u00ed stejn\u00e9 miner\u00e1ly jako lidsk\u00e1 krev. \u0158asy tak obsahuj\u00ed p\u0159\u00edrodn\u00ed vitam\u00edny a miner\u00e1ly, kter\u00e9 jsou pro t\u011blo snadno straviteln\u00e9.<\/span><\/p>\n<p><span style=\"color: #000000\">Spirulina a dal\u0161\u00ed \u0159asy se nej\u010dast\u011bji konzumuj\u00ed v pr\u00e1\u0161kov\u00e9 form\u011b. Spirulinu nab\u00edz\u00edme tak\u00e9 v tablet\u00e1ch.<\/span><\/p>\n<p><span style=\"color: #000000\">Na\u0161e spirulina je z ekologick\u00e9 produkce.<\/span><\/p>\n<h2><span style=\"color: #000000\">Jak\u00e9 jsou v\u0161echny v\u00fdhody spiruliny?<\/span><\/h2>\n<p><span style=\"color: #000000\">Obsahuje chlorofyl, vysok\u00e9 procento b\u00edlkovin, v\u0161echny esenci\u00e1ln\u00ed aminokyseliny a jen p\u00e1r procent p\u0159ev\u00e1\u017en\u011b nenasycen\u00fdch tuk\u016f. Chlorofyl b\u00fdv\u00e1 n\u011bkdy naz\u00fdv\u00e1n zelenou krv\u00ed, nebo\u0165 sv\u00fdm molekul\u00e1rn\u00edm slo\u017een\u00edm je extr\u00e9mn\u011b podobn\u00fd hemoglobinu a t\u00edm pro n\u00e1s vhodn\u00fd \u2013 zlep\u0161uje krevn\u00ed obraz. Spirulina je tak\u00e9 velmi dob\u0159e straviteln\u00e1 d\u00edky sv\u00e9 bun\u011b\u010dn\u00e9 st\u011bn\u011b, kter\u00e1 se skl\u00e1d\u00e1 ze straviteln\u00fdch mukopolysacharid\u016f (a nikoli celul\u00f3zy jako u jin\u00fdch rostlin). Z aminokyselin je nejd\u016fle\u017eit\u011bj\u0161\u00ed kyselina gama-linolenov\u00e1 (GLA), kter\u00e1 se nach\u00e1z\u00ed pouze v mate\u0159sk\u00e9m ml\u00e9ce, sv\u011btlicov\u00e9m oleji, konopn\u00fdch semenech a n\u011bkter\u00fdch dal\u0161\u00edch \u0159as\u00e1ch. P\u016fsob\u00ed protiz\u00e1n\u011btliv\u011b, pom\u00e1h\u00e1 sni\u017eovat krevn\u00ed tlak a zlep\u0161uje \u010dinnost nervov\u00e9 soustavy, p\u016fsob\u00ed proti vzniku alergi\u00ed, nebo\u0165 podporuje zdravou reakci na alergeny. Obsahuje tak\u00e9 fykocyanin, kter\u00fd stimuluje tvorbu kmenov\u00fdch bun\u011bk.<\/span><\/p>\n<p><span style=\"color: #000000\">M\u00e1 tak\u00e9 p\u0159\u00edzniv\u00fd vliv na tr\u00e1ven\u00ed a podporuje r\u016fst dobr\u00fdch bakteri\u00ed ve st\u0159evech a zlep\u0161uje st\u0159evn\u00ed fl\u00f3ru. Spirulina je v\u00fdbornou podporou zdrav\u00e9 v\u00fd\u017eivy a r\u016fzn\u00fdch (hubnouc\u00edch) diet.<\/span><\/p>\n<p><span style=\"color: #000000\">Spirulina je bohat\u00fdm p\u0159\u00edrodn\u00edm zdrojem drasl\u00edku, d\u00e1le \u017eeleza, v\u00e1pn\u00edku, zinku, sod\u00edku, manganu, ho\u0159\u010d\u00edku, selenu, j\u00f3du, chr\u00f3mu a dokonce i s\u00edry. Obsahuje tak\u00e9 betakaroten a elektrolyty. Z vitam\u00edn\u016f jsou nejd\u016fle\u017eit\u011bj\u0161\u00ed vitam\u00edn A1, B1, B2, B3, B6, B9, B12, C, D a E.<\/span><\/p>\n<p><span style=\"color: #000000\">Krom\u011b v\u00fd\u0161e uveden\u00e9ho stoj\u00ed za zm\u00ednku tak\u00e9 to, \u017ee spirulina dob\u0159e p\u016fsob\u00ed i na vlasy a poko\u017eku. Zabra\u0148uje nadm\u011brn\u00e9mu vypad\u00e1v\u00e1n\u00ed vlas\u016f, posiluje je a odstra\u0148uje lupy. Zklid\u0148uje poko\u017eku, obnovuje jej\u00ed pru\u017enost a zpomaluje st\u00e1rnut\u00ed. Ple\u0165ovou masku si p\u0159iprav\u00edte ze \u010dtvrt l\u017ei\u010dky spiruliny a p\u00e1r kapek vody, kterou nanesete na vy\u010di\u0161t\u011bnou ple\u0165 obli\u010deje a nech\u00e1te 20 minut p\u016fsobit. Pot\u00e9 dob\u0159e opl\u00e1chn\u011bte a navlh\u010dete kr\u00e9mem. Proces m\u016f\u017eete opakovat 2-3x t\u00fddn\u011b.<\/span><\/p>\n<h2><span style=\"color: #000000\">Pro\u010d je spirulina naz\u00fdv\u00e1na superpotravinou a pro\u010d je dobr\u00e9 ji konzumovat?<\/span><\/h2>\n<p><span style=\"color: #000000\">Spirulina m\u00e1 unik\u00e1tn\u00ed slo\u017een\u00ed, kter\u00e9 obsahuje vysok\u00e9 mno\u017estv\u00ed rostlinn\u00fdch b\u00edlkovin (tak\u00e9 esenci\u00e1ln\u00edch b\u00edlkovin a aminokyselin), vitam\u00edn\u016f, miner\u00e1l\u016f a dal\u0161\u00edch d\u016fle\u017eit\u00fdch \u00fa\u010dinn\u00fdch l\u00e1tek. Jeho unik\u00e1tn\u00ed slo\u017een\u00ed dokonale vy\u017eivuje bu\u0148ky lidsk\u00e9ho organismu. Krom\u011b toho podporuje pos\u00edlen\u00ed imunitn\u00edho syst\u00e9mu, zm\u00edr\u0148uje p\u0159\u00edznaky alergi\u00ed, proto\u017ee sni\u017euje sekreci histaminu, chr\u00e1n\u00ed p\u0159ed infekcemi r\u016fzn\u00fdmi mikroby a m\u00e1 probiotick\u00e9 vlastnosti. Odstra\u0148uje t\u011b\u017ek\u00e9 kovy z t\u011bla a t\u00edm detoxikuje.<\/span><\/p>\n<p><span style=\"color: #000000\">Je tak\u00e9 ozna\u010dov\u00e1na jako superpotravina, proto\u017ee m\u00e1 vysok\u00fd pom\u011br proteinov\u00e9 \u00fa\u010dinnosti, proto\u017ee proteiny ze spiruliny jsou lehce straviteln\u00e9 a t\u011blo je dok\u00e1\u017ee efektivn\u011b vyu\u017e\u00edt ve sv\u00fdch procesech.<\/span><\/p>\n<p><span style=\"color: #000000\">Spirulina je modrozelen\u00e1 mikroskopick\u00e1 rostlina, kterou je dobr\u00e9 konzumovat, proto\u017ee:<\/span><\/p>\n<p><span style=\"color: #000000\">\ud83d\udc9a obsahuje cel\u00e9 spektrum mikro\u017eivin, kter\u00e9 vy\u017eivuj\u00ed t\u011blo i mysl,<\/span><br \/>\n<span style=\"color: #000000\">\ud83d\udc9a posiluje imunitn\u00ed syst\u00e9m, proto\u017ee je siln\u00fdm antioxidantem,<\/span><br \/>\n<span style=\"color: #000000\">\ud83d\udc9a detoxikuje t\u011blo, proto\u017ee v\u00e1\u017ee jedy,<\/span><br \/>\n<span style=\"color: #000000\">\ud83d\udc9a kontroluje chu\u0165 k j\u00eddlu a pom\u00e1h\u00e1 kontrolovat t\u011blesnou hmotnost,<\/span><br \/>\n<span style=\"color: #000000\">\ud83d\udc9a je bohat\u00fdm zdrojem rostlinn\u00fdch b\u00edlkovin, proto\u017ee jich obsahuje a\u017e 60-70%.<\/span><\/p>\n<h2><span style=\"color: #000000\">Balen\u00ed<\/span><\/h2>\n<p><span style=\"color: #000000\">Nepropustn\u00fd s\u00e1\u010dek se zipem, ve kter\u00e9m si v\u00fdrobek zachov\u00e1v\u00e1 svou \u010derstvost a v\u016fni. Obal chr\u00e1n\u00ed p\u0159ed sv\u011btlem a vzduchem, proto\u017ee se skl\u00e1d\u00e1 z n\u011bkolika ochrann\u00fdch vrstev, kter\u00e9 zachov\u00e1vaj\u00ed vlastnosti obsahu.<\/span><\/p>\n<p><span style=\"color: #000000\">Obal je velmi praktick\u00fd a recyklovateln\u00fd.<\/span><\/p>\n<h2><span style=\"color: #000000\">Skladov\u00e1n\u00ed a upozorn\u011bn\u00ed<\/span><\/h2>\n<p><span style=\"color: #000000\">Skladujte na chladn\u00e9m a such\u00e9m m\u00edst\u011b. Dopln\u011bk stravy uchov\u00e1vejte mimo dosah d\u011bt\u00ed!<\/span><\/p>\n<p><span style=\"color: #000000\">Pamatujte na pestrou stravu a zdrav\u00fd \u017eivotn\u00ed styl &#8211; dopln\u011bk stravy nem\u016f\u017ee nahradit vyv\u00e1\u017eenou a pestrou stravu. Nep\u0159ekra\u010dujte doporu\u010denou denn\u00ed d\u00e1vku. T\u011bhotn\u00fdm a koj\u00edc\u00edm \u017een\u00e1m doporu\u010dujeme, aby se p\u0159ed u\u017e\u00edv\u00e1n\u00edm p\u0159\u00edpravku v\u017edy poradily s l\u00e9ka\u0159em.<\/span><\/p>\n<p><span style=\"color: #000000\">Spirulina m\u016f\u017ee obsahovat si\u0159i\u010ditany, kter\u00e9 se p\u0159irozen\u011b vyskytuj\u00ed v \u0159as\u00e1ch.<\/span><\/p>\n<h2><span style=\"color: #000000\">P\u016fvod<\/span><\/h2>\n<p><span style=\"color: #000000\">\u010c\u00edna.<\/span><\/p>\n<p><span style=\"color: #000000\">M\u00e1me velmi spolehliv\u00e9 dodavatele, kte\u0159\u00ed n\u00e1m pro ka\u017edou \u0161ar\u017ei zas\u00edlaj\u00ed podrobn\u00fd chemick\u00fd rozbor v\u00fdrobku. Za v\u00edce ne\u017e 10 let jsme s t\u00edmto v\u00fdrobkem ani s \u017e\u00e1dn\u00fdm jin\u00fdm v\u00fdrobkem od stejn\u00e9ho dodavatele nem\u011bli nikdy \u017e\u00e1dn\u00fd probl\u00e9m.<\/span><\/p>\n<p><span style=\"color: #000000\">Polo\u017eka je 100% certifikovan\u00e1 jako ekologick\u00e1.<\/span><\/p>\n","protected":false},"excerpt":{"rendered":"<p>Spirulin\u011b, zn\u00e1m\u00e9 jako p\u0159\u00edrodn\u00ed superpotravina, se nejl\u00e9pe da\u0159\u00ed ve vod\u00e1ch tepl\u00e9ho tropick\u00e9ho mo\u0159e bohat\u00fdch na miner\u00e1ly. Spirulina je pln\u00e1 miner\u00e1l\u016f a sol\u00ed z mo\u0159e, z oce\u00e1n\u016f. A obsahuj\u00ed stejn\u00e9 miner\u00e1ly jako lidsk\u00e1 krev. \u0158asy tak obsahuj\u00ed p\u0159\u00edrodn\u00ed vitaminy a miner\u00e1ly, tak\u017ee jsou pro t\u011blo snadno straviteln\u00e9.<\/p>\n<p>\ud83d\udc9a Posiluje imunitn\u00ed syst\u00e9m, proto\u017ee je siln\u00fdm antioxidantem.<br \/>\n\ud83d\udc9a Detoxikuje organismus t\u00edm, \u017ee na sebe v\u00e1\u017ee toxiny.<br \/>\n\ud83d\udc9a \u0158\u00edd\u00ed chu\u0165 k j\u00eddlu a pom\u00e1h\u00e1 kontrolovat hmotnost.<br \/>\n\ud83d\udc9a Je bohat\u00fdm zdrojem rostlinn\u00fdch b\u00edlkovin.<\/p>\n","protected":false},"featured_media":6156,"comment_status":"open","ping_status":"closed","template":"","meta":{"_acf_changed":false},"product_brand":[],"product_cat":[15,243,226,222,195,227],"product_tag":[],"class_list":{"0":"post-6155","1":"product","2":"type-product","3":"status-publish","4":"has-post-thumbnail","6":"product_cat-uncategorized","7":"product_cat-dobre-nabidky","8":"product_cat-nabidka","9":"product_cat-rasy-a-travy","10":"product_cat-superpotraviny","11":"product_cat-vsechny-produkty","13":"first","14":"instock","15":"sale","16":"taxable","17":"shipping-taxable","18":"purchasable","19":"product-type-simple"},"acf":[],"_links":{"self":[{"href":"https:\/\/fengchashop.com\/cz\/wp-json\/wp\/v2\/product\/6155","targetHints":{"allow":["GET"]}}],"collection":[{"href":"https:\/\/fengchashop.com\/cz\/wp-json\/wp\/v2\/product"}],"about":[{"href":"https:\/\/fengchashop.com\/cz\/wp-json\/wp\/v2\/types\/product"}],"replies":[{"embeddable":true,"href":"https:\/\/fengchashop.com\/cz\/wp-json\/wp\/v2\/comments?post=6155"}],"wp:featuredmedia":[{"embeddable":true,"href":"https:\/\/fengchashop.com\/cz\/wp-json\/wp\/v2\/media\/6156"}],"wp:attachment":[{"href":"https:\/\/fengchashop.com\/cz\/wp-json\/wp\/v2\/media?parent=6155"}],"wp:term":[{"taxonomy":"product_brand","embeddable":true,"href":"https:\/\/fengchashop.com\/cz\/wp-json\/wp\/v2\/product_brand?post=6155"},{"taxonomy":"product_cat","embeddable":true,"href":"https:\/\/fengchashop.com\/cz\/wp-json\/wp\/v2\/product_cat?post=6155"},{"taxonomy":"product_tag","embeddable":true,"href":"https:\/\/fengchashop.com\/cz\/wp-json\/wp\/v2\/product_tag?post=6155"}],"curies":[{"name":"wp","href":"https:\/\/api.w.org\/{rel}","templated":true}]}}