{"id":6148,"date":"2022-03-03T10:33:34","date_gmt":"2022-03-03T09:33:34","guid":{"rendered":"https:\/\/fengchashop.com\/cz\/product\/mucuna-pruriens-bio-250-g\/"},"modified":"2026-04-30T03:45:53","modified_gmt":"2026-04-30T01:45:53","slug":"mucuna-pruriens-bio","status":"publish","type":"product","link":"https:\/\/fengchashop.com\/cz\/product\/mucuna-pruriens-bio\/","title":{"rendered":"Mucuna pruriens BIO 250 g"},"content":{"rendered":"<h2><span style=\"color: #000000\">Mucuna pruriens BIO pr\u00e1\u0161ek<\/span><\/h2>\n<p><span style=\"color: #000000\">Mucuna pruriens je tropick\u00e1 lu\u0161t\u011bnina poch\u00e1zej\u00edc\u00ed z Afriky a tropick\u00e9 Asie. U n\u00e1s je zn\u00e1m tak\u00e9 pod n\u00e1zvem aksamitn\u00edk. Rostlina je zn\u00e1m\u00e1 pro sv\u016fj vysok\u00fd obsah l-dopy nebo levodopy, co\u017e je metabolick\u00e1 forma dopaminu. Jin\u00fdmi slovy, je to prekurzor neurotransmiteru zvan\u00e9ho dopamin. Nedostate\u010dn\u00e1 produkce dopaminu je p\u0159\u00ed\u010dinou p\u0159\u00edznak\u016f Parkinsonovy choroby. To se \u010dasto zm\u00edr\u0148uje pomoc\u00ed l\u00e9k\u016f s prekurzory dopaminu, proto\u017ee na rozd\u00edl od dopaminu dok\u00e1\u017ee proj\u00edt hematoencefalickou bari\u00e9rou a t\u00edm zm\u00edrnit p\u0159\u00edznaky Parkinsonovy choroby.<\/span><\/p>\n<p><span style=\"color: #000000\">Lu\u0161t\u011bnina je ji\u017e p\u0159es 4500 let obl\u00edben\u00e1 v \u00e1jurv\u00e9d\u011b, kde je zn\u00e1m\u00e1 svou schopnost\u00ed v\u00fdrazn\u011b zm\u00edr\u0148ovat neurotoxicitu zp\u016fsobenou Parkinsonovou chorobou. N\u011bkde se tak\u00e9 tradi\u010dn\u011b pou\u017e\u00edv\u00e1 jako protijed na u\u0161tknut\u00ed n\u011bkter\u00fdmi jedovat\u00fdmi hady.<\/span><\/p>\n<p><span style=\"color: #000000\">Mucuna pruriens ovliv\u0148uje i dal\u0161\u00ed zaj\u00edmavou oblast, kterou je vliv na kvalitu spermi\u00ed u jinak neplodn\u00fdch mu\u017e\u016f. Dosavadn\u00ed d\u016fkazy ukazuj\u00ed, \u017ee m\u016f\u017ee ovlivnit motilitu a koncentraci spermi\u00ed a t\u00edm zlep\u0161it plodnost. Pom\u00e1h\u00e1 tak\u00e9 p\u0159i \u0159e\u0161en\u00ed sexu\u00e1ln\u00edch probl\u00e9m\u016f \u017een.<\/span><\/p>\n<h2><span style=\"color: #000000\">Komu se doporu\u010duje u\u017e\u00edvat mucuna pruriens?<\/span><\/h2>\n<p><span style=\"color: #000000\">Vzhledem k tomu, \u017ee mucuna pruriens je p\u0159irozen\u00fdm zdrojem l-dopy, m\u016f\u017eeme ji doporu\u010dit ka\u017ed\u00e9mu, kdo se zab\u00fdv\u00e1 Parkinsonovou chorobou. Jako dodate\u010dn\u00e9 nebo po\u010d\u00e1te\u010dn\u00ed zm\u00edrn\u011bn\u00ed p\u0159\u00edznak\u016f tohoto z\u00e1va\u017en\u00e9ho onemocn\u011bn\u00ed. Samoz\u0159ejm\u011b v t\u011bchto p\u0159\u00edpadech v\u017edy na radu a pod dohledem l\u00e9ka\u0159e.<\/span><\/p>\n<p><span style=\"color: #000000\">M\u016f\u017ee b\u00fdt tak\u00e9 pou\u017eit jako pomoc p\u0159i mu\u017esk\u00e9 neplodnosti, proto\u017ee ovliv\u0148uje mno\u017estv\u00ed a kvalitu spermi\u00ed.<\/span><\/p>\n<p><span style=\"color: #000000\">Je tak\u00e9 v\u00fdborn\u00fdm pomocn\u00edkem pro endokrinn\u00ed syst\u00e9m, proto\u017ee pom\u00e1h\u00e1 obnovit hormon\u00e1ln\u00ed rovnov\u00e1hu.<\/span><\/p>\n<p><span style=\"color: #000000\">Zlep\u0161uje du\u0161evn\u00ed pohodu a n\u00e1ladu.<\/span><\/p>\n<p><span style=\"color: #000000\">M\u00e1 siln\u00fd antioxida\u010dn\u00ed \u00fa\u010dinek. Spolu s l-dopou podporuje zdrav\u00ed mozku a pom\u00e1h\u00e1 zvy\u0161ovat mozkov\u00e9 hladiny dopaminu, kter\u00fd je tak\u00e9 spojen s regulac\u00ed n\u00e1lady a kognicemi. Z\u00e1rove\u0148 p\u016fsob\u00ed na zlep\u0161en\u00ed mozkov\u00fdch funkc\u00ed, zvy\u0161uje koncentraci a intelektu\u00e1ln\u00ed kapacitu.<\/span><\/p>\n<p><span style=\"color: #000000\">\u00c1jurv\u00e9dsk\u00e1 tradice tak\u00e9 pou\u017e\u00edv\u00e1 sametov\u00e9 fazole k pozitivn\u00ed podpo\u0159e du\u0161evn\u00edho zdrav\u00ed a k lep\u0161\u00ed reakci na stres.<\/span><\/p>\n<p><span style=\"color: #000000\">N\u011bkolik studi\u00ed tak\u00e9 zkoum\u00e1 mucuno prurensis pro sn\u00ed\u017een\u00ed hladiny gluk\u00f3zy v krvi a t\u00edm prevence diabetu.<\/span><\/p>\n<p><span style=\"color: #000000\">P\u0159\u00edtomnost serotoninu a levodopy zlep\u0161uje cyklus sp\u00e1nku a bd\u011bn\u00ed a podporuje hlubok\u00fd sp\u00e1nek a relaxaci.<\/span><\/p>\n<h2><span style=\"color: #000000\">Skladov\u00e1n\u00ed a upozorn\u011bn\u00ed<\/span><\/h2>\n<p><span style=\"color: #000000\">Skladujte na chladn\u00e9m a such\u00e9m m\u00edst\u011b. Dopln\u011bk stravy uchov\u00e1vejte mimo dosah d\u011bt\u00ed!<\/span><\/p>\n<p><span style=\"color: #000000\">Nezapom\u00ednejte na d\u016fle\u017eitost pestr\u00e9 stravy a zdrav\u00e9ho \u017eivotn\u00edho stylu, dopln\u011bk v\u00fd\u017eivy tedy nenahrazuje vyv\u00e1\u017eenou a pestrou stravu. Doporu\u010den\u00e9 denn\u00ed mno\u017estv\u00ed nebo d\u00e1vka se nesm\u00ed p\u0159ekro\u010dit. T\u011bhotn\u00fdm a koj\u00edc\u00edm matk\u00e1m se nedoporu\u010duje u\u017e\u00edvat, proto\u017ee m\u016f\u017ee m\u00edt negativn\u00ed vliv na d\u011blohu a plod. Doporu\u010dujeme tak\u00e9 opatrnost p\u0159i u\u017e\u00edv\u00e1n\u00ed l\u00e9k\u016f na Parkinsonovu chorobu (nap\u0159. inhibitory MAO) &#8211; p\u0159\u00edpravek v tomto p\u0159\u00edpad\u011b pou\u017e\u00edvejte pouze pod dohledem l\u00e9ka\u0159e.<\/span><\/p>\n<p><span style=\"color: #000000\">V ojedin\u011bl\u00fdch p\u0159\u00edpadech m\u016f\u017ee p\u0159\u00edpravek u citliv\u00fdch jedinc\u016f vyvolat nevolnost, zvracen\u00ed nebo pr\u016fjem. V tomto p\u0159\u00edpad\u011b jej nedoporu\u010dujeme pou\u017e\u00edvat.<\/span><\/p>\n<h2><span style=\"color: #000000\">Balen\u00ed<\/span><\/h2>\n<p><span style=\"color: #000000\">Nepropustn\u00fd s\u00e1\u010dek se zipem, ve kter\u00e9m si v\u00fdrobek zachov\u00e1v\u00e1 svou \u010derstvost a v\u016fni. Obal chr\u00e1n\u00ed p\u0159ed sv\u011btlem a vzduchem, proto\u017ee se skl\u00e1d\u00e1 z n\u011bkolika ochrann\u00fdch vrstev, kter\u00e9 zachov\u00e1vaj\u00ed vlastnosti obsahu.<\/span><\/p>\n<p><span style=\"color: #000000\">Obal je velmi praktick\u00fd a recyklovateln\u00fd.<\/span><\/p>\n<h2><span style=\"color: #000000\">P\u016fvod<\/span><\/h2>\n<p><span style=\"color: #000000\">Indie<\/span><\/p>\n","protected":false},"excerpt":{"rendered":"<p>Mucuna pruriens je tropick\u00e1 lu\u0161t\u011bnina poch\u00e1zej\u00edc\u00ed z Afriky a tropick\u00e9 Asie. U n\u00e1s je zn\u00e1m tak\u00e9 pod n\u00e1zvem aksamitn\u00edk.<\/p>\n<p>\ud83d\udc9a Je p\u0159irozen\u00fdm zdrojem l-dopy.<br \/>\n\ud83d\udc9a Pom\u00e1h\u00e1 obnovit hormon\u00e1ln\u00ed rovnov\u00e1hu.<br \/>\n\ud83d\udc9a Zlep\u0161uje du\u0161evn\u00ed pohodu a n\u00e1ladu.<br \/>\n\ud83d\udc9a M\u00e1 antioxida\u010dn\u00ed \u00fa\u010dinek.<\/p>\n","protected":false},"featured_media":6149,"comment_status":"open","ping_status":"closed","template":"","meta":{"_acf_changed":false},"product_brand":[],"product_cat":[15,194,226,228,195,227],"product_tag":[],"class_list":{"0":"post-6148","1":"product","2":"type-product","3":"status-publish","4":"has-post-thumbnail","6":"product_cat-uncategorized","7":"product_cat-ajurveda","8":"product_cat-nabidka","9":"product_cat-nejprodavanejsi","10":"product_cat-superpotraviny","11":"product_cat-vsechny-produkty","13":"first","14":"instock","15":"sale","16":"taxable","17":"shipping-taxable","18":"purchasable","19":"product-type-simple"},"acf":[],"_links":{"self":[{"href":"https:\/\/fengchashop.com\/cz\/wp-json\/wp\/v2\/product\/6148","targetHints":{"allow":["GET"]}}],"collection":[{"href":"https:\/\/fengchashop.com\/cz\/wp-json\/wp\/v2\/product"}],"about":[{"href":"https:\/\/fengchashop.com\/cz\/wp-json\/wp\/v2\/types\/product"}],"replies":[{"embeddable":true,"href":"https:\/\/fengchashop.com\/cz\/wp-json\/wp\/v2\/comments?post=6148"}],"wp:featuredmedia":[{"embeddable":true,"href":"https:\/\/fengchashop.com\/cz\/wp-json\/wp\/v2\/media\/6149"}],"wp:attachment":[{"href":"https:\/\/fengchashop.com\/cz\/wp-json\/wp\/v2\/media?parent=6148"}],"wp:term":[{"taxonomy":"product_brand","embeddable":true,"href":"https:\/\/fengchashop.com\/cz\/wp-json\/wp\/v2\/product_brand?post=6148"},{"taxonomy":"product_cat","embeddable":true,"href":"https:\/\/fengchashop.com\/cz\/wp-json\/wp\/v2\/product_cat?post=6148"},{"taxonomy":"product_tag","embeddable":true,"href":"https:\/\/fengchashop.com\/cz\/wp-json\/wp\/v2\/product_tag?post=6148"}],"curies":[{"name":"wp","href":"https:\/\/api.w.org\/{rel}","templated":true}]}}