{"id":6146,"date":"2022-03-03T10:14:54","date_gmt":"2022-03-03T09:14:54","guid":{"rendered":"https:\/\/fengchashop.com\/cz\/product\/ostropestrec-mariansky-prasek-bio-250-g\/"},"modified":"2026-04-29T12:14:11","modified_gmt":"2026-04-29T10:14:11","slug":"ostropestrec-mariansky-prasek-bio","status":"publish","type":"product","link":"https:\/\/fengchashop.com\/cz\/product\/ostropestrec-mariansky-prasek-bio\/","title":{"rendered":"Ostropest\u0159ec mari\u00e1nsk\u00fd pr\u00e1\u0161ek BIO 250 g"},"content":{"rendered":"<h2><span style=\"color: #000000\">Ostropest\u0159ec mari\u00e1nsk\u00fd pr\u00e1\u0161ek BIO<\/span><\/h2>\n<p><span style=\"color: #000000\">Pr\u00e1\u0161ek z ostropest\u0159ce mari\u00e1nsk\u00e9ho (Silybum marianum) je z ekologick\u00e9 produkce a pr\u00e9miov\u00e9 kvality.<\/span><\/p>\n<p><span style=\"color: #000000\">Ostropest\u0159ec mari\u00e1nsk\u00fd se n\u011bkdy naz\u00fdv\u00e1 ostropest\u0159ec mari\u00e1nsk\u00fd a je to bylina nejl\u00e9pe zn\u00e1m\u00e1 pro l\u00e9\u010dbu onemocn\u011bn\u00ed jater. P\u011bstoval se ji\u017e ve starov\u011bk\u00e9m \u0158ecku a \u0158\u00edm\u011b. Da\u0159\u00ed se mu v mnoha \u010d\u00e1stech Evropy a Asie.<\/span><\/p>\n<p><span style=\"color: #000000\">Bodl\u00e1k te\u010dkovan\u00fd m\u016f\u017ee konzumovat ka\u017ed\u00fd, kdo si chce chr\u00e1nit j\u00e1tra, nezdrav\u011b se stravuje, p\u00e1l\u00ed \u017e\u00e1ha, m\u00e1 jin\u00e9 za\u017e\u00edvac\u00ed pot\u00ed\u017ee nebo je neust\u00e1le ve stresu. Pamatujme, \u017ee v\u0161e, co j\u00edme a pijeme, proch\u00e1z\u00ed tak\u00e9 j\u00e1try. Jako filtr vylu\u010duj\u00ed z t\u011bla toxick\u00e9 l\u00e1tky.<\/span><\/p>\n<p><span style=\"color: #000000\">Ostropest\u0159ec chr\u00e1n\u00ed p\u0159edev\u0161\u00edm j\u00e1tra p\u0159ed jedy a pom\u00e1h\u00e1 p\u0159i detoxikaci. Pom\u00e1h\u00e1 tak\u00e9 p\u0159i po\u0161kozen\u00ed jater zp\u016fsoben\u00fdm l\u00e9\u010dbou rakoviny. Kl\u00ed\u010dovou slo\u017ekou je silymarin. To chr\u00e1n\u00ed bun\u011b\u010dnou st\u011bnu t\u00edm, \u017ee chr\u00e1n\u00ed p\u0159ed pronik\u00e1n\u00edm \u0161kodliv\u00fdch l\u00e1tek. Silymarin tak\u00e9 regeneruje a stimuluje jatern\u00ed bu\u0148ky. P\u016fsob\u00ed p\u0159i po\u0161kozen\u00ed jater a z\u00e1n\u011btech jater, pom\u00e1h\u00e1 i p\u0159i jatern\u00ed cirh\u00f3ze a hepatitid\u011b.<\/span><\/p>\n<p><span style=\"color: #000000\">Pom\u00e1h\u00e1 tak\u00e9 p\u0159i probl\u00e9mech s tr\u00e1ven\u00edm, k\u0159e\u010d\u00edch vnit\u0159n\u00edch org\u00e1n\u016f, zabra\u0148uje tvorb\u011b \u017elu\u010dov\u00fdch kamen\u016f a urychluje tok \u017elu\u010di.<\/span><\/p>\n<h2><span style=\"color: #000000\">Jak funguje bodl\u00e1k te\u010dkovan\u00fd?<\/span><\/h2>\n<p><span style=\"color: #000000\">J\u00e1tra jsou na\u0161\u00edm nejd\u016fle\u017eit\u011bj\u0161\u00edm org\u00e1nem, pokud jde o o\u010distu a detoxikaci organismu. V modern\u00edm sv\u011bt\u011b \u2013 pln\u00e9m zpracovan\u00fdch potravin a stresu \u2013 jsou j\u00e1tra \u010dasto nadm\u011brn\u011b tu\u010dn\u00e1, co\u017e m\u00e1 mimo jin\u00e9 \u0161patn\u00fd vliv na na\u0161e zdrav\u00ed. J\u00e1tra nemohou nebo vykon\u00e1vaj\u00ed svou pr\u00e1ci s obt\u00ed\u017eemi. Co\u017e se projevuje mal\u00e1tnost\u00ed, nad\u00fdm\u00e1n\u00edm a \u00fanavou. \u010casto je tak\u00e9 pozorov\u00e1no nadm\u011brn\u00e9 hromad\u011bn\u00ed tuku kolem pasu a nadv\u00e1ha. V opa\u010dn\u00e9m p\u0159\u00edpad\u011b se stav vyskytuje bez zjevn\u00fdch p\u0159\u00edznak\u016f, ale m\u016f\u017ee v\u00e9st k v\u00e1\u017en\u00fdm probl\u00e9m\u016fm a onemocn\u011bn\u00edm.<\/span><\/p>\n<p><span style=\"color: #000000\">Ostropest\u0159ec prokazateln\u011b pom\u00e1h\u00e1 chr\u00e1nit j\u00e1tra a detoxikovat organismus.<\/span><\/p>\n<p><span style=\"color: #000000\">Ostropest\u0159ec mari\u00e1nsk\u00fd d\u00edky sv\u00e9 centr\u00e1ln\u00ed \u00fa\u010dinn\u00e9 l\u00e1tce (silymarin) \u00fadajn\u011b sni\u017euje oxida\u010dn\u00ed procesy, proto\u017ee d\u00edky sv\u00e9mu antioxida\u010dn\u00edmu p\u016fsoben\u00ed zvy\u0161uje p\u0159irozen\u00e9 ochrann\u00e9 l\u00e1tky a vychyt\u00e1v\u00e1 voln\u00e9 radik\u00e1ly.<\/span><\/p>\n<h2><span style=\"color: #000000\">Komu se doporu\u010duje u\u017e\u00edvat pr\u00e1\u0161ek z ostropest\u0159ce mari\u00e1nsk\u00e9ho?<\/span><\/h2>\n<p><span style=\"color: #000000\">Ostropest\u0159ec se doporu\u010duje zejm\u00e9na t\u011bm, kte\u0159\u00ed maj\u00ed probl\u00e9my s j\u00e1try, se ztu\u010dn\u011bn\u00edm jater, nad\u00fdm\u00e1n\u00edm a \u0161t\u00edp\u00e1n\u00edm v oblasti \u017eeber. U\u017e\u00edv\u00e1n\u00ed ostropest\u0159ce je tak\u00e9 v\u00fdborn\u00e1 detoxika\u010dn\u00ed k\u00fara. Zne\u010di\u0161t\u011bn\u00ed \u017eivotn\u00edho prost\u0159ed\u00ed, nadv\u00e1ha nebo obezita, konzumace zpracovan\u00fdch a tu\u010dn\u00fdch j\u00eddel a alkoholu, nadm\u011brn\u011b sedav\u00fd zp\u016fsob \u017eivota m\u016f\u017ee v\u00e9st ke ztu\u010dn\u011bn\u00ed jater. Proto\u017ee stav s p\u0159\u00edznaky se m\u00e1lokdy projevuje resp pokud se probl\u00e9my objev\u00ed v ji\u017e pokro\u010dil\u00e9m onemocn\u011bn\u00ed, je d\u016fle\u017eit\u00e9 db\u00e1t na prevenci.<\/span><\/p>\n<h2><span style=\"color: #000000\">Skladov\u00e1n\u00ed a varov\u00e1n\u00ed<\/span><\/h2>\n<p><span style=\"color: #000000\">Skladujte na chladn\u00e9m a such\u00e9m m\u00edst\u011b p\u0159i teplot\u011b do 25 \u00b0C. Dopln\u011bk stravy uchov\u00e1vejte mimo dosah d\u011bt\u00ed!<\/span><br \/>\n<span style=\"color: #000000\">Nezapom\u00ednejte na d\u016fle\u017eitost pestr\u00e9 stravy a zdrav\u00e9ho \u017eivotn\u00edho stylu, dopln\u011bk stravy nen\u00ed n\u00e1hradou vyv\u00e1\u017een\u00e9 a pestr\u00e9 stravy. Doporu\u010den\u00e9 denn\u00ed mno\u017estv\u00ed nebo d\u00e1vka by nem\u011bly b\u00fdt p\u0159ekro\u010deny. T\u011bhotn\u00fdm a koj\u00edc\u00edm \u017een\u00e1m a osob\u00e1m s nadm\u011brnou \u010dinnost\u00ed \u0161t\u00edtn\u00e9 \u017el\u00e1zy se u\u017e\u00edv\u00e1n\u00ed nedoporu\u010duje. <span style=\"font-size: 16px\">Opatrnost se doporu\u010duje i p\u0159i u\u017e\u00edv\u00e1n\u00ed n\u011bkter\u00fdch l\u00e9k\u016f na cukrovku.<\/span><\/span><\/p>\n<h2><span style=\"color: #000000\">Balen\u00ed<\/span><\/h2>\n<p><span style=\"color: #000000\">Neprody\u0161n\u00fd uzav\u00edrateln\u00fd s\u00e1\u010dek, ve kter\u00e9m si v\u00fdrobek zachov\u00e1v\u00e1 ve\u0161kerou \u010derstvost a v\u016fni. Obal chr\u00e1n\u00ed p\u0159ed sv\u011btlem a vzduchem, proto\u017ee se skl\u00e1d\u00e1 z n\u011bkolika ochrann\u00fdch vrstev, kter\u00e9 zachov\u00e1vaj\u00ed vlastnosti obsahu.<\/span><br \/>\n<span style=\"color: #000000\">Obal je velmi praktick\u00fd a recyklovateln\u00fd.<\/span><\/p>\n<h2><span style=\"color: #000000\">P\u016fvod<\/span><\/h2>\n<p><span style=\"color: #000000\">EU<\/span><\/p>\n","protected":false},"excerpt":{"rendered":"<p>Ostropest\u0159ec mari\u00e1nsk\u00fd je bylina nejl\u00e9pe zn\u00e1m\u00e1 pro l\u00e9\u010dbu onemocn\u011bn\u00ed jater, proto\u017ee:<\/p>\n<p>\ud83d\udc9a chr\u00e1n\u00ed j\u00e1tra p\u0159ed toxiny,<br \/>\n\ud83d\udc9a pom\u00e1h\u00e1 p\u0159i detoxikaci,<br \/>\n\ud83d\udc9a m\u00e1 antioxida\u010dn\u00ed \u00fa\u010dinek,<br \/>\n\ud83d\udc9a zm\u00edrn\u011bn\u00ed probl\u00e9m\u016f s onemocn\u011bn\u00edm jater..<\/p>\n","protected":false},"featured_media":6147,"comment_status":"open","ping_status":"closed","template":"","meta":{"_acf_changed":false},"product_brand":[],"product_cat":[15,194,226,195,227],"product_tag":[],"class_list":{"0":"post-6146","1":"product","2":"type-product","3":"status-publish","4":"has-post-thumbnail","6":"product_cat-uncategorized","7":"product_cat-ajurveda","8":"product_cat-nabidka","9":"product_cat-superpotraviny","10":"product_cat-vsechny-produkty","12":"first","13":"instock","14":"sale","15":"taxable","16":"shipping-taxable","17":"purchasable","18":"product-type-simple"},"acf":[],"_links":{"self":[{"href":"https:\/\/fengchashop.com\/cz\/wp-json\/wp\/v2\/product\/6146","targetHints":{"allow":["GET"]}}],"collection":[{"href":"https:\/\/fengchashop.com\/cz\/wp-json\/wp\/v2\/product"}],"about":[{"href":"https:\/\/fengchashop.com\/cz\/wp-json\/wp\/v2\/types\/product"}],"replies":[{"embeddable":true,"href":"https:\/\/fengchashop.com\/cz\/wp-json\/wp\/v2\/comments?post=6146"}],"wp:featuredmedia":[{"embeddable":true,"href":"https:\/\/fengchashop.com\/cz\/wp-json\/wp\/v2\/media\/6147"}],"wp:attachment":[{"href":"https:\/\/fengchashop.com\/cz\/wp-json\/wp\/v2\/media?parent=6146"}],"wp:term":[{"taxonomy":"product_brand","embeddable":true,"href":"https:\/\/fengchashop.com\/cz\/wp-json\/wp\/v2\/product_brand?post=6146"},{"taxonomy":"product_cat","embeddable":true,"href":"https:\/\/fengchashop.com\/cz\/wp-json\/wp\/v2\/product_cat?post=6146"},{"taxonomy":"product_tag","embeddable":true,"href":"https:\/\/fengchashop.com\/cz\/wp-json\/wp\/v2\/product_tag?post=6146"}],"curies":[{"name":"wp","href":"https:\/\/api.w.org\/{rel}","templated":true}]}}