{"id":6144,"date":"2022-03-03T09:39:04","date_gmt":"2022-03-03T08:39:04","guid":{"rendered":"https:\/\/fengchashop.com\/cz\/product\/tribulus-terrestris-bio-250-g\/"},"modified":"2026-05-06T11:00:28","modified_gmt":"2026-05-06T09:00:28","slug":"tribulus-terrestris-bio","status":"publish","type":"product","link":"https:\/\/fengchashop.com\/cz\/product\/tribulus-terrestris-bio\/","title":{"rendered":"Tribulus terrestris BIO 250 g"},"content":{"rendered":"<h2><span style=\"color: #000000\">Tribulus terrestris BIO pr\u00e1\u0161ek<\/span><\/h2>\n<p><span style=\"color: #000000\">Tribulus terrestris (t\u00e9\u017e <strong>gokshura<\/strong>) je rostlina, kter\u00e1 roste i u n\u00e1s, i kdy\u017e se s n\u00ed setk\u00e1me sp\u00ed\u0161e v\u00fdjime\u010dn\u011b. Je zn\u00e1m\u00e1 jako <strong>zubat\u00e1<\/strong>. Proto\u017ee je to ve sv\u011bt\u011b pom\u011brn\u011b roz\u0161\u00ed\u0159en\u00e1 bylina, je n\u011bkdy pova\u017eov\u00e1na za plevel. U n\u00e1s roste nej\u010dast\u011bji pod\u00e9l silnic nebo \u017eelezni\u010dn\u00edch trat\u00ed. Je to n\u00edzk\u00e1 rostlina s drobn\u00fdmi \u017elut\u00fdmi kv\u011bty. Extr\u00e9mn\u011b tvrd\u00e9 a pichlav\u00e9 plody rostliny se pou\u017e\u00edvaj\u00ed k v\u00fdrob\u011b r\u016fzn\u00fdch potravinov\u00fdch dopl\u0148k\u016f, kter\u00e9<strong> zvy\u0161uj\u00ed sexu\u00e1ln\u00ed potenci a zvy\u0161uj\u00ed hladinu testosteronu v t\u011ble.<\/strong> Proto m\u00e1 zvl\u00e1\u0161tn\u00ed m\u00edsto v tradi\u010dn\u00ed \u010d\u00ednsk\u00e9 medic\u00edn\u011b a \u00e1jurv\u00e9d\u011b, proto\u017ee je pova\u017eov\u00e1na za <strong>p\u0159\u00edrodn\u00ed afrodiziakum.<\/strong> Krom\u011b toho m\u00e1 i dal\u0161\u00ed benefity, kter\u00e9 p\u016fsob\u00ed p\u0159edev\u0161\u00edm na mu\u017ee. <strong>Pou\u017e\u00edv\u00e1 se p\u0159i sexu\u00e1ln\u00edch poruch\u00e1ch, v\u010detn\u011b erektiln\u00ed dysfunkce.<\/strong><\/span><\/p>\n<p><span style=\"color: #000000\">Vzhledem k tomu, \u017ee p\u00e1r\u00e1tko zvy\u0161uje hladinu hormonu testosteronu, \u010dasto ho pou\u017e\u00edvaj\u00ed tak\u00e9 ti, kte\u0159\u00ed cht\u011bj\u00ed zv\u00fd\u0161it sv\u016fj svalov\u00fd tonus, nap\u0159\u00edklad kulturist\u00e9 a sportovci. Sportovci p\u0159\u00edsahaj\u00ed na ostropest\u0159ec mari\u00e1nsk\u00fd pro jeho anabolick\u00fd \u00fa\u010dinek. Vysok\u00e1 hladina hormonu testosteronu toti\u017e stimuluje synt\u00e9zu b\u00edlkovin. To u sportovc\u016f zvy\u0161uje svalovou hmotu, a t\u00edm i vytrvalost, energii a s\u00edlu.<\/span><\/p>\n<h2><span style=\"color: #000000\">Komu m\u016f\u017ee prosp\u011bt u\u017e\u00edv\u00e1n\u00ed tribulus terrestris?<\/span><\/h2>\n<p><span style=\"color: #000000\">Mezi \u00fa\u010dinn\u00e9 l\u00e1tky obsa\u017een\u00e9 v tribulus terrestris pat\u0159\u00ed<strong> saponiny, flavonoidy, alkaloidy, glykosidy a amidy ligninu.<\/strong> Zubatec l\u00e9ka\u0159sk\u00fd obsahuje <strong>luteiniza\u010dn\u00ed hormon<\/strong>, o <strong>kter\u00e9m<\/strong> se p\u0159edpokl\u00e1d\u00e1, \u017ee stimuluje varlata k produkci hormonu testosteronu. Ten reguluje funkci varlat u mu\u017e\u016f a vaje\u010dn\u00edk\u016f u \u017een. Hraje proto d\u016fle\u017eitou roli v menstrua\u010dn\u00edm cyklu u \u017een.<\/span><\/p>\n<p><span style=\"color: #000000\">U mu\u017e\u016f ve st\u0159edn\u00edm v\u011bku doch\u00e1z\u00ed k podobn\u00fdm hormon\u00e1ln\u00edm zm\u011bn\u00e1m jako u \u017een v menopauze. V d\u016fsledku poklesu hladiny testosteronu doch\u00e1z\u00ed k naru\u0161en\u00ed rovnov\u00e1hy pohlavn\u00edch hormon\u016f, co\u017e u mu\u017e\u016f zp\u016fsobuje podobn\u00e9 probl\u00e9my jako u \u017een v menopauze. Tento jev se naz\u00fdv\u00e1 <strong>andropauza<\/strong> nebo mu\u017esk\u00e1 menopauza. Andropauza je \u010dasto zodpov\u011bdn\u00e1 za probl\u00e9my, kter\u00e9 se objevuj\u00ed u mu\u017e\u016f ve st\u0159edn\u00edm v\u011bku (n\u011bkdy po 40. roce \u017eivota). N\u00edzk\u00e1 hladina testosteronu m\u016f\u017ee zp\u016fsobit pokles energie, zv\u00fd\u0161en\u00ed hladiny cholesterolu a gluk\u00f3zy v krvi, hor\u0161\u00ed pam\u011b\u0165 a soust\u0159ed\u011bn\u00ed, neklidn\u00fd sp\u00e1nek, vysok\u00fd krevn\u00ed tlak a dal\u0161\u00ed podobn\u00e9 probl\u00e9my, jako je podr\u00e1\u017ed\u011bnost, neklid a zv\u00fd\u0161en\u00e9 hromad\u011bn\u00ed tukov\u00fdch pol\u0161t\u00e1\u0159k\u016f kolem pasu. Norm\u00e1ln\u00ed, tj. vy\u0161\u0161\u00ed hladina testosteronu u mu\u017e\u016f je d\u016fle\u017eit\u00e1 tak\u00e9 pro zdrav\u00e9 srdce a c\u00e9vy.<\/span><\/p>\n<p><span style=\"color: #000000\">U\u017e\u00edv\u00e1n\u00ed tribulus terrestris je tedy prosp\u011b\u0161n\u00e9 v n\u011bkolika oblastech mu\u017esk\u00e9ho zdrav\u00ed a pohody. Je v\u0161ak vhodn\u00fd zejm\u00e9na pro lidi st\u0159edn\u00edho a vy\u0161\u0161\u00edho v\u011bku, kte\u0159\u00ed ji\u017e poci\u0165uj\u00ed d\u016fsledky klesaj\u00edc\u00ed sexu\u00e1ln\u00ed potence a sexu\u00e1ln\u00edho apetitu. P\u0159esto\u017ee je ur\u010den sp\u00ed\u0161e mu\u017e\u016fm, proto\u017ee zvy\u0161uje hladinu mu\u017esk\u00e9ho pohlavn\u00edho hormonu testosteronu,<strong> mohou<\/strong> jej jako p\u0159\u00edrodn\u00ed afrodiziakum<strong> u\u017e\u00edvat i \u017eeny<\/strong>. M\u016f\u017ee tak\u00e9 zv\u00fd\u0161it \u017eenskou plodnost, pomoci p\u0159i menstrua\u010dn\u00edch pot\u00ed\u017e\u00edch a probl\u00e9mech v menopauze. Proto\u017ee m\u016f\u017ee napom\u00e1hat p\u0159irozen\u00e9 rovnov\u00e1ze \u017eensk\u00e9ho hormonu, m\u00e1 tak\u00e9 pozitivn\u00ed vliv na na\u0161i du\u0161evn\u00ed pohodu.<\/span><\/p>\n<h2><span style=\"color: #000000\">Skladov\u00e1n\u00ed a upozorn\u011bn\u00ed<\/span><\/h2>\n<p><span style=\"color: #000000\">Skladujte na chladn\u00e9m a such\u00e9m m\u00edst\u011b. Dopln\u011bk stravy uchov\u00e1vejte mimo dosah d\u011bt\u00ed!<\/span><\/p>\n<p><span style=\"color: #000000\">Pamatujte na d\u016fle\u017eitost pestr\u00e9 stravy a zdrav\u00e9ho \u017eivotn\u00edho stylu, dopln\u011bk stravy proto nenahrazuje vyv\u00e1\u017eenou a pestrou stravu. Doporu\u010den\u00e9 denn\u00ed mno\u017estv\u00ed nebo d\u00e1vka by nem\u011bla b\u00fdt p\u0159ekro\u010dena. Nen\u00ed vhodn\u00e9 pro d\u011bti, t\u011bhotn\u00e9 \u017eeny a koj\u00edc\u00ed matky.<\/span><\/p>\n<p><span style=\"color: #000000\">Proto\u017ee m\u016f\u017ee zv\u011bt\u0161it velikost prostaty, nedoporu\u010duje se u\u017e\u00edvat u mu\u017e\u016f se zv\u011bt\u0161enou prostatou. Nedoporu\u010duje se tak\u00e9 u \u017een, kter\u00e9 prod\u011blaly rakovinu prsu nebo d\u011blohy.<\/span><\/p>\n<h2><span style=\"color: #000000\">Balen\u00ed<\/span><\/h2>\n<p><span style=\"color: #000000\">Nepropustn\u00fd s\u00e1\u010dek na zip, ve kter\u00e9m si v\u00fdrobek zachov\u00e1v\u00e1 ve\u0161kerou \u010derstvost a aroma. Obal chr\u00e1n\u00ed v\u00fdrobek p\u0159ed sv\u011btlem a vzduchem, proto\u017ee je slo\u017een z n\u011bkolika ochrann\u00fdch vrstev, kter\u00e9 zachov\u00e1vaj\u00ed vlastnosti obsahu.<\/span><\/p>\n<p><span style=\"color: #000000\">Obal je velmi praktick\u00fd a recyklovateln\u00fd.<\/span><\/p>\n<h2><span style=\"color: #000000\">P\u016fvod<\/span><\/h2>\n<p><span style=\"color: #000000\">Indie<\/span><\/p>\n","protected":false},"excerpt":{"rendered":"<p align=\"JUSTIFY\"><span style=\"color: #000000\">Tribulus terrestris (tak\u00e9 <strong><em>gokshura<\/em><\/strong>) je rostlina, kter\u00e1 zde roste tak\u00e9, i kdy\u017e je k vid\u011bn\u00ed sp\u00ed\u0161e vz\u00e1cn\u011bji. Je zn\u00e1m\u00e1 pod n\u00e1zvem<strong> zubatec obecn\u00fd<\/strong>. U n\u00e1s roste nej\u010dast\u011bji pod\u00e9l silnic nebo \u017eelezni\u010dn\u00edch trat\u00ed. Je to n\u00edzk\u00e1 rostlina s drobn\u00fdmi \u017elut\u00fdmi kv\u011bty. Extr\u00e9mn\u011b tvrd\u00e9 a pichlav\u00e9 plody t\u00e9to rostliny se pou\u017e\u00edvaj\u00ed k v\u00fdrob\u011b r\u016fzn\u00fdch sexu\u00e1ln\u011b povzbuzuj\u00edc\u00edch potravinov\u00fdch dopl\u0148k\u016f a:<\/span><\/p>\n<p align=\"JUSTIFY\"><span style=\"color: #000000\">\ud83d\udc9a je p\u0159\u00edrodn\u00ed afrodiziakum,<\/span><br \/>\n<span style=\"color: #000000\">\ud83d\udc9a zvy\u0161uje hladinu testosteronu v t\u011ble,<\/span><br \/>\n<span style=\"color: #000000\">\ud83d\udc9a zm\u00edr\u0148uje p\u0159\u00edznaky andropauzy,<\/span><br \/>\n<span style=\"color: #000000\">\ud83d\udc9a sni\u017euje probl\u00e9my spojen\u00e9 se sexu\u00e1ln\u00ed dysfunkc\u00ed.<\/span><\/p>\n","protected":false},"featured_media":6037,"comment_status":"open","ping_status":"closed","template":"","meta":{"_acf_changed":false},"product_brand":[],"product_cat":[15,226,228,195,227],"product_tag":[],"class_list":{"0":"post-6144","1":"product","2":"type-product","3":"status-publish","4":"has-post-thumbnail","6":"product_cat-uncategorized","7":"product_cat-nabidka","8":"product_cat-nejprodavanejsi","9":"product_cat-superpotraviny","10":"product_cat-vsechny-produkty","12":"first","13":"instock","14":"sale","15":"taxable","16":"shipping-taxable","17":"purchasable","18":"product-type-simple"},"acf":[],"_links":{"self":[{"href":"https:\/\/fengchashop.com\/cz\/wp-json\/wp\/v2\/product\/6144","targetHints":{"allow":["GET"]}}],"collection":[{"href":"https:\/\/fengchashop.com\/cz\/wp-json\/wp\/v2\/product"}],"about":[{"href":"https:\/\/fengchashop.com\/cz\/wp-json\/wp\/v2\/types\/product"}],"replies":[{"embeddable":true,"href":"https:\/\/fengchashop.com\/cz\/wp-json\/wp\/v2\/comments?post=6144"}],"wp:featuredmedia":[{"embeddable":true,"href":"https:\/\/fengchashop.com\/cz\/wp-json\/wp\/v2\/media\/6037"}],"wp:attachment":[{"href":"https:\/\/fengchashop.com\/cz\/wp-json\/wp\/v2\/media?parent=6144"}],"wp:term":[{"taxonomy":"product_brand","embeddable":true,"href":"https:\/\/fengchashop.com\/cz\/wp-json\/wp\/v2\/product_brand?post=6144"},{"taxonomy":"product_cat","embeddable":true,"href":"https:\/\/fengchashop.com\/cz\/wp-json\/wp\/v2\/product_cat?post=6144"},{"taxonomy":"product_tag","embeddable":true,"href":"https:\/\/fengchashop.com\/cz\/wp-json\/wp\/v2\/product_tag?post=6144"}],"curies":[{"name":"wp","href":"https:\/\/api.w.org\/{rel}","templated":true}]}}