{"id":6143,"date":"2022-03-03T08:52:04","date_gmt":"2022-03-03T07:52:04","guid":{"rendered":"https:\/\/fengchashop.com\/cz\/product\/moringa-bio-250-g\/"},"modified":"2026-04-18T01:18:46","modified_gmt":"2026-04-17T23:18:46","slug":"moringa-bio","status":"publish","type":"product","link":"https:\/\/fengchashop.com\/cz\/product\/moringa-bio\/","title":{"rendered":"Moringa BIO 250 g"},"content":{"rendered":"<h2><span style=\"color: #000000\">Moringa BIO<\/span><\/h2>\n<p><span style=\"color: #000000\">Moringa je rostlina, kter\u00e1 je zn\u00e1m\u00e1 po tis\u00edce let a s \u00fasp\u011bchem se pou\u017e\u00edv\u00e1 v tradi\u010dn\u00ed medic\u00edn\u011b. Zn\u00e1me nejm\u00e9n\u011b 100 r\u016fzn\u00fdch n\u00e1zv\u016f pro tento jinak mal\u00fd, ale rychle rostouc\u00ed tropick\u00fd strom, jeho\u017e listy jsou \u0159azeny mezi zeleninu s nejbohat\u0161\u00edmi \u017eivinami.<\/span><\/p>\n<p><span style=\"color: #000000\">Moringa se za\u0159adila mezi zeleninu d\u00edky vysok\u00e9mu obsahu vl\u00e1kniny a vysok\u00fdm nutri\u010dn\u00edm hodnot\u00e1m, proto\u017ee 100 gram\u016f moringy obsahuje:<\/span><\/p>\n<p><span style=\"color: #000000\">\ud83d\udc9a stejn\u00e9 mno\u017estv\u00ed b\u00edlkovin jako v jednom vejci,<\/span><br \/>\n<span style=\"color: #000000\">\ud83d\udc9a stejn\u00e9 mno\u017estv\u00ed \u017eeleza jako m\u00e1 jeden steak,<\/span><br \/>\n<span style=\"color: #000000\">\ud83d\udc9a stejn\u00e9 mno\u017estv\u00ed vitam\u00ednu C jako m\u00e1 jeden pomeran\u010d,<\/span><br \/>\n<span style=\"color: #000000\">\ud83d\udc9a stejn\u00e9 mno\u017estv\u00ed v\u00e1pn\u00edku, jak\u00e9 spot\u0159ebuje jedna sklenice ml\u00e9ka.<\/span><\/p>\n<p><span style=\"color: #000000\">D\u00e1le obsahuje vitam\u00edn B3, vitam\u00edn A, ho\u0159\u010d\u00edk, antioxidanty, esenci\u00e1ln\u00ed aminokyseliny, flavonoidy, fenolov\u00e9 kyseliny a dal\u0161\u00ed \u017eiviny, kter\u00e9 z moringy d\u011blaj\u00ed p\u0159\u00edrodn\u00ed multivitam\u00ednov\u00fd dopln\u011bk stravy.<\/span><\/p>\n<p><span style=\"color: #000000\">Pro sv\u00e9 extr\u00e9mn\u011b \u0161irok\u00e9 spektrum p\u016fsobnosti byla v roce 2018 vyhl\u00e1\u0161ena rostlinou roku. Je to tak\u00e9 jedna z nejv\u00edce prozkouman\u00fdch rostlin na sv\u011bt\u011b, u kter\u00e9 byly v\u011bdecky prok\u00e1z\u00e1ny ur\u010dit\u00e9 \u00fa\u010dinky na lidsk\u00fd organismus. Mezi nimi ur\u010dit\u011b vynikaj\u00ed:<\/span><\/p>\n<p><span style=\"color: #000000\">\ud83d\udc9a antioxida\u010dn\u00ed a protiz\u00e1n\u011btliv\u00e9 p\u016fsoben\u00ed,<\/span><br \/>\n<span style=\"color: #000000\">\ud83d\udc9aregula\u010dn\u00ed hormony,<\/span><br \/>\n<span style=\"color: #000000\">\ud83d\udc9aregulace krevn\u00edho cukru, funkce slin a t\u00edm sekrece inzul\u00ednu,<\/span><br \/>\n<span style=\"color: #000000\">\ud83d\udc9aregulace hormon\u00e1ln\u00ed rovnov\u00e1hy,<\/span><br \/>\n<span style=\"color: #000000\">\ud83d\udc9a zlep\u0161en\u00ed krevn\u00edho obrazu (hemoglobinu), chr\u00e1n\u00ed tak\u00e9 srdce a mozek,<\/span><br \/>\n<span style=\"color: #000000\">\ud83d\udc9a stimulace jatern\u00edch funkc\u00ed a tr\u00e1ven\u00ed,<\/span><br \/>\n<span style=\"color: #000000\">\ud83d\udc9a zlep\u0161en\u00ed stavu poko\u017eky,<\/span><br \/>\n<span style=\"color: #000000\">\ud83d\udc9a stimuluje vylu\u010dov\u00e1n\u00ed hormonu \u0161t\u011bst\u00ed a t\u00edm zvy\u0161uje n\u00e1ladu.<\/span><\/p>\n<h2><span style=\"color: #000000\">Pro\u010d se konzumace moringy tak d\u016frazn\u011b doporu\u010duje?<\/span><\/h2>\n<p><span style=\"color: #000000\">Su\u0161en\u00e9 listy moringy se snadno skladuj\u00ed a pou\u017e\u00edvaj\u00ed. Konzumace 30 gram\u016f moringy denn\u011b pokryje denn\u00ed pot\u0159ebu vitam\u00ednu A, 80 % denn\u00ed pot\u0159eby v\u00e1pn\u00edku, 60 % denn\u00ed pot\u0159eby \u017eeleza a t\u00e9m\u011b\u0159 40 % denn\u00ed pot\u0159eby b\u00edlkovin. Moringa obsahuje vysok\u00e9 mno\u017estv\u00ed b\u00edlkovin, v\u010detn\u011b v\u0161ech 8 esenci\u00e1ln\u00edch aminokyselin, \u0161irokou \u0161k\u00e1lu vitam\u00edn\u016f a miner\u00e1l\u016f, velk\u00e9 mno\u017estv\u00ed fytonutrient\u016f a antioxidant\u016f.<\/span><\/p>\n<p><span style=\"color: #000000\">Moringa je zn\u00e1m\u00e1 t\u00edm, \u017ee bojuje proti podv\u00fd\u017eiv\u011b, sni\u017euje z\u00e1n\u011bt, stimuluje pr\u016ftok krve a zabra\u0148uje infekc\u00edm. Vzhledem k tomu, \u017ee obsahuje v\u0161ech 8 esenci\u00e1ln\u00edch aminokyselin (krom\u011b 10 dal\u0161\u00edch aminokyselin), jedn\u00e1 se o kompletn\u00ed protein, kter\u00fd je mezi rostlinami skute\u010dnou raritou a lze jej snadno p\u0159irovnat k \u017eivo\u010di\u0161n\u00fdm b\u00edlkovin\u00e1m. Jeliko\u017e je rostlinn\u00e9ho p\u016fvodu, je v\u00fdbornou n\u00e1hradou pro v\u0161echny, kte\u0159\u00ed nejed\u00ed maso a nedostatek b\u00edlkovin ve strav\u011b mohou nahradit moringou.<\/span><br \/>\n<span style=\"color: #000000\">Moringa pe\u010duje o pevn\u00e9 a zdrav\u00e9 kosti (na \u00fakor v\u00e1pn\u00edku a ho\u0159\u010d\u00edku), vy\u017eivuje poko\u017eku, reguluje krevn\u00ed tlak, stimuluje tr\u00e1ven\u00ed a imunitn\u00ed syst\u00e9m, pom\u00e1h\u00e1 shazovat p\u0159ebyte\u010dn\u00e1 kila (m\u00e1 hodn\u011b vl\u00e1kniny, ale m\u00e1lo tuku a kalorie).<\/span><\/p>\n<h2><span style=\"color: #000000\">Nutri\u010dn\u00ed hodnoty<\/span><\/h2>\n<p><span style=\"color: #000000\">Pr\u016fm\u011brn\u00e9 nutri\u010dn\u00ed hodnoty na 100 g: Energetick\u00e1 hodnota: 1280 kJ \/ 307 kcal; Tuky: 6,7 g, z toho nasycen\u00e9: 1,7 g; Sacharidy: 24 g, z toho cukry: 6,1 g; Vl\u00e1knina: 27,8 g, B\u00edlkoviny: 23,8 g; S\u016fl: &lt; 0,1 g.<\/span><\/p>\n<h2><span style=\"color: #000000\">Balen\u00ed<\/span><\/h2>\n<p><span style=\"color: #000000\">Nepropustn\u00fd s\u00e1\u010dek se zipem, ve kter\u00e9m si v\u00fdrobek zachov\u00e1v\u00e1 svou \u010derstvost a v\u016fni. Obal chr\u00e1n\u00ed p\u0159ed sv\u011btlem a vzduchem, proto\u017ee se skl\u00e1d\u00e1 z n\u011bkolika ochrann\u00fdch vrstev, kter\u00e9 zachov\u00e1vaj\u00ed vlastnosti obsahu.<\/span><\/p>\n<p><span style=\"color: #000000\">Obal je velmi praktick\u00fd a recyklovateln\u00fd.<\/span><\/p>\n<h2><span style=\"color: #000000\">Skladov\u00e1n\u00ed a upozorn\u011bn\u00ed<\/span><\/h2>\n<p><span style=\"color: #000000\">Skladujte na chladn\u00e9m a such\u00e9m m\u00edst\u011b p\u0159i teplot\u011b do 25 \u00b0C. Dopln\u011bk stravy uchov\u00e1vejte mimo dosah d\u011bt\u00ed!<\/span><\/p>\n<p><span style=\"color: #000000\">Pamatujte na d\u016fle\u017eitost pestr\u00e9 stravy a zdrav\u00e9ho \u017eivotn\u00edho stylu, dopln\u011bk stravy nen\u00ed n\u00e1hradou vyv\u00e1\u017een\u00e9 a pestr\u00e9 stravy. Doporu\u010den\u00e9 denn\u00ed mno\u017estv\u00ed nebo d\u00e1vka by nem\u011bla b\u00fdt p\u0159ekro\u010dena. T\u011bhotn\u00fdm a koj\u00edc\u00edm \u017een\u00e1m se v\u017edy doporu\u010duje, aby se p\u0159ed pou\u017eit\u00edm poradily s l\u00e9ka\u0159em. Jinak nejsou zn\u00e1my \u017e\u00e1dn\u00e9 ne\u017e\u00e1douc\u00ed \u00fa\u010dinky moringy a jej\u00ed konzumace je bezpe\u010dn\u00e1 i v dob\u011b t\u011bhotenstv\u00ed a kojen\u00ed.<\/span><\/p>\n<h2><span style=\"color: #000000\">P\u016fvod<\/span><\/h2>\n<p><span style=\"color: #000000\">Tanz\u00e1nia<\/span><\/p>\n","protected":false},"excerpt":{"rendered":"<p>V tropech se da\u0159\u00ed mal\u00e9mu, rychle rostouc\u00edmu stromu moringa, jeho\u017e listy jsou \u0159azeny mezi zeleninu s nejv\u011bt\u0161\u00edm obsahem \u017eivin.<br \/>\nMoringa byla za\u0159azena mezi zeleninu d\u00edky vysok\u00e9mu obsahu vl\u00e1kniny a vysok\u00e9 v\u00fd\u017eivov\u00e9 hodnot\u011b, p\u0159i\u010dem\u017e 100 gram\u016f moringy obsahuje:<\/p>\n<p>\ud83d\udc9a stejn\u00e9 mno\u017estv\u00ed b\u00edlkovin jako v jednom vejci,<br \/>\n\ud83d\udc9a stejn\u00e9 mno\u017estv\u00ed \u017eeleza jako v jednom steaku,<br \/>\n\ud83d\udc9a stejn\u00e9 mno\u017estv\u00ed vitaminu C jako v jednom pomeran\u010di a<br \/>\n\ud83d\udc9a stejn\u00e9 mno\u017estv\u00ed v\u00e1pn\u00edku jako v jedn\u00e9 sklenici ml\u00e9ka.<\/p>\n","protected":false},"featured_media":6022,"comment_status":"open","ping_status":"closed","template":"","meta":{"_acf_changed":false},"product_brand":[],"product_cat":[15,194,226,195,227],"product_tag":[],"class_list":{"0":"post-6143","1":"product","2":"type-product","3":"status-publish","4":"has-post-thumbnail","6":"product_cat-uncategorized","7":"product_cat-ajurveda","8":"product_cat-nabidka","9":"product_cat-superpotraviny","10":"product_cat-vsechny-produkty","12":"first","13":"instock","14":"sale","15":"taxable","16":"shipping-taxable","17":"purchasable","18":"product-type-simple"},"acf":[],"_links":{"self":[{"href":"https:\/\/fengchashop.com\/cz\/wp-json\/wp\/v2\/product\/6143","targetHints":{"allow":["GET"]}}],"collection":[{"href":"https:\/\/fengchashop.com\/cz\/wp-json\/wp\/v2\/product"}],"about":[{"href":"https:\/\/fengchashop.com\/cz\/wp-json\/wp\/v2\/types\/product"}],"replies":[{"embeddable":true,"href":"https:\/\/fengchashop.com\/cz\/wp-json\/wp\/v2\/comments?post=6143"}],"wp:featuredmedia":[{"embeddable":true,"href":"https:\/\/fengchashop.com\/cz\/wp-json\/wp\/v2\/media\/6022"}],"wp:attachment":[{"href":"https:\/\/fengchashop.com\/cz\/wp-json\/wp\/v2\/media?parent=6143"}],"wp:term":[{"taxonomy":"product_brand","embeddable":true,"href":"https:\/\/fengchashop.com\/cz\/wp-json\/wp\/v2\/product_brand?post=6143"},{"taxonomy":"product_cat","embeddable":true,"href":"https:\/\/fengchashop.com\/cz\/wp-json\/wp\/v2\/product_cat?post=6143"},{"taxonomy":"product_tag","embeddable":true,"href":"https:\/\/fengchashop.com\/cz\/wp-json\/wp\/v2\/product_tag?post=6143"}],"curies":[{"name":"wp","href":"https:\/\/api.w.org\/{rel}","templated":true}]}}