{"id":6141,"date":"2022-02-22T18:24:09","date_gmt":"2022-02-22T17:24:09","guid":{"rendered":"https:\/\/fengchashop.com\/cz\/product\/msm-500-g\/"},"modified":"2026-05-06T12:56:31","modified_gmt":"2026-05-06T10:56:31","slug":"msm","status":"publish","type":"product","link":"https:\/\/fengchashop.com\/cz\/product\/msm\/","title":{"rendered":"MSM 500 g"},"content":{"rendered":"<div class=\"wpb-content-wrapper\"><p>[vc_row][vc_column][vc_column_text css=&#8220;&#8220;]<\/p>\n<h2><span style=\"color: #000000\">MSM v pr\u00e1\u0161ku<\/span><\/h2>\n<p>MSM je methylsulfonylmethan nebo organick\u00e1 s\u00edra ve form\u011b potravy, kter\u00e1 se nach\u00e1z\u00ed jako stavebn\u00ed k\u00e1men bun\u011bk lidsk\u00e9ho t\u011bla. MSM je produkov\u00e1n smrt\u00ed a rozpadem fytoplanktonu v oce\u00e1nech a je \u010dist\u00fd odpa\u0159ov\u00e1n do atmosf\u00e9ry a ukl\u00e1d\u00e1n v mrac\u00edch. Pot\u00e9 se vrac\u00ed na zem ve form\u011b sr\u00e1\u017eek a st\u00e1v\u00e1 se potravou pro v\u0161echny suchozemsk\u00e9 organismy. MSM je zvl\u00e1\u0161t\u011b vysoce koncentrovan\u00e9 v rostlin\u00e1ch, kter\u00e9 jsou vystaveny siln\u00fdm de\u0161\u0165\u016fm.<\/p>\n<p>Dal\u0161\u00edm d\u016fle\u017eit\u00fdm faktem je, \u017ee MSM je vedle kysl\u00edku, vody a soli \u010dtvrt\u00fdm nejnutn\u011bj\u0161\u00edm prvkem v lidsk\u00e9 strav\u011b, proto\u017ee pr\u00e1v\u011b s\u00edra je nezbytn\u00e1 pro regeneraci a v\u00fd\u017eivu zdrav\u00fdch bun\u011bk.<\/p>\n<p>MSM se tak\u00e9 naz\u00fdv\u00e1 miner\u00e1l kr\u00e1sy, proto\u017ee blahod\u00e1rn\u011b p\u016fsob\u00ed p\u0159edev\u0161\u00edm na:<\/p>\n<p>\ud83d\udc9a obnovuje a podporuje pru\u017enost bun\u011bk, co\u017e umo\u017e\u0148uje snadn\u011bj\u0161\u00ed bun\u011b\u010dn\u00fd metabolismus,<br \/>\n\ud83d\udc9a regenerace po\u0161kozen\u00fdch bun\u011bk a tk\u00e1n\u00ed,<br \/>\n\ud83d\udc9a nastaven\u00ed vhodn\u00e9ho pH poko\u017eky,<br \/>\n\ud83d\udc9a \u00faleva od otok\u016f, k\u0159e\u010d\u00ed a bolesti.<\/p>\n<p>MSM je nepostradateln\u00fdm stavebn\u00edm kamenem t\u011blesn\u00fdch bun\u011bk, kter\u00fdch s v\u011bkem za\u010d\u00edn\u00e1 chyb\u011bt.<\/p>\n<p>Organick\u00e1 s\u00edra je p\u0159\u00edtomna ve v\u0161ech \u017eiv\u00fdch v\u011bcech na Zemi. Je d\u016fle\u017eitou slo\u017ekou p\u0159edev\u0161\u00edm v keratinu, kolagenu, elastinu a chrupavce a pod\u00edl\u00ed se na tvorb\u011b \u010derven\u00fdch krvinek, sval\u016f, k\u016f\u017ee a vlas\u016f. Proto\u017ee ovliv\u0148uje p\u0159edev\u0161\u00edm vzhled pleti, vlas\u016f a neht\u016f, udr\u017eel se mu n\u00e1zev miner\u00e1l kr\u00e1sy. MSM je jednou z hlavn\u00edch slo\u017eek aminokyselin, kter\u00e9 tvo\u0159\u00ed b\u00edlkoviny b\u00edlkovin, proto ovliv\u0148uje mnoho proces\u016f v lidsk\u00e9m t\u011ble: od aktivity enzym\u016f, imunitn\u00ed a hormon\u00e1ln\u00ed rovnov\u00e1hy a\u017e po zdrav\u00e9 vazy, \u0161lachy a klouby.<\/p>\n<p>K\u016f\u017ee je n\u00e1\u0161 nejv\u011bt\u0161\u00ed org\u00e1n a je do zna\u010dn\u00e9 m\u00edry odrazem na\u0161eho \u017eivotn\u00edho stylu. Pro poko\u017eku, kter\u00e1 n\u00e1s vlastn\u011b chr\u00e1n\u00ed p\u0159ed okoln\u00edm sv\u011btem, m\u016f\u017eeme ud\u011blat hodn\u011b spr\u00e1vnou stravou a spr\u00e1vn\u00fdm v\u00fdb\u011brem dopl\u0148k\u016f v\u00fd\u017eivy. MSM pom\u016f\u017ee obnovit va\u0161i poko\u017eku, vlasy, kosti, klouby a svaly.<\/p>\n<p>Pokud chcete obnovit sv\u00e9 t\u011blo, obnovit rovnov\u00e1hu a omladit sv\u016fj vzhled, MSM je tou spr\u00e1vnou volbou. D\u00edky MSM budou va\u0161e bu\u0148ky znovu z\u00e1\u0159iv\u00e9, omlazen\u00e9 a pln\u00e9.<\/p>\n<p>A proto\u017ee se n\u00e1m s l\u00e9ty st\u00e1v\u00e1 st\u00e1le v\u011bt\u0161\u00ed nedostatek a MSM je d\u016fle\u017eitou slo\u017ekou zejm\u00e9na v keratinu, kolagenu, elastinu a chrupavce a pod\u00edl\u00ed se na tvorb\u011b \u010derven\u00fdch krvinek, sval\u016f, k\u016f\u017ee a vlas\u016f, m\u00e1 smysl uva\u017eovat o p\u0159id\u00e1n\u00ed MSM ve form\u011b dopl\u0148ku stravy.<\/p>\n<p>Na\u0161e MSM poch\u00e1z\u00ed z borovic.<\/p>\n<h2>Skladov\u00e1n\u00ed a varov\u00e1n\u00ed<\/h2>\n<p>Skladujte v suchu a chladu p\u0159i teplot\u011b do 25 \u00b0C. Dopln\u011bk stravy uchov\u00e1vejte mimo dosah d\u011bt\u00ed!<\/p>\n<p>Nezapom\u00ednejte na d\u016fle\u017eitost pestr\u00e9 stravy a zdrav\u00e9ho \u017eivotn\u00edho stylu, dopln\u011bk v\u00fd\u017eivy tedy nenahrazuje vyv\u00e1\u017eenou a pestrou stravu. Doporu\u010den\u00e9 denn\u00ed mno\u017estv\u00ed nebo d\u00e1vka se nesm\u00ed p\u0159ekro\u010dit. T\u011bhotn\u00fdm a koj\u00edc\u00edm matk\u00e1m se v\u017edy doporu\u010duje konzultovat u\u017e\u00edv\u00e1n\u00ed s l\u00e9ka\u0159em. P\u0159i u\u017e\u00edv\u00e1n\u00ed l\u00e9k\u016f, zejm\u00e9na l\u00e9k\u016f na \u0159ed\u011bn\u00ed krve, se doporu\u010duje opatrnost, proto\u017ee MSM \u0159ed\u00ed krev.<\/p>\n<h2>Balen\u00ed<\/h2>\n<p>Vzduchot\u011bsn\u00fd s\u00e1\u010dek se zipem, kde si produkt zachov\u00e1 ve\u0161kerou \u010derstvost a aroma. Obal chr\u00e1n\u00ed p\u0159ed sv\u011btlem a vzduchem, proto\u017ee se skl\u00e1d\u00e1 z n\u011bkolika vrstev ochrany, kter\u00e9 zachov\u00e1vaj\u00ed vlastnosti obsahu.<\/p>\n<p>Obal je velmi praktick\u00fd a umo\u017e\u0148uje recyklaci.<\/p>\n<h2>Dobr\u00e9 rady<\/h2>\n<p>V\u00fdrobek je vhodn\u00fd i pro zv\u00ed\u0159ata. \u00da\u010dinek MSM je podobn\u00fd \u00fa\u010dinku na \u010dlov\u011bka. P\u0159ed pou\u017eit\u00edm se pora\u010fte se sv\u00fdm veterin\u00e1rn\u00edm l\u00e9ka\u0159em, abyste zjistili vhodnost pod\u00e1v\u00e1n\u00ed a doporu\u010den\u00e9 denn\u00ed mno\u017estv\u00ed.<\/p>\n<h2>P\u016fvod<\/h2>\n<p>Mimo EU[\/vc_column_text][\/vc_column][\/vc_row]<\/p>\n<\/div>","protected":false},"excerpt":{"rendered":"<p align=\"JUSTIFY\">MSM je methyl sulfyl methan nebo organick\u00e1 s\u00edra ve form\u011b potravy, kter\u00e1 se nach\u00e1z\u00ed jako stavebn\u00ed k\u00e1men bun\u011bk v\u0161ude v lidsk\u00e9m t\u011ble.<\/p>\n<p align=\"JUSTIFY\">\ud83d\udc9a Obnoven\u00ed a podpora pru\u017enosti bun\u011bk, co\u017e umo\u017e\u0148uje snadn\u011bj\u0161\u00ed metabolismus bun\u011bk.<br \/>\n\ud83d\udc9a Pom\u00e1h\u00e1 p\u0159i regeneraci po\u0161kozen\u00fdch bun\u011bk a tk\u00e1n\u00ed.<br \/>\n\ud83d\udc9a Zm\u00edr\u0148uje bolesti kloub\u016f a sval\u016f.<br \/>\n\ud83d\udc9a Pom\u00e1h\u00e1 p\u0159i rychl\u00e9m hojen\u00ed ran a redukuje jizvy.<\/p>\n","protected":false},"featured_media":6016,"comment_status":"open","ping_status":"closed","template":"","meta":{"_acf_changed":false},"product_brand":[],"product_cat":[15,230,226,195,227],"product_tag":[],"class_list":{"0":"post-6141","1":"product","2":"type-product","3":"status-publish","4":"has-post-thumbnail","6":"product_cat-uncategorized","7":"product_cat-mineraly-a-vitaminy","8":"product_cat-nabidka","9":"product_cat-superpotraviny","10":"product_cat-vsechny-produkty","12":"first","13":"instock","14":"sale","15":"taxable","16":"shipping-taxable","17":"purchasable","18":"product-type-simple"},"acf":[],"_links":{"self":[{"href":"https:\/\/fengchashop.com\/cz\/wp-json\/wp\/v2\/product\/6141","targetHints":{"allow":["GET"]}}],"collection":[{"href":"https:\/\/fengchashop.com\/cz\/wp-json\/wp\/v2\/product"}],"about":[{"href":"https:\/\/fengchashop.com\/cz\/wp-json\/wp\/v2\/types\/product"}],"replies":[{"embeddable":true,"href":"https:\/\/fengchashop.com\/cz\/wp-json\/wp\/v2\/comments?post=6141"}],"wp:featuredmedia":[{"embeddable":true,"href":"https:\/\/fengchashop.com\/cz\/wp-json\/wp\/v2\/media\/6016"}],"wp:attachment":[{"href":"https:\/\/fengchashop.com\/cz\/wp-json\/wp\/v2\/media?parent=6141"}],"wp:term":[{"taxonomy":"product_brand","embeddable":true,"href":"https:\/\/fengchashop.com\/cz\/wp-json\/wp\/v2\/product_brand?post=6141"},{"taxonomy":"product_cat","embeddable":true,"href":"https:\/\/fengchashop.com\/cz\/wp-json\/wp\/v2\/product_cat?post=6141"},{"taxonomy":"product_tag","embeddable":true,"href":"https:\/\/fengchashop.com\/cz\/wp-json\/wp\/v2\/product_tag?post=6141"}],"curies":[{"name":"wp","href":"https:\/\/api.w.org\/{rel}","templated":true}]}}