{"id":6140,"date":"2022-02-22T16:28:02","date_gmt":"2022-02-22T15:28:02","guid":{"rendered":"https:\/\/fengchashop.com\/cz\/product\/kolagen-msm-vitamin-c-v-prasku-250-g\/"},"modified":"2026-05-06T17:40:29","modified_gmt":"2026-05-06T15:40:29","slug":"kolagen-msm-vitamin-c-v-prasku","status":"publish","type":"product","link":"https:\/\/fengchashop.com\/cz\/product\/kolagen-msm-vitamin-c-v-prasku\/","title":{"rendered":"Kolagen + MSM + vitamin C v pr\u00e1\u0161ku 250 g"},"content":{"rendered":"<h2><span style=\"color: #000000\">Kolagen + MSM + vitam\u00edn C v pr\u00e1\u0161ku<\/span><\/h2>\n<p><span style=\"color: #000000\">V z\u00e1jmu va\u0161eho zdrav\u00ed a kr\u00e1sy jsme pro v\u00e1s p\u0159ipravili speci\u00e1ln\u00ed sm\u011bs dopl\u0148k\u016f stravy, kter\u00e9 podle n\u00e1s d\u0159\u00edve \u010di pozd\u011bji pot\u0159ebuje t\u00e9m\u011b\u0159 ka\u017ed\u00fd \u2013 va\u0161e t\u011blo n\u00e1m pod\u011bkuje a va\u0161e ple\u0165 bude jednodu\u0161e z\u00e1\u0159it. Je to dal\u0161\u00ed v\u00fdrobek z na\u0161\u00ed rozs\u00e1hl\u00e9 \u0159ady, kter\u00e1 byla vytvo\u0159ena s ohledem na pot\u0159eby modern\u00edho \u010dlov\u011bka, kter\u00fd si z p\u0159\u00edrody bere jen to nejlep\u0161\u00ed.<\/span><\/p>\n<p><span style=\"color: #000000\">Je zn\u00e1mo, \u017ee po 25. roce v\u011bku za\u010d\u00edn\u00e1 produkce vlastn\u00edho kolagenu klesat p\u0159ibli\u017en\u011b o 1 % ro\u010dn\u011b. \u00da\u010dinky tohoto postupn\u00e9ho \u00fabytku kolagenu se projev\u00ed pozd\u011bji, proto\u017ee prvn\u00ed viditeln\u00e9 p\u0159\u00edznaky se mohou projevit a\u017e po 10 letech, zat\u00edmco zm\u011bny ve vnit\u0159n\u00ed struktu\u0159e kost\u00ed, k\u016f\u017ee, c\u00e9v, sval\u016f, vlas\u016f a neht\u016f se za\u010dnou projevovat d\u0159\u00edve. Jin\u00fdmi slovy, prvn\u00ed vr\u00e1sky, kter\u00e9 vid\u00edme na obli\u010deji, jsou d\u016fsledkem poklesu produkce kolagenu p\u0159ed lety. Jeliko\u017e <strong>je v\u0161ak kolagen zodpov\u011bdn\u00fd tak\u00e9 za norm\u00e1ln\u00ed fungov\u00e1n\u00ed kost\u00ed, k\u016f\u017ee, zub\u016f, c\u00e9v, chrupavek a d\u00e1sn\u00ed<\/strong>, nedostatek kolagenu p\u0159irozen\u011b ovliv\u0148uje v\u0161echny tyto oblasti. Kolagen tak\u00e9 <strong>p\u0159isp\u00edv\u00e1 ke zdrav\u00fdm st\u0159ev\u016fm<\/strong>, kter\u00e1 jsou \u010dasto kl\u00ed\u010dem k na\u0161emu celkov\u00e9mu zdrav\u00ed a pohod\u011b.<\/span><\/p>\n<p><span style=\"color: #000000\">Hydrolyzovan\u00fd kolagen se doporu\u010duje po 30. roce \u017eivota jako dopln\u011bk jinak zdrav\u00e9 a vyv\u00e1\u017een\u00e9 stravy a aktivn\u00edho \u017eivotn\u00edho stylu. Pro zdrav\u00fd vzhled va\u0161\u00ed poko\u017eky, vlas\u016f a neht\u016f, stejn\u011b jako pro zdrav\u00e9 a siln\u00e9 kosti, zuby a klouby jsme proto vyvinuli vylep\u0161enou sm\u011bs, kter\u00e1 obsahuje nejen kolagen, ale tak\u00e9 p\u0159\u00eddavek MSM neboli organick\u00e9 kyseliny s\u00edrov\u00e9, <strong>zn\u00e1m\u00e9 tak\u00e9 jako miner\u00e1l kr\u00e1sy<\/strong>, kter\u00fd m\u00e1 rovn\u011b\u017e pozitivn\u00ed vliv na na\u0161i poko\u017eku, vlasy, nehty, klouby a kosti. Je stavebn\u00edm kamenem na\u0161ich bun\u011bk a zcela p\u0159irozenou, \u010dlov\u011bku vlastn\u00ed slo\u017ekou, jej\u00ed\u017e produkce s v\u011bkem rovn\u011b\u017e kles\u00e1. Proto\u017ee vitam\u00edn C je tak\u00e9 velmi d\u016fle\u017eit\u00fd pro fungov\u00e1n\u00ed MSM a pro v\u011bt\u0161inu proces\u016f v na\u0161em t\u011ble \u2013 zejm\u00e9na jako <strong>antioxidant<\/strong>, kter\u00fd mimo jin\u00e9 umo\u017e\u0148uje lep\u0161\u00ed vst\u0159eb\u00e1v\u00e1n\u00ed vitam\u00edn\u016f a miner\u00e1l\u016f, p\u0159idali jsme tento nepostradateln\u00fd vitam\u00edn do sm\u011bsi. Vitam\u00edn C je v na\u0161ich sm\u011bs\u00edch nezbytn\u00fd tak\u00e9 proto, \u017ee tvorba na\u0161eho vlastn\u00edho kolagenu je na jeho dostate\u010dn\u00e9m mno\u017estv\u00ed velmi z\u00e1visl\u00e1. Je t\u0159eba poznamenat, \u017ee nejvy\u0161\u0161\u00ed denn\u00ed pot\u0159ebu vitaminu C maj\u00ed zejm\u00e9na ku\u0159\u00e1ci, fyzicky aktivn\u00ed lid\u00e9 a sportovci, ale t\u00e9to zv\u00fd\u0161en\u00e9 pot\u0159eby obvykle nelze dos\u00e1hnout pouhou stravou, proto se doporu\u010duje jako dopln\u011bk stravy a p\u0159ebytek vitaminu C t\u011blo jednodu\u0161e vylou\u010d\u00ed.<\/span><\/p>\n<p><span style=\"color: #000000\">Pravideln\u00e9 u\u017e\u00edv\u00e1n\u00ed t\u00e9to super sm\u011bsi p\u0159in\u00e1\u0161\u00ed mnoho v\u00fdhod pro na\u0161i vnit\u0159n\u00ed i vn\u011bj\u0161\u00ed kr\u00e1su:<\/span><\/p>\n<p><span style=\"color: #000000\">\ud83d\udc9a zlep\u0161uje stav <strong>poko\u017eky, vlas\u016f a neht\u016f<\/strong>;<\/span><br \/>\n<span style=\"color: #000000\">\ud83d\udc9a zlep\u0161uje <strong>funkci st\u0159ev<\/strong>;<\/span><br \/>\n<span style=\"color: #000000\">\ud83d\udc9a zlep\u0161uje <strong>svalovou hmotu<\/strong>;<\/span><br \/>\n<span style=\"color: #000000\">\ud83d\udc9a zvy\u0161uje se <strong>hydratace organismu<\/strong>;<\/span><br \/>\n<span style=\"color: #000000\">\ud83d\udc9a ple\u0165 ji\u017e nen\u00ed such\u00e1, <strong>stav poko\u017eky se zlep\u0161uje<\/strong>, vyrovn\u00e1v\u00e1 se jej\u00ed pH, je pru\u017en\u00e1 a rychleji se regeneruje;<\/span><br \/>\n<span style=\"color: #000000\">\ud83d\udc9a <strong>m\u00e1 \u00fa\u010dinky proti st\u00e1rnut\u00ed<\/strong>;<\/span><br \/>\n<span style=\"color: #000000\">\ud83d\udc9a na\u0161e <strong>kosti, zuby a klouby jsou siln\u011bj\u0161\u00ed<\/strong>;<\/span><br \/>\n<span style=\"color: #000000\">\ud83d\udc9a zlep\u0161uje se<strong> tvorba vlastn\u00edho kolagenu<\/strong>;<\/span><br \/>\n<span style=\"color: #000000\">\ud83d\udc9a bu\u0148ky jsou <strong>chr\u00e1n\u011bny p\u0159ed oxida\u010dn\u00edm stresem<\/strong>;<\/span><br \/>\n<span style=\"color: #000000\">\ud83d\udc9a zlep\u0161uje se <strong>fyzick\u00e1 \u00fanava a vy\u010derp\u00e1n\u00ed<\/strong>;<\/span><br \/>\n<span style=\"color: #000000\">\ud83d\udc9a zdrav\u00fd <strong>imunitn\u00ed syst\u00e9m a hormon\u00e1ln\u00ed rovnov\u00e1hu<\/strong>;<\/span><br \/>\n<span style=\"color: #000000\">\ud83d\udc9a bu\u0148ky a tk\u00e1n\u011b se <strong>rychleji regeneruj\u00ed<\/strong>.<\/span><\/p>\n<h2><span style=\"color: #000000\">Balen\u00ed<\/span><\/h2>\n<p><span style=\"color: #000000\">Neprody\u0161n\u00fd s\u00e1\u010dek na zip, ve kter\u00e9m si v\u00fdrobek uchov\u00e1 ve\u0161kerou \u010derstvost a v\u016fni. Obal chr\u00e1n\u00ed p\u0159ed sv\u011btlem a vzduchem a skl\u00e1d\u00e1 se z n\u011bkolika ochrann\u00fdch vrstev, kter\u00e9 zachov\u00e1vaj\u00ed vlastnosti obsahu.<\/span><\/p>\n<p><span style=\"color: #000000\">Obal je velmi praktick\u00fd a recyklovateln\u00fd.<\/span><\/p>\n<h2><span style=\"color: #000000\">Skladov\u00e1n\u00ed<\/span><\/h2>\n<p><span style=\"color: #000000\">Skladujte na such\u00e9m, tmav\u00e9m a chladn\u00e9m m\u00edst\u011b. Ujist\u011bte se, \u017ee je s\u00e1\u010dek pevn\u011b uzav\u0159en.<\/span><\/p>\n<h2><span style=\"color: #000000\">P\u016fvod<\/span><\/h2>\n<p><span style=\"color: #000000\">EU<\/span><\/p>\n","protected":false},"excerpt":{"rendered":"<p>Kolagen, MSM a vitamin C pro kr\u00e1su a pohodu. Speci\u00e1ln\u00ed sm\u011bs, za kterou n\u00e1m na\u0161e t\u011blo pod\u011bkuje a na\u0161e ple\u0165 bude jednodu\u0161e z\u00e1\u0159it. Pravideln\u00fd p\u0159\u00edjem sm\u011bsi kolagenu, MSM a vitaminu C p\u0159in\u00e1\u0161\u00ed mnoho v\u00fdhod pro na\u0161i vnit\u0159n\u00ed i vn\u011bj\u0161\u00ed kr\u00e1su:<\/p>\n<p>\ud83d\udc9a Zlep\u0161en\u00ed stavu poko\u017eky, vlas\u016f a neht\u016f,<br \/>\n\ud83d\udc9a Zv\u00fd\u0161en\u00ed hydratace organismu,<br \/>\n\ud83d\udc9a Kosti, zuby a klouby jsou pevn\u011bj\u0161\u00ed,<br \/>\n\ud83d\udc9a Zlep\u0161en\u00ed produkce va\u0161eho vlastn\u00edho kolagenu.<\/p>\n","protected":false},"featured_media":6014,"comment_status":"open","ping_status":"closed","template":"","meta":{"_acf_changed":false},"product_brand":[],"product_cat":[15,230,226,195,227],"product_tag":[],"class_list":{"0":"post-6140","1":"product","2":"type-product","3":"status-publish","4":"has-post-thumbnail","6":"product_cat-uncategorized","7":"product_cat-mineraly-a-vitaminy","8":"product_cat-nabidka","9":"product_cat-superpotraviny","10":"product_cat-vsechny-produkty","12":"first","13":"instock","14":"sale","15":"taxable","16":"shipping-taxable","17":"purchasable","18":"product-type-simple"},"acf":[],"_links":{"self":[{"href":"https:\/\/fengchashop.com\/cz\/wp-json\/wp\/v2\/product\/6140","targetHints":{"allow":["GET"]}}],"collection":[{"href":"https:\/\/fengchashop.com\/cz\/wp-json\/wp\/v2\/product"}],"about":[{"href":"https:\/\/fengchashop.com\/cz\/wp-json\/wp\/v2\/types\/product"}],"replies":[{"embeddable":true,"href":"https:\/\/fengchashop.com\/cz\/wp-json\/wp\/v2\/comments?post=6140"}],"wp:featuredmedia":[{"embeddable":true,"href":"https:\/\/fengchashop.com\/cz\/wp-json\/wp\/v2\/media\/6014"}],"wp:attachment":[{"href":"https:\/\/fengchashop.com\/cz\/wp-json\/wp\/v2\/media?parent=6140"}],"wp:term":[{"taxonomy":"product_brand","embeddable":true,"href":"https:\/\/fengchashop.com\/cz\/wp-json\/wp\/v2\/product_brand?post=6140"},{"taxonomy":"product_cat","embeddable":true,"href":"https:\/\/fengchashop.com\/cz\/wp-json\/wp\/v2\/product_cat?post=6140"},{"taxonomy":"product_tag","embeddable":true,"href":"https:\/\/fengchashop.com\/cz\/wp-json\/wp\/v2\/product_tag?post=6140"}],"curies":[{"name":"wp","href":"https:\/\/api.w.org\/{rel}","templated":true}]}}