{"id":6139,"date":"2022-02-22T16:08:43","date_gmt":"2022-02-22T15:08:43","guid":{"rendered":"https:\/\/fengchashop.com\/cz\/product\/maca-cervena-bio-prasek-250-g\/"},"modified":"2026-05-06T17:34:22","modified_gmt":"2026-05-06T15:34:22","slug":"mac-cervena-bio-prasek","status":"publish","type":"product","link":"https:\/\/fengchashop.com\/cz\/product\/mac-cervena-bio-prasek\/","title":{"rendered":"Maca \u010derven\u00e1 BIO pr\u00e1\u0161ek 250 g"},"content":{"rendered":"<h2><span style=\"color: #000000\">\u010cerven\u00e1 maca v pr\u00e1\u0161ku BIO<\/span><\/h2>\n<p><span style=\"color: #000000\">Maca je ko\u0159eninov\u00e1 rostlina, kter\u00e9 se da\u0159\u00ed v peru\u00e1nsk\u00fdch a andsk\u00fdch velehor\u00e1ch, kde je vystavena extr\u00e9mn\u00edm pov\u011btrnostn\u00edm podm\u00ednk\u00e1m a velk\u00fdm teplotn\u00edm rozd\u00edl\u016fm mezi dnem a noc\u00ed. \u0158\u00edk\u00e1 se mu tak\u00e9 <strong>peru\u00e1nsk\u00fd \u017een\u0161en<\/strong>. Proto\u017ee je z hlediska p\u0159e\u017eit\u00ed prakticky neporaziteln\u00e1, vyu\u017e\u00edvali sta\u0159\u00ed Inkov\u00e9 jej\u00ed \u00fa\u010dinn\u00e9 l\u00e1tky, kter\u00e9 jsou zvl\u00e1\u0161t\u011b <strong>dobr\u00e9 pro mu\u017eskou sexu\u00e1ln\u00ed potenci<\/strong> a maj\u00ed p\u0159\u00edzniv\u00fd vliv na celkov\u00e9 zdrav\u00ed. Pr\u00e1v\u011b z tohoto d\u016fvodu je pova\u017eov\u00e1na za mimo\u0159\u00e1dn\u011b cennou superpotravinu.<\/span><\/p>\n<p><span style=\"color: #000000\">L\u00e9\u010divou \u010d\u00e1st\u00ed mu\u0161k\u00e1tu je hl\u00edza, kter\u00e1 <strong>obsahuje mnoho vitamin\u016f, miner\u00e1l\u016f a aminokyselin<\/strong>. D\u00edky sv\u00fdm hormon\u00e1ln\u00edm vlastnostem reguluje hladinu estrogenu a progesteronu nebo testosteronu, kter\u00e9 maj\u00ed p\u0159\u00edzniv\u00fd vliv na na\u0161i pohodu a dod\u00e1vaj\u00ed n\u00e1m s\u00edlu a vytrvalost. D\u00edky obsahu d\u016fle\u017eit\u00fdch vitamin\u016f, jako jsou vitaminy B1, B12, C a E, a tak\u00e9 mastn\u00fdch kyselin, miner\u00e1l\u016f a aminokyselin (v\u010detn\u011b sedmi esenci\u00e1ln\u00edch, kter\u00e9 na\u0161e t\u011blo pot\u0159ebuje) je maca jednou z nej\u00fa\u010dinn\u011bj\u0161\u00edch, nej\u017e\u00e1dan\u011bj\u0161\u00edch a nejdoporu\u010dovan\u011bj\u0161\u00edch p\u0159\u00edrodn\u00edch superpotravin s tis\u00edciletou tradic\u00ed.<\/span><\/p>\n<p><span style=\"color: #000000\">Je to <strong>adaptogenn\u00ed bylina, kter\u00e1 zvy\u0161uje energii, vytrvalost, vitalitu a fyzickou s\u00edlu<\/strong>. Pom\u00e1h\u00e1 n\u00e1m l\u00e9pe reagovat na stres a p\u0159izp\u016fsobovat se zm\u011bn\u00e1m. Nejhojn\u011bji se vyskytuje v And\u00e1ch ve st\u0159edn\u00edm Peru, v drsn\u00fdch podm\u00ednk\u00e1ch a ve velmi vysok\u00fdch nadmo\u0159sk\u00fdch v\u00fd\u0161k\u00e1ch \u2013 p\u0159es 4000 metr\u016f. Je to brukvovit\u00e1 zelenina jako brokolice, kv\u011bt\u00e1k, tu\u0159\u00edn, zel\u00ed, kapusta a \u0159edkvi\u010dky. Nejjedlej\u0161\u00ed \u010d\u00e1st\u00ed rostliny je ko\u0159en nebo hl\u00edza. Dod\u00e1v\u00e1 se v n\u011bkolika barv\u00e1ch, od b\u00edl\u00e9 po \u010dernou. Nejobl\u00edben\u011bj\u0161\u00ed barvy jsou <strong>\u017elut\u00e1, \u010derven\u00e1 a \u010dern\u00e1<\/strong>. Oby\u010dejn\u00e1 \u017elut\u00e1 maca se pou\u017e\u00edv\u00e1 ke ka\u017edodenn\u00ed a dlouhodob\u00e9 konzumaci. \u010cerven\u00e1 a \u010dern\u00e1 maca jsou pova\u017eov\u00e1ny za posv\u00e1tn\u00e9 odr\u016fdy a pou\u017e\u00edvaj\u00ed se p\u0159i chronick\u00fdch l\u00e9\u010debn\u00fdch pot\u00ed\u017e\u00edch. \u017dlut\u00e1 maca je neutr\u00e1ln\u00ed. <strong>\u010cerven\u00e1<\/strong> barva je <strong>pova\u017eov\u00e1na za vnit\u0159n\u00ed \u017eenskou energii<\/strong>. \u010cern\u00e1 je pova\u017eov\u00e1na za vn\u011bj\u0161\u00ed mu\u017eskou energii. M\u00edstn\u00ed \u0161amani si d\u00e1vaj\u00ed z\u00e1le\u017eet na tom, jak\u00fd druh nebo pom\u011br maca by m\u011bl \u010dlov\u011bk s probl\u00e9my konzumovat.<\/span><\/p>\n<p><span style=\"color: #000000\">M\u00e1 velmi sladkou chu\u0165 a \u0161irok\u00e9 vyu\u017eit\u00ed.<\/span><\/p>\n<p><span style=\"color: #000000\">\u010cerven\u00e1 maca je <strong>100% organick\u00e1<\/strong>. Poch\u00e1z\u00ed z <strong>peru\u00e1nsk\u00fdch vysokohorsk\u00fdch ekologick\u00fdch farem<\/strong>. Pro ka\u017edou \u0161ar\u017ei m\u00e1me rozbory a platn\u00fd certifik\u00e1t.<\/span><\/p>\n<h2><span style=\"color: #000000\">Pro\u010d si vybrat \u010dervenou macu?<\/span><\/h2>\n<p><span style=\"color: #000000\">\u010cerven\u00e1 maca m\u00e1 \u00fadajn\u011b nejvy\u0161\u0161\u00ed <strong>antioxida\u010dn\u00ed s\u00edlu<\/strong>. Studie potvrdily, \u017ee \u010derven\u00e1 maca m\u016f\u017ee pomoci p\u0159i rakovin\u011b prostaty a p\u0159i prevenci \u00fabytku kostn\u00ed hmoty. Krom\u011b toho je maca \u010derven\u00e1 u\u017eite\u010dn\u00e1 <strong>p\u0159i regulaci hormon\u016f, zvy\u0161ov\u00e1n\u00ed s\u00edly a vytrvalosti<\/strong>. Pom\u00e1h\u00e1 tak\u00e9 p\u0159i <strong>depres\u00edch a zvl\u00e1d\u00e1n\u00ed stresu<\/strong>. Bylo tak\u00e9 prok\u00e1z\u00e1no, \u017ee m\u00e1 vliv na p\u0159\u00edznaky <strong>PMS<\/strong> a <strong>menopauzy, na \u017eensk\u00e9 libido a zabra\u0148uje celkov\u00e9 \u00fanav\u011b<\/strong>.<\/span><\/p>\n<h2><span style=\"color: #000000\">Pro\u010d si objednat na\u0161i macu?<\/span><\/h2>\n<p><span style=\"color: #000000\">N\u00e1\u0161 pr\u00e1\u0161ek maca poch\u00e1z\u00ed z <strong>kontrolovan\u00e9 ekologick\u00e9 produkce<\/strong>, je pe\u010dliv\u011b usu\u0161en a rozemlet na pr\u00e1\u0161ek podobn\u00fd mouce. Krom\u011b toho pravideln\u011b db\u00e1me na to, <strong>aby na\u0161e z\u00e1soby maces\u016f byly v\u017edy \u010derstv\u00e9!<\/strong> Proto tak\u00e9 sm\u011bs pe\u010dliv\u011b p\u0159ipravujeme sami, proto\u017ee jen tak m\u016f\u017eeme zajistit jej\u00ed integritu s \u010derstv\u00fdmi surovinami ve spr\u00e1vn\u00e9m pom\u011bru.<\/span><\/p>\n<p><span style=\"color: #000000\">Maca poch\u00e1z\u00ed z vysokohorsk\u00fdch ekologick\u00fdch farem v Peru. Ka\u017edou \u0161ar\u017ei jsme analyzovali a ov\u011b\u0159ili.<\/span><\/p>\n<h2><span style=\"color: #000000\">V\u00fd\u017eivov\u00e9 hodnoty<\/span><\/h2>\n<p><span style=\"color: #000000\">Pr\u016fm\u011brn\u00e9 nutri\u010dn\u00ed hodnoty na 100 g \u010derven\u00e9ho pr\u00e1\u0161ku maca: energetick\u00e1 hodnota: 1448 kJ\/342 kcal; tuky: 0,6 g, z toho nasycen\u00e9 mastn\u00e9 kyseliny: 0,2 g; sacharidy: 67 g, z toho cukry: 24 g; b\u00edlkoviny: 12 g; vl\u00e1knina: 10 g a s\u016fl: 0,53 g.<\/span><\/p>\n<h2><span style=\"color: #000000\">Skladov\u00e1n\u00ed a varov\u00e1n\u00ed<\/span><\/h2>\n<p><span style=\"color: #000000\">Skladujte na chladn\u00e9m a such\u00e9m m\u00edst\u011b p\u0159i teplot\u011b do 25 \u00b0C. Dopln\u011bk stravy uchov\u00e1vejte mimo dosah d\u011bt\u00ed!<\/span><\/p>\n<p><span style=\"color: #000000\">Nezapom\u00ednejte na d\u016fle\u017eitost pestr\u00e9 stravy a zdrav\u00e9ho \u017eivotn\u00edho stylu, dopln\u011bk stravy proto nenahrazuje vyv\u00e1\u017eenou a pestrou stravu. Doporu\u010den\u00e9 denn\u00ed mno\u017estv\u00ed nebo d\u00e1vka by nem\u011bly b\u00fdt p\u0159ekro\u010deny. T\u011bhotn\u00fdm a koj\u00edc\u00edm \u017een\u00e1m se v\u017edy doporu\u010duje, aby se p\u0159ed pou\u017eit\u00edm p\u0159\u00edpravku poradily s l\u00e9ka\u0159em.<\/span><\/p>\n<h2><span style=\"color: #000000\">Balen\u00ed<\/span><\/h2>\n<p><span style=\"color: #000000\">Neprody\u0161n\u00fd s\u00e1\u010dek na zip, ve kter\u00e9m si v\u00fdrobek zachov\u00e1v\u00e1 ve\u0161kerou \u010derstvost a v\u016fni. Obal chr\u00e1n\u00ed p\u0159ed sv\u011btlem a vzduchem, proto\u017ee se skl\u00e1d\u00e1 z n\u011bkolika ochrann\u00fdch vrstev, kter\u00e9 zachov\u00e1vaj\u00ed vlastnosti obsahu.<\/span><\/p>\n<p><span style=\"color: #000000\">Obal je velmi praktick\u00fd a recyklovateln\u00fd.<\/span><\/p>\n<h2><span style=\"color: #000000\">P\u016fvod<\/span><\/h2>\n<p><span style=\"color: #000000\">Peru<\/span><\/p>\n","protected":false},"excerpt":{"rendered":"<p align=\"JUSTIFY\">Maca je ko\u0159enov\u00e1 rostlina, kter\u00e9 se da\u0159\u00ed v peru\u00e1nsk\u00fdch And\u00e1ch, kde je <strong>vystavena extr\u00e9mn\u00edm klimatick\u00fdm podm\u00ednk\u00e1m<\/strong> a velk\u00fdm teplotn\u00edm rozd\u00edl\u016fm mezi dnem a noc\u00ed. L\u00e9\u010divou \u010d\u00e1st\u00ed maca je hl\u00edza, kter\u00e1 <strong>obsahuje mnoho vitamin\u016f, miner\u00e1l\u016f a aminokyselin<\/strong>. Maca, kter\u00e1 obsahuje d\u016fle\u017eit\u00e9 vitaminy, jako jsou vitaminy B1, B12, C a E, a tak\u00e9 mastn\u00e9 kyseliny, miner\u00e1ly a aminokyseliny, je jednou z nej\u00fa\u010dinn\u011bj\u0161\u00edch, nej\u017e\u00e1dan\u011bj\u0161\u00edch a nejdoporu\u010dovan\u011bj\u0161\u00edch p\u0159\u00edrodn\u00edch superpotravin s tis\u00edciletou tradic\u00ed.<\/p>\n<p align=\"JUSTIFY\">\ud83d\udc9a Pro vnit\u0159n\u00ed \u017eenskou energii.<br \/>\n\ud83d\udc9a Pom\u00e1h\u00e1 p\u0159i depresi, \u00fanav\u011b a zvl\u00e1d\u00e1n\u00ed stresu.<br \/>\n\ud83d\udc9a Reguluje hormony a zm\u00edr\u0148uje p\u0159\u00edznaky PMS a menopauzy.<br \/>\n\ud83d\udc9a Zvy\u0161uje \u017eensk\u00e9 libido.<\/p>\n","protected":false},"featured_media":6012,"comment_status":"open","ping_status":"closed","template":"","meta":{"_acf_changed":false},"product_brand":[],"product_cat":[15,226,195,227],"product_tag":[],"class_list":{"0":"post-6139","1":"product","2":"type-product","3":"status-publish","4":"has-post-thumbnail","6":"product_cat-uncategorized","7":"product_cat-nabidka","8":"product_cat-superpotraviny","9":"product_cat-vsechny-produkty","11":"first","12":"instock","13":"sale","14":"taxable","15":"shipping-taxable","16":"purchasable","17":"product-type-simple"},"acf":[],"_links":{"self":[{"href":"https:\/\/fengchashop.com\/cz\/wp-json\/wp\/v2\/product\/6139","targetHints":{"allow":["GET"]}}],"collection":[{"href":"https:\/\/fengchashop.com\/cz\/wp-json\/wp\/v2\/product"}],"about":[{"href":"https:\/\/fengchashop.com\/cz\/wp-json\/wp\/v2\/types\/product"}],"replies":[{"embeddable":true,"href":"https:\/\/fengchashop.com\/cz\/wp-json\/wp\/v2\/comments?post=6139"}],"wp:featuredmedia":[{"embeddable":true,"href":"https:\/\/fengchashop.com\/cz\/wp-json\/wp\/v2\/media\/6012"}],"wp:attachment":[{"href":"https:\/\/fengchashop.com\/cz\/wp-json\/wp\/v2\/media?parent=6139"}],"wp:term":[{"taxonomy":"product_brand","embeddable":true,"href":"https:\/\/fengchashop.com\/cz\/wp-json\/wp\/v2\/product_brand?post=6139"},{"taxonomy":"product_cat","embeddable":true,"href":"https:\/\/fengchashop.com\/cz\/wp-json\/wp\/v2\/product_cat?post=6139"},{"taxonomy":"product_tag","embeddable":true,"href":"https:\/\/fengchashop.com\/cz\/wp-json\/wp\/v2\/product_tag?post=6139"}],"curies":[{"name":"wp","href":"https:\/\/api.w.org\/{rel}","templated":true}]}}