{"id":6136,"date":"2022-02-22T10:17:16","date_gmt":"2022-02-22T09:17:16","guid":{"rendered":"https:\/\/fengchashop.com\/cz\/product\/polyporus-umbellatus-divoky-choros-oris-bio-125-g\/"},"modified":"2026-04-15T16:39:06","modified_gmt":"2026-04-15T14:39:06","slug":"polyporus-umbellatus-divoky-choros-oris-bio","status":"publish","type":"product","link":"https:\/\/fengchashop.com\/cz\/product\/polyporus-umbellatus-divoky-choros-oris-bio\/","title":{"rendered":"Polyporus umbellatus divok\u00fd (Choro\u0161 o\u0159\u00ed\u0161) BIO 125 g"},"content":{"rendered":"<h2><span style=\"color: #000000\">Polyporus umbellatus divok\u00fd BIO pr\u00e1\u0161ek<\/span><\/h2>\n<p><span style=\"color: #000000\">Polyporus umbellatus je jedl\u00e1, ale chr\u00e1n\u011bn\u00e1 houba, vzhledov\u011b podobn\u00e1 kv\u011bt\u00e1ku. Zat\u00edmco nadzemn\u00ed \u010d\u00e1st (trosnjake) se pou\u017e\u00edv\u00e1 v kulin\u00e1\u0159stv\u00ed, podzemn\u00ed \u010d\u00e1st (sklerotium) je l\u00e9\u010div\u00e1. Jedn\u00e1 se o velmi zkoumanou l\u00e9\u010divou houbu, proto\u017ee obsahuje <strong>mnoho bioaktivn\u00edch l\u00e1tek<\/strong>, kter\u00e9 maj\u00ed prok\u00e1zanou protin\u00e1dorovou a protirakovinnou aktivitu. Proto se \u010dasto vyskytuje jako slo\u017eka r\u016fzn\u00fdch l\u00e9k\u016f a dopl\u0148k\u016f stravy. Rozv\u011btven\u00fd punnet je tak\u00e9 vynikaj\u00edc\u00edm <strong>zdrojem antioxidant\u016f<\/strong>, kter\u00e9 odstra\u0148uj\u00ed voln\u00e9 radik\u00e1ly, \u010d\u00edm\u017e <strong>zlep\u0161uj\u00ed imunitn\u00ed syst\u00e9m a maj\u00ed antimikrobi\u00e1ln\u00ed \u00fa\u010dinky<\/strong>. Pro l\u00e9\u010debn\u00e9 \u00fa\u010dely se v tradi\u010dn\u00ed \u010d\u00ednsk\u00e9 medic\u00edn\u011b pou\u017e\u00edv\u00e1 p\u0159edev\u0161\u00edm jako diuretikum k prevenci nebo l\u00e9\u010db\u011b probl\u00e9m\u016f spojen\u00fdch s poruchou funkce ledvin a jater, zadr\u017eov\u00e1n\u00edm vody v t\u011ble, otoky, d\u00e1le p\u0159i pr\u016fjmech, \u017eloutence a k l\u00e9\u010db\u011b vagin\u00e1ln\u00edho v\u00fdtoku a bolestiv\u00e9ho mo\u010den\u00ed. V T\u010cM je tak\u00e9 pova\u017eov\u00e1n za p\u0159\u00edrodn\u00ed antibiotikum. Jeho mo\u010dopudn\u00fd \u00fa\u010dinek a p\u0159\u00edzniv\u00e9 \u00fa\u010dinky na ledviny a j\u00e1tra potvrdili i v\u011bdci. Stimuluje tak\u00e9 imunitn\u00ed syst\u00e9m a je vynikaj\u00edc\u00edm podp\u016frn\u00fdm prost\u0159edkem p\u0159i chemoterapii v l\u00e9\u010db\u011b rakoviny.<\/span><\/p>\n<p><span style=\"color: #000000\">Produkce na\u0161\u00ed houby Polyporus umbellatus je p\u0159\u00edsn\u011b kontrolovan\u00e1, bez pou\u017eit\u00ed chemick\u00fdch l\u00e1tek a pesticid\u016f a <strong>100% ekologick\u00e1<\/strong>.\u00a0<\/span><\/p>\n<h2><span style=\"color: #000000\">Co obsahuje a pro koho je ur\u010dena?<\/span><\/h2>\n<p><span style=\"color: #000000\">Krom\u011b typick\u00fdch polysacharid\u016f, vitamin\u016f, miner\u00e1ln\u00edch sol\u00ed a dal\u0161\u00edch antioxidant\u016f obsahuje rozv\u011btven\u00e1 houba tak\u00e9 fytosteroly, titerpenoidy, mannitol a podobn\u00e9 farmakologicky \u00fa\u010dinn\u00e9 l\u00e1tky, kter\u00e9 j\u00ed dod\u00e1vaj\u00ed mimo\u0159\u00e1dn\u00e9 l\u00e9\u010div\u00e9 \u00fa\u010dinky bez ne\u017e\u00e1douc\u00edch vedlej\u0161\u00edch \u00fa\u010dink\u016f.<\/span><\/p>\n<p><span style=\"color: #000000\"><strong>Polyporus umbellatus pom\u00e1h\u00e1:<\/strong><\/span><\/p>\n<p><span style=\"color: #000000\">\ud83d\udc9a p\u0159i probl\u00e9mech s ledvinami a j\u00e1try,<\/span><br \/>\n<span style=\"color: #000000\">\ud83d\udc9a p\u0159i vagin\u00e1ln\u00edm v\u00fdtoku,<\/span><br \/>\n<span style=\"color: #000000\">\ud83d\udc9a proti n\u00e1dor\u016fm,<\/span><br \/>\n<span style=\"color: #000000\">\ud83d\udc9a stimuluje a posiluje imunitn\u00ed syst\u00e9m,<\/span><br \/>\n<span style=\"color: #000000\">\ud83d\udc9a zm\u00edr\u0148uje \u00fa\u010dinky chemoterapie a t\u00edm zlep\u0161uje \u017eivot pacient\u016f s rakovinou.<\/span><\/p>\n<p><span style=\"color: #000000\">V\u0161echny prvky v houb\u011b jsou p\u0159\u00edtomny ve velk\u00e9m mno\u017estv\u00ed a maj\u00ed velmi pozitivn\u00ed vliv na n\u00e1\u0161 organismus.<\/span><\/p>\n<p><span style=\"color: #000000\">A co je nesm\u00edrn\u011b d\u016fle\u017eit\u00e9, Polyporus umbellatus je <strong>100% p\u0159\u00edrodn\u00ed produkt<\/strong>, kter\u00fd n\u00e1m m\u016f\u017ee pomoci p\u0159irozen\u00fdm zp\u016fsobem. Zlep\u0161uje p\u0159\u00edznaky na\u0161ich probl\u00e9m\u016f a m\u00e1 pozitivn\u00ed vliv na na\u0161i celkovou pohodu.<\/span><\/p>\n<h2><span style=\"color: #000000\">Pro\u010d zrovna houby?<\/span><\/h2>\n<p><span style=\"color: #000000\">Houby jsou velmi zaj\u00edmav\u00e9. Nejsou to ani rostliny, ani \u017eivo\u010dichov\u00e9, ale a\u0165 u\u017e jsou \u010d\u00edmkoli, jsou to rozhodn\u011b neuv\u011b\u0159iteln\u00e9 organismy, kter\u00e9 dok\u00e1zaly p\u0159e\u017e\u00edt vlastn\u011b t\u00e9m\u011b\u0159 od po\u010d\u00e1tku sv\u011bta. Vyvinuli si zvl\u00e1\u0161tn\u00ed strategii p\u0159e\u017eit\u00ed, kter\u00e1 jim vydr\u017eela dodnes. Tyto v\u00fdhody m\u016f\u017eeme vyu\u017e\u00edvat i my lid\u00e9, a to konzumac\u00ed l\u00e9\u010div\u00fdch hub. P\u0159in\u00e1\u0161ej\u00ed n\u00e1m rovnov\u00e1hu na fyzick\u00e9 \u00farovni a chr\u00e1n\u00ed n\u00e1s p\u0159ed mnoha nemocemi. Mohou b\u00fdt <strong>preventivn\u00edm<\/strong> nebo <strong>podp\u016frn\u00fdm l\u00e9\u010debn\u00fdm<\/strong> prost\u0159edkem u mnoha (modern\u00edch) nemoc\u00ed, a\u0165 u\u017e konven\u010dn\u00edch nebo jinak netradi\u010dn\u00edch. Tradi\u010dn\u011b se houb\u00e1m p\u0159isuzuj\u00ed \u00fa\u010dinky v p\u0159\u00edpadech rakoviny, autoimunitn\u00edch onemocn\u011bn\u00ed a alergi\u00ed. Jsou tak\u00e9 dobr\u00e9 pro zdravou a silnou reakci imunitn\u00edho syst\u00e9mu. L\u00e9ka\u0159sk\u00e9 v\u00fdzkumy prov\u00e1d\u011bn\u00e9 v posledn\u00edch desetilet\u00edch, kdy se houby dostaly do pop\u0159ed\u00ed z\u00e1jmu z\u00e1padn\u00edho sv\u011bta, v\u0161ak potvrdily mnoh\u00e9 jejich l\u00e9\u010debn\u00e9 \u00fa\u010dinky.<\/span><\/p>\n<p><span style=\"color: #000000\">Vzhledem k tomu, \u017ee n\u011bkter\u00e9 p\u0159\u00edrodn\u00ed \u00fa\u010dinn\u00e9 l\u00e1tky jsou pro n\u00e1s nestraviteln\u00e9 nebo obt\u00ed\u017en\u011b straviteln\u00e9, je velmi d\u016fle\u017eit\u00e9 konzumovat pouze ty nejlep\u0161\u00ed houbov\u00e9 pr\u00e1\u0161ky. Houby mus\u00ed b\u00fdt spr\u00e1vn\u011b vyp\u011bstov\u00e1ny, usu\u0161eny a p\u0159ipraveny. Mus\u00ed b\u00fdt rozemlet\u00e9 na jemn\u00fd pr\u00e1\u0161ek bez kousk\u016f. Barva pr\u00e1\u0161ku je sv\u011btlej\u0161\u00ed, ale jinak z\u00e1le\u017e\u00ed tak\u00e9 na druhu konzumovan\u00e9 houby. Jeliko\u017e jsou houby tak \u00fa\u010dinn\u00e9 pr\u00e1v\u011b proto, \u017ee maj\u00ed schopnost absorbovat z prost\u0159ed\u00ed v\u0161e dobr\u00e9 i \u0161patn\u00e9, je d\u016fle\u017eit\u00e9 pou\u017e\u00edvat ekologicky p\u011bstovan\u00e9 houby.<\/span><\/p>\n<h2><span style=\"color: #000000\">Balen\u00ed<\/span><\/h2>\n<p><span style=\"color: #000000\">Neprody\u0161n\u00fd s\u00e1\u010dek na zip, ve kter\u00e9m si v\u00fdrobek uchov\u00e1 ve\u0161kerou \u010derstvost a v\u016fni. Obal chr\u00e1n\u00ed v\u00fdrobek p\u0159ed sv\u011btlem a vzduchem, proto\u017ee se skl\u00e1d\u00e1 z n\u011bkolika ochrann\u00fdch vrstev, kter\u00e9 zachov\u00e1vaj\u00ed vlastnosti obsahu.<\/span><\/p>\n<p><span style=\"color: #000000\">Obal je velmi praktick\u00fd a recyklovateln\u00fd.<\/span><\/p>\n<h2><span style=\"color: #000000\">Skladov\u00e1n\u00ed a varov\u00e1n\u00ed<\/span><\/h2>\n<p><span style=\"color: #000000\">Skladujte na chladn\u00e9m a such\u00e9m m\u00edst\u011b. Dopln\u011bk stravy uchov\u00e1vejte mimo dosah d\u011bt\u00ed!<\/span><\/p>\n<p><span style=\"color: #000000\">Nezapom\u00ednejte na d\u016fle\u017eitost pestr\u00e9 stravy a zdrav\u00e9ho \u017eivotn\u00edho stylu, dopln\u011bk stravy proto nenahrazuje vyv\u00e1\u017eenou a pestrou stravu. Doporu\u010den\u00e9 denn\u00ed mno\u017estv\u00ed nebo d\u00e1vka by nem\u011bly b\u00fdt p\u0159ekro\u010deny. T\u011bhotn\u00fdm a koj\u00edc\u00edm \u017een\u00e1m se v\u017edy doporu\u010duje, aby se p\u0159ed pou\u017eit\u00edm p\u0159\u00edpravku poradily s l\u00e9ka\u0159em.<\/span><\/p>\n<h2><span style=\"color: #000000\">Dobr\u00e9 v\u011bd\u011bt<\/span><\/h2>\n<p><span style=\"color: #000000\">V\u00fdrobek je vhodn\u00fd i pro zv\u00ed\u0159ata. L\u00e9\u010div\u00e9 houby jsou ve v\u011bt\u0161in\u011b p\u0159\u00edpad\u016f velmi \u00fa\u010dinn\u00e9 p\u0159i posilov\u00e1n\u00ed imunitn\u00edho syst\u00e9mu, odstra\u0148ov\u00e1n\u00ed alergi\u00ed a ko\u017en\u00edch onemocn\u011bn\u00ed, stejn\u011b jako virov\u00fdch a bakteri\u00e1ln\u00edch infekc\u00ed. P\u0159ed pou\u017eit\u00edm se pora\u010fte se sv\u00fdm veterin\u00e1rn\u00edm l\u00e9ka\u0159em o vhodnosti u\u017e\u00edv\u00e1n\u00ed a doporu\u010den\u00e9m denn\u00edm mno\u017estv\u00ed.<\/span><\/p>\n<h2><span style=\"color: #000000\">P\u016fvod<\/span><\/h2>\n<p><span style=\"color: #000000\">\u010c\u00edna.<\/span><\/p>\n<p><span style=\"color: #000000\">M\u00e1me velmi spolehliv\u00e9 dodavatele, kte\u0159\u00ed n\u00e1m pro ka\u017edou \u0161ar\u017ei zas\u00edlaj\u00ed podrobn\u00fd chemick\u00fd rozbor v\u00fdrobku. Za v\u00edce ne\u017e 10 let jsme s t\u00edmto v\u00fdrobkem ani s \u017e\u00e1dn\u00fdm jin\u00fdm v\u00fdrobkem od stejn\u00e9ho dodavatele nem\u011bli nikdy \u017e\u00e1dn\u00fd probl\u00e9m.<\/span><\/p>\n<p><span style=\"color: #000000\">Polo\u017eka je 100% certifikovan\u00e1 jako ekologick\u00e1.<\/span><\/p>\n","protected":false},"excerpt":{"rendered":"<p>Polyporus umbellatus je jedl\u00e1, ale chr\u00e1n\u011bn\u00e1 houba, vzhledov\u011b podobn\u00e1 kv\u011bt\u00e1ku. Zat\u00edmco nadzemn\u00ed \u010d\u00e1st (trosnjake) se pou\u017e\u00edv\u00e1 v kulin\u00e1\u0159stv\u00ed, podzemn\u00ed \u010d\u00e1st (sklerotium) je l\u00e9\u010div\u00e1. Jedn\u00e1 se o velmi zkoumanou l\u00e9\u010divou houbu, proto\u017ee obsahuje <strong>mnoho bioaktivn\u00edch l\u00e1tek<\/strong>, kter\u00e9 maj\u00ed prok\u00e1zanou protin\u00e1dorovou a protirakovinnou aktivitu.<\/p>\n<p>\ud83d\udc9a Vynikaj\u00edc\u00ed zdroj antioxidant\u016f.<br \/>\n\ud83d\udc9a Stimuluje a posiluje imunitn\u00ed syst\u00e9m.<br \/>\n\ud83d\udc9a Pom\u00e1h\u00e1 p\u0159i probl\u00e9mech s ledvinami a j\u00e1try.<br \/>\n\ud83d\udc9a M\u00e1 protin\u00e1dorov\u00e9 \u00fa\u010dinky.<\/p>\n","protected":false},"featured_media":6003,"comment_status":"open","ping_status":"closed","template":"","meta":{"_acf_changed":false},"product_brand":[],"product_cat":[15,229,226,227],"product_tag":[],"class_list":{"0":"post-6136","1":"product","2":"type-product","3":"status-publish","4":"has-post-thumbnail","6":"product_cat-uncategorized","7":"product_cat-lecive-houby","8":"product_cat-nabidka","9":"product_cat-vsechny-produkty","11":"first","12":"instock","13":"sale","14":"taxable","15":"shipping-taxable","16":"purchasable","17":"product-type-simple"},"acf":[],"_links":{"self":[{"href":"https:\/\/fengchashop.com\/cz\/wp-json\/wp\/v2\/product\/6136","targetHints":{"allow":["GET"]}}],"collection":[{"href":"https:\/\/fengchashop.com\/cz\/wp-json\/wp\/v2\/product"}],"about":[{"href":"https:\/\/fengchashop.com\/cz\/wp-json\/wp\/v2\/types\/product"}],"replies":[{"embeddable":true,"href":"https:\/\/fengchashop.com\/cz\/wp-json\/wp\/v2\/comments?post=6136"}],"wp:featuredmedia":[{"embeddable":true,"href":"https:\/\/fengchashop.com\/cz\/wp-json\/wp\/v2\/media\/6003"}],"wp:attachment":[{"href":"https:\/\/fengchashop.com\/cz\/wp-json\/wp\/v2\/media?parent=6136"}],"wp:term":[{"taxonomy":"product_brand","embeddable":true,"href":"https:\/\/fengchashop.com\/cz\/wp-json\/wp\/v2\/product_brand?post=6136"},{"taxonomy":"product_cat","embeddable":true,"href":"https:\/\/fengchashop.com\/cz\/wp-json\/wp\/v2\/product_cat?post=6136"},{"taxonomy":"product_tag","embeddable":true,"href":"https:\/\/fengchashop.com\/cz\/wp-json\/wp\/v2\/product_tag?post=6136"}],"curies":[{"name":"wp","href":"https:\/\/api.w.org\/{rel}","templated":true}]}}