{"id":6134,"date":"2022-02-22T09:44:00","date_gmt":"2022-02-22T08:44:00","guid":{"rendered":"https:\/\/fengchashop.com\/cz\/product\/onca-mix-bio-125-g\/"},"modified":"2026-05-05T13:09:22","modified_gmt":"2026-05-05T11:09:22","slug":"onca-mix-bio","status":"publish","type":"product","link":"https:\/\/fengchashop.com\/cz\/product\/onca-mix-bio\/","title":{"rendered":"Onca mix BIO 125 g"},"content":{"rendered":"<h2><span style=\"color: #000000\">Onca mix BIO pr\u00e1\u0161ek z l\u00e9\u010div\u00fdch hub<\/span><\/h2>\n<p><span style=\"color: #000000\">Sm\u011bs medicin\u00e1ln\u00edch hub Onca mix je ur\u010dena k podpo\u0159e <strong>agresivn\u00ed konven\u010dn\u00ed l\u00e9\u010dby a postup\u016f a k pomoci p\u0159i z\u00e1va\u017en\u011bj\u0161\u00edch chronick\u00fdch onemocn\u011bn\u00edch<\/strong>. Onca mix nab\u00edz\u00ed nej\u0161ir\u0161\u00ed spektrum vyv\u00e1\u017een\u00e9ho \u00fa\u010dinku d\u00edky stovk\u00e1m r\u016fzn\u00fdch aktivn\u00edch slo\u017eek, kter\u00e9 obsahuje. Onca mix se skl\u00e1d\u00e1 ze \u010dty\u0159 druh\u016f hub: Ganoderma lucidum (Reishi), Lentinula edodes (Shiitake), Coriolus a Agaricus blazei.<\/span><\/p>\n<p><span style=\"color: #000000\">Toto \u0161irok\u00e9 spektrum druh\u016f hub dosahuje \u0161irokospektr\u00e1ln\u00edho \u00fa\u010dinku a zrychlen\u00e9ho preventivn\u00edho p\u016fsoben\u00ed proti celkov\u00e9mu oslaben\u00ed.<\/span><\/p>\n<p><span style=\"color: #000000\">Pou\u017eit\u00ed v\u00fdrobku je pom\u011brn\u011b jednoduch\u00e9 a nevy\u017eaduje \u017e\u00e1dnou p\u0159\u00edpravu ani zru\u010dnost. Houby se rozemelou na jemn\u00fd pr\u00e1\u0161ek, kter\u00fd neobsahuje \u017e\u00e1dn\u00e9 \u010d\u00e1stice. V\u00fdrobek je tedy p\u0159ipraven k pou\u017eit\u00ed. Jednodu\u0161e d\u00e1vkujte p\u0159\u00edmo z obalu do sv\u00e9ho obl\u00edben\u00e9ho n\u00e1poje, zam\u00edchejte a spot\u0159ebujte.<\/span><\/p>\n<h2><span style=\"color: #000000\">Pro\u010d pou\u017e\u00edvat na\u0161i sm\u011bs Onca?<\/span><\/h2>\n<p><span style=\"color: #000000\">Sm\u011bs byla pe\u010dliv\u011b sestavena na z\u00e1klad\u011b pozorov\u00e1n\u00ed a poznatk\u016f u\u017eivatel\u016f sm\u011bsi a l\u00e9\u010div\u00fdch hub obecn\u011b. A p\u0159esto\u017ee l\u00e9\u010div\u00e9 houby maj\u00ed velmi slo\u017eit\u00e9 mechanismy \u00fa\u010dinku, kter\u00e9 v\u011bda zat\u00edm nedok\u00e1zala vysv\u011btlit, v\u00edme, \u017ee <strong>maj\u00ed p\u0159\u00edzniv\u00fd vliv na n\u00e1\u0161 imunitn\u00ed syst\u00e9m, na na\u0161i pohodu a na p\u0159irozen\u00e9 procesy, kter\u00e9 v na\u0161em organismu prob\u00edhaj\u00ed ka\u017ed\u00fd den<\/strong>. Imunitn\u00ed syst\u00e9m je zodpov\u011bdn\u00fd za boj s ciz\u00edmi t\u011blesy v na\u0161em t\u011ble. A\u0165 u\u017e se jedn\u00e1 o oby\u010dejn\u00fd virus, kter\u00fd zp\u016fsobuje nachlazen\u00ed, nebo o soubor bun\u011bk, kter\u00e9 p\u0159edstavuj\u00ed rakovinu. Proto je zdrav\u00fd a siln\u00fd imunitn\u00ed syst\u00e9m tak d\u016fle\u017eit\u00fd. Stejn\u011b d\u016fle\u017eit\u00e9 jsou antioxidanty, kter\u00e9 n\u00e1s chr\u00e1n\u00ed p\u0159ed oxida\u010dn\u00edm stresem, kter\u00fd zp\u016fsobuje mnoho nemoc\u00ed a p\u0159ed\u010dasn\u00e9 st\u00e1rnut\u00ed.<\/span><\/p>\n<p><span style=\"color: #000000\">Produkce na\u0161ich l\u00e9\u010div\u00fdch hub je p\u0159\u00edsn\u011b kontrolov\u00e1na, bez pou\u017eit\u00ed chemick\u00fdch l\u00e1tek a pesticid\u016f a <strong>100% ekologick\u00e1<\/strong>. V\u0161echny houby se p\u011bstuj\u00ed ve Slovinsku.<\/span><\/p>\n<h2><span style=\"color: #000000\">Pro koho je p\u0159\u00edpravek Onca mix ur\u010den a jak\u00e9 jsou jeho \u00fa\u010dinky?<\/span><\/h2>\n<p><span style=\"color: #000000\">Onca mix je prim\u00e1rn\u011b ur\u010den jako podp\u016frn\u00e1 l\u00e9\u010dba pro chronick\u00e9 pacienty, kte\u0159\u00ed jsou l\u00e9\u010deni metodou tradi\u010dn\u00ed medic\u00edny. Je ur\u010den pro pacienty, kte\u0159\u00ed se l\u00e9\u010d\u00ed se z\u00e1va\u017en\u011bj\u0161\u00edmi onemocn\u011bn\u00edmi a jejich\u017e l\u00e9\u010dba je agresivn\u00ed. Je ur\u010dena i t\u011bm, kte\u0159\u00ed cht\u011bj\u00ed vyzkou\u0161et p\u016fsoben\u00ed l\u00e9\u010div\u00fdch hub a podpo\u0159it uzdraven\u00ed p\u0159\u00edrodn\u00ed cestou. Je to tak\u00e9 vynikaj\u00edc\u00ed p\u0159\u00edrodn\u00ed dopln\u011bk stravy, proto\u017ee houby maj\u00ed vysokou v\u00fd\u017eivovou hodnotu \u2013 cenn\u00e9 \u017eiviny, stopov\u00e9 miner\u00e1ly, vitaminy, makro\u017eiviny, vl\u00e1kninu a b\u00edlkoviny. L\u00e9\u010div\u00e9 houby maj\u00ed v \u010d\u00ednsk\u00e9 medic\u00edn\u011b a l\u00e9\u010ditelstv\u00ed bohatou historii a \u010dlov\u011bk se st\u00e1le \u010dast\u011bji obrac\u00ed ke zdrav\u00ed z p\u0159\u00edrody. P\u0159ed konzumac\u00ed medicin\u00e1ln\u00edch hub v pr\u016fb\u011bhu l\u00e9\u010dby je v\u017edy vhodn\u00e9 poradit se s odborn\u00edkem nebo praktick\u00fdm l\u00e9ka\u0159em.<\/span><\/p>\n<h2><span style=\"color: #000000\">Balen\u00ed<\/span><\/h2>\n<p><span style=\"color: #000000\">Neprody\u0161n\u00fd s\u00e1\u010dek na zip, ve kter\u00e9m si v\u00fdrobek zachov\u00e1v\u00e1 ve\u0161kerou \u010derstvost a v\u016fni. Obal chr\u00e1n\u00ed p\u0159ed sv\u011btlem a vzduchem, proto\u017ee se skl\u00e1d\u00e1 z n\u011bkolika ochrann\u00fdch vrstev, kter\u00e9 zachov\u00e1vaj\u00ed vlastnosti obsahu.<\/span><\/p>\n<p><span style=\"color: #000000\">Obal je velmi praktick\u00fd a recyklovateln\u00fd.<\/span><\/p>\n<h2><span style=\"color: #000000\">Skladov\u00e1n\u00ed a varov\u00e1n\u00ed<\/span><\/h2>\n<p><span style=\"color: #000000\">Skladujte na chladn\u00e9m a such\u00e9m m\u00edst\u011b. Dopln\u011bk stravy uchov\u00e1vejte mimo dosah d\u011bt\u00ed!<\/span><\/p>\n<p><span style=\"color: #000000\">Nezapom\u00ednejte na d\u016fle\u017eitost pestr\u00e9 stravy a zdrav\u00e9ho \u017eivotn\u00edho stylu, dopln\u011bk stravy proto nenahrazuje vyv\u00e1\u017eenou a pestrou stravu. Doporu\u010den\u00e9 denn\u00ed mno\u017estv\u00ed nebo d\u00e1vka by nem\u011bly b\u00fdt p\u0159ekro\u010deny. T\u011bhotn\u00fdm a koj\u00edc\u00edm \u017een\u00e1m se v\u017edy doporu\u010duje, aby se p\u0159ed pou\u017eit\u00edm p\u0159\u00edpravku poradily s l\u00e9ka\u0159em.<\/span><\/p>\n<h2><span style=\"color: #000000\">Dobr\u00e9 v\u011bd\u011bt<\/span><\/h2>\n<p><span style=\"color: #000000\">Tento v\u00fdrobek je vhodn\u00fd i pro zv\u00ed\u0159ata. L\u00e9\u010div\u00e9 houby jsou ve v\u011bt\u0161in\u011b p\u0159\u00edpad\u016f velmi \u00fa\u010dinn\u00e9 p\u0159i posilov\u00e1n\u00ed imunitn\u00edho syst\u00e9mu, odstra\u0148ov\u00e1n\u00ed alergi\u00ed a ko\u017en\u00edch onemocn\u011bn\u00ed, stejn\u011b jako virov\u00fdch a bakteri\u00e1ln\u00edch infekc\u00ed. P\u0159ed pou\u017eit\u00edm se pora\u010fte se sv\u00fdm veterin\u00e1rn\u00edm l\u00e9ka\u0159em o vhodnosti u\u017e\u00edv\u00e1n\u00ed a doporu\u010den\u00e9m denn\u00edm mno\u017estv\u00ed.<\/span><\/p>\n<h2><span style=\"color: #000000\">P\u016fvod<\/span><\/h2>\n<p><span style=\"color: #000000\">Slovinsko<\/span><\/p>\n","protected":false},"excerpt":{"rendered":"<p>Sm\u011bs l\u00e9\u010div\u00fdch hub Onca je ur\u010dena k podpo\u0159e agresivn\u00ed konven\u010dn\u00ed l\u00e9\u010dby a postup\u016f a k pomoci p\u0159i z\u00e1va\u017en\u011bj\u0161\u00edch chronick\u00fdch onemocn\u011bn\u00edch. Onca mix nab\u00edz\u00ed nej\u0161ir\u0161\u00ed spektrum vyv\u00e1\u017een\u00e9ho p\u016fsoben\u00ed d\u00edky stovk\u00e1m r\u016fzn\u00fdch aktivn\u00edch slo\u017eek, kter\u00e9 obsahuje.<\/p>\n<p>\ud83d\udc9a Posiluje imunitn\u00ed syst\u00e9m.<br \/>\n\ud83d\udc9a M\u00e1 p\u0159\u00edzniv\u00fd vliv na na\u0161i pohodu.<br \/>\n\ud83d\udc9a P\u016fsob\u00ed protiz\u00e1n\u011btliv\u011b.<br \/>\n\ud83d\udc9a Antioxidant.<\/p>\n","protected":false},"featured_media":5999,"comment_status":"open","ping_status":"closed","template":"","meta":{"_acf_changed":false},"product_brand":[],"product_cat":[15,229,226,227],"product_tag":[],"class_list":{"0":"post-6134","1":"product","2":"type-product","3":"status-publish","4":"has-post-thumbnail","6":"product_cat-uncategorized","7":"product_cat-lecive-houby","8":"product_cat-nabidka","9":"product_cat-vsechny-produkty","11":"first","12":"instock","13":"sale","14":"taxable","15":"shipping-taxable","16":"purchasable","17":"product-type-simple"},"acf":[],"_links":{"self":[{"href":"https:\/\/fengchashop.com\/cz\/wp-json\/wp\/v2\/product\/6134","targetHints":{"allow":["GET"]}}],"collection":[{"href":"https:\/\/fengchashop.com\/cz\/wp-json\/wp\/v2\/product"}],"about":[{"href":"https:\/\/fengchashop.com\/cz\/wp-json\/wp\/v2\/types\/product"}],"replies":[{"embeddable":true,"href":"https:\/\/fengchashop.com\/cz\/wp-json\/wp\/v2\/comments?post=6134"}],"wp:featuredmedia":[{"embeddable":true,"href":"https:\/\/fengchashop.com\/cz\/wp-json\/wp\/v2\/media\/5999"}],"wp:attachment":[{"href":"https:\/\/fengchashop.com\/cz\/wp-json\/wp\/v2\/media?parent=6134"}],"wp:term":[{"taxonomy":"product_brand","embeddable":true,"href":"https:\/\/fengchashop.com\/cz\/wp-json\/wp\/v2\/product_brand?post=6134"},{"taxonomy":"product_cat","embeddable":true,"href":"https:\/\/fengchashop.com\/cz\/wp-json\/wp\/v2\/product_cat?post=6134"},{"taxonomy":"product_tag","embeddable":true,"href":"https:\/\/fengchashop.com\/cz\/wp-json\/wp\/v2\/product_tag?post=6134"}],"curies":[{"name":"wp","href":"https:\/\/api.w.org\/{rel}","templated":true}]}}