{"id":6131,"date":"2022-02-22T08:17:03","date_gmt":"2022-02-22T07:17:03","guid":{"rendered":"https:\/\/fengchashop.com\/cz\/product\/pleurotus-ostreatus-oyster-mushroom-bio-125-g\/"},"modified":"2026-05-13T18:35:39","modified_gmt":"2026-05-13T16:35:39","slug":"pleurotus-ostreatus-oyster-mushroom-bio","status":"publish","type":"product","link":"https:\/\/fengchashop.com\/cz\/product\/pleurotus-ostreatus-oyster-mushroom-bio\/","title":{"rendered":"Pleurotus ostreatus (Oyster Mushroom) BIO 125 g"},"content":{"rendered":"<h2><span style=\"color: #000000\">Pleurotus ostreatus (Oyster Mushroom) BIO pr\u00e1\u0161ek<\/span><\/h2>\n<p><span style=\"color: #000000\">Pleurotus ostreatus (Oyster Mushroom) je dob\u0159e prozkouman\u00e1 l\u00e9\u010div\u00e1 houba. Je zn\u00e1m\u00e1 tak\u00e9 pod n\u00e1zvem <strong>hl\u00edva \u00fast\u0159i\u010dn\u00e1<\/strong> a jedn\u00e1 se o kulin\u00e1\u0159skou jedlou houbu, kter\u00e1 roste i u n\u00e1s. Spolu s Ganoderma lucidum a Cordycepsem <strong>pat\u0159\u00ed mezi \u0161est nejzn\u00e1m\u011bj\u0161\u00edch l\u00e9\u010div\u00fdch hub u n\u00e1s<\/strong>.<\/span><\/p>\n<p><span style=\"color: #000000\">Z trichom\u016f a mycelia lze z\u00edskat mnoho \u017eivin. V\u00fdzkum rovn\u011b\u017e prok\u00e1zal antimikrobi\u00e1ln\u00ed aktivitu proti grampozitivn\u00edm i gramnegativn\u00edm bakteri\u00edm a antimykotickou aktivitu proti n\u011bkolika typ\u016fm pl\u00edsn\u00ed.<\/span><\/p>\n<p><span style=\"color: #000000\">Jeliko\u017e jsou <strong>bohat\u00fdm zdrojem antioxidant\u016f<\/strong> a dal\u0161\u00edch \u00fa\u010dinn\u00fdch l\u00e1tek, je jejich protin\u00e1dorov\u00fd, imunomodula\u010dn\u00ed, genoprotektivn\u00ed, protiz\u00e1n\u011btliv\u00fd, antivirov\u00fd, antiplazmatick\u00fd, hypocholesterolemick\u00fd, antihypertenzn\u00ed a antihyperglykemick\u00fd potenci\u00e1l v\u00edce ne\u017e jist\u00fd. Ned\u00e1vn\u00fd v\u00fdzkum uk\u00e1zal, \u017ee hl\u00edva \u00fast\u0159i\u010dn\u00e1 m\u00e1 <strong>bifidogenn\u00ed \u00fa\u010dinek<\/strong>, co\u017e znamen\u00e1, \u017ee m\u016f\u017ee stimulovat r\u016fst Bifidobacterium bifidum, B. breve, B. animalis a B. longum. Je tedy tak\u00e9 <strong>prebiotikem<\/strong>, kter\u00e9 zlep\u0161uje st\u0159evn\u00ed mikrofl\u00f3ru ve prosp\u011bch zdrav\u00ed lidsk\u00e9ho hostitele. Zdrav\u00fd pom\u011br mikroorganism\u016f ve st\u0159evech pom\u00e1h\u00e1 l\u00e9pe a snadn\u011bji z\u00edsk\u00e1vat \u017eiviny z p\u0159ij\u00edman\u00e9 potravy a regulovat energii. Hraj\u00ed d\u016fle\u017eitou roli ve zdrav\u00ed tr\u00e1vic\u00edho syst\u00e9mu, ale ovliv\u0148uj\u00ed tak\u00e9 imunitn\u00ed syst\u00e9m \u2013 nejslo\u017eit\u011bj\u0161\u00ed \u010d\u00e1st imunitn\u00edho syst\u00e9mu se nach\u00e1z\u00ed ve st\u0159evech, a proto \u010dasto sl\u00fdch\u00e1me, \u017ee pr\u00e1v\u011b zdrav\u00ed st\u0159ev je tak d\u016fle\u017eit\u00e9 pro zaji\u0161t\u011bn\u00ed dobr\u00e9 imunitn\u00ed reakce, a t\u00edm i celkov\u00e9ho zdrav\u00ed.<\/span><\/p>\n<p><span style=\"color: #000000\">L\u00e9\u010div\u00e1 houba se v tradi\u010dn\u00ed \u010d\u00ednsk\u00e9 medic\u00edn\u011b hojn\u011b vyu\u017e\u00edv\u00e1 k l\u00e9\u010db\u011b cel\u00e9 \u0159ady onemocn\u011bn\u00ed.<\/span><\/p>\n<p><span style=\"color: #000000\">Produkce na\u0161eho Pleurotus ostreatus je p\u0159\u00edsn\u011b kontrolov\u00e1na, bez pou\u017eit\u00ed chemik\u00e1li\u00ed a pesticid\u016f a <strong>100% ekologick\u00e1<\/strong>. Kvalitu hub pravideln\u011b kontroluj\u00ed nez\u00e1visl\u00e9 laborato\u0159e ve Slovinsku a USA.<\/span><\/p>\n<h2><span style=\"color: #000000\">Co obsahuje a pro koho je ur\u010dena?<\/span><\/h2>\n<p><span style=\"color: #000000\">Pleurotus ostreatus se skl\u00e1d\u00e1 z \u0159ady \u017eivin, jako jsou <strong>polysacharidy, b\u00edlkoviny, flavonoidy, fenolick\u00e9 l\u00e1tky, beta \u2013 glukany<\/strong> atd. Aktivn\u00ed polysacharidy a fenolick\u00e9 l\u00e1tky jsou biologicky cenn\u00e9 organismy. \u00dast\u0159ice bukov\u00e1, kter\u00e1 obvykle roste na bukov\u00e9m d\u0159ev\u011b, je tak\u00e9 bohat\u00fdm zdrojem vitamin\u016f B, C a D, miner\u00e1ln\u00edch sol\u00ed, antioxidant\u016f a selenu.<\/span><\/p>\n<p><span style=\"color: #000000\"><strong>Lovastatin<\/strong>, kl\u00ed\u010dov\u00e1 \u00fa\u010dinn\u00e1 l\u00e1tka inhibuj\u00edc\u00ed synt\u00e9zu endogenn\u00edho cholesterolu, m\u00e1 p\u0159\u00edzniv\u00fd vliv na regulaci hladiny celkov\u00e9ho cholesterolu v krvi.<\/span><\/p>\n<p><span style=\"color: #000000\">\u00dast\u0159ice bukov\u00e1 m\u00e1 n\u00edzk\u00fd obsah tuku (p\u0159edev\u0161\u00edm nenasycen\u00fdch mastn\u00fdch kyselin) a vitaminu D2, je bohat\u00e1 na vl\u00e1kninu a je dobr\u00fdm zdrojem b\u00edlkovin a esenci\u00e1ln\u00edch aminokyselin. Krom\u011b toho obsahuje farmakologicky \u00fa\u010dinn\u00e9 l\u00e1tky, kter\u00e9 mohou pomoci n\u00e1sledovn\u011b:<\/span><\/p>\n<p><span style=\"color: #000000\">\ud83d\udc9a reguluj\u00ed hladinu celkov\u00e9ho cholesterolu (zvy\u0161uje hladinu dobr\u00e9ho HDL cholesterolu a sni\u017euje hladinu \u0161patn\u00e9ho LDL cholesterolu), krevn\u00ed tlak a hladinu cukru v krvi,<\/span><br \/>\n<span style=\"color: #000000\">\ud83d\udc9a zabra\u0148uj\u00ed tvorb\u011b krevn\u00edch sra\u017eenin,<\/span><br \/>\n<span style=\"color: #000000\">\ud83d\udc9a chr\u00e1n\u00ed p\u0159ed voln\u00fdmi radik\u00e1ly,<\/span><br \/>\n<span style=\"color: #000000\">\ud83d\udc9a urychluj\u00ed hojen\u00ed a potla\u010den\u00ed z\u00e1n\u011btu,<\/span><br \/>\n<span style=\"color: #000000\">\ud83d\udc9a posiluj\u00ed imunitu t\u00edm, \u017ee posiluj\u00ed imunitn\u00ed syst\u00e9m,<\/span><br \/>\n<span style=\"color: #000000\">\ud83d\udc9a p\u0159edch\u00e1zej\u00ed nemocem souvisej\u00edc\u00edm s v\u011bkem,<\/span><br \/>\n<span style=\"color: #000000\">\ud83d\udc9a chr\u00e1n\u00ed p\u0159ed infekcemi d\u00fdchac\u00edch cest,<\/span><br \/>\n<span style=\"color: #000000\">\ud83d\udc9a zabra\u0148uj\u00ed st\u00e1rnut\u00ed,<\/span><br \/>\n<span style=\"color: #000000\">\ud83d\udc9a p\u0159edch\u00e1zej\u00ed vzniku n\u00e1dor\u016f.<\/span><\/p>\n<p><span style=\"color: #000000\">V\u0161echny prvky v houb\u00e1ch jsou p\u0159\u00edtomny ve velk\u00e9m mno\u017estv\u00ed a maj\u00ed velmi pozitivn\u00ed vliv na n\u00e1\u0161 organismus.<\/span><\/p>\n<p><span style=\"color: #000000\">A co je nesm\u00edrn\u011b d\u016fle\u017eit\u00e9, je to, \u017ee Pleurotus ostreatus je 100% p\u0159\u00edrodn\u00ed produkt, kter\u00fd n\u00e1m m\u016f\u017ee pomoci p\u0159irozen\u00fdm zp\u016fsobem. Zlep\u0161uje p\u0159\u00edznaky na\u0161ich probl\u00e9m\u016f a m\u00e1 pozitivn\u00ed vliv na na\u0161i celkovou pohodu.<\/span><\/p>\n<h2><span style=\"color: #000000\">Pro\u010d zrovna houby?<\/span><\/h2>\n<p><span style=\"color: #000000\">Houby jsou velmi zaj\u00edmav\u00e9. Nejsou to ani rostliny, ani \u017eivo\u010dichov\u00e9, ale a\u0165 u\u017e jsou \u010d\u00edmkoli, jsou to rozhodn\u011b neuv\u011b\u0159iteln\u00e9 organismy, kter\u00e9 dok\u00e1zaly p\u0159e\u017e\u00edt vlastn\u011b t\u00e9m\u011b\u0159 od po\u010d\u00e1tku sv\u011bta. Vyvinuli si zvl\u00e1\u0161tn\u00ed strategii p\u0159e\u017eit\u00ed, kter\u00e1 jim vydr\u017eela dodnes. Tyto v\u00fdhody m\u016f\u017eeme vyu\u017e\u00edvat i my lid\u00e9, a to konzumac\u00ed l\u00e9\u010div\u00fdch hub. P\u0159in\u00e1\u0161ej\u00ed n\u00e1m rovnov\u00e1hu na fyzick\u00e9 \u00farovni a chr\u00e1n\u00ed n\u00e1s p\u0159ed mnoha nemocemi. Mohou b\u00fdt <strong>preventivn\u00edm<\/strong> nebo <strong>podp\u016frn\u00fdm l\u00e9\u010debn\u00fdm<\/strong> prost\u0159edkem u mnoha (modern\u00edch) nemoc\u00ed, a\u0165 u\u017e konven\u010dn\u00edch nebo jinak netradi\u010dn\u00edch. Tradi\u010dn\u011b se houb\u00e1m p\u0159isuzuj\u00ed \u00fa\u010dinky v p\u0159\u00edpadech rakoviny, autoimunitn\u00edch onemocn\u011bn\u00ed a alergi\u00ed. Jsou tak\u00e9 dobr\u00e9 pro zdravou a silnou reakci imunitn\u00edho syst\u00e9mu. L\u00e9ka\u0159sk\u00e9 v\u00fdzkumy prov\u00e1d\u011bn\u00e9 v posledn\u00edch desetilet\u00edch, kdy se houby dostaly do pop\u0159ed\u00ed z\u00e1jmu z\u00e1padn\u00edho sv\u011bta, v\u0161ak potvrdily mnoh\u00e9 jejich l\u00e9\u010debn\u00e9 \u00fa\u010dinky.<\/span><\/p>\n<p><span style=\"color: #000000\">Vzhledem k tomu, \u017ee n\u011bkter\u00e9 p\u0159\u00edrodn\u00ed \u00fa\u010dinn\u00e9 l\u00e1tky jsou pro n\u00e1s nestraviteln\u00e9 nebo obt\u00ed\u017en\u011b straviteln\u00e9, je velmi d\u016fle\u017eit\u00e9 konzumovat pouze ty nejlep\u0161\u00ed houbov\u00e9 pr\u00e1\u0161ky. Houby mus\u00ed b\u00fdt spr\u00e1vn\u011b vyp\u011bstov\u00e1ny, usu\u0161eny a p\u0159ipraveny. Mus\u00ed b\u00fdt rozemlet\u00e9 na jemn\u00fd pr\u00e1\u0161ek bez kousk\u016f. Barva pr\u00e1\u0161ku je sv\u011btlej\u0161\u00ed, ale jinak z\u00e1le\u017e\u00ed tak\u00e9 na druhu konzumovan\u00e9 houby. Jeliko\u017e jsou houby tak \u00fa\u010dinn\u00e9 pr\u00e1v\u011b proto, \u017ee maj\u00ed schopnost absorbovat z prost\u0159ed\u00ed v\u0161e dobr\u00e9 i \u0161patn\u00e9, je d\u016fle\u017eit\u00e9 pou\u017e\u00edvat ekologicky p\u011bstovan\u00e9 houby.<\/span><\/p>\n<h2><span style=\"color: #000000\">Balen\u00ed<\/span><\/h2>\n<p><span style=\"color: #000000\">Neprody\u0161n\u00fd s\u00e1\u010dek na zip, ve kter\u00e9m si v\u00fdrobek uchov\u00e1 ve\u0161kerou \u010derstvost a v\u016fni. Obal chr\u00e1n\u00ed v\u00fdrobek p\u0159ed sv\u011btlem a vzduchem, proto\u017ee se skl\u00e1d\u00e1 z n\u011bkolika ochrann\u00fdch vrstev, kter\u00e9 zachov\u00e1vaj\u00ed vlastnosti obsahu.<\/span><\/p>\n<p><span style=\"color: #000000\">Obal je velmi praktick\u00fd a recyklovateln\u00fd.<\/span><\/p>\n<h2><span style=\"color: #000000\">Skladov\u00e1n\u00ed a varov\u00e1n\u00ed<\/span><\/h2>\n<p><span style=\"color: #000000\">Skladujte na chladn\u00e9m a such\u00e9m m\u00edst\u011b. Dopln\u011bk stravy uchov\u00e1vejte mimo dosah d\u011bt\u00ed!<\/span><\/p>\n<p><span style=\"color: #000000\">Nezapom\u00ednejte na d\u016fle\u017eitost pestr\u00e9 stravy a zdrav\u00e9ho \u017eivotn\u00edho stylu, dopln\u011bk stravy proto nenahrazuje vyv\u00e1\u017eenou a pestrou stravu. Doporu\u010den\u00e9 denn\u00ed mno\u017estv\u00ed nebo d\u00e1vka by nem\u011bly b\u00fdt p\u0159ekro\u010deny. T\u011bhotn\u00fdm a koj\u00edc\u00edm \u017een\u00e1m se v\u017edy doporu\u010duje, aby se p\u0159ed pou\u017eit\u00edm p\u0159\u00edpravku poradily s l\u00e9ka\u0159em.<\/span><\/p>\n<h2><span style=\"color: #000000\">Dobr\u00e9 v\u011bd\u011bt<\/span><\/h2>\n<p><span style=\"color: #000000\">V\u00fdrobek je vhodn\u00fd i pro zv\u00ed\u0159ata. L\u00e9\u010div\u00e9 houby jsou ve v\u011bt\u0161in\u011b p\u0159\u00edpad\u016f velmi \u00fa\u010dinn\u00e9 p\u0159i posilov\u00e1n\u00ed imunitn\u00edho syst\u00e9mu, odstra\u0148ov\u00e1n\u00ed alergi\u00ed a ko\u017en\u00edch onemocn\u011bn\u00ed, stejn\u011b jako virov\u00fdch a bakteri\u00e1ln\u00edch infekc\u00ed. P\u0159ed pou\u017eit\u00edm se pora\u010fte se sv\u00fdm veterin\u00e1rn\u00edm l\u00e9ka\u0159em o vhodnosti u\u017e\u00edv\u00e1n\u00ed a doporu\u010den\u00e9m denn\u00edm mno\u017estv\u00ed.<\/span><\/p>\n<h2><span style=\"color: #000000\">P\u016fvod<\/span><\/h2>\n<p><span style=\"color: #000000\">Slovinsko<\/span><\/p>\n","protected":false},"excerpt":{"rendered":"<p>Pleurotus ostreatus (Oyster Mushroom) je dob\u0159e prozkouman\u00e1 l\u00e9\u010div\u00e1 houba. Je zn\u00e1m\u00e1 tak\u00e9 jako Hiratake (japonsky), Bao Ngu (vietnamsky) a je to kulin\u00e1\u0159sk\u00e1 jedl\u00e1 houba. Spolu s Ganoderma lucidum a Cordycepsem pat\u0159\u00ed mezi \u0161est nejzn\u00e1m\u011bj\u0161\u00edch l\u00e9\u010div\u00fdch hub, kter\u00e9 pom\u00e1haj\u00ed n\u00e1sledovn\u011b:<\/p>\n<p>\ud83d\udc9a reguluj\u00ed celkov\u00fd cholesterol (zvy\u0161uje hladinu dobr\u00e9ho HDL cholesterolu a sni\u017euje hladinu \u0161patn\u00e9ho LDL cholesterolu), krevn\u00ed tlak a hladinu cukru v krvi,<br \/>\n\ud83d\udc9a chr\u00e1n\u00ed p\u0159ed voln\u00fdmi radik\u00e1ly,<br \/>\n\ud83d\udc9a hoj\u00ed a potla\u010duj\u00ed z\u00e1n\u011bt,<br \/>\n\ud83d\udc9a zvy\u0161uj\u00ed imunitu pos\u00edlen\u00edm imunitn\u00edho syst\u00e9mu.<\/p>\n<p>&nbsp;<\/p>\n<p>&nbsp;<\/p>\n","protected":false},"featured_media":5993,"comment_status":"open","ping_status":"closed","template":"","meta":{"_acf_changed":false},"product_brand":[],"product_cat":[15,229,226,227],"product_tag":[],"class_list":{"0":"post-6131","1":"product","2":"type-product","3":"status-publish","4":"has-post-thumbnail","6":"product_cat-uncategorized","7":"product_cat-lecive-houby","8":"product_cat-nabidka","9":"product_cat-vsechny-produkty","11":"first","12":"instock","13":"taxable","14":"shipping-taxable","15":"purchasable","16":"product-type-simple"},"acf":[],"_links":{"self":[{"href":"https:\/\/fengchashop.com\/cz\/wp-json\/wp\/v2\/product\/6131","targetHints":{"allow":["GET"]}}],"collection":[{"href":"https:\/\/fengchashop.com\/cz\/wp-json\/wp\/v2\/product"}],"about":[{"href":"https:\/\/fengchashop.com\/cz\/wp-json\/wp\/v2\/types\/product"}],"replies":[{"embeddable":true,"href":"https:\/\/fengchashop.com\/cz\/wp-json\/wp\/v2\/comments?post=6131"}],"wp:featuredmedia":[{"embeddable":true,"href":"https:\/\/fengchashop.com\/cz\/wp-json\/wp\/v2\/media\/5993"}],"wp:attachment":[{"href":"https:\/\/fengchashop.com\/cz\/wp-json\/wp\/v2\/media?parent=6131"}],"wp:term":[{"taxonomy":"product_brand","embeddable":true,"href":"https:\/\/fengchashop.com\/cz\/wp-json\/wp\/v2\/product_brand?post=6131"},{"taxonomy":"product_cat","embeddable":true,"href":"https:\/\/fengchashop.com\/cz\/wp-json\/wp\/v2\/product_cat?post=6131"},{"taxonomy":"product_tag","embeddable":true,"href":"https:\/\/fengchashop.com\/cz\/wp-json\/wp\/v2\/product_tag?post=6131"}],"curies":[{"name":"wp","href":"https:\/\/api.w.org\/{rel}","templated":true}]}}